{"id":568,"date":"2020-03-28T17:14:46","date_gmt":"2020-03-28T16:14:46","guid":{"rendered":"https:\/\/agora.xtec.cat\/escola-monmany\/?page_id=568"},"modified":"2020-05-06T12:11:20","modified_gmt":"2020-05-06T10:11:20","slug":"horari-datencio","status":"publish","type":"page","link":"https:\/\/agora.xtec.cat\/escola-monmany\/families\/horari-datencio\/","title":{"rendered":"Horari d&#8217;atenci\u00f3"},"content":{"rendered":"<p>L\u2019escola i la fam\u00edlia tenim un objectiu com\u00fa: l&#8217;\u00e8xit educatiu dels infants. Per aconseguir-ho i contribuir al seu desenvolupament personal, cal refor\u00e7ar el vincle de confian\u00e7a entre la fam\u00edlia i els\/les docents.<\/p>\n<p>Aix\u00ed, per crear i enfortir aquest vincle de confian\u00e7a entre la fam\u00edlia i l&#8217;escola:<\/p>\n<ul>\n<li style=\"list-style-type: none;\">\n<ul>\n<li style=\"list-style-type: none;\">\n<ul>\n<li>eviteu improvisar-hi les relacions demanant una cita pr\u00e8via,<\/li>\n<li>actueu de manera coherent i coordinada,<\/li>\n<li>relacioneu-vos-hi amb respecte i sense prejudicis,<\/li>\n<li>defugiu dels circuits paral\u00b7lels de comunicaci\u00f3,<\/li>\n<li>tingueu en compte que el rol dels infants \u00e9s diferent a casa i a l&#8217;escola,<\/li>\n<li>valoreu la visi\u00f3 complement\u00e0ria que l&#8217;escola t\u00e9 del vostre infant,<\/li>\n<li>mostreu una mirada oberta i global cap a la feina dels\/les mestres.<\/li>\n<\/ul>\n<\/li>\n<\/ul>\n<\/li>\n<\/ul>\n<p>Aix\u00ed, doncs per tal de cuidar entre tots i totes aquest gran objectiu establim uns horaris d\u2019atenci\u00f3 a les fam\u00edlies de:<\/p>\n<ul>\n<li style=\"list-style-type: none;\">\n<ul>\n<li style=\"list-style-type: none;\">\n<ul>\n<li>l\u2019administraci\u00f3,<\/li>\n<li>l\u2019equip directiu i<\/li>\n<li>els\/les docents.<\/li>\n<\/ul>\n<\/li>\n<\/ul>\n<\/li>\n<\/ul>\n","protected":false},"excerpt":{"rendered":"<p>L\u2019escola i la fam\u00edlia tenim un objectiu com\u00fa: l&#8217;\u00e8xit educatiu dels infants. Per aconseguir-ho i contribuir al seu desenvolupament personal, cal refor\u00e7ar el vincle de confian\u00e7a entre la fam\u00edlia i els\/les docents.<br \/>\nAix\u00ed, per crear i enfortir aquest vincle de confian\u00e7a entre la fam\u00edlia i l&#8217;escola:<\/p>\n<ul>\n<li&hellip;  <a href=\"https:\/\/agora.xtec.cat\/escola-monmany\/families\/horari-datencio\/\" title=\"Read Horari d&#8217;atenci\u00f3\">Llegeix m\u00e9s\u00bb<\/a><\/p>\n","protected":false},"author":1,"featured_media":0,"parent":532,"menu_order":1,"comment_status":"closed","ping_status":"closed","template":"page-templates\/side-menu.php","meta":{"_bbp_topic_count":0,"_bbp_reply_count":0,"_bbp_total_topic_count":0,"_bbp_total_reply_count":0,"_bbp_voice_count":0,"_bbp_anonymous_reply_count":0,"_bbp_topic_count_hidden":0,"_bbp_reply_count_hidden":0,"_bbp_forum_subforum_count":0,"footnotes":""},"class_list":["post-568","page","type-page","status-publish","hentry"],"post_mailing_queue_ids":[],"_links":{"self":[{"href":"https:\/\/agora.xtec.cat\/escola-monmany\/wp-json\/wp\/v2\/pages\/568","targetHints":{"allow":["GET"]}}],"collection":[{"href":"https:\/\/agora.xtec.cat\/escola-monmany\/wp-json\/wp\/v2\/pages"}],"about":[{"href":"https:\/\/agora.xtec.cat\/escola-monmany\/wp-json\/wp\/v2\/types\/page"}],"author":[{"embeddable":true,"href":"https:\/\/agora.xtec.cat\/escola-monmany\/wp-json\/wp\/v2\/users\/1"}],"replies":[{"embeddable":true,"href":"https:\/\/agora.xtec.cat\/escola-monmany\/wp-json\/wp\/v2\/comments?post=568"}],"version-history":[{"count":3,"href":"https:\/\/agora.xtec.cat\/escola-monmany\/wp-json\/wp\/v2\/pages\/568\/revisions"}],"predecessor-version":[{"id":2085,"href":"https:\/\/agora.xtec.cat\/escola-monmany\/wp-json\/wp\/v2\/pages\/568\/revisions\/2085"}],"up":[{"embeddable":true,"href":"https:\/\/agora.xtec.cat\/escola-monmany\/wp-json\/wp\/v2\/pages\/532"}],"wp:attachment":[{"href":"https:\/\/agora.xtec.cat\/escola-monmany\/wp-json\/wp\/v2\/media?parent=568"}],"curies":[{"name":"wp","href":"https:\/\/api.w.org\/{rel}","templated":true}]}}