{"id":566,"date":"2020-03-28T17:14:46","date_gmt":"2020-03-28T16:14:46","guid":{"rendered":"https:\/\/agora.xtec.cat\/escola-monmany\/?page_id=566"},"modified":"2020-05-06T23:36:31","modified_gmt":"2020-05-06T21:36:31","slug":"autoritzacions-i-justificants","status":"publish","type":"page","link":"https:\/\/agora.xtec.cat\/escola-monmany\/documents-de-centre\/autoritzacions-i-justificants\/","title":{"rendered":"Autoritzacions i justificants"},"content":{"rendered":"<p>&nbsp;<\/p>\n<table>\n<tbody>\n<tr>\n<td style=\"background-color: #f1bff2; text-align: center;\"><strong>DOCUMENT<\/strong><\/td>\n<td style=\"background-color: #f1bff2; text-align: center;\"><strong>FINALITAT<\/strong><\/td>\n<td style=\"background-color: #f1bff2; text-align: center;\"><strong>DESC\u00c0RREGA<\/strong><\/td>\n<\/tr>\n<tr>\n<td><strong>Autoritzaci\u00f3 per tornar a casa de P3 a 2n<\/strong><\/td>\n<td>Autoritzar amb nombre de DNI les persones que recullen els infants<\/td>\n<td><a href=\"https:\/\/agora.xtec.cat\/escola-monmany\/wp-content\/uploads\/usu2132\/2020\/05\/AUTORITZACIO_MARXAR_P3_2N.pdf\" target=\"_blank\" rel=\"noopener noreferrer\"><img loading=\"lazy\" decoding=\"async\" class=\"wp-image-2109 aligncenter\" src=\"https:\/\/agora.xtec.cat\/escola-monmany\/wp-content\/uploads\/usu2132\/2020\/05\/5.png\" alt=\"\" width=\"70\" height=\"50\" srcset=\"https:\/\/agora.xtec.cat\/escola-monmany\/wp-content\/uploads\/usu2132\/2020\/05\/5.png 960w, https:\/\/agora.xtec.cat\/escola-monmany\/wp-content\/uploads\/usu2132\/2020\/05\/5-300x213.png 300w, https:\/\/agora.xtec.cat\/escola-monmany\/wp-content\/uploads\/usu2132\/2020\/05\/5-768x546.png 768w\" sizes=\"auto, (max-width: 70px) 100vw, 70px\" \/><\/a><\/td>\n<\/tr>\n<tr>\n<td><strong>Autoritzaci\u00f3 per tornar a casa de 3r a 6\u00e8<\/strong><\/td>\n<td>Autoritzar amb nombre de DNI les persones que recullen els infants<\/p>\n<p>Autoritzar la tornada a casa del menor sense ser acompanyat per cap adult<\/td>\n<td><a href=\"https:\/\/agora.xtec.cat\/escola-monmany\/wp-content\/uploads\/usu2132\/2020\/05\/AUTORITZACIO_MARXAR_3R_6E-1.pdf\" target=\"_blank\" rel=\"noopener noreferrer\"><img loading=\"lazy\" decoding=\"async\" class=\"wp-image-2109 aligncenter\" src=\"https:\/\/agora.xtec.cat\/escola-monmany\/wp-content\/uploads\/usu2132\/2020\/05\/5.png\" alt=\"\" width=\"76\" height=\"54\" srcset=\"https:\/\/agora.xtec.cat\/escola-monmany\/wp-content\/uploads\/usu2132\/2020\/05\/5.png 960w, https:\/\/agora.xtec.cat\/escola-monmany\/wp-content\/uploads\/usu2132\/2020\/05\/5-300x213.png 300w, https:\/\/agora.xtec.cat\/escola-monmany\/wp-content\/uploads\/usu2132\/2020\/05\/5-768x546.png 768w\" sizes=\"auto, (max-width: 76px) 100vw, 76px\" \/><\/a><\/td>\n<\/tr>\n<tr>\n<td><strong>Autoritzaci\u00f3 per tornar a casa amb un\/a menor<\/strong><\/td>\n<td>Autoritzar que un\/ menor acompanyi un altre menor sempre i<\/p>\n<p>quan l&#8217;alumne\/a no es trobi malament<\/td>\n<td><a href=\"https:\/\/agora.xtec.cat\/escola-monmany\/wp-content\/uploads\/usu2132\/2020\/05\/AUTORITZACIO_MARXAR_ACOMPANYAT_MENORS.pdf\" target=\"_blank\" rel=\"noopener noreferrer\"><img loading=\"lazy\" decoding=\"async\" class=\"wp-image-2109 aligncenter\" src=\"https:\/\/agora.xtec.cat\/escola-monmany\/wp-content\/uploads\/usu2132\/2020\/05\/5.png\" alt=\"\" width=\"79\" height=\"56\" srcset=\"https:\/\/agora.xtec.cat\/escola-monmany\/wp-content\/uploads\/usu2132\/2020\/05\/5.png 960w, https:\/\/agora.xtec.cat\/escola-monmany\/wp-content\/uploads\/usu2132\/2020\/05\/5-300x213.png 300w, https:\/\/agora.xtec.cat\/escola-monmany\/wp-content\/uploads\/usu2132\/2020\/05\/5-768x546.png 768w\" sizes=\"auto, (max-width: 79px) 100vw, 79px\" \/><\/a><\/td>\n<\/tr>\n<tr>\n<td><strong>Autoritzaci\u00f3 d&#8217;activitats i sortides escolars<\/strong><\/td>\n<td>Autoritzar la sortida de l&#8217;infant del centre per a fer activitats i sortides escolars<\/td>\n<td><a href=\"https:\/\/agora.xtec.cat\/escola-monmany\/wp-content\/uploads\/usu2132\/2020\/05\/AUTORITZACIO_SORTIDES_ESCOLARS.pdf\" target=\"_blank\" rel=\"noopener noreferrer\"><img loading=\"lazy\" decoding=\"async\" class=\"wp-image-2109 aligncenter\" src=\"https:\/\/agora.xtec.cat\/escola-monmany\/wp-content\/uploads\/usu2132\/2020\/05\/5.png\" alt=\"\" width=\"81\" height=\"57\" srcset=\"https:\/\/agora.xtec.cat\/escola-monmany\/wp-content\/uploads\/usu2132\/2020\/05\/5.png 960w, https:\/\/agora.xtec.cat\/escola-monmany\/wp-content\/uploads\/usu2132\/2020\/05\/5-300x213.png 300w, https:\/\/agora.xtec.cat\/escola-monmany\/wp-content\/uploads\/usu2132\/2020\/05\/5-768x546.png 768w\" sizes=\"auto, (max-width: 81px) 100vw, 81px\" \/><\/a><\/td>\n<\/tr>\n<tr>\n<td><strong>Autoritzaci\u00f3 d&#8217;imatge de l&#8217;alumnat<\/strong><\/td>\n<td>Autoritzar al centre a poder fer fotografies per l&#8217;\u00fas que recull l&#8217;autoritzaci\u00f3<\/td>\n<td style=\"text-align: center;\"><a href=\"https:\/\/agora.xtec.cat\/escola-monmany\/wp-content\/uploads\/usu2132\/2020\/05\/AUTORIZACIO_IMATGE_ALUMNAT.doc.pdf\" target=\"_blank\" rel=\"noopener noreferrer\"><img loading=\"lazy\" decoding=\"async\" class=\"alignnone wp-image-2109\" src=\"https:\/\/agora.xtec.cat\/escola-monmany\/wp-content\/uploads\/usu2132\/2020\/05\/5.png\" alt=\"\" width=\"81\" height=\"57\" srcset=\"https:\/\/agora.xtec.cat\/escola-monmany\/wp-content\/uploads\/usu2132\/2020\/05\/5.png 960w, https:\/\/agora.xtec.cat\/escola-monmany\/wp-content\/uploads\/usu2132\/2020\/05\/5-300x213.png 300w, https:\/\/agora.xtec.cat\/escola-monmany\/wp-content\/uploads\/usu2132\/2020\/05\/5-768x546.png 768w\" sizes=\"auto, (max-width: 81px) 100vw, 81px\" \/><\/a><\/td>\n<\/tr>\n<tr>\n<td><strong>Autoritzaci\u00f3 per a subministrar alguna medicaci\u00f3<\/strong><\/td>\n<td>Autoritzar el subministrament d&#8217;un medicament en horari lectiu o interlectiu<\/td>\n<td><a href=\"https:\/\/agora.xtec.cat\/escola-monmany\/wp-content\/uploads\/usu2132\/2020\/05\/AUTORITZACIO_SUBMINISTRAMENT_MEDICAMENTS.pdf\" target=\"_blank\" rel=\"noopener noreferrer\"><img loading=\"lazy\" decoding=\"async\" class=\"wp-image-2109 aligncenter\" src=\"https:\/\/agora.xtec.cat\/escola-monmany\/wp-content\/uploads\/usu2132\/2020\/05\/5.png\" alt=\"\" width=\"85\" height=\"61\" srcset=\"https:\/\/agora.xtec.cat\/escola-monmany\/wp-content\/uploads\/usu2132\/2020\/05\/5.png 960w, https:\/\/agora.xtec.cat\/escola-monmany\/wp-content\/uploads\/usu2132\/2020\/05\/5-300x213.png 300w, https:\/\/agora.xtec.cat\/escola-monmany\/wp-content\/uploads\/usu2132\/2020\/05\/5-768x546.png 768w\" sizes=\"auto, (max-width: 85px) 100vw, 85px\" \/><\/a><\/td>\n<\/tr>\n<tr>\n<td><strong>Autoritzaci\u00f3 per a subministrar paracetamol<\/strong><\/td>\n<td>Autoritzar el subministrament de paracetamol<\/td>\n<td><a href=\"https:\/\/agora.xtec.cat\/escola-monmany\/wp-content\/uploads\/usu2132\/2020\/05\/AUTORITZACIO_SUBMINISTRAR_PARACETAMOL.doc.pdf\" target=\"_blank\" rel=\"noopener noreferrer\"><img loading=\"lazy\" decoding=\"async\" class=\"wp-image-2109 aligncenter\" src=\"https:\/\/agora.xtec.cat\/escola-monmany\/wp-content\/uploads\/usu2132\/2020\/05\/5.png\" alt=\"\" width=\"85\" height=\"61\" srcset=\"https:\/\/agora.xtec.cat\/escola-monmany\/wp-content\/uploads\/usu2132\/2020\/05\/5.png 960w, https:\/\/agora.xtec.cat\/escola-monmany\/wp-content\/uploads\/usu2132\/2020\/05\/5-300x213.png 300w, https:\/\/agora.xtec.cat\/escola-monmany\/wp-content\/uploads\/usu2132\/2020\/05\/5-768x546.png 768w\" sizes=\"auto, (max-width: 85px) 100vw, 85px\" \/><\/a><\/td>\n<\/tr>\n<tr>\n<td><strong>Autoritzaci\u00f3 per a subministrar insulina<\/strong><\/td>\n<td>Autoritzar el subministrament d&#8217;insulina<\/td>\n<td><a href=\"https:\/\/agora.xtec.cat\/escola-monmany\/wp-content\/uploads\/usu2132\/2020\/05\/AUTORITZACIO_SUBMINISTRAMENT_INSULINA.pdf\" target=\"_blank\" rel=\"noopener noreferrer\"><img loading=\"lazy\" decoding=\"async\" class=\"wp-image-2109 aligncenter\" src=\"https:\/\/agora.xtec.cat\/escola-monmany\/wp-content\/uploads\/usu2132\/2020\/05\/5.png\" alt=\"\" width=\"85\" height=\"61\" srcset=\"https:\/\/agora.xtec.cat\/escola-monmany\/wp-content\/uploads\/usu2132\/2020\/05\/5.png 960w, https:\/\/agora.xtec.cat\/escola-monmany\/wp-content\/uploads\/usu2132\/2020\/05\/5-300x213.png 300w, https:\/\/agora.xtec.cat\/escola-monmany\/wp-content\/uploads\/usu2132\/2020\/05\/5-768x546.png 768w\" sizes=\"auto, (max-width: 85px) 100vw, 85px\" \/><\/a><\/td>\n<\/tr>\n<tr>\n<td><strong>Autoritzaci\u00f3 per a poder portar m\u00f2bil<\/strong><\/td>\n<td>Autoritzaci\u00f3 per a poder portar el m\u00f2bil al centre sent responsabilitat de la fam\u00edlia<\/td>\n<td><a href=\"https:\/\/agora.xtec.cat\/escola-monmany\/wp-content\/uploads\/usu2132\/2020\/05\/AUTORITZACIO_PORTAR_MOBIL.pdf\" target=\"_blank\" rel=\"noopener noreferrer\"><img loading=\"lazy\" decoding=\"async\" class=\"wp-image-2109 aligncenter\" src=\"https:\/\/agora.xtec.cat\/escola-monmany\/wp-content\/uploads\/usu2132\/2020\/05\/5.png\" alt=\"\" width=\"85\" height=\"61\" srcset=\"https:\/\/agora.xtec.cat\/escola-monmany\/wp-content\/uploads\/usu2132\/2020\/05\/5.png 960w, https:\/\/agora.xtec.cat\/escola-monmany\/wp-content\/uploads\/usu2132\/2020\/05\/5-300x213.png 300w, https:\/\/agora.xtec.cat\/escola-monmany\/wp-content\/uploads\/usu2132\/2020\/05\/5-768x546.png 768w\" sizes=\"auto, (max-width: 85px) 100vw, 85px\" \/><\/a><\/td>\n<\/tr>\n<tr>\n<td><strong>Comprom\u00eds en la participaci\u00f3 en el Programa cooperatiu<\/strong><\/p>\n<p><strong>de Reutilitzaci\u00f3 de llibres de Text i Material Did\u00e0ctic i Digital<\/strong><\/td>\n<td>Comprometre&#8217;s a la devoluci\u00f3 a final de curs del material en pr\u00e8stec que s&#8217;ha fet servir<\/td>\n<td><a href=\"https:\/\/agora.xtec.cat\/escola-monmany\/wp-content\/uploads\/usu2132\/2020\/05\/COMPROMIS_REUTILITZACIO_LLIBRES_TEXT.pdf\" target=\"_blank\" rel=\"noopener noreferrer\"><img loading=\"lazy\" decoding=\"async\" class=\"wp-image-2109 aligncenter\" src=\"https:\/\/agora.xtec.cat\/escola-monmany\/wp-content\/uploads\/usu2132\/2020\/05\/5.png\" alt=\"\" width=\"85\" height=\"61\" srcset=\"https:\/\/agora.xtec.cat\/escola-monmany\/wp-content\/uploads\/usu2132\/2020\/05\/5.png 960w, https:\/\/agora.xtec.cat\/escola-monmany\/wp-content\/uploads\/usu2132\/2020\/05\/5-300x213.png 300w, https:\/\/agora.xtec.cat\/escola-monmany\/wp-content\/uploads\/usu2132\/2020\/05\/5-768x546.png 768w\" sizes=\"auto, (max-width: 85px) 100vw, 85px\" \/><\/a><\/td>\n<\/tr>\n<tr>\n<td><strong>Comunicaci\u00f3 d&#8217;al\u00b7l\u00e8rgies i intoler\u00e0ncies<\/strong><\/td>\n<td>Informar al centre de les al\u00b7l\u00e8rgies i intoler\u00e0ncies dels infants i com actuar<\/p>\n<p>en cas d&#8217;ingesta accidental<\/td>\n<td><a href=\"https:\/\/agora.xtec.cat\/escola-monmany\/wp-content\/uploads\/usu2132\/2020\/05\/COMUNICACIO_ALLERGIES_INTOLERANCIES.doc-1.pdf\" target=\"_blank\" rel=\"noopener noreferrer\"><img loading=\"lazy\" decoding=\"async\" class=\"wp-image-2109 aligncenter\" src=\"https:\/\/agora.xtec.cat\/escola-monmany\/wp-content\/uploads\/usu2132\/2020\/05\/5.png\" alt=\"\" width=\"86\" height=\"61\" srcset=\"https:\/\/agora.xtec.cat\/escola-monmany\/wp-content\/uploads\/usu2132\/2020\/05\/5.png 960w, https:\/\/agora.xtec.cat\/escola-monmany\/wp-content\/uploads\/usu2132\/2020\/05\/5-300x213.png 300w, https:\/\/agora.xtec.cat\/escola-monmany\/wp-content\/uploads\/usu2132\/2020\/05\/5-768x546.png 768w\" sizes=\"auto, (max-width: 86px) 100vw, 86px\" \/><\/a><\/td>\n<\/tr>\n<tr>\n<td><strong>Justificaci\u00f3 per a les fam\u00edlies en acudir a reunions<\/strong><\/td>\n<td>Justificar a la feina haver anat a una reuni\u00f3 al centre per fer el seguiment del vostre infant<\/td>\n<td><a href=\"https:\/\/agora.xtec.cat\/escola-monmany\/wp-content\/uploads\/usu2132\/2020\/05\/JUSTIFICACIO_ENTREVISTA_ESCOLA_FAMILIA.doc-1.pdf\" target=\"_blank\" rel=\"noopener noreferrer\"><img loading=\"lazy\" decoding=\"async\" class=\"wp-image-2109 aligncenter\" src=\"https:\/\/agora.xtec.cat\/escola-monmany\/wp-content\/uploads\/usu2132\/2020\/05\/5.png\" alt=\"\" width=\"88\" height=\"63\" srcset=\"https:\/\/agora.xtec.cat\/escola-monmany\/wp-content\/uploads\/usu2132\/2020\/05\/5.png 960w, https:\/\/agora.xtec.cat\/escola-monmany\/wp-content\/uploads\/usu2132\/2020\/05\/5-300x213.png 300w, https:\/\/agora.xtec.cat\/escola-monmany\/wp-content\/uploads\/usu2132\/2020\/05\/5-768x546.png 768w\" sizes=\"auto, (max-width: 88px) 100vw, 88px\" \/><\/a><\/td>\n<\/tr>\n<\/tbody>\n<\/table>\n","protected":false},"excerpt":{"rendered":"<p>&nbsp;<\/p>\n<p>DOCUMENT<br \/>\nFINALITAT<br \/>\nDESC\u00c0RREGA<\/p>\n<p>Autoritzaci\u00f3 per tornar a casa de P3 a 2n<br \/>\nAutoritzar amb nombre de DNI les persones que recullen els infants<br \/>\n<a href=\"https:\/\/agora.xtec.cat\/escola-monmany\/wp-content\/uploads\/usu2132\/2020\/05\/AUTORITZACIO_MARXAR_P3_2N.pdf\" target=\"_blank\" rel=\"noopener noreferrer\"><\/a><\/p>\n<p>Autoritzaci\u00f3 per tornar a casa de 3r a 6\u00e8<br \/>\nAutoritzar amb nombre de DNI les persones que recullen els infants<br \/>\nAutoritzar la tornada a casa&hellip;  <a href=\"https:\/\/agora.xtec.cat\/escola-monmany\/documents-de-centre\/autoritzacions-i-justificants\/\" title=\"Read Autoritzacions i justificants\">Llegeix m\u00e9s\u00bb<\/a><\/p>\n","protected":false},"author":1,"featured_media":0,"parent":533,"menu_order":3,"comment_status":"closed","ping_status":"closed","template":"page-templates\/side-menu.php","meta":{"_bbp_topic_count":0,"_bbp_reply_count":0,"_bbp_total_topic_count":0,"_bbp_total_reply_count":0,"_bbp_voice_count":0,"_bbp_anonymous_reply_count":0,"_bbp_topic_count_hidden":0,"_bbp_reply_count_hidden":0,"_bbp_forum_subforum_count":0,"footnotes":""},"class_list":["post-566","page","type-page","status-publish","hentry"],"post_mailing_queue_ids":[],"_links":{"self":[{"href":"https:\/\/agora.xtec.cat\/escola-monmany\/wp-json\/wp\/v2\/pages\/566","targetHints":{"allow":["GET"]}}],"collection":[{"href":"https:\/\/agora.xtec.cat\/escola-monmany\/wp-json\/wp\/v2\/pages"}],"about":[{"href":"https:\/\/agora.xtec.cat\/escola-monmany\/wp-json\/wp\/v2\/types\/page"}],"author":[{"embeddable":true,"href":"https:\/\/agora.xtec.cat\/escola-monmany\/wp-json\/wp\/v2\/users\/1"}],"replies":[{"embeddable":true,"href":"https:\/\/agora.xtec.cat\/escola-monmany\/wp-json\/wp\/v2\/comments?post=566"}],"version-history":[{"count":4,"href":"https:\/\/agora.xtec.cat\/escola-monmany\/wp-json\/wp\/v2\/pages\/566\/revisions"}],"predecessor-version":[{"id":2162,"href":"https:\/\/agora.xtec.cat\/escola-monmany\/wp-json\/wp\/v2\/pages\/566\/revisions\/2162"}],"up":[{"embeddable":true,"href":"https:\/\/agora.xtec.cat\/escola-monmany\/wp-json\/wp\/v2\/pages\/533"}],"wp:attachment":[{"href":"https:\/\/agora.xtec.cat\/escola-monmany\/wp-json\/wp\/v2\/media?parent=566"}],"curies":[{"name":"wp","href":"https:\/\/api.w.org\/{rel}","templated":true}]}}