{"id":1653,"date":"2020-04-22T23:57:20","date_gmt":"2020-04-22T21:57:20","guid":{"rendered":"https:\/\/agora.xtec.cat\/escola-monmany\/?page_id=1653"},"modified":"2020-05-06T23:47:51","modified_gmt":"2020-05-06T21:47:51","slug":"carta-de-compromis","status":"publish","type":"page","link":"https:\/\/agora.xtec.cat\/escola-monmany\/carta-de-compromis\/","title":{"rendered":"Carta de comprom\u00eds"},"content":{"rendered":"<p style=\"text-align: center;\">\u00c9s el document que situa, facilita i afavoreix la cooperaci\u00f3 entre les accions educatives de les fam\u00edlies i la del centre educatiu per tal d&#8217;arribar a l&#8217;\u00e8xit educatiu.<\/p>\n<p><a href=\"https:\/\/agora.xtec.cat\/escola-monmany\/wp-content\/uploads\/usu2132\/2020\/05\/CARTA_COMPROMIS_WEB.pdf\" target=\"_blank\" rel=\"noopener noreferrer\"><img loading=\"lazy\" decoding=\"async\" class=\" wp-image-2060 aligncenter\" src=\"https:\/\/agora.xtec.cat\/escola-monmany\/wp-content\/uploads\/usu2132\/2020\/05\/CARTA_COMPROMIS_WEB-724x1024.jpg\" alt=\"\" width=\"283\" height=\"400\" srcset=\"https:\/\/agora.xtec.cat\/escola-monmany\/wp-content\/uploads\/usu2132\/2020\/05\/CARTA_COMPROMIS_WEB-724x1024.jpg 724w, https:\/\/agora.xtec.cat\/escola-monmany\/wp-content\/uploads\/usu2132\/2020\/05\/CARTA_COMPROMIS_WEB-212x300.jpg 212w, https:\/\/agora.xtec.cat\/escola-monmany\/wp-content\/uploads\/usu2132\/2020\/05\/CARTA_COMPROMIS_WEB-768x1086.jpg 768w\" sizes=\"auto, (max-width: 283px) 100vw, 283px\" \/><\/a><a href=\"https:\/\/agora.xtec.cat\/escola-monmany\/wp-content\/uploads\/usu2132\/2020\/05\/CARTA_COMPROMIS_WEB.pdf\" target=\"_blank\" rel=\"noopener noreferrer\"><img loading=\"lazy\" decoding=\"async\" class=\"wp-image-2109 aligncenter\" src=\"https:\/\/agora.xtec.cat\/escola-monmany\/wp-content\/uploads\/usu2132\/2020\/05\/5.png\" alt=\"\" width=\"101\" height=\"72\" srcset=\"https:\/\/agora.xtec.cat\/escola-monmany\/wp-content\/uploads\/usu2132\/2020\/05\/5.png 960w, https:\/\/agora.xtec.cat\/escola-monmany\/wp-content\/uploads\/usu2132\/2020\/05\/5-300x213.png 300w, https:\/\/agora.xtec.cat\/escola-monmany\/wp-content\/uploads\/usu2132\/2020\/05\/5-768x546.png 768w\" sizes=\"auto, (max-width: 101px) 100vw, 101px\" \/><\/a><\/p>\n<p>&nbsp;<\/p>\n<p>&nbsp;<\/p>\n<p>&nbsp;<\/p>\n<p>&nbsp;<\/p>\n<p>&nbsp;<\/p>\n<p>&nbsp;<\/p>\n<p>&nbsp;<\/p>\n<p>&nbsp;<\/p>\n","protected":false},"excerpt":{"rendered":"<p>\u00c9s el document que situa, facilita i afavoreix la cooperaci\u00f3 entre les accions educatives de les fam\u00edlies i la del centre educatiu per tal d&#8217;arribar a l&#8217;\u00e8xit educatiu.<br \/>\n<a href=\"https:\/\/agora.xtec.cat\/escola-monmany\/wp-content\/uploads\/usu2132\/2020\/05\/CARTA_COMPROMIS_WEB.pdf\" target=\"_blank\" rel=\"noopener noreferrer\"><\/a><a href=\"https:\/\/agora.xtec.cat\/escola-monmany\/wp-content\/uploads\/usu2132\/2020\/05\/CARTA_COMPROMIS_WEB.pdf\" target=\"_blank\" rel=\"noopener noreferrer\"><\/a><br \/>\n&nbsp;<br \/>\n&nbsp;<br \/>\n&nbsp;<br \/>\n&nbsp;<br \/>\n&nbsp;<br \/>\n&nbsp;<br \/>\n&nbsp;<br \/>\n&nbsp;<\/p>\n","protected":false},"author":1,"featured_media":0,"parent":0,"menu_order":0,"comment_status":"closed","ping_status":"closed","template":"","meta":{"_bbp_topic_count":0,"_bbp_reply_count":0,"_bbp_total_topic_count":0,"_bbp_total_reply_count":0,"_bbp_voice_count":0,"_bbp_anonymous_reply_count":0,"_bbp_topic_count_hidden":0,"_bbp_reply_count_hidden":0,"_bbp_forum_subforum_count":0,"footnotes":""},"class_list":["post-1653","page","type-page","status-publish","hentry"],"post_mailing_queue_ids":[],"_links":{"self":[{"href":"https:\/\/agora.xtec.cat\/escola-monmany\/wp-json\/wp\/v2\/pages\/1653","targetHints":{"allow":["GET"]}}],"collection":[{"href":"https:\/\/agora.xtec.cat\/escola-monmany\/wp-json\/wp\/v2\/pages"}],"about":[{"href":"https:\/\/agora.xtec.cat\/escola-monmany\/wp-json\/wp\/v2\/types\/page"}],"author":[{"embeddable":true,"href":"https:\/\/agora.xtec.cat\/escola-monmany\/wp-json\/wp\/v2\/users\/1"}],"replies":[{"embeddable":true,"href":"https:\/\/agora.xtec.cat\/escola-monmany\/wp-json\/wp\/v2\/comments?post=1653"}],"version-history":[{"count":4,"href":"https:\/\/agora.xtec.cat\/escola-monmany\/wp-json\/wp\/v2\/pages\/1653\/revisions"}],"predecessor-version":[{"id":2168,"href":"https:\/\/agora.xtec.cat\/escola-monmany\/wp-json\/wp\/v2\/pages\/1653\/revisions\/2168"}],"wp:attachment":[{"href":"https:\/\/agora.xtec.cat\/escola-monmany\/wp-json\/wp\/v2\/media?parent=1653"}],"curies":[{"name":"wp","href":"https:\/\/api.w.org\/{rel}","templated":true}]}}