{"id":1412,"date":"2020-04-20T19:07:38","date_gmt":"2020-04-20T17:07:38","guid":{"rendered":"https:\/\/agora.xtec.cat\/escola-monmany\/?page_id=1412"},"modified":"2021-09-22T13:35:42","modified_gmt":"2021-09-22T11:35:42","slug":"normes","status":"publish","type":"page","link":"https:\/\/agora.xtec.cat\/escola-monmany\/serveis-2\/menjador\/normes\/","title":{"rendered":"Normes"},"content":{"rendered":"<p>El menjador escolar \u00e9s un servei que ofereix l\u2019Escola a les fam\u00edlies. Els dinars s\u00f3n servits per l\u2019empresa TENO a la cuina de l\u2019Escola. El servei de menjador funciona 5 dies a la setmana des del primer dia de comen\u00e7ament d&#8217;Escola fins l&#8217;\u00faltim dia de Juny.<\/p>\n<p>Els infants poden dinar durant tots els dies del curs o espor\u00e0dicament.<\/p>\n<p><span style=\"color: #0000ff;\"><strong><u>L\u2019EQUIP DE MENJADOR<\/u><\/strong><\/span><\/p>\n<p>Est\u00e0 constitu\u00eft per la cuinera, l\u2019ajudant, la coordinadora i les monitores.<\/p>\n<p><span style=\"color: #0000ff;\"><strong><u>OBJECTIUS EDUCATIUS TREBALLATS DURANT L\u2019HORA DEL MENJADOR<\/u><\/strong><\/span><\/p>\n<p><strong>Educaci\u00f3 en la responsabilitat cap a si mateix<\/strong><br \/>\n\uf0fc Consolidar els h\u00e0bits personals d\u2019higiene i neteja vinculats al fet<br \/>\nsocial i fisiol\u00f2gic dels \u00e0pats: pres\u00e8ncia f\u00edsica, higiene de mans i<br \/>\nbucodental, posici\u00f3 corporal a taula, \u00fas dels estris alimentaris.<br \/>\n\uf0fc Saber recon\u00e8ixer i regular els indicadors f\u00edsics de la gana i la set amb<br \/>\nconsci\u00e8ncia.<br \/>\n\uf0fc Gaudir d\u2019una alimentaci\u00f3 sana i equilibrada, i d\u2019uns h\u00e0bits de vida<br \/>\nsaludables en general, apreciant els beneficis que comporta.<br \/>\n<strong>Educaci\u00f3 en la responsabilitat cap als altres<\/strong><br \/>\n\uf0fc Consolidar els h\u00e0bits socials a taula: comportament, to de veu,<br \/>\nresponsabilitat en el parar i desparar taula.<br \/>\n\uf0fc Treballar el respecte i el pluralisme a trav\u00e9s de la conversa i l\u2019escolta.<br \/>\n\uf0fc Acceptar la diversitat i la difer\u00e8ncia entesa com una riquesa social.<br \/>\n\uf0fc Fomentar la cooperaci\u00f3 entre alumnes a trav\u00e9s de potenciar les<br \/>\ncapacitats individuals i d\u2019un col\u00b7lectiu.<br \/>\n\uf0fc Despertar l\u2019inter\u00e8s genu\u00ed en l\u2019altre.<br \/>\n<strong>Educaci\u00f3 en la responsabilitat cap al medi ambient<\/strong><br \/>\n\uf0fc Tenir present l\u2019impacte de tot el que fem en el medi ambient, i optar<br \/>\namb responsabilitat per les actuacions m\u00e9s respectuoses.<br \/>\n\uf0fc Con\u00e8ixer el paper de l\u2019alimentaci\u00f3 en l\u2019aspecte social, econ\u00f2mic i<br \/>\ncultural a nivell local i global.<\/p>\n<p><span style=\"color: #0000ff;\"><strong><u>DISTRIBUCI\u00d3 DEL TEMPS DE MENJADOR<\/u><\/strong><\/span><\/p>\n<p>El temps de menjador est\u00e0 distribu\u00eft en tres blocs diferenciats:<br \/>\n\uf0fc El temps destinat als h\u00e0bits i l\u2019alimentaci\u00f3: es treballen objectius alimentaris,<br \/>\nhigi\u00e8nics i d&#8217;actituds a l&#8217;hora de menjar procurant un ambient tranquil,<br \/>\nordenat i relaxat.<br \/>\n\uf0fc El temps de lleure: on es realitzen activitats dirigides per un educador\/a que<br \/>\npersegueixen objectius determinats.<br \/>\n\uf0fc El temps lliure: temps d&#8217;esbarjo on l&#8217;alumnat decideix l&#8217;activitat que vol<br \/>\nrealitzar, amb el suport i la dinamitzaci\u00f3 dels monitors\/es.<\/p>\n<p><span style=\"color: #0000ff;\"><strong><u>HORARI DEL SERVEI<\/u><\/strong><\/span><\/p>\n<p>Al Josep Monmany el temps de menjador es distribueix en dos torns de 12.30 a 15h.<br \/>\n1r torn de 12.30 a 13.40h: Infantil, 1r, 2n, 3r i 4t<br \/>\n2n torn de 13.50 a 15h: 5\u00e8 i 6\u00e8<br \/>\nEls dies de jornada intensiva de l\u2019escola el servei es realitza de 13 a 15.30h.<\/p>\n<p><span style=\"color: #0000ff;\"><strong><u>MATERIAL NECESSARI<\/u><\/strong><\/span><\/p>\n<p>Mascareta<br \/>\n<strong>Pels infants de 3 a 12 anys<\/strong><br \/>\nSeguirem les recomanacions vigents per les autoritats sanit\u00e0ries respecte a l\u2019\u00fas de la mascareta.<br \/>\n<strong>Infants de P3<\/strong><br \/>\nEls infants de P3 aquest any hauran de portar un pitet diari que donarem per rentar cada dia.<br \/>\nTamb\u00e9 hi ha un llen\u00e7ol que cada fam\u00edlia haur\u00e0 de rentar els divendres i retornar els dilluns.<br \/>\nEs recomanable portar roba de recanvi, sempre marcada amb el nom de l\u2019infant.<br \/>\nTamb\u00e9 \u00e9s important marcar el llen\u00e7ol, els pitets i les sabates.<\/p>\n<p><span style=\"color: #0000ff;\"><strong><u>ACTIVITATS EN EL TEMPS DE LLEURE<\/u><\/strong><\/span><\/p>\n<p>\uf0a7 Espai de tallers: manualitats adequades a cada edat i motivaci\u00f3 del grup<br \/>\nd\u2019infants.<br \/>\n\uf0a7 Espai d&#8217;h\u00e0bits alimentaris: treballarem el reciclatge, la composici\u00f3 dels<br \/>\ndiferents plats que servim, la import\u00e0ncia de menjar tot tipus d&#8217;aliments<br \/>\nmitjan\u00e7ant diferents activitats de car\u00e0cter l\u00fadic i participatiu.<br \/>\n\uf0a7 Espai de jocs i esports: entre els jocs dirigits s\u2019intentar\u00e0 sempre fomentar els<br \/>\ncooperatius.<br \/>\n\uf0a7 Jornades gastron\u00f2miques: l\u2019equip de menjador preparar\u00e0 un dia dedicat a<br \/>\nun pa\u00eds que escollirem pr\u00e8viament, on es treballaran els costums d\u2019aquell pa\u00eds<br \/>\ni es menjaran alguns plats t\u00edpics.<br \/>\n\uf0a7 Mill el Conill: La nostra mascota visitar\u00e0 l\u2019escola i mitjan\u00e7ant un espectacle<br \/>\nde titelles ens mostra la import\u00e0ncia de l\u2019alimentaci\u00f3 saludable.<br \/>\n\uf0a7 Baguls tem\u00e0tics: Els nostres baguls itinerants serviran per introduir noves<br \/>\nactivitats: bagul d\u2019esports, construccions, circ, m\u00fasiques del m\u00f3n i tradicional.<br \/>\n\uf0a7 Sense soroll somrius: Treballem l\u2019ambient ac\u00fastic del menjador mitjan\u00e7ant<br \/>\ndiferents activitats l\u00fadiques.<br \/>\n\uf0a7 Respect! Continuarem treballant el nostre programa de bones pr\u00e0ctiques<br \/>\nrelacionals basades en el respecte pels altres i per a un mateix.<br \/>\n\uf0a7 Nassos que curen: Al projecte transversal d&#8217;enguany, amb diferents entitats<br \/>\nde caire social i assistencial, descobrirem el m\u00f3n del circ i la seva important<br \/>\ntasca que realitzen als hospitals infantils.<\/p>\n<p><span style=\"color: #0000ff;\"><strong>EDUQUEM EL GUST DELS INFANTS<\/strong><\/span><br \/>\nEls nostres men\u00fas es basen en la dieta mediterr\u00e0nia, garantint<br \/>\nl&#8217;equilibri nutricional, i s\u00f3n elaborats i controlats per especialistes<br \/>\nen diet\u00e8tica i nutrici\u00f3.<br \/>\nGarantim la varietat dels aliments i la qualitat en la forma de<br \/>\npreparaci\u00f3 \u2013prioritzant les elaboracions i coccions m\u00e9s<br \/>\nsaludables i respectuoses amb els ingredients originals\u2013.<br \/>\nLa majoria dels nostres productes s\u00f3n de proximitat i de<br \/>\ntemporada, marca de qualitat, ja que garanteixen la frescor, respecten els<br \/>\nprocessos naturals dels conreus i beneficien el medi ambient.<br \/>\nEls productes ecol\u00f2gics que introduirem en la dieta dels vostres fills\/es s\u00f3n:<\/p>\n<p>\uf0b7100% de llegums \uf0b7100% d\u2019arr\u00f2s \uf0b7100% de pasta<\/p>\n<p><strong><span style=\"color: #0000ff;\">PROJECTE \u201cJO EM SERVEIXO\u201d<\/span><\/strong><\/p>\n<p>A partir del segon trimestre, engegarem al menjador, el<br \/>\nnostre projecte \u201cJo em serveixo\u201d. S\u2019introduir\u00e0 de forma<br \/>\nprogressiva, comen\u00e7ant per prim\u00e0ria.<br \/>\n<span style=\"color: #0000ff;\"><em>Qu\u00e8 perseguim<\/em><\/span><br \/>\nL\u2019objectiu del programa \u00e9s doble. D\u2019una banda, es vol<br \/>\nrespectar els senyals innats d\u2019autoregulaci\u00f3 de<br \/>\nl\u2019alimentaci\u00f3 deixant que l\u2019infant mengi seguint la seva<br \/>\nsensaci\u00f3 de gana i sacietat.<br \/>\nD\u2019altra banda, Jo em serveixo permet a l\u2019infant assimilar de manera natural els<br \/>\nh\u00e0bits de comportament a taula:<br \/>\n\uf0fc Adquireix compet\u00e8ncies en l\u2019organitzaci\u00f3 dels plats de tots els companys de<br \/>\nla seva taula.<br \/>\n\uf0fc Apr\u00e8n a respectar el torn de servir-se el plat.<br \/>\n\uf0fc T\u00e9 una actitud aut\u00f2noma i responsable en relaci\u00f3 a les quantitats de menjar<br \/>\nque es posa al plat.<br \/>\n\uf0fc Es fa conscient de les proporcions adequades d\u2019aliment segons la seva gana.<br \/>\n\uf0fc Es fa seu l\u2019\u00fas dels diferents estris de cuina.<br \/>\n\uf0fc S\u2019identifica el monitor\/-a com un acompanyant en l\u2019\u00e0pat i no com un<br \/>\ncambrer.<br \/>\n<span style=\"color: #0000ff;\"><em>Com s\u2019aplica el programa<\/em><\/span><br \/>\nEn primer lloc, els infants paren taula destriant els utensilis adients segons el men\u00fa del<br \/>\ndia. A continuaci\u00f3 el monitor\/-a o personal de cuina serveix damunt de les taula els<br \/>\nrecipients amb el primer plat. Tot respectant el torn de servir-se, cada infant s\u2019omple<br \/>\nel plat segons la seva sensaci\u00f3 de gana i sacietat, sempre sota la supervisi\u00f3 i ajuda<br \/>\ndels acompanyants adults. El proc\u00e9s es repeteix amb el segon plat i les postres.<\/p>\n<p><em><span style=\"color: #0000ff;\">Com \u00e9s un menjador que t\u00e9 implantat el projecte Jo em serveixo?<\/span><\/em><br \/>\nHem comprovat que els menjadors que tenen Jo em serveixo aconsegueixen<br \/>\nmillores en els seg\u00fcents aspectes:<br \/>\n\uf0fc L\u2019ambient \u00e9s m\u00e9s tranquil i relaxat, sense tr\u00e0nsit entre taules i cadires.<br \/>\n\uf0fc Es redueix el malbaratament alimentari.<br \/>\n\uf0fc S\u2019incrementa l\u2019 inter\u00e8s per tot tipus d\u2019aliments.<br \/>\n\uf0fc Els infants mengen m\u00e9s i millor.<\/p>\n<p><span style=\"color: #0000ff;\"><strong>PAUTES PARTICULARS<\/strong><\/span><br \/>\n<em><span style=\"color: #0000ff;\">Dietes i al\u00b7l\u00e8rgies<\/span><\/em><br \/>\nAl menjador s\u2019elaborar\u00e0 un men\u00fa personalitzat pels infants que en la seva dieta no<br \/>\npuguin prendre un o m\u00e9s aliments, sempre que sigui diagnosticat per un metge<br \/>\nespecialista o per raons culturals. Per tal de poder elaborar el men\u00fa correcte \u00e9s<br \/>\nimprescindible adjuntar amb la inscripci\u00f3 de menjador un full em\u00e8s per un metge on<br \/>\ns\u2019especifiqui el tipus d\u2019al\u00b7l\u00e8rgia o intoler\u00e0ncia i el tipus d\u2019aliments no tolerats.<\/p>\n<p>Per qualsevol consulta sobre aquest tema us podeu adre\u00e7ar a la dietista de l\u2019empresa al <span style=\"color: #ff0000;\">mail: restauracio@teno.cat<\/span><br \/>\nEn cas de necessitar dieta astringent per dies puntuals s\u2019haur\u00e0 de comunicar per<br \/>\nescrit a la coordinadora en l\u2019horari de 9 a 10h.<br \/>\n<em><span style=\"color: #0000ff;\">Administraci\u00f3 de medicaments<\/span><\/em><br \/>\nEn cas de necessitar que s\u2019administri algun medicament a algun infant durant<br \/>\nl\u2019horari de menjador s\u2019haur\u00e0 de lliurar a la coordinadora la prescripci\u00f3 m\u00e8dica i una<br \/>\nautoritzaci\u00f3 dels pares.<\/p>\n<p><strong><span style=\"color: #0000ff;\">NORMES DE CONVIV\u00c8NCIA<\/span><\/strong><br \/>\n\uf0fc L&#8217;espai de menjador \u00e9s una continuaci\u00f3 de l&#8217;educaci\u00f3 escolar i per tant, les<br \/>\nnormes generals de conviv\u00e8ncia s\u00f3n d\u2019aplicaci\u00f3 a totes les activitats i serveis<br \/>\nde l\u2019escola. El respecte a les persones i el bon \u00fas del material s\u00f3n la base<br \/>\nd\u2019una bona conviv\u00e8ncia.<\/p>\n<p>\uf0fc L&#8217;equip de monitors\/es vetlla per qu\u00e8 hi hagi una bona conviv\u00e8ncia entre<br \/>\nl&#8217;alumnat i treballa perqu\u00e8 els nens i nenes siguin aut\u00f2noms en la resoluci\u00f3 de<br \/>\nconflictes que sorgeixen en la relaci\u00f3 entre els infants. En aquest sentit, una<br \/>\nbona comunicaci\u00f3 entre les fam\u00edlies i el servei de menjador \u00e9s clau per a l&#8217;\u00e8xit<br \/>\nde la conviv\u00e8ncia.<br \/>\n\uf0fc Davant d\u2019un conflicte, l\u2019eina principal de resoluci\u00f3 sempre \u00e9s la mediaci\u00f3, la<br \/>\nconversa i el di\u00e0leg.<br \/>\n\uf0fc Davant d\u2019una conducta inadequada d\u2019un infant, la coordinadora informa a<br \/>\nla fam\u00edlia i al director\/-a del centre i es redacta un full d\u2019incid\u00e8ncia. En casos<br \/>\ngreus s\u2019activa el protocol establert per l\u2019escola.<\/p>\n<p><strong><span style=\"color: #0000ff;\">COMUNICACI\u00d3 AMB LES FAM\u00cdLIES<\/span><\/strong><br \/>\nEnguany l\u2019espai privat de les fam\u00edlies al nostre web pren especial rellev\u00e0ncia. Aqu\u00ed hi trobareu tota la informaci\u00f3 sobre el servei del menjador:<br \/>\n\uf0fc Els men\u00fas actualitzats i amb proposta de<br \/>\nsopars que us podeu descarregar<br \/>\nmensualment a trav\u00e9s de la web de Teno.<br \/>\n\uf0fc La graella d\u2019activitats trimestral que es<br \/>\npenjar\u00e0 tamb\u00e9 en un espai visible al centre<br \/>\nescolar, a banda de l\u2019espai web de les<br \/>\nfam\u00edlies.<br \/>\n\uf0fc El Tastet d\u2019imatges \u00e9s el recull gr\u00e0fic de les activitats l\u00fadiques i pedag\u00f2giques<br \/>\nde l\u2019espai del menjador, que es fa arribar a les fam\u00edlies amb periodicitat<br \/>\ntrimestral i format digital.<br \/>\n\uf0fc Documentaci\u00f3 relativa al centre: dossier informatiu de les fam\u00edlies, protocols,<br \/>\ncirculars, etc.<br \/>\n\uf0fc Trimestralment es realitzar\u00e0 una avaluaci\u00f3 individual de cada alumne on es<br \/>\ntindran en compte els h\u00e0bits alimentaris i de lleure de cada infant.<br \/>\n\uf0fc Els alumnes de P3 i de P4 rebran di\u00e0riament l\u2019agenda del menjador per a un<br \/>\nseguiment personalitzat de l\u2019adquisici\u00f3 dels h\u00e0bits alimentaris i de descans, en<br \/>\nel cas de P3.<br \/>\n\uf0fc Per la resta d\u2019infants farem comunicats els dies que detectem que algun<br \/>\nalumne\/a no ha menjat correctament, sempre que sigui possible es far\u00e0 per<br \/>\nwhatsapp o mail.<\/p>\n<p><em><span style=\"color: #0000ff;\">Comunicaci\u00f3 en l\u00ednia<\/span><\/em><br \/>\nSempre que sigui possible s\u2019eliminaran, per motius de seguretat, la<br \/>\ncomunicaci\u00f3 presencial i les circulars en paper i tot ser\u00e0 en format online pels<br \/>\ncanals digitals: web, xarxes socials, correu electr\u00f2nic, tel\u00e8fon i\/o missatgeria m\u00f2bil.<\/p>\n<p><strong><span style=\"color: #0000ff;\">ATENCI\u00d3 A LES FAM\u00cdLIES<\/span><\/strong><\/p>\n<p><em><span style=\"color: #0000ff;\">Coordinadora del menjador<\/span><\/em><br \/>\nMari Gonz\u00e1lez<br \/>\nmenjadorjosepmonmany@gmail.com<br \/>\nTel\u00e8fon: 610372544<br \/>\nHorari: De 9 a 10 hores<\/p>\n<p><span style=\"color: #0000ff;\"><em>Atenci\u00f3 a les fam\u00edlies des de les oficines de Teno<\/em><\/span><br \/>\nEncarna Vera<br \/>\ninfo@teno.cat<br \/>\nTel\u00e8fon: 93 327 84 00 ext. 11<\/p>\n<p>En tot moment es seguir\u00e0 el pla de funcionament espec\u00edfic de l\u2019escola i es compliran<br \/>\nles mesures que es marquin des del Departament d\u2019Ensenyament per controlar la<br \/>\nsituaci\u00f3 sanit\u00e0ria als centres educatius.<\/p>\n<p>&nbsp;<\/p>\n<p style=\"text-align: center;\"><span style=\"color: #d933e8;\"><strong><u>IMPORTANT!!! <\/u><\/strong><\/span>Els pares dels nens\/es de P3 hauran de tenir en compte el per\u00edode d\u2019adaptaci\u00f3 a l\u2019Escola i que per tant, aquests infants no utilitzaran el servei de menjador fins al dia 17 de setembre.<\/p>\n<p><span style=\"color: #0000ff;\"><strong>GESTI\u00d3 ADMINISTRATIVA<\/strong><\/span><br \/>\n<span style=\"color: #0000ff;\"><em>Modalitat de pagament<\/em><\/span><\/p>\n<p>Els cobraments dels rebuts s\u2019efectuaran entre el 5 i el 10 (a mes ven\u00e7ut), en quotes<br \/>\nmensuals mitjan\u00e7ant domiciliaci\u00f3 banc\u00e0ria.<br \/>\nLes quotes dels usuaris seran calculades en funci\u00f3 del calendari escolar que marqui<br \/>\nel Departament d\u2019Ensenyament pel curs 2021-2022.<\/p>\n<p><span style=\"color: #ff6600;\">Els preus del servei de menjador pel curs 21-22 seran:<\/span><br \/>\n<span style=\"color: #ff6600;\">. Fix: 6,20\u20ac<\/span><br \/>\n<span style=\"color: #ff6600;\">. Espor\u00e0dic: 6,82\u20ac<\/span><\/p>\n<p>En cas de retorn del rebut, autom\u00e0ticament la coordinadora o l\u2019 Empresa del<br \/>\nmenjador es posar\u00e0 en contacte amb la fam\u00edlia, (enviar\u00e0 missatge amb l\u2019 import de<br \/>\nla devoluci\u00f3 i data l\u00edmit de pagament), perqu\u00e8 es faci efectiu el rebut, passat aquet<br \/>\ntemps no es podr\u00e0 fer \u00fas del servei de menjador fins regularitzar la situaci\u00f3..<br \/>\nEls rebuts retornats es veuran incrementats en 4\u20ac sobre la quota en concepte de<br \/>\ndespeses banc\u00e0ries, i s\u2019hauran de fer efectius en el compte corrent de l&#8217;empresa TENO que es facilitar\u00e0.<\/p>\n<p><em><span style=\"color: #0000ff;\">Servei espor\u00e0dic<\/span><\/em><br \/>\nEs considera usuari fixe aquell que fa us del servei de menjador 1 dia a la setmana<br \/>\nsempre que sigui el mateix<br \/>\nFaltes d&#8217;assist\u00e8ncia justificades<br \/>\n\uf0fc S\u2019ha de notificar la falta d\u2019assist\u00e8ncia al menjador amb una nota o<br \/>\ntelef\u00f2nicament abans de les 10 del mat\u00ed, sempre que s\u2019avisi abans de les 10h<br \/>\nes retornar\u00e0 el 100% del men\u00fa.<br \/>\nServei de p\u00edcnic<br \/>\n\uf0fc El dia d\u2019excursi\u00f3 Teno oferir\u00e0 p\u00edcnic a tots els usuaris. Al setembre enviarem<br \/>\nuna circular a tots els infants perqu\u00e8 escollin si necessitaran p\u00edcnic per les<br \/>\nsortides de tot el dia.<br \/>\n\uf0fc En cas de tenir una necessitat puntual diferent a l\u2019opci\u00f3 escollida s\u2019haur\u00e0 de<br \/>\nnotificar a la coordinadora 3 dies abans de la sortida entre les 9 i les 10h.<\/p>\n<p>&nbsp;<\/p>\n","protected":false},"excerpt":{"rendered":"<p>El menjador escolar \u00e9s un servei que ofereix l\u2019Escola a les fam\u00edlies. Els dinars s\u00f3n servits per l\u2019empresa TENO a la cuina de l\u2019Escola. El servei de menjador funciona 5 dies a la setmana des del primer dia de comen\u00e7ament d&#8217;Escola fins l&#8217;\u00faltim dia de&hellip;  <a href=\"https:\/\/agora.xtec.cat\/escola-monmany\/serveis-2\/menjador\/normes\/\" title=\"Read Normes\">Llegeix m\u00e9s\u00bb<\/a><\/p>\n","protected":false},"author":1,"featured_media":0,"parent":1183,"menu_order":2,"comment_status":"closed","ping_status":"closed","template":"page-templates\/side-menu.php","meta":{"_bbp_topic_count":0,"_bbp_reply_count":0,"_bbp_total_topic_count":0,"_bbp_total_reply_count":0,"_bbp_voice_count":0,"_bbp_anonymous_reply_count":0,"_bbp_topic_count_hidden":0,"_bbp_reply_count_hidden":0,"_bbp_forum_subforum_count":0,"footnotes":""},"class_list":["post-1412","page","type-page","status-publish","hentry"],"post_mailing_queue_ids":[],"_links":{"self":[{"href":"https:\/\/agora.xtec.cat\/escola-monmany\/wp-json\/wp\/v2\/pages\/1412","targetHints":{"allow":["GET"]}}],"collection":[{"href":"https:\/\/agora.xtec.cat\/escola-monmany\/wp-json\/wp\/v2\/pages"}],"about":[{"href":"https:\/\/agora.xtec.cat\/escola-monmany\/wp-json\/wp\/v2\/types\/page"}],"author":[{"embeddable":true,"href":"https:\/\/agora.xtec.cat\/escola-monmany\/wp-json\/wp\/v2\/users\/1"}],"replies":[{"embeddable":true,"href":"https:\/\/agora.xtec.cat\/escola-monmany\/wp-json\/wp\/v2\/comments?post=1412"}],"version-history":[{"count":3,"href":"https:\/\/agora.xtec.cat\/escola-monmany\/wp-json\/wp\/v2\/pages\/1412\/revisions"}],"predecessor-version":[{"id":5906,"href":"https:\/\/agora.xtec.cat\/escola-monmany\/wp-json\/wp\/v2\/pages\/1412\/revisions\/5906"}],"up":[{"embeddable":true,"href":"https:\/\/agora.xtec.cat\/escola-monmany\/wp-json\/wp\/v2\/pages\/1183"}],"wp:attachment":[{"href":"https:\/\/agora.xtec.cat\/escola-monmany\/wp-json\/wp\/v2\/media?parent=1412"}],"curies":[{"name":"wp","href":"https:\/\/api.w.org\/{rel}","templated":true}]}}