{"id":1411,"date":"2020-04-20T19:07:38","date_gmt":"2020-04-20T17:07:38","guid":{"rendered":"https:\/\/agora.xtec.cat\/escola-monmany\/?page_id=1411"},"modified":"2021-09-22T13:13:14","modified_gmt":"2021-09-22T11:13:14","slug":"equip","status":"publish","type":"page","link":"https:\/\/agora.xtec.cat\/escola-monmany\/serveis-2\/menjador\/equip\/","title":{"rendered":"Equip"},"content":{"rendered":"<p>ACTIVITATS EMPRESA TENO DE MENJADOR PEL PRIMER TRIMESTRE DEL CURS 2021-22:<\/p>\n<p><img loading=\"lazy\" decoding=\"async\" class=\"aligncenter size-full wp-image-5885\" src=\"https:\/\/agora.xtec.cat\/escola-monmany\/wp-content\/uploads\/usu2132\/2021\/09\/Activitats-TENO.png\" alt=\"\" width=\"1011\" height=\"758\" srcset=\"https:\/\/agora.xtec.cat\/escola-monmany\/wp-content\/uploads\/usu2132\/2021\/09\/Activitats-TENO.png 1011w, https:\/\/agora.xtec.cat\/escola-monmany\/wp-content\/uploads\/usu2132\/2021\/09\/Activitats-TENO-300x225.png 300w, https:\/\/agora.xtec.cat\/escola-monmany\/wp-content\/uploads\/usu2132\/2021\/09\/Activitats-TENO-768x576.png 768w, https:\/\/agora.xtec.cat\/escola-monmany\/wp-content\/uploads\/usu2132\/2021\/09\/Activitats-TENO-200x150.png 200w\" sizes=\"auto, (max-width: 1011px) 100vw, 1011px\" \/><\/p>\n<p>&nbsp;<\/p>\n<p><strong>Qui fa possible el servei de menjador?<br \/>\n<\/strong><\/p>\n<p><img loading=\"lazy\" decoding=\"async\" class=\"aligncenter size-large wp-image-5902\" src=\"https:\/\/agora.xtec.cat\/escola-monmany\/wp-content\/uploads\/usu2132\/2021\/09\/EQUIP-MENJADOR-1024x768.jpg\" alt=\"\" width=\"1024\" height=\"768\" srcset=\"https:\/\/agora.xtec.cat\/escola-monmany\/wp-content\/uploads\/usu2132\/2021\/09\/EQUIP-MENJADOR-1024x768.jpg 1024w, https:\/\/agora.xtec.cat\/escola-monmany\/wp-content\/uploads\/usu2132\/2021\/09\/EQUIP-MENJADOR-300x225.jpg 300w, https:\/\/agora.xtec.cat\/escola-monmany\/wp-content\/uploads\/usu2132\/2021\/09\/EQUIP-MENJADOR-768x576.jpg 768w, https:\/\/agora.xtec.cat\/escola-monmany\/wp-content\/uploads\/usu2132\/2021\/09\/EQUIP-MENJADOR-1536x1152.jpg 1536w, https:\/\/agora.xtec.cat\/escola-monmany\/wp-content\/uploads\/usu2132\/2021\/09\/EQUIP-MENJADOR-200x150.jpg 200w, https:\/\/agora.xtec.cat\/escola-monmany\/wp-content\/uploads\/usu2132\/2021\/09\/EQUIP-MENJADOR.jpg 1600w\" sizes=\"auto, (max-width: 1024px) 100vw, 1024px\" \/><\/p>\n<p>&nbsp;<\/p>\n<p>&nbsp;<\/p>\n<p>&nbsp;<\/p>\n<table style=\"width: 718px;\">\n<tbody>\n<tr>\n<td style=\"background-color: #f1bff2; width: 711.5px;\" colspan=\"3\">\n<p style=\"text-align: center;\"><strong>PERSONAL DEL SERVEI DE MENJADOR<\/strong><\/p>\n<\/td>\n<\/tr>\n<tr>\n<td style=\"width: 211.417px;\"><strong>COORDINADORA<\/strong><\/td>\n<td style=\"width: 278.267px;\"><strong>Mar\u00eda Jos\u00e9 Gonz\u00e1lez Mart\u00edn<br \/>\n<\/strong><\/td>\n<td style=\"width: 217.817px;\"><img loading=\"lazy\" decoding=\"async\" class=\"aligncenter size-large wp-image-5888\" src=\"https:\/\/agora.xtec.cat\/escola-monmany\/wp-content\/uploads\/usu2132\/2021\/09\/MARI-768x1024.png\" alt=\"\" width=\"768\" height=\"1024\" srcset=\"https:\/\/agora.xtec.cat\/escola-monmany\/wp-content\/uploads\/usu2132\/2021\/09\/MARI-768x1024.png 768w, https:\/\/agora.xtec.cat\/escola-monmany\/wp-content\/uploads\/usu2132\/2021\/09\/MARI-225x300.png 225w, https:\/\/agora.xtec.cat\/escola-monmany\/wp-content\/uploads\/usu2132\/2021\/09\/MARI-1152x1536.png 1152w, https:\/\/agora.xtec.cat\/escola-monmany\/wp-content\/uploads\/usu2132\/2021\/09\/MARI.png 1500w\" sizes=\"auto, (max-width: 768px) 100vw, 768px\" \/><\/td>\n<\/tr>\n<tr>\n<td style=\"width: 211.417px;\"><strong>CUINERA<\/strong><\/td>\n<td style=\"width: 278.267px;\"><strong>Marta Bautista Jaime<br \/>\n<\/strong><\/td>\n<td style=\"width: 217.817px;\"><\/td>\n<\/tr>\n<tr>\n<td style=\"width: 211.417px;\"><strong>ASL<\/strong><\/td>\n<td style=\"width: 278.267px;\"><strong>Consuelo Pedrosa de Le\u00f3n<br \/>\n<\/strong><\/td>\n<td style=\"width: 217.817px;\"><a href=\"https:\/\/agora.xtec.cat\/escola-monmany\/wp-content\/uploads\/usu2132\/2020\/04\/CONSOL_CUINA.jpg\"><img loading=\"lazy\" decoding=\"async\" class=\"wp-image-1591 aligncenter\" src=\"https:\/\/agora.xtec.cat\/escola-monmany\/wp-content\/uploads\/usu2132\/2020\/04\/CONSOL_CUINA-789x1024.jpg\" alt=\"\" width=\"155\" height=\"201\" srcset=\"https:\/\/agora.xtec.cat\/escola-monmany\/wp-content\/uploads\/usu2132\/2020\/04\/CONSOL_CUINA-789x1024.jpg 789w, https:\/\/agora.xtec.cat\/escola-monmany\/wp-content\/uploads\/usu2132\/2020\/04\/CONSOL_CUINA-231x300.jpg 231w, https:\/\/agora.xtec.cat\/escola-monmany\/wp-content\/uploads\/usu2132\/2020\/04\/CONSOL_CUINA-768x997.jpg 768w, https:\/\/agora.xtec.cat\/escola-monmany\/wp-content\/uploads\/usu2132\/2020\/04\/CONSOL_CUINA.jpg 855w\" sizes=\"auto, (max-width: 155px) 100vw, 155px\" \/><\/a><\/td>\n<\/tr>\n<tr>\n<td style=\"width: 211.417px;\"><strong>MONITORA P3<\/strong><\/td>\n<td style=\"width: 278.267px;\"><strong>ELSA<\/strong><\/td>\n<td style=\"width: 217.817px;\"><img loading=\"lazy\" decoding=\"async\" class=\"aligncenter size-large wp-image-5889\" src=\"https:\/\/agora.xtec.cat\/escola-monmany\/wp-content\/uploads\/usu2132\/2021\/09\/elsa-768x1024.png\" alt=\"\" width=\"768\" height=\"1024\" srcset=\"https:\/\/agora.xtec.cat\/escola-monmany\/wp-content\/uploads\/usu2132\/2021\/09\/elsa-768x1024.png 768w, https:\/\/agora.xtec.cat\/escola-monmany\/wp-content\/uploads\/usu2132\/2021\/09\/elsa-225x300.png 225w, https:\/\/agora.xtec.cat\/escola-monmany\/wp-content\/uploads\/usu2132\/2021\/09\/elsa-1152x1536.png 1152w, https:\/\/agora.xtec.cat\/escola-monmany\/wp-content\/uploads\/usu2132\/2021\/09\/elsa.png 1500w\" sizes=\"auto, (max-width: 768px) 100vw, 768px\" \/><\/td>\n<\/tr>\n<tr>\n<td style=\"width: 211.417px;\"><strong>MONITORA DE P4<\/strong><\/td>\n<td style=\"width: 278.267px;\"><strong>MARI CARMEN<br \/>\n<\/strong><\/td>\n<td style=\"width: 217.817px;\"><img loading=\"lazy\" decoding=\"async\" class=\"aligncenter size-large wp-image-5891\" src=\"https:\/\/agora.xtec.cat\/escola-monmany\/wp-content\/uploads\/usu2132\/2021\/09\/MARI-CARMEN-768x1024.png\" alt=\"\" width=\"768\" height=\"1024\" srcset=\"https:\/\/agora.xtec.cat\/escola-monmany\/wp-content\/uploads\/usu2132\/2021\/09\/MARI-CARMEN-768x1024.png 768w, https:\/\/agora.xtec.cat\/escola-monmany\/wp-content\/uploads\/usu2132\/2021\/09\/MARI-CARMEN-225x300.png 225w, https:\/\/agora.xtec.cat\/escola-monmany\/wp-content\/uploads\/usu2132\/2021\/09\/MARI-CARMEN-1152x1536.png 1152w, https:\/\/agora.xtec.cat\/escola-monmany\/wp-content\/uploads\/usu2132\/2021\/09\/MARI-CARMEN.png 1200w\" sizes=\"auto, (max-width: 768px) 100vw, 768px\" \/><\/td>\n<\/tr>\n<tr>\n<td style=\"width: 211.417px;\"><strong>MONITORA\u00a0 P5<\/strong><\/td>\n<td style=\"width: 278.267px;\"><strong>ISA<br \/>\n<\/strong><\/td>\n<td style=\"width: 217.817px;\"><img loading=\"lazy\" decoding=\"async\" class=\"aligncenter size-large wp-image-5892\" src=\"https:\/\/agora.xtec.cat\/escola-monmany\/wp-content\/uploads\/usu2132\/2021\/09\/ISA-768x1024.png\" alt=\"\" width=\"768\" height=\"1024\" srcset=\"https:\/\/agora.xtec.cat\/escola-monmany\/wp-content\/uploads\/usu2132\/2021\/09\/ISA-768x1024.png 768w, https:\/\/agora.xtec.cat\/escola-monmany\/wp-content\/uploads\/usu2132\/2021\/09\/ISA-225x300.png 225w, https:\/\/agora.xtec.cat\/escola-monmany\/wp-content\/uploads\/usu2132\/2021\/09\/ISA-1152x1536.png 1152w, https:\/\/agora.xtec.cat\/escola-monmany\/wp-content\/uploads\/usu2132\/2021\/09\/ISA.png 1200w\" sizes=\"auto, (max-width: 768px) 100vw, 768px\" \/><\/td>\n<\/tr>\n<tr>\n<td style=\"width: 211.417px;\"><strong>MONITORA DE 1RA<\/strong><\/td>\n<td style=\"width: 278.267px;\"><strong>REBECA<br \/>\n<\/strong><\/td>\n<td style=\"width: 217.817px;\"><img loading=\"lazy\" decoding=\"async\" class=\"aligncenter size-large wp-image-5893\" src=\"https:\/\/agora.xtec.cat\/escola-monmany\/wp-content\/uploads\/usu2132\/2021\/09\/REBECA-768x1024.png\" alt=\"\" width=\"768\" height=\"1024\" srcset=\"https:\/\/agora.xtec.cat\/escola-monmany\/wp-content\/uploads\/usu2132\/2021\/09\/REBECA-768x1024.png 768w, https:\/\/agora.xtec.cat\/escola-monmany\/wp-content\/uploads\/usu2132\/2021\/09\/REBECA-225x300.png 225w, https:\/\/agora.xtec.cat\/escola-monmany\/wp-content\/uploads\/usu2132\/2021\/09\/REBECA-1152x1536.png 1152w, https:\/\/agora.xtec.cat\/escola-monmany\/wp-content\/uploads\/usu2132\/2021\/09\/REBECA.png 1200w\" sizes=\"auto, (max-width: 768px) 100vw, 768px\" \/><\/td>\n<\/tr>\n<tr>\n<td style=\"width: 211.417px;\"><strong>MONITORA DE 1RB<\/strong><\/td>\n<td style=\"width: 278.267px;\"><strong>ALBA<\/strong><\/td>\n<td style=\"width: 217.817px;\"><img loading=\"lazy\" decoding=\"async\" class=\"aligncenter size-large wp-image-5894\" src=\"https:\/\/agora.xtec.cat\/escola-monmany\/wp-content\/uploads\/usu2132\/2021\/09\/ALBA-768x1024.png\" alt=\"\" width=\"768\" height=\"1024\" srcset=\"https:\/\/agora.xtec.cat\/escola-monmany\/wp-content\/uploads\/usu2132\/2021\/09\/ALBA-768x1024.png 768w, https:\/\/agora.xtec.cat\/escola-monmany\/wp-content\/uploads\/usu2132\/2021\/09\/ALBA-225x300.png 225w, https:\/\/agora.xtec.cat\/escola-monmany\/wp-content\/uploads\/usu2132\/2021\/09\/ALBA-1152x1536.png 1152w, https:\/\/agora.xtec.cat\/escola-monmany\/wp-content\/uploads\/usu2132\/2021\/09\/ALBA.png 1200w\" sizes=\"auto, (max-width: 768px) 100vw, 768px\" \/><\/td>\n<\/tr>\n<tr>\n<td style=\"width: 211.417px;\"><strong>MONITORA\u00a0 2N<\/strong><\/td>\n<td style=\"width: 278.267px;\"><strong>EDU<br \/>\n<\/strong><\/td>\n<td style=\"width: 217.817px;\"><img loading=\"lazy\" decoding=\"async\" class=\"aligncenter size-large wp-image-5895\" src=\"https:\/\/agora.xtec.cat\/escola-monmany\/wp-content\/uploads\/usu2132\/2021\/09\/EDU-768x1024.png\" alt=\"\" width=\"768\" height=\"1024\" srcset=\"https:\/\/agora.xtec.cat\/escola-monmany\/wp-content\/uploads\/usu2132\/2021\/09\/EDU-768x1024.png 768w, https:\/\/agora.xtec.cat\/escola-monmany\/wp-content\/uploads\/usu2132\/2021\/09\/EDU-225x300.png 225w, https:\/\/agora.xtec.cat\/escola-monmany\/wp-content\/uploads\/usu2132\/2021\/09\/EDU-1152x1536.png 1152w, https:\/\/agora.xtec.cat\/escola-monmany\/wp-content\/uploads\/usu2132\/2021\/09\/EDU.png 1200w\" sizes=\"auto, (max-width: 768px) 100vw, 768px\" \/><\/td>\n<\/tr>\n<tr>\n<td style=\"width: 211.417px;\"><strong>MONITORA 3R<\/strong><\/td>\n<td style=\"width: 278.267px;\"><strong>MONTSE<br \/>\n<\/strong><\/td>\n<td style=\"width: 217.817px;\"><img loading=\"lazy\" decoding=\"async\" class=\"aligncenter size-large wp-image-5896\" src=\"https:\/\/agora.xtec.cat\/escola-monmany\/wp-content\/uploads\/usu2132\/2021\/09\/MONTSE-768x1024.png\" alt=\"\" width=\"768\" height=\"1024\" srcset=\"https:\/\/agora.xtec.cat\/escola-monmany\/wp-content\/uploads\/usu2132\/2021\/09\/MONTSE-768x1024.png 768w, https:\/\/agora.xtec.cat\/escola-monmany\/wp-content\/uploads\/usu2132\/2021\/09\/MONTSE-225x300.png 225w, https:\/\/agora.xtec.cat\/escola-monmany\/wp-content\/uploads\/usu2132\/2021\/09\/MONTSE-1152x1536.png 1152w, https:\/\/agora.xtec.cat\/escola-monmany\/wp-content\/uploads\/usu2132\/2021\/09\/MONTSE.png 1200w\" sizes=\"auto, (max-width: 768px) 100vw, 768px\" \/><\/td>\n<\/tr>\n<tr>\n<td style=\"width: 211.417px;\"><strong>MONITORA 4TA<\/strong><\/td>\n<td style=\"width: 278.267px;\"><strong>FINA<br \/>\n<\/strong><\/td>\n<td style=\"width: 217.817px;\"><img loading=\"lazy\" decoding=\"async\" class=\"aligncenter size-large wp-image-5897\" src=\"https:\/\/agora.xtec.cat\/escola-monmany\/wp-content\/uploads\/usu2132\/2021\/09\/FINA-768x1024.png\" alt=\"\" width=\"768\" height=\"1024\" srcset=\"https:\/\/agora.xtec.cat\/escola-monmany\/wp-content\/uploads\/usu2132\/2021\/09\/FINA-768x1024.png 768w, https:\/\/agora.xtec.cat\/escola-monmany\/wp-content\/uploads\/usu2132\/2021\/09\/FINA-225x300.png 225w, https:\/\/agora.xtec.cat\/escola-monmany\/wp-content\/uploads\/usu2132\/2021\/09\/FINA-1152x1536.png 1152w, https:\/\/agora.xtec.cat\/escola-monmany\/wp-content\/uploads\/usu2132\/2021\/09\/FINA.png 1200w\" sizes=\"auto, (max-width: 768px) 100vw, 768px\" \/><\/td>\n<\/tr>\n<tr>\n<td style=\"width: 211.417px;\"><strong>MONITORA 4TB<\/strong><\/td>\n<td style=\"width: 278.267px;\"><strong>ANA<br \/>\n<\/strong><\/td>\n<td style=\"width: 217.817px;\"><img loading=\"lazy\" decoding=\"async\" class=\"aligncenter size-large wp-image-5898\" src=\"https:\/\/agora.xtec.cat\/escola-monmany\/wp-content\/uploads\/usu2132\/2021\/09\/ANA-768x1024.png\" alt=\"\" width=\"768\" height=\"1024\" srcset=\"https:\/\/agora.xtec.cat\/escola-monmany\/wp-content\/uploads\/usu2132\/2021\/09\/ANA-768x1024.png 768w, https:\/\/agora.xtec.cat\/escola-monmany\/wp-content\/uploads\/usu2132\/2021\/09\/ANA-225x300.png 225w, https:\/\/agora.xtec.cat\/escola-monmany\/wp-content\/uploads\/usu2132\/2021\/09\/ANA-1152x1536.png 1152w, https:\/\/agora.xtec.cat\/escola-monmany\/wp-content\/uploads\/usu2132\/2021\/09\/ANA.png 1500w\" sizes=\"auto, (max-width: 768px) 100vw, 768px\" \/><\/td>\n<\/tr>\n<tr>\n<td style=\"width: 211.417px;\"><strong>MONITORA 5\u00c8<\/strong><\/td>\n<td style=\"width: 278.267px;\"><strong>LIDIA<br \/>\n<\/strong><\/td>\n<td style=\"width: 217.817px;\"><img loading=\"lazy\" decoding=\"async\" class=\"aligncenter size-large wp-image-5899\" src=\"https:\/\/agora.xtec.cat\/escola-monmany\/wp-content\/uploads\/usu2132\/2021\/09\/LIDIA-768x1024.png\" alt=\"\" width=\"768\" height=\"1024\" srcset=\"https:\/\/agora.xtec.cat\/escola-monmany\/wp-content\/uploads\/usu2132\/2021\/09\/LIDIA-768x1024.png 768w, https:\/\/agora.xtec.cat\/escola-monmany\/wp-content\/uploads\/usu2132\/2021\/09\/LIDIA-225x300.png 225w, https:\/\/agora.xtec.cat\/escola-monmany\/wp-content\/uploads\/usu2132\/2021\/09\/LIDIA-1152x1536.png 1152w, https:\/\/agora.xtec.cat\/escola-monmany\/wp-content\/uploads\/usu2132\/2021\/09\/LIDIA.png 1200w\" sizes=\"auto, (max-width: 768px) 100vw, 768px\" \/><\/td>\n<\/tr>\n<tr>\n<td style=\"width: 211.417px;\"><strong>MONITORA 6\u00c8<\/strong><\/td>\n<td style=\"width: 278.267px;\"><strong>ANI<\/strong><\/td>\n<td style=\"width: 217.817px;\"><img loading=\"lazy\" decoding=\"async\" class=\"aligncenter size-large wp-image-5900\" src=\"https:\/\/agora.xtec.cat\/escola-monmany\/wp-content\/uploads\/usu2132\/2021\/09\/ANI-768x1024.png\" alt=\"\" width=\"768\" height=\"1024\" srcset=\"https:\/\/agora.xtec.cat\/escola-monmany\/wp-content\/uploads\/usu2132\/2021\/09\/ANI-768x1024.png 768w, https:\/\/agora.xtec.cat\/escola-monmany\/wp-content\/uploads\/usu2132\/2021\/09\/ANI-225x300.png 225w, https:\/\/agora.xtec.cat\/escola-monmany\/wp-content\/uploads\/usu2132\/2021\/09\/ANI-1152x1536.png 1152w, https:\/\/agora.xtec.cat\/escola-monmany\/wp-content\/uploads\/usu2132\/2021\/09\/ANI.png 1200w\" sizes=\"auto, (max-width: 768px) 100vw, 768px\" \/><\/td>\n<\/tr>\n<\/tbody>\n<\/table>\n","protected":false},"excerpt":{"rendered":"<p>ACTIVITATS EMPRESA TENO DE MENJADOR PEL PRIMER TRIMESTRE DEL CURS 2021-22:<\/p>\n<p>&nbsp;<br \/>\nQui fa possible el servei de menjador?<\/p>\n<p>&nbsp;<br \/>\n&nbsp;<br \/>\n&nbsp;<\/p>\n<p>PERSONAL DEL SERVEI DE MENJADOR<\/p>\n<p>COORDINADORA<br \/>\nMar\u00eda Jos\u00e9 Gonz\u00e1lez Mart\u00edn<\/p>\n<p>CUINERA<br \/>\nMarta Bautista Jaime<\/p>\n<p>ASL<br \/>\nConsuelo Pedrosa de Le\u00f3n<\/p>\n<p><a href=\"https:\/\/agora.xtec.cat\/escola-monmany\/wp-content\/uploads\/usu2132\/2020\/04\/CONSOL_CUINA.jpg\"><\/a><\/p>\n<p>MONITORA P3<br \/>\nELSA<\/p>\n<p>MONITORA DE P4<br \/>\nMARI CARMEN<\/p>\n<p>MONITORA\u00a0 P5<br \/>\nISA<\/p>\n<p>MONITORA DE 1RA<br \/>\nREBECA<\/p>\n<p>MONITORA DE 1RB<br \/>\nALBA<\/p>\n<p>MONITORA\u00a0 2N<br \/>\nEDU<\/p>\n<p>MONITORA 3R<br \/>\nMONTSE<\/p>\n<p>MONITORA 4TA<br \/>\nFINA<\/p>\n<p>MONITORA 4TB<br \/>\nANA<\/p>\n<p>MONITORA 5\u00c8<br \/>\nLIDIA<\/p>\n<p>MONITORA 6\u00c8<br \/>\nANI<\/p>\n","protected":false},"author":1,"featured_media":0,"parent":1183,"menu_order":1,"comment_status":"closed","ping_status":"closed","template":"page-templates\/side-menu.php","meta":{"_bbp_topic_count":0,"_bbp_reply_count":0,"_bbp_total_topic_count":0,"_bbp_total_reply_count":0,"_bbp_voice_count":0,"_bbp_anonymous_reply_count":0,"_bbp_topic_count_hidden":0,"_bbp_reply_count_hidden":0,"_bbp_forum_subforum_count":0,"footnotes":""},"class_list":["post-1411","page","type-page","status-publish","hentry"],"post_mailing_queue_ids":[],"_links":{"self":[{"href":"https:\/\/agora.xtec.cat\/escola-monmany\/wp-json\/wp\/v2\/pages\/1411","targetHints":{"allow":["GET"]}}],"collection":[{"href":"https:\/\/agora.xtec.cat\/escola-monmany\/wp-json\/wp\/v2\/pages"}],"about":[{"href":"https:\/\/agora.xtec.cat\/escola-monmany\/wp-json\/wp\/v2\/types\/page"}],"author":[{"embeddable":true,"href":"https:\/\/agora.xtec.cat\/escola-monmany\/wp-json\/wp\/v2\/users\/1"}],"replies":[{"embeddable":true,"href":"https:\/\/agora.xtec.cat\/escola-monmany\/wp-json\/wp\/v2\/comments?post=1411"}],"version-history":[{"count":3,"href":"https:\/\/agora.xtec.cat\/escola-monmany\/wp-json\/wp\/v2\/pages\/1411\/revisions"}],"predecessor-version":[{"id":5903,"href":"https:\/\/agora.xtec.cat\/escola-monmany\/wp-json\/wp\/v2\/pages\/1411\/revisions\/5903"}],"up":[{"embeddable":true,"href":"https:\/\/agora.xtec.cat\/escola-monmany\/wp-json\/wp\/v2\/pages\/1183"}],"wp:attachment":[{"href":"https:\/\/agora.xtec.cat\/escola-monmany\/wp-json\/wp\/v2\/media?parent=1411"}],"curies":[{"name":"wp","href":"https:\/\/api.w.org\/{rel}","templated":true}]}}