{"id":1398,"date":"2020-04-20T18:40:45","date_gmt":"2020-04-20T16:40:45","guid":{"rendered":"https:\/\/agora.xtec.cat\/escola-monmany\/?page_id=1398"},"modified":"2020-04-29T00:05:19","modified_gmt":"2020-04-28T22:05:19","slug":"educacio-primaria-2","status":"publish","type":"page","link":"https:\/\/agora.xtec.cat\/escola-monmany\/educacio-primaria-2\/","title":{"rendered":"Educaci\u00f3 Prim\u00e0ria"},"content":{"rendered":"<p>Al cicle inicial, tamb\u00e9 s&#8217;organitza un pati obert esdevenint aquest un espai educatiu i de conviv\u00e8ncia.<\/p>\n","protected":false},"excerpt":{"rendered":"<p>Al cicle inicial, tamb\u00e9 s&#8217;organitza un pati obert esdevenint aquest un espai educatiu i de conviv\u00e8ncia.<\/p>\n","protected":false},"author":1,"featured_media":0,"parent":0,"menu_order":0,"comment_status":"closed","ping_status":"closed","template":"","meta":{"_bbp_topic_count":0,"_bbp_reply_count":0,"_bbp_total_topic_count":0,"_bbp_total_reply_count":0,"_bbp_voice_count":0,"_bbp_anonymous_reply_count":0,"_bbp_topic_count_hidden":0,"_bbp_reply_count_hidden":0,"_bbp_forum_subforum_count":0,"footnotes":""},"class_list":["post-1398","page","type-page","status-publish","hentry"],"post_mailing_queue_ids":[],"_links":{"self":[{"href":"https:\/\/agora.xtec.cat\/escola-monmany\/wp-json\/wp\/v2\/pages\/1398","targetHints":{"allow":["GET"]}}],"collection":[{"href":"https:\/\/agora.xtec.cat\/escola-monmany\/wp-json\/wp\/v2\/pages"}],"about":[{"href":"https:\/\/agora.xtec.cat\/escola-monmany\/wp-json\/wp\/v2\/types\/page"}],"author":[{"embeddable":true,"href":"https:\/\/agora.xtec.cat\/escola-monmany\/wp-json\/wp\/v2\/users\/1"}],"replies":[{"embeddable":true,"href":"https:\/\/agora.xtec.cat\/escola-monmany\/wp-json\/wp\/v2\/comments?post=1398"}],"version-history":[{"count":2,"href":"https:\/\/agora.xtec.cat\/escola-monmany\/wp-json\/wp\/v2\/pages\/1398\/revisions"}],"predecessor-version":[{"id":1923,"href":"https:\/\/agora.xtec.cat\/escola-monmany\/wp-json\/wp\/v2\/pages\/1398\/revisions\/1923"}],"wp:attachment":[{"href":"https:\/\/agora.xtec.cat\/escola-monmany\/wp-json\/wp\/v2\/media?parent=1398"}],"curies":[{"name":"wp","href":"https:\/\/api.w.org\/{rel}","templated":true}]}}