{"id":1397,"date":"2020-04-20T18:40:45","date_gmt":"2020-04-20T16:40:45","guid":{"rendered":"https:\/\/agora.xtec.cat\/escola-monmany\/?page_id=1397"},"modified":"2020-04-29T00:04:39","modified_gmt":"2020-04-28T22:04:39","slug":"educacio-infantil-2","status":"publish","type":"page","link":"https:\/\/agora.xtec.cat\/escola-monmany\/educacio-infantil-2\/","title":{"rendered":"Educaci\u00f3 Infantil"},"content":{"rendered":"<p>A partir del segon trimestre a educaci\u00f3 infantil, es planifiquen tres activitats obertes a les fam\u00edlies per a cadascun dels tres nivells. Aquestes activitats s\u00f3n:<\/p>\n<ul>\n<li style=\"list-style-type: none;\">\n<ul style=\"list-style-type: square;\">\n<li>un caf\u00e8 tert\u00falia,<\/li>\n<li>un taller a l&#8217;aula i<\/li>\n<li>un pati obert.<\/li>\n<\/ul>\n<\/li>\n<\/ul>\n<p>&nbsp;<\/p>\n","protected":false},"excerpt":{"rendered":"<p>A partir del segon trimestre a educaci\u00f3 infantil, es planifiquen tres activitats obertes a les fam\u00edlies per a cadascun dels tres nivells. Aquestes activitats s\u00f3n:<\/p>\n<ul>\n<li style=\"list-style-type: none;\">\n<ul style=\"list-style-type: square;\">\n<li>un caf\u00e8 tert\u00falia,<\/li>\n<li>un taller a l&#8217;aula i<\/li>\n<li>un pati obert.<\/li>\n<\/ul>\n<\/li>\n<\/ul>\n<p>&nbsp;<\/p>\n","protected":false},"author":1,"featured_media":0,"parent":0,"menu_order":0,"comment_status":"closed","ping_status":"closed","template":"","meta":{"_bbp_topic_count":0,"_bbp_reply_count":0,"_bbp_total_topic_count":0,"_bbp_total_reply_count":0,"_bbp_voice_count":0,"_bbp_anonymous_reply_count":0,"_bbp_topic_count_hidden":0,"_bbp_reply_count_hidden":0,"_bbp_forum_subforum_count":0,"footnotes":""},"class_list":["post-1397","page","type-page","status-publish","hentry"],"post_mailing_queue_ids":[],"_links":{"self":[{"href":"https:\/\/agora.xtec.cat\/escola-monmany\/wp-json\/wp\/v2\/pages\/1397","targetHints":{"allow":["GET"]}}],"collection":[{"href":"https:\/\/agora.xtec.cat\/escola-monmany\/wp-json\/wp\/v2\/pages"}],"about":[{"href":"https:\/\/agora.xtec.cat\/escola-monmany\/wp-json\/wp\/v2\/types\/page"}],"author":[{"embeddable":true,"href":"https:\/\/agora.xtec.cat\/escola-monmany\/wp-json\/wp\/v2\/users\/1"}],"replies":[{"embeddable":true,"href":"https:\/\/agora.xtec.cat\/escola-monmany\/wp-json\/wp\/v2\/comments?post=1397"}],"version-history":[{"count":2,"href":"https:\/\/agora.xtec.cat\/escola-monmany\/wp-json\/wp\/v2\/pages\/1397\/revisions"}],"predecessor-version":[{"id":1922,"href":"https:\/\/agora.xtec.cat\/escola-monmany\/wp-json\/wp\/v2\/pages\/1397\/revisions\/1922"}],"wp:attachment":[{"href":"https:\/\/agora.xtec.cat\/escola-monmany\/wp-json\/wp\/v2\/media?parent=1397"}],"curies":[{"name":"wp","href":"https:\/\/api.w.org\/{rel}","templated":true}]}}