{"id":1357,"date":"2020-04-20T14:13:32","date_gmt":"2020-04-20T12:13:32","guid":{"rendered":"https:\/\/agora.xtec.cat\/escola-monmany\/?page_id=1357"},"modified":"2025-10-24T09:03:36","modified_gmt":"2025-10-24T07:03:36","slug":"sortides-visites-escolars","status":"publish","type":"page","link":"https:\/\/agora.xtec.cat\/escola-monmany\/families\/aportacions-de-les-families\/sortides-visites-escolars\/","title":{"rendered":"Sortides\/Visites escolars"},"content":{"rendered":"<p style=\"text-align: center;\">Totes les activitats que l&#8217;escola realitza estan fonamentades en els criteris pedag\u00f2gics del Projecte Educatiu de Centre, aprovades pel Consell Escolar\u00a0 i sempre es realitzaran respectant com a m\u00ednim les r\u00e0tios recollides a les instruccions d\u2019inici de curs.<\/p>\n<p>A les fam\u00edlies en la reuni\u00f3 pedag\u00f2gica d&#8217;inici de curs se li far\u00e0 arribar per correu o en m\u00e0 la relaci\u00f3 d&#8217;activitats de cada curs.<\/p>\n","protected":false},"excerpt":{"rendered":"<p>Totes les activitats que l&#8217;escola realitza estan fonamentades en els criteris pedag\u00f2gics del Projecte Educatiu de Centre, aprovades pel Consell Escolar\u00a0 i sempre es realitzaran respectant com a m\u00ednim les r\u00e0tios recollides a les instruccions d\u2019inici de curs.<br \/>\nA les fam\u00edlies en la reuni\u00f3 pedag\u00f2gica d&#8217;inici&hellip;  <a href=\"https:\/\/agora.xtec.cat\/escola-monmany\/families\/aportacions-de-les-families\/sortides-visites-escolars\/\" title=\"Read Sortides\/Visites escolars\">Llegeix m\u00e9s\u00bb<\/a><\/p>\n","protected":false},"author":1,"featured_media":0,"parent":825,"menu_order":2,"comment_status":"closed","ping_status":"closed","template":"page-templates\/side-menu.php","meta":{"_bbp_topic_count":0,"_bbp_reply_count":0,"_bbp_total_topic_count":0,"_bbp_total_reply_count":0,"_bbp_voice_count":0,"_bbp_anonymous_reply_count":0,"_bbp_topic_count_hidden":0,"_bbp_reply_count_hidden":0,"_bbp_forum_subforum_count":0,"footnotes":""},"class_list":["post-1357","page","type-page","status-publish","hentry"],"post_mailing_queue_ids":[],"_links":{"self":[{"href":"https:\/\/agora.xtec.cat\/escola-monmany\/wp-json\/wp\/v2\/pages\/1357","targetHints":{"allow":["GET"]}}],"collection":[{"href":"https:\/\/agora.xtec.cat\/escola-monmany\/wp-json\/wp\/v2\/pages"}],"about":[{"href":"https:\/\/agora.xtec.cat\/escola-monmany\/wp-json\/wp\/v2\/types\/page"}],"author":[{"embeddable":true,"href":"https:\/\/agora.xtec.cat\/escola-monmany\/wp-json\/wp\/v2\/users\/1"}],"replies":[{"embeddable":true,"href":"https:\/\/agora.xtec.cat\/escola-monmany\/wp-json\/wp\/v2\/comments?post=1357"}],"version-history":[{"count":4,"href":"https:\/\/agora.xtec.cat\/escola-monmany\/wp-json\/wp\/v2\/pages\/1357\/revisions"}],"predecessor-version":[{"id":9637,"href":"https:\/\/agora.xtec.cat\/escola-monmany\/wp-json\/wp\/v2\/pages\/1357\/revisions\/9637"}],"up":[{"embeddable":true,"href":"https:\/\/agora.xtec.cat\/escola-monmany\/wp-json\/wp\/v2\/pages\/825"}],"wp:attachment":[{"href":"https:\/\/agora.xtec.cat\/escola-monmany\/wp-json\/wp\/v2\/media?parent=1357"}],"curies":[{"name":"wp","href":"https:\/\/api.w.org\/{rel}","templated":true}]}}