{"id":26,"date":"2014-09-18T12:24:32","date_gmt":"2014-09-18T12:24:32","guid":{"rendered":"http:\/\/agora.xtec.cat\/escola-mmm-tarrega\/?page_id=26"},"modified":"2015-11-19T15:34:07","modified_gmt":"2015-11-19T14:34:07","slug":"historia","status":"publish","type":"page","link":"https:\/\/agora.xtec.cat\/escola-mmm-tarrega\/lescola\/historia\/","title":{"rendered":"Hist\u00f2ria"},"content":{"rendered":"<p align=\"left\">L&#8217;escola Maria-Merc\u00e8 Mar\u00e7al \u00e9s una escola p\u00fablica que dep\u00e8n de la Generalitat de Catalunya ubicada a la zona sud-oest de T\u00e0rrega.<\/p>\n<p>Es va fundar el curs 2006-2007 i es va ubicar provisionalment a la Pla\u00e7a Centenari s\/n entre el restaurant Gat del Rosal i l&#8217;escola d&#8217;Arts i Oficis de T\u00e0rrega.<\/p>\n<p>L&#8217;escola rep el nom de Maria-Merc\u00e8 Mar\u00e7al per retre homenatge a aquesta escriptora catalana i propera a la nostra ciutat, i seguint la l\u00ednia dels diferents centres p\u00fablics de T\u00e0rrega que porten el nom d&#8217;escriptors.<\/p>\n<p>El setembre de 2010 s&#8217;inaugur\u00e0 l&#8217;escola nova ubicada al carrer Pau Casals,15.<\/p>\n","protected":false},"excerpt":{"rendered":"<p>L&#8217;escola Maria-Merc\u00e8 Mar\u00e7al \u00e9s una escola p\u00fablica que dep\u00e8n de la Generalitat de Catalunya ubicada a la zona sud-oest de T\u00e0rrega. Es va fundar el curs 2006-2007 i es va ubicar provisionalment a la Pla\u00e7a Centenari s\/n entre el restaurant Gat del Rosal i l&#8217;escola d&#8217;Arts i Oficis de T\u00e0rrega. L&#8217;escola rep el nom de [&hellip;]<\/p>\n","protected":false},"author":2,"featured_media":0,"parent":22,"menu_order":20,"comment_status":"closed","ping_status":"closed","template":"page-templates\/side-menu.php","meta":{"_bbp_topic_count":0,"_bbp_reply_count":0,"_bbp_total_topic_count":0,"_bbp_total_reply_count":0,"_bbp_voice_count":0,"_bbp_anonymous_reply_count":0,"_bbp_topic_count_hidden":0,"_bbp_reply_count_hidden":0,"_bbp_forum_subforum_count":0,"site-sidebar-layout":"default","site-content-layout":"","ast-site-content-layout":"","site-content-style":"default","site-sidebar-style":"default","ast-global-header-display":"","ast-banner-title-visibility":"","ast-main-header-display":"","ast-hfb-above-header-display":"","ast-hfb-below-header-display":"","ast-hfb-mobile-header-display":"","site-post-title":"","ast-breadcrumbs-content":"","ast-featured-img":"","footer-sml-layout":"","theme-transparent-header-meta":"","adv-header-id-meta":"","stick-header-meta":"","header-above-stick-meta":"","header-main-stick-meta":"","header-below-stick-meta":"","astra-migrate-meta-layouts":"default","ast-page-background-enabled":"default","ast-page-background-meta":{"desktop":{"background-color":"var(--ast-global-color-4)","background-image":"","background-repeat":"repeat","background-position":"center center","background-size":"auto","background-attachment":"scroll","background-type":"","background-media":"","overlay-type":"","overlay-color":"","overlay-opacity":"","overlay-gradient":""},"tablet":{"background-color":"","background-image":"","background-repeat":"repeat","background-position":"center center","background-size":"auto","background-attachment":"scroll","background-type":"","background-media":"","overlay-type":"","overlay-color":"","overlay-opacity":"","overlay-gradient":""},"mobile":{"background-color":"","background-image":"","background-repeat":"repeat","background-position":"center center","background-size":"auto","background-attachment":"scroll","background-type":"","background-media":"","overlay-type":"","overlay-color":"","overlay-opacity":"","overlay-gradient":""}},"ast-content-background-meta":{"desktop":{"background-color":"var(--ast-global-color-5)","background-image":"","background-repeat":"repeat","background-position":"center center","background-size":"auto","background-attachment":"scroll","background-type":"","background-media":"","overlay-type":"","overlay-color":"","overlay-opacity":"","overlay-gradient":""},"tablet":{"background-color":"var(--ast-global-color-5)","background-image":"","background-repeat":"repeat","background-position":"center center","background-size":"auto","background-attachment":"scroll","background-type":"","background-media":"","overlay-type":"","overlay-color":"","overlay-opacity":"","overlay-gradient":""},"mobile":{"background-color":"var(--ast-global-color-5)","background-image":"","background-repeat":"repeat","background-position":"center center","background-size":"auto","background-attachment":"scroll","background-type":"","background-media":"","overlay-type":"","overlay-color":"","overlay-opacity":"","overlay-gradient":""}},"footnotes":""},"class_list":["post-26","page","type-page","status-publish","hentry"],"post_mailing_queue_ids":[],"_links":{"self":[{"href":"https:\/\/agora.xtec.cat\/escola-mmm-tarrega\/wp-json\/wp\/v2\/pages\/26","targetHints":{"allow":["GET"]}}],"collection":[{"href":"https:\/\/agora.xtec.cat\/escola-mmm-tarrega\/wp-json\/wp\/v2\/pages"}],"about":[{"href":"https:\/\/agora.xtec.cat\/escola-mmm-tarrega\/wp-json\/wp\/v2\/types\/page"}],"author":[{"embeddable":true,"href":"https:\/\/agora.xtec.cat\/escola-mmm-tarrega\/wp-json\/wp\/v2\/users\/2"}],"replies":[{"embeddable":true,"href":"https:\/\/agora.xtec.cat\/escola-mmm-tarrega\/wp-json\/wp\/v2\/comments?post=26"}],"version-history":[{"count":3,"href":"https:\/\/agora.xtec.cat\/escola-mmm-tarrega\/wp-json\/wp\/v2\/pages\/26\/revisions"}],"predecessor-version":[{"id":367,"href":"https:\/\/agora.xtec.cat\/escola-mmm-tarrega\/wp-json\/wp\/v2\/pages\/26\/revisions\/367"}],"up":[{"embeddable":true,"href":"https:\/\/agora.xtec.cat\/escola-mmm-tarrega\/wp-json\/wp\/v2\/pages\/22"}],"wp:attachment":[{"href":"https:\/\/agora.xtec.cat\/escola-mmm-tarrega\/wp-json\/wp\/v2\/media?parent=26"}],"curies":[{"name":"wp","href":"https:\/\/api.w.org\/{rel}","templated":true}]}}