{"id":24,"date":"2014-09-18T12:23:15","date_gmt":"2014-09-18T12:23:15","guid":{"rendered":"http:\/\/agora.xtec.cat\/escola-mmm-tarrega\/?page_id=24"},"modified":"2015-11-16T18:39:08","modified_gmt":"2015-11-16T17:39:08","slug":"on-som","status":"publish","type":"page","link":"https:\/\/agora.xtec.cat\/escola-mmm-tarrega\/lescola\/on-som\/","title":{"rendered":"On som"},"content":{"rendered":"<p style=\"color: #666666;\"><strong>Escola Maria Merc\u00e8 Mar\u00e7al<\/strong><br \/>\nPau Casals, 15<br \/>\n25300 T\u00e0rrega<\/p>\n<p>Tel.\u00a0973 314 306<br \/>\nc5008790@xtec.cat<\/p>\n<p><iframe loading=\"lazy\" style=\"border: 0;\" src=\"https:\/\/www.google.com\/maps\/embed?pb=!1m18!1m12!1m3!1d2981.4550715311807!2d1.1302491150871736!3d41.645908787892!2m3!1f0!2f0!3f0!3m2!1i1024!2i768!4f13.1!3m3!1m2!1s0x12a699327a4a322b%3A0x5d4048fadf8d81a3!2sEscola+Public+Mar%C3%ADa+Merc%C3%A9+Mar%C3%A7al!5e0!3m2!1sca!2ses!4v1447093576888\" width=\"600\" height=\"450\" frameborder=\"0\" allowfullscreen=\"allowfullscreen\"><\/iframe><br \/>\n<strong>Com arribar-hi:<\/strong><\/p>\n<p>AUTOBUS<br \/>\nL\u00ednia Barcelona &#8211; T\u00e0rrega &#8211; Lleida<br \/>\nL\u00ednia Tarragona &#8211; T\u00e0rrega &#8211; Andorra<br \/>\nL\u00ednia Girona &#8211; T\u00e0rrega &#8211; Lleida<\/p>\n<p>TREN<br \/>\nL\u00ednia Barcelona &#8211; T\u00e0rrega &#8211; Lleida<br \/>\nL\u00ednia Madrid &#8211; Lleida &#8211; Barcelona AVE<\/p>\n<p>ADRECES D&#8217;UTILITAT<br \/>\nEstaci\u00f3 d\u2019autobusos<br \/>\nC\/ Migdia. T\u00e0rrega<br \/>\nTel. 973 311 171<\/p>\n<p>Estaci\u00f3 de ferrocarrils<br \/>\nC\/ Segle XX. T\u00e0rrega<\/p>\n<p>Parada de taxis<br \/>\nC\/ Alonso Mart\u00ednez. T\u00e0rrega<br \/>\nTel. 973 310 060<\/p>\n<p><strong><br \/>\n<\/strong><\/p>\n<p>&nbsp;<\/p>\n","protected":false},"excerpt":{"rendered":"<p>Escola Maria Merc\u00e8 Mar\u00e7al Pau Casals, 15 25300 T\u00e0rrega Tel.\u00a0973 314 306 c5008790@xtec.cat Com arribar-hi: AUTOBUS L\u00ednia Barcelona &#8211; T\u00e0rrega &#8211; Lleida L\u00ednia Tarragona &#8211; T\u00e0rrega &#8211; Andorra L\u00ednia Girona &#8211; T\u00e0rrega &#8211; Lleida TREN L\u00ednia Barcelona &#8211; T\u00e0rrega &#8211; Lleida L\u00ednia Madrid &#8211; Lleida &#8211; Barcelona AVE ADRECES D&#8217;UTILITAT Estaci\u00f3 d\u2019autobusos C\/ Migdia. T\u00e0rrega [&hellip;]<\/p>\n","protected":false},"author":2,"featured_media":0,"parent":22,"menu_order":10,"comment_status":"closed","ping_status":"closed","template":"page-templates\/side-menu.php","meta":{"_bbp_topic_count":0,"_bbp_reply_count":0,"_bbp_total_topic_count":0,"_bbp_total_reply_count":0,"_bbp_voice_count":0,"_bbp_anonymous_reply_count":0,"_bbp_topic_count_hidden":0,"_bbp_reply_count_hidden":0,"_bbp_forum_subforum_count":0,"site-sidebar-layout":"default","site-content-layout":"","ast-site-content-layout":"","site-content-style":"default","site-sidebar-style":"default","ast-global-header-display":"","ast-banner-title-visibility":"","ast-main-header-display":"","ast-hfb-above-header-display":"","ast-hfb-below-header-display":"","ast-hfb-mobile-header-display":"","site-post-title":"","ast-breadcrumbs-content":"","ast-featured-img":"","footer-sml-layout":"","theme-transparent-header-meta":"","adv-header-id-meta":"","stick-header-meta":"","header-above-stick-meta":"","header-main-stick-meta":"","header-below-stick-meta":"","astra-migrate-meta-layouts":"default","ast-page-background-enabled":"default","ast-page-background-meta":{"desktop":{"background-color":"var(--ast-global-color-4)","background-image":"","background-repeat":"repeat","background-position":"center center","background-size":"auto","background-attachment":"scroll","background-type":"","background-media":"","overlay-type":"","overlay-color":"","overlay-opacity":"","overlay-gradient":""},"tablet":{"background-color":"","background-image":"","background-repeat":"repeat","background-position":"center center","background-size":"auto","background-attachment":"scroll","background-type":"","background-media":"","overlay-type":"","overlay-color":"","overlay-opacity":"","overlay-gradient":""},"mobile":{"background-color":"","background-image":"","background-repeat":"repeat","background-position":"center center","background-size":"auto","background-attachment":"scroll","background-type":"","background-media":"","overlay-type":"","overlay-color":"","overlay-opacity":"","overlay-gradient":""}},"ast-content-background-meta":{"desktop":{"background-color":"var(--ast-global-color-5)","background-image":"","background-repeat":"repeat","background-position":"center center","background-size":"auto","background-attachment":"scroll","background-type":"","background-media":"","overlay-type":"","overlay-color":"","overlay-opacity":"","overlay-gradient":""},"tablet":{"background-color":"var(--ast-global-color-5)","background-image":"","background-repeat":"repeat","background-position":"center center","background-size":"auto","background-attachment":"scroll","background-type":"","background-media":"","overlay-type":"","overlay-color":"","overlay-opacity":"","overlay-gradient":""},"mobile":{"background-color":"var(--ast-global-color-5)","background-image":"","background-repeat":"repeat","background-position":"center center","background-size":"auto","background-attachment":"scroll","background-type":"","background-media":"","overlay-type":"","overlay-color":"","overlay-opacity":"","overlay-gradient":""}},"footnotes":""},"class_list":["post-24","page","type-page","status-publish","hentry"],"post_mailing_queue_ids":[],"_links":{"self":[{"href":"https:\/\/agora.xtec.cat\/escola-mmm-tarrega\/wp-json\/wp\/v2\/pages\/24","targetHints":{"allow":["GET"]}}],"collection":[{"href":"https:\/\/agora.xtec.cat\/escola-mmm-tarrega\/wp-json\/wp\/v2\/pages"}],"about":[{"href":"https:\/\/agora.xtec.cat\/escola-mmm-tarrega\/wp-json\/wp\/v2\/types\/page"}],"author":[{"embeddable":true,"href":"https:\/\/agora.xtec.cat\/escola-mmm-tarrega\/wp-json\/wp\/v2\/users\/2"}],"replies":[{"embeddable":true,"href":"https:\/\/agora.xtec.cat\/escola-mmm-tarrega\/wp-json\/wp\/v2\/comments?post=24"}],"version-history":[{"count":4,"href":"https:\/\/agora.xtec.cat\/escola-mmm-tarrega\/wp-json\/wp\/v2\/pages\/24\/revisions"}],"predecessor-version":[{"id":248,"href":"https:\/\/agora.xtec.cat\/escola-mmm-tarrega\/wp-json\/wp\/v2\/pages\/24\/revisions\/248"}],"up":[{"embeddable":true,"href":"https:\/\/agora.xtec.cat\/escola-mmm-tarrega\/wp-json\/wp\/v2\/pages\/22"}],"wp:attachment":[{"href":"https:\/\/agora.xtec.cat\/escola-mmm-tarrega\/wp-json\/wp\/v2\/media?parent=24"}],"curies":[{"name":"wp","href":"https:\/\/api.w.org\/{rel}","templated":true}]}}