{"id":73,"date":"2014-09-18T14:01:51","date_gmt":"2014-09-18T13:01:51","guid":{"rendered":"http:\/\/agora.xtec.cat\/escola-mmm-mataro\/?page_id=73"},"modified":"2025-11-04T15:19:47","modified_gmt":"2025-11-04T14:19:47","slug":"menjador-escolar","status":"publish","type":"page","link":"https:\/\/agora.xtec.cat\/escola-mmm-mataro\/serveis\/menjador-escolar\/","title":{"rendered":"Menjador escolar"},"content":{"rendered":"<h3>MENJADOR ESCOLAR \u2026. AMB CUINERA PR\u00d2PIA!!!<\/h3>\n<p>Per les fam\u00edlies que necessitin que els seus fills es quedin a dinar a l\u2019escola.<br \/>\nUna cuinera de Masia Bartr\u00e9s ens fa uns \u00e0pats exquisits per agafar forces despr\u00e9s d\u2019un llarg cam\u00ed de classes. Els tiquets tenen un cost de:<br \/>\n7,25\u20ac per a els alumnes fixos \u2013 un \u00fanic rebut mensual al tpv, no cal comprar ni validar tiquets.<br \/>\n7,90\u20ac per a els alumnes espor\u00e0dics \u2013 els tiquets s\u2019han d\u2019adquirir i validar a trav\u00e9s del sistema de gesti\u00f3 inform\u00e0tic tpv de l\u2019entrada de l\u2019escola, online o mitjan\u00e7ant l\u2019app tpvescola (des d\u2019on es realitzen les comunicacions i notificacions a fam\u00edlies), <strong>ABANS de les 9:15h del mateix dia<\/strong>.<\/p>\n<p>Si no voleu descarregar-vos l&#8217;aplicaci\u00f3 , podeu accedir als serveis a trav\u00e9s d&#8217;aquest link:<\/p>\n<p><a href=\"https:\/\/tpvescola.com\/\"><img loading=\"lazy\" decoding=\"async\" class=\"size-full wp-image-698 aligncenter\" src=\"http:\/\/agora.xtec.cat\/escola-mmm-mataro\/wp-content\/uploads\/usu1891\/2018\/09\/2-1.jpg\" alt=\"\" width=\"339\" height=\"93\" srcset=\"https:\/\/agora.xtec.cat\/escola-mmm-mataro\/wp-content\/uploads\/usu1891\/2018\/09\/2-1.jpg 339w, https:\/\/agora.xtec.cat\/escola-mmm-mataro\/wp-content\/uploads\/usu1891\/2018\/09\/2-1-300x82.jpg 300w\" sizes=\"auto, (max-width: 339px) 100vw, 339px\" \/><\/a><br \/>\n<span style=\"color: #000000; font-family: 'helvetica';\" data-blogger-escaped-original_font_attr=\"13px\" data-blogger-escaped-style=\"color: black; font-family: &quot;helvetica&quot;; font-size: 13px;\">Benvolgudes fam\u00edlies, <\/span><\/p>\n<div><span style=\"color: #000000; font-family: 'helvetica';\" data-blogger-escaped-original_font_attr=\"13px\" data-blogger-escaped-style=\"color: black; font-family: &quot;helvetica&quot;; font-size: 13px;\">Des de l&#8217;AFA i la comissi\u00f3 de menjador us fem arribar la Normativa de Menjador actualitzada per aquest curs.<\/span><\/div>\n<div>\n<div data-blogger-escaped-style=\"color: black; font-family: Helvetica; font-size: 13px;\"><\/div>\n<div data-blogger-escaped-style=\"color: black; font-family: Helvetica; font-size: 13px;\"><span style=\"font-family: inherit; font-size: 1em;\">La diferenciaci\u00f3 entre usuaris fixes i espor\u00e0dics ve donada per l&#8217;adequaci\u00f3 de la Resoluci\u00f3 del Departament d&#8217;Ensenyament de la Generalitat de Catalunya.<\/span><\/div>\n<div data-blogger-escaped-original_font_attr=\"13px\" data-blogger-escaped-original_line_height_attr=\"\" data-blogger-escaped-style=\"color: black; font-family: Helvetica; font-size: 13px;\">\n<p>L&#8217;objectiu de la comissi\u00f3 \u00e9s mantenir la qualitat del servei de l&#8217;atenci\u00f3 que es d\u00f3na als vostres fills; per aix\u00f2 veureu que hem millorat alguns aspectes relatius a la comunicaci\u00f3 i a la relaci\u00f3 amb les empreses que fan els serveis de cuina i monitoratge.<\/p>\n<\/div>\n<div data-blogger-escaped-original_font_attr=\"13px\" data-blogger-escaped-original_line_height_attr=\"\" data-blogger-escaped-style=\"color: black; font-family: Helvetica; font-size: 13px;\">\n<p>Us informem que de 8:45h a 9:15h sempre hi haur\u00e0 la coordinadora de menjador per ajudar-vos en qualsevol dubte.<\/p>\n<\/div>\n<div data-blogger-escaped-style=\"color: black; font-family: Helvetica; font-size: 13px;\"><\/div>\n<div data-blogger-escaped-original_font_attr=\"13px\" data-blogger-escaped-original_line_height_attr=\"\" data-blogger-escaped-style=\"color: black; font-family: Helvetica; font-size: 13px;\">\n<p>Bon curs 2025-2026<\/p>\n<\/div>\n<p style=\"text-align: center;\"><iframe loading=\"lazy\" src=\"https:\/\/drive.google.com\/file\/d\/156Z86gjoX56enTNZik6PRwrwsAj9zLPL\/preview\" width=\"640\" height=\"480\"><\/iframe><\/p>\n<p>&nbsp;<\/p>\n<p style=\"text-align: center;\"><iframe loading=\"lazy\" src=\"https:\/\/drive.google.com\/file\/d\/16pfU3aPuGDzXQAf7F8ZOPay4f6tJNCGp\/preview\" width=\"640\" height=\"480\"><\/iframe><\/p>\n<p>&nbsp;<\/p>\n<p><a href=\"https:\/\/drive.google.com\/file\/d\/1zHli4-FX3uot8pHDj254jG0ItCGj-af0\/view?usp=drive_link\">INFORME PRECE GENER DEL 2024<\/a><\/p>\n","protected":false},"excerpt":{"rendered":"<p>MENJADOR ESCOLAR \u2026. AMB CUINERA PR\u00d2PIA!!! Per les fam\u00edlies que necessitin que els seus fills es quedin a dinar a l\u2019escola. Una cuinera de Masia Bartr\u00e9s ens fa uns \u00e0pats exquisits per agafar forces despr\u00e9s d\u2019un llarg cam\u00ed de classes. Els tiquets tenen un cost de: 7,25\u20ac per a els alumnes fixos \u2013 un \u00fanic [&hellip;]<\/p>\n","protected":false},"author":1,"featured_media":0,"parent":66,"menu_order":30,"comment_status":"closed","ping_status":"closed","template":"","meta":{"_bbp_topic_count":0,"_bbp_reply_count":0,"_bbp_total_topic_count":0,"_bbp_total_reply_count":0,"_bbp_voice_count":0,"_bbp_anonymous_reply_count":0,"_bbp_topic_count_hidden":0,"_bbp_reply_count_hidden":0,"_bbp_forum_subforum_count":0,"site-sidebar-layout":"default","site-content-layout":"","ast-site-content-layout":"","site-content-style":"default","site-sidebar-style":"default","ast-global-header-display":"","ast-banner-title-visibility":"","ast-main-header-display":"","ast-hfb-above-header-display":"","ast-hfb-below-header-display":"","ast-hfb-mobile-header-display":"","site-post-title":"","ast-breadcrumbs-content":"","ast-featured-img":"","footer-sml-layout":"","theme-transparent-header-meta":"","adv-header-id-meta":"","stick-header-meta":"","header-above-stick-meta":"","header-main-stick-meta":"","header-below-stick-meta":"","astra-migrate-meta-layouts":"default","ast-page-background-enabled":"default","ast-page-background-meta":{"desktop":{"background-color":"var(--ast-global-color-4)","background-image":"","background-repeat":"repeat","background-position":"center center","background-size":"auto","background-attachment":"scroll","background-type":"","background-media":"","overlay-type":"","overlay-color":"","overlay-opacity":"","overlay-gradient":""},"tablet":{"background-color":"","background-image":"","background-repeat":"repeat","background-position":"center center","background-size":"auto","background-attachment":"scroll","background-type":"","background-media":"","overlay-type":"","overlay-color":"","overlay-opacity":"","overlay-gradient":""},"mobile":{"background-color":"","background-image":"","background-repeat":"repeat","background-position":"center center","background-size":"auto","background-attachment":"scroll","background-type":"","background-media":"","overlay-type":"","overlay-color":"","overlay-opacity":"","overlay-gradient":""}},"ast-content-background-meta":{"desktop":{"background-color":"var(--ast-global-color-5)","background-image":"","background-repeat":"repeat","background-position":"center center","background-size":"auto","background-attachment":"scroll","background-type":"","background-media":"","overlay-type":"","overlay-color":"","overlay-opacity":"","overlay-gradient":""},"tablet":{"background-color":"var(--ast-global-color-5)","background-image":"","background-repeat":"repeat","background-position":"center center","background-size":"auto","background-attachment":"scroll","background-type":"","background-media":"","overlay-type":"","overlay-color":"","overlay-opacity":"","overlay-gradient":""},"mobile":{"background-color":"var(--ast-global-color-5)","background-image":"","background-repeat":"repeat","background-position":"center center","background-size":"auto","background-attachment":"scroll","background-type":"","background-media":"","overlay-type":"","overlay-color":"","overlay-opacity":"","overlay-gradient":""}},"footnotes":""},"class_list":["post-73","page","type-page","status-publish","hentry"],"post_mailing_queue_ids":[],"_links":{"self":[{"href":"https:\/\/agora.xtec.cat\/escola-mmm-mataro\/wp-json\/wp\/v2\/pages\/73","targetHints":{"allow":["GET"]}}],"collection":[{"href":"https:\/\/agora.xtec.cat\/escola-mmm-mataro\/wp-json\/wp\/v2\/pages"}],"about":[{"href":"https:\/\/agora.xtec.cat\/escola-mmm-mataro\/wp-json\/wp\/v2\/types\/page"}],"author":[{"embeddable":true,"href":"https:\/\/agora.xtec.cat\/escola-mmm-mataro\/wp-json\/wp\/v2\/users\/1"}],"replies":[{"embeddable":true,"href":"https:\/\/agora.xtec.cat\/escola-mmm-mataro\/wp-json\/wp\/v2\/comments?post=73"}],"version-history":[{"count":5,"href":"https:\/\/agora.xtec.cat\/escola-mmm-mataro\/wp-json\/wp\/v2\/pages\/73\/revisions"}],"predecessor-version":[{"id":6484,"href":"https:\/\/agora.xtec.cat\/escola-mmm-mataro\/wp-json\/wp\/v2\/pages\/73\/revisions\/6484"}],"up":[{"embeddable":true,"href":"https:\/\/agora.xtec.cat\/escola-mmm-mataro\/wp-json\/wp\/v2\/pages\/66"}],"wp:attachment":[{"href":"https:\/\/agora.xtec.cat\/escola-mmm-mataro\/wp-json\/wp\/v2\/media?parent=73"}],"curies":[{"name":"wp","href":"https:\/\/api.w.org\/{rel}","templated":true}]}}