{"id":601,"date":"2018-09-17T20:41:21","date_gmt":"2018-09-17T18:41:21","guid":{"rendered":"http:\/\/agora.xtec.cat\/escola-mmm-mataro\/?page_id=601"},"modified":"2024-09-11T20:40:34","modified_gmt":"2024-09-11T18:40:34","slug":"qui-som","status":"publish","type":"page","link":"https:\/\/agora.xtec.cat\/escola-mmm-mataro\/lescola\/qui-som\/","title":{"rendered":"Qui som?"},"content":{"rendered":"<p>&nbsp;<\/p>\n<p><a href=\"https:\/\/agora.xtec.cat\/escola-mmm-mataro\/wp-content\/uploads\/usu1891\/2024\/09\/CLAUSTRE-24-25.jpeg\"><img loading=\"lazy\" decoding=\"async\" class=\"alignnone size-large wp-image-6093\" src=\"https:\/\/agora.xtec.cat\/escola-mmm-mataro\/wp-content\/uploads\/usu1891\/2024\/09\/CLAUSTRE-24-25-1024x482.jpeg\" alt=\"\" width=\"1024\" height=\"482\" srcset=\"https:\/\/agora.xtec.cat\/escola-mmm-mataro\/wp-content\/uploads\/usu1891\/2024\/09\/CLAUSTRE-24-25-1024x482.jpeg 1024w, https:\/\/agora.xtec.cat\/escola-mmm-mataro\/wp-content\/uploads\/usu1891\/2024\/09\/CLAUSTRE-24-25-300x141.jpeg 300w, https:\/\/agora.xtec.cat\/escola-mmm-mataro\/wp-content\/uploads\/usu1891\/2024\/09\/CLAUSTRE-24-25-768x361.jpeg 768w, https:\/\/agora.xtec.cat\/escola-mmm-mataro\/wp-content\/uploads\/usu1891\/2024\/09\/CLAUSTRE-24-25.jpeg 1273w\" sizes=\"auto, (max-width: 1024px) 100vw, 1024px\" \/><\/a><\/p>\n<p>Com a escola p\u00fablica ens caracteritzem per ser una escola inclusiva catalana i els nostres valors fan refer\u00e8ncia a la conviv\u00e8ncia i la democr\u00e0cia.<\/p>\n<p>Treballem de manera competencial segons indica el curr\u00edculum vigent i per la convicci\u00f3 dels avantatges que aquest tipus de l\u00ednia proporciona a l\u2019aprenentatge dels infants.<\/p>\n<p>A l\u2019Educaci\u00f3 Infantil i Prim\u00e0ria es treballa la millora de les capacitats, potenciant-les\u00a0 per tal d\u2019aconseguir unes compet\u00e8ncies que han d\u2019estar plenament desenvolupades en acabar l\u2019Educaci\u00f3 Secund\u00e0ria Obligat\u00f2ria.<\/p>\n<p>Per assolir aquests objectius apliquem un ampli ventall d\u2019estrat\u00e8gies i din\u00e0miques de treball sota un enfocament constructivista i social de l\u2019aprenentatge. L&#8217;alumnat apr\u00e8n a partir de la seva pr\u00f2pia experi\u00e8ncia i gr\u00e0cies al contacte amb altres infants i adults. A l\u2019escola els proporcionem situacions d\u2019aprenentatge que els aportin noves experi\u00e8ncies i el contacte amb materials i activitats potents.<\/p>\n<p>&nbsp;<\/p>\n","protected":false},"excerpt":{"rendered":"<p>&nbsp; Com a escola p\u00fablica ens caracteritzem per ser una escola inclusiva catalana i els nostres valors fan refer\u00e8ncia a la conviv\u00e8ncia i la democr\u00e0cia. Treballem de manera competencial segons indica el curr\u00edculum vigent i per la convicci\u00f3 dels avantatges que aquest tipus de l\u00ednia proporciona a l\u2019aprenentatge dels infants. A l\u2019Educaci\u00f3 Infantil i Prim\u00e0ria [&hellip;]<\/p>\n","protected":false},"author":1,"featured_media":0,"parent":22,"menu_order":0,"comment_status":"closed","ping_status":"closed","template":"","meta":{"_bbp_topic_count":0,"_bbp_reply_count":0,"_bbp_total_topic_count":0,"_bbp_total_reply_count":0,"_bbp_voice_count":0,"_bbp_anonymous_reply_count":0,"_bbp_topic_count_hidden":0,"_bbp_reply_count_hidden":0,"_bbp_forum_subforum_count":0,"site-sidebar-layout":"default","site-content-layout":"","ast-site-content-layout":"","site-content-style":"default","site-sidebar-style":"default","ast-global-header-display":"","ast-banner-title-visibility":"","ast-main-header-display":"","ast-hfb-above-header-display":"","ast-hfb-below-header-display":"","ast-hfb-mobile-header-display":"","site-post-title":"","ast-breadcrumbs-content":"","ast-featured-img":"","footer-sml-layout":"","theme-transparent-header-meta":"","adv-header-id-meta":"","stick-header-meta":"","header-above-stick-meta":"","header-main-stick-meta":"","header-below-stick-meta":"","astra-migrate-meta-layouts":"default","ast-page-background-enabled":"default","ast-page-background-meta":{"desktop":{"background-color":"var(--ast-global-color-4)","background-image":"","background-repeat":"repeat","background-position":"center center","background-size":"auto","background-attachment":"scroll","background-type":"","background-media":"","overlay-type":"","overlay-color":"","overlay-opacity":"","overlay-gradient":""},"tablet":{"background-color":"","background-image":"","background-repeat":"repeat","background-position":"center center","background-size":"auto","background-attachment":"scroll","background-type":"","background-media":"","overlay-type":"","overlay-color":"","overlay-opacity":"","overlay-gradient":""},"mobile":{"background-color":"","background-image":"","background-repeat":"repeat","background-position":"center center","background-size":"auto","background-attachment":"scroll","background-type":"","background-media":"","overlay-type":"","overlay-color":"","overlay-opacity":"","overlay-gradient":""}},"ast-content-background-meta":{"desktop":{"background-color":"var(--ast-global-color-5)","background-image":"","background-repeat":"repeat","background-position":"center center","background-size":"auto","background-attachment":"scroll","background-type":"","background-media":"","overlay-type":"","overlay-color":"","overlay-opacity":"","overlay-gradient":""},"tablet":{"background-color":"var(--ast-global-color-5)","background-image":"","background-repeat":"repeat","background-position":"center center","background-size":"auto","background-attachment":"scroll","background-type":"","background-media":"","overlay-type":"","overlay-color":"","overlay-opacity":"","overlay-gradient":""},"mobile":{"background-color":"var(--ast-global-color-5)","background-image":"","background-repeat":"repeat","background-position":"center center","background-size":"auto","background-attachment":"scroll","background-type":"","background-media":"","overlay-type":"","overlay-color":"","overlay-opacity":"","overlay-gradient":""}},"footnotes":""},"class_list":["post-601","page","type-page","status-publish","hentry"],"post_mailing_queue_ids":[],"_links":{"self":[{"href":"https:\/\/agora.xtec.cat\/escola-mmm-mataro\/wp-json\/wp\/v2\/pages\/601","targetHints":{"allow":["GET"]}}],"collection":[{"href":"https:\/\/agora.xtec.cat\/escola-mmm-mataro\/wp-json\/wp\/v2\/pages"}],"about":[{"href":"https:\/\/agora.xtec.cat\/escola-mmm-mataro\/wp-json\/wp\/v2\/types\/page"}],"author":[{"embeddable":true,"href":"https:\/\/agora.xtec.cat\/escola-mmm-mataro\/wp-json\/wp\/v2\/users\/1"}],"replies":[{"embeddable":true,"href":"https:\/\/agora.xtec.cat\/escola-mmm-mataro\/wp-json\/wp\/v2\/comments?post=601"}],"version-history":[{"count":7,"href":"https:\/\/agora.xtec.cat\/escola-mmm-mataro\/wp-json\/wp\/v2\/pages\/601\/revisions"}],"predecessor-version":[{"id":6095,"href":"https:\/\/agora.xtec.cat\/escola-mmm-mataro\/wp-json\/wp\/v2\/pages\/601\/revisions\/6095"}],"up":[{"embeddable":true,"href":"https:\/\/agora.xtec.cat\/escola-mmm-mataro\/wp-json\/wp\/v2\/pages\/22"}],"wp:attachment":[{"href":"https:\/\/agora.xtec.cat\/escola-mmm-mataro\/wp-json\/wp\/v2\/media?parent=601"}],"curies":[{"name":"wp","href":"https:\/\/api.w.org\/{rel}","templated":true}]}}