{"id":26,"date":"2014-09-18T12:24:32","date_gmt":"2014-09-18T11:24:32","guid":{"rendered":"http:\/\/agora.xtec.cat\/escola-mmm-mataro\/?page_id=26"},"modified":"2025-09-08T12:57:54","modified_gmt":"2025-09-08T10:57:54","slug":"historia","status":"publish","type":"page","link":"https:\/\/agora.xtec.cat\/escola-mmm-mataro\/lescola\/historia\/","title":{"rendered":"Hist\u00f2ria"},"content":{"rendered":"<p>L&#8217;escola rep el nom de l&#8217;escriptora <strong>Maria-Merc\u00e8 Mar\u00e7al<\/strong><b> i Serra <\/b>que va ser poeta, catedr\u00e0tica de l&#8217;Institut de Catal\u00e0, narradora, editora i traductora catalan<a href=\"https:\/\/ca.wikipedia.org\/wiki\/Maria_Merc%C3%A8_Mar%C3%A7al_i_Serra\"><img loading=\"lazy\" decoding=\"async\" class=\"alignleft wp-image-572\" src=\"http:\/\/agora.xtec.cat\/escola-mmm-mataro\/wp-content\/uploads\/usu1891\/2018\/09\/Maria-Merc\u00e8-Mar\u00e7al.jpg\" alt=\"\" width=\"180\" height=\"218\" srcset=\"https:\/\/agora.xtec.cat\/escola-mmm-mataro\/wp-content\/uploads\/usu1891\/2018\/09\/Maria-Merc\u00e8-Mar\u00e7al.jpg 768w, https:\/\/agora.xtec.cat\/escola-mmm-mataro\/wp-content\/uploads\/usu1891\/2018\/09\/Maria-Merc\u00e8-Mar\u00e7al-248x300.jpg 248w\" sizes=\"auto, (max-width: 180px) 100vw, 180px\" \/><\/a>a. Tamb\u00e9 va ser activista pol\u00edtica, cultural i feminista.<\/p>\n<p>L&#8217;<strong>escola neix l&#8217;any 2006<\/strong>, amb l\u2019edifici definitiu encara per construir. S&#8217;inicia el curs 2006-2007 amb dues classes de P3 instal\u00b7lades en barracons i no \u00e9s fins <strong>el curs 2009-2010 que s&#8217;inaugura l&#8217;actual edifici<\/strong>. A mesura que van passant els cursos, l&#8217;escola creix fins arribar a completar tots els nivells, d&#8217;I3 a 6\u00e8.<\/p>\n<p>La primera promoci\u00f3 que va sortir cap a l&#8217;Institut ho fa al final del curs 2013-2014.<\/p>\n<p>Durant el curs 2016-2017 es van dur a terme un seguit d&#8217;actes per celebrar els 10 anys d&#8217;escola.<\/p>\n<p>Actualment el centre compta amb una plantilla for\u00e7a estable que ha fet seu el projecte d&#8217;escola. La l\u00ednia del temps relacionada amb les festes tradicionals catalanes i mataronines forma l&#8217;estructura fonamental en la que s&#8217;articula l&#8217;any escolar. Les festes, la m\u00fasica, el teatre, les matem\u00e0tiques manipulatives, el treball experimental, l&#8217;angl\u00e8s, el treball cooperatiu s\u00f3n alguns dels nostres punts forts a nivell curricular.<\/p>\n<p>La hist\u00f2ria de l&#8217;escola s&#8217;escriu dia a dia: La nostra ha quedat reflectida en els records dels nostres alumnes, en els de les fam\u00edlies que han fet confian\u00e7a en el projecte, i d&#8217;una forma m\u00e9s visual en la web que visites.<\/p>\n<p>Un convidem a fer una ullada per la nostra hist\u00f2ria!<\/p>\n<p>&nbsp;<\/p>\n<p>&nbsp;<\/p>\n<p>&nbsp;<\/p>\n<p>&nbsp;<\/p>\n","protected":false},"excerpt":{"rendered":"<p>L&#8217;escola rep el nom de l&#8217;escriptora Maria-Merc\u00e8 Mar\u00e7al i Serra que va ser poeta, catedr\u00e0tica de l&#8217;Institut de Catal\u00e0, narradora, editora i traductora catalana. Tamb\u00e9 va ser activista pol\u00edtica, cultural i feminista. L&#8217;escola neix l&#8217;any 2006, amb l\u2019edifici definitiu encara per construir. S&#8217;inicia el curs 2006-2007 amb dues classes de P3 instal\u00b7lades en barracons i [&hellip;]<\/p>\n","protected":false},"author":1,"featured_media":0,"parent":22,"menu_order":20,"comment_status":"closed","ping_status":"closed","template":"page-templates\/side-menu.php","meta":{"_bbp_topic_count":0,"_bbp_reply_count":0,"_bbp_total_topic_count":0,"_bbp_total_reply_count":0,"_bbp_voice_count":0,"_bbp_anonymous_reply_count":0,"_bbp_topic_count_hidden":0,"_bbp_reply_count_hidden":0,"_bbp_forum_subforum_count":0,"site-sidebar-layout":"default","site-content-layout":"","ast-site-content-layout":"","site-content-style":"default","site-sidebar-style":"default","ast-global-header-display":"","ast-banner-title-visibility":"","ast-main-header-display":"","ast-hfb-above-header-display":"","ast-hfb-below-header-display":"","ast-hfb-mobile-header-display":"","site-post-title":"","ast-breadcrumbs-content":"","ast-featured-img":"","footer-sml-layout":"","theme-transparent-header-meta":"","adv-header-id-meta":"","stick-header-meta":"","header-above-stick-meta":"","header-main-stick-meta":"","header-below-stick-meta":"","astra-migrate-meta-layouts":"default","ast-page-background-enabled":"default","ast-page-background-meta":{"desktop":{"background-color":"var(--ast-global-color-4)","background-image":"","background-repeat":"repeat","background-position":"center center","background-size":"auto","background-attachment":"scroll","background-type":"","background-media":"","overlay-type":"","overlay-color":"","overlay-opacity":"","overlay-gradient":""},"tablet":{"background-color":"","background-image":"","background-repeat":"repeat","background-position":"center center","background-size":"auto","background-attachment":"scroll","background-type":"","background-media":"","overlay-type":"","overlay-color":"","overlay-opacity":"","overlay-gradient":""},"mobile":{"background-color":"","background-image":"","background-repeat":"repeat","background-position":"center center","background-size":"auto","background-attachment":"scroll","background-type":"","background-media":"","overlay-type":"","overlay-color":"","overlay-opacity":"","overlay-gradient":""}},"ast-content-background-meta":{"desktop":{"background-color":"var(--ast-global-color-5)","background-image":"","background-repeat":"repeat","background-position":"center center","background-size":"auto","background-attachment":"scroll","background-type":"","background-media":"","overlay-type":"","overlay-color":"","overlay-opacity":"","overlay-gradient":""},"tablet":{"background-color":"var(--ast-global-color-5)","background-image":"","background-repeat":"repeat","background-position":"center center","background-size":"auto","background-attachment":"scroll","background-type":"","background-media":"","overlay-type":"","overlay-color":"","overlay-opacity":"","overlay-gradient":""},"mobile":{"background-color":"var(--ast-global-color-5)","background-image":"","background-repeat":"repeat","background-position":"center center","background-size":"auto","background-attachment":"scroll","background-type":"","background-media":"","overlay-type":"","overlay-color":"","overlay-opacity":"","overlay-gradient":""}},"footnotes":""},"class_list":["post-26","page","type-page","status-publish","hentry"],"post_mailing_queue_ids":[],"_links":{"self":[{"href":"https:\/\/agora.xtec.cat\/escola-mmm-mataro\/wp-json\/wp\/v2\/pages\/26","targetHints":{"allow":["GET"]}}],"collection":[{"href":"https:\/\/agora.xtec.cat\/escola-mmm-mataro\/wp-json\/wp\/v2\/pages"}],"about":[{"href":"https:\/\/agora.xtec.cat\/escola-mmm-mataro\/wp-json\/wp\/v2\/types\/page"}],"author":[{"embeddable":true,"href":"https:\/\/agora.xtec.cat\/escola-mmm-mataro\/wp-json\/wp\/v2\/users\/1"}],"replies":[{"embeddable":true,"href":"https:\/\/agora.xtec.cat\/escola-mmm-mataro\/wp-json\/wp\/v2\/comments?post=26"}],"version-history":[{"count":5,"href":"https:\/\/agora.xtec.cat\/escola-mmm-mataro\/wp-json\/wp\/v2\/pages\/26\/revisions"}],"predecessor-version":[{"id":6466,"href":"https:\/\/agora.xtec.cat\/escola-mmm-mataro\/wp-json\/wp\/v2\/pages\/26\/revisions\/6466"}],"up":[{"embeddable":true,"href":"https:\/\/agora.xtec.cat\/escola-mmm-mataro\/wp-json\/wp\/v2\/pages\/22"}],"wp:attachment":[{"href":"https:\/\/agora.xtec.cat\/escola-mmm-mataro\/wp-json\/wp\/v2\/media?parent=26"}],"curies":[{"name":"wp","href":"https:\/\/api.w.org\/{rel}","templated":true}]}}