{"id":24,"date":"2014-09-18T12:23:15","date_gmt":"2014-09-18T11:23:15","guid":{"rendered":"http:\/\/agora.xtec.cat\/escola-mmm-mataro\/?page_id=24"},"modified":"2018-09-08T23:30:49","modified_gmt":"2018-09-08T21:30:49","slug":"on-som","status":"publish","type":"page","link":"https:\/\/agora.xtec.cat\/escola-mmm-mataro\/lescola\/on-som\/","title":{"rendered":"On som"},"content":{"rendered":"<p style=\"color: #666666;\"><strong>Escola Maria Merc\u00e8 Mar\u00e7al<\/strong><br \/>\nRiera Figuera Major 60<br \/>\n08304 Matar\u00f3<\/p>\n<p><strong>Tel. 93 .741 57 46<\/strong><br \/>\n<a href=\"mailto:a8064994@xtec.cat\" target=\"_blank\" rel=\"noopener\">a8064994@xtec.cat<\/a><\/p>\n<p><iframe loading=\"lazy\" style=\"border: 0;\" src=\"https:\/\/www.google.com\/maps\/embed?pb=!1m14!1m8!1m3!1d11942.970095942064!2d2.4416149!3d41.5531718!3m2!1i1024!2i768!4f13.1!3m3!1m2!1s0x0%3A0xdbfe8fd7209c59ee!2sEscola+Maria+Merc%C3%A8+Mar%C3%A7al!5e0!3m2!1ses!2ses!4v1535992119326\" width=\"600\" height=\"450\" frameborder=\"0\" allowfullscreen=\"allowfullscreen\"><\/iframe><br \/>\n<strong>COM ARRIBAR?<\/strong><\/p>\n<p><strong>Transport p\u00fablic:<\/strong><\/p>\n<p><strong>Tren<\/strong>: Estaci\u00f3 Matar\u00f3 R1 Rodalies<\/p>\n<p><strong>Bus<\/strong>: l\u00ednia 3: Parades Cam\u00ed de la Serra \/ Joan Oliver\/ Sant Oleguer<\/p>\n<p>l\u00ednies:1,2 4, 6: Parada Sant Oleguer.<\/p>\n<p><strong>Cotxe<\/strong>: Autopista, sortida Matar\u00f3 O<\/p>\n","protected":false},"excerpt":{"rendered":"<p>Escola Maria Merc\u00e8 Mar\u00e7al Riera Figuera Major 60 08304 Matar\u00f3 Tel. 93 .741 57 46 a8064994@xtec.cat COM ARRIBAR? Transport p\u00fablic: Tren: Estaci\u00f3 Matar\u00f3 R1 Rodalies Bus: l\u00ednia 3: Parades Cam\u00ed de la Serra \/ Joan Oliver\/ Sant Oleguer l\u00ednies:1,2 4, 6: Parada Sant Oleguer. Cotxe: Autopista, sortida Matar\u00f3 O<\/p>\n","protected":false},"author":1,"featured_media":0,"parent":22,"menu_order":10,"comment_status":"closed","ping_status":"closed","template":"page-templates\/side-menu.php","meta":{"_bbp_topic_count":0,"_bbp_reply_count":0,"_bbp_total_topic_count":0,"_bbp_total_reply_count":0,"_bbp_voice_count":0,"_bbp_anonymous_reply_count":0,"_bbp_topic_count_hidden":0,"_bbp_reply_count_hidden":0,"_bbp_forum_subforum_count":0,"site-sidebar-layout":"default","site-content-layout":"","ast-site-content-layout":"","site-content-style":"default","site-sidebar-style":"default","ast-global-header-display":"","ast-banner-title-visibility":"","ast-main-header-display":"","ast-hfb-above-header-display":"","ast-hfb-below-header-display":"","ast-hfb-mobile-header-display":"","site-post-title":"","ast-breadcrumbs-content":"","ast-featured-img":"","footer-sml-layout":"","theme-transparent-header-meta":"","adv-header-id-meta":"","stick-header-meta":"","header-above-stick-meta":"","header-main-stick-meta":"","header-below-stick-meta":"","astra-migrate-meta-layouts":"default","ast-page-background-enabled":"default","ast-page-background-meta":{"desktop":{"background-color":"var(--ast-global-color-4)","background-image":"","background-repeat":"repeat","background-position":"center center","background-size":"auto","background-attachment":"scroll","background-type":"","background-media":"","overlay-type":"","overlay-color":"","overlay-opacity":"","overlay-gradient":""},"tablet":{"background-color":"","background-image":"","background-repeat":"repeat","background-position":"center center","background-size":"auto","background-attachment":"scroll","background-type":"","background-media":"","overlay-type":"","overlay-color":"","overlay-opacity":"","overlay-gradient":""},"mobile":{"background-color":"","background-image":"","background-repeat":"repeat","background-position":"center center","background-size":"auto","background-attachment":"scroll","background-type":"","background-media":"","overlay-type":"","overlay-color":"","overlay-opacity":"","overlay-gradient":""}},"ast-content-background-meta":{"desktop":{"background-color":"var(--ast-global-color-5)","background-image":"","background-repeat":"repeat","background-position":"center center","background-size":"auto","background-attachment":"scroll","background-type":"","background-media":"","overlay-type":"","overlay-color":"","overlay-opacity":"","overlay-gradient":""},"tablet":{"background-color":"var(--ast-global-color-5)","background-image":"","background-repeat":"repeat","background-position":"center center","background-size":"auto","background-attachment":"scroll","background-type":"","background-media":"","overlay-type":"","overlay-color":"","overlay-opacity":"","overlay-gradient":""},"mobile":{"background-color":"var(--ast-global-color-5)","background-image":"","background-repeat":"repeat","background-position":"center center","background-size":"auto","background-attachment":"scroll","background-type":"","background-media":"","overlay-type":"","overlay-color":"","overlay-opacity":"","overlay-gradient":""}},"footnotes":""},"class_list":["post-24","page","type-page","status-publish","hentry"],"post_mailing_queue_ids":[],"_links":{"self":[{"href":"https:\/\/agora.xtec.cat\/escola-mmm-mataro\/wp-json\/wp\/v2\/pages\/24","targetHints":{"allow":["GET"]}}],"collection":[{"href":"https:\/\/agora.xtec.cat\/escola-mmm-mataro\/wp-json\/wp\/v2\/pages"}],"about":[{"href":"https:\/\/agora.xtec.cat\/escola-mmm-mataro\/wp-json\/wp\/v2\/types\/page"}],"author":[{"embeddable":true,"href":"https:\/\/agora.xtec.cat\/escola-mmm-mataro\/wp-json\/wp\/v2\/users\/1"}],"replies":[{"embeddable":true,"href":"https:\/\/agora.xtec.cat\/escola-mmm-mataro\/wp-json\/wp\/v2\/comments?post=24"}],"version-history":[{"count":3,"href":"https:\/\/agora.xtec.cat\/escola-mmm-mataro\/wp-json\/wp\/v2\/pages\/24\/revisions"}],"predecessor-version":[{"id":570,"href":"https:\/\/agora.xtec.cat\/escola-mmm-mataro\/wp-json\/wp\/v2\/pages\/24\/revisions\/570"}],"up":[{"embeddable":true,"href":"https:\/\/agora.xtec.cat\/escola-mmm-mataro\/wp-json\/wp\/v2\/pages\/22"}],"wp:attachment":[{"href":"https:\/\/agora.xtec.cat\/escola-mmm-mataro\/wp-json\/wp\/v2\/media?parent=24"}],"curies":[{"name":"wp","href":"https:\/\/api.w.org\/{rel}","templated":true}]}}