{"id":2044,"date":"2020-01-29T08:48:06","date_gmt":"2020-01-29T07:48:06","guid":{"rendered":"http:\/\/agora.xtec.cat\/escola-mmm-mataro\/?page_id=2044"},"modified":"2024-01-25T13:43:25","modified_gmt":"2024-01-25T12:43:25","slug":"gestio-economica","status":"publish","type":"page","link":"https:\/\/agora.xtec.cat\/escola-mmm-mataro\/material-escolar\/gestio-economica\/","title":{"rendered":"GESTI\u00d3 ECON\u00d2MICA"},"content":{"rendered":"<p style=\"text-align: justify;\">Un centre educatiu \u00e9s un ens p\u00fablic i, com a tal, s&#8217;ha de gestionar d&#8217;acord amb els principis de transpar\u00e8ncia, fiabilitat i control social. La transpar\u00e8ncia i la fiabilitat es poden assegurar amb l&#8217;\u00fas d&#8217;eines com el pressupost i la comptabilitat. El control social s&#8217;estableix en el consell escolar del centre, \u00f2rgan col\u00b7legiat de participaci\u00f3 en el govern del centre, el qual s\u2019ha de consultar de manera preceptiva i que manifesta el suport per majoria simple al pressupost que presenta i aprova el director o directora. El pressupost s&#8217;ha d&#8217;entendre com a eina de refer\u00e8ncia que facilita la planificaci\u00f3, la previsi\u00f3 i el seguiment d&#8217;ingressos i despeses. En cap cas no s&#8217;ha de considerar un pur formulisme de la gesti\u00f3 econ\u00f2mica. La comptabilitat no nom\u00e9s ha de ser all\u00f2 que exigeix la normativa, sin\u00f3 tamb\u00e9 una eina de control i ajuda al seguiment pressupostari.<\/p>\n<p style=\"text-align: justify;\">En aquest apartat publiquem els pressupostos per l&#8217;any en curs i les quotes que es paguen per les diferents activitats que es duen a terme.<\/p>\n<p><a href=\"https:\/\/drive.google.com\/file\/d\/1mr15yH4xzlFR2kLncIuOTzS7zRC738ZV\/view?usp=drive_link\">PRESSUPOST ANY 2024<\/a><\/p>\n<p><a href=\"https:\/\/drive.google.com\/file\/d\/11F2Oa7uK0QJ0Iuz1Iq_HN-J88KP3QiWJ\/view?usp=sharing\">PREUS DE LES SORTIDES<\/a><\/p>\n<p><a href=\"https:\/\/drive.google.com\/file\/d\/1QpgQK64t1DioltRB1FJbfdPlKzmzs5Ks\/view?usp=sharing\">PREUS DEL MATERIAL<\/a><\/p>\n<p><a href=\"https:\/\/drive.google.com\/file\/d\/1PW725DriGN_bUYJzKi3g7PmiJLAePjGV\/view?usp=share_link\">NORMATIVA ECON\u00d2MICA<\/a><\/p>\n","protected":false},"excerpt":{"rendered":"<p>Un centre educatiu \u00e9s un ens p\u00fablic i, com a tal, s&#8217;ha de gestionar d&#8217;acord amb els principis de transpar\u00e8ncia, fiabilitat i control social. La transpar\u00e8ncia i la fiabilitat es poden assegurar amb l&#8217;\u00fas d&#8217;eines com el pressupost i la comptabilitat. El control social s&#8217;estableix en el consell escolar del centre, \u00f2rgan col\u00b7legiat de participaci\u00f3 [&hellip;]<\/p>\n","protected":false},"author":1,"featured_media":0,"parent":36,"menu_order":3,"comment_status":"closed","ping_status":"closed","template":"","meta":{"_bbp_topic_count":0,"_bbp_reply_count":0,"_bbp_total_topic_count":0,"_bbp_total_reply_count":0,"_bbp_voice_count":0,"_bbp_anonymous_reply_count":0,"_bbp_topic_count_hidden":0,"_bbp_reply_count_hidden":0,"_bbp_forum_subforum_count":0,"site-sidebar-layout":"default","site-content-layout":"","ast-site-content-layout":"","site-content-style":"default","site-sidebar-style":"default","ast-global-header-display":"","ast-banner-title-visibility":"","ast-main-header-display":"","ast-hfb-above-header-display":"","ast-hfb-below-header-display":"","ast-hfb-mobile-header-display":"","site-post-title":"","ast-breadcrumbs-content":"","ast-featured-img":"","footer-sml-layout":"","theme-transparent-header-meta":"","adv-header-id-meta":"","stick-header-meta":"","header-above-stick-meta":"","header-main-stick-meta":"","header-below-stick-meta":"","astra-migrate-meta-layouts":"default","ast-page-background-enabled":"default","ast-page-background-meta":{"desktop":{"background-color":"var(--ast-global-color-4)","background-image":"","background-repeat":"repeat","background-position":"center center","background-size":"auto","background-attachment":"scroll","background-type":"","background-media":"","overlay-type":"","overlay-color":"","overlay-opacity":"","overlay-gradient":""},"tablet":{"background-color":"","background-image":"","background-repeat":"repeat","background-position":"center center","background-size":"auto","background-attachment":"scroll","background-type":"","background-media":"","overlay-type":"","overlay-color":"","overlay-opacity":"","overlay-gradient":""},"mobile":{"background-color":"","background-image":"","background-repeat":"repeat","background-position":"center center","background-size":"auto","background-attachment":"scroll","background-type":"","background-media":"","overlay-type":"","overlay-color":"","overlay-opacity":"","overlay-gradient":""}},"ast-content-background-meta":{"desktop":{"background-color":"var(--ast-global-color-5)","background-image":"","background-repeat":"repeat","background-position":"center center","background-size":"auto","background-attachment":"scroll","background-type":"","background-media":"","overlay-type":"","overlay-color":"","overlay-opacity":"","overlay-gradient":""},"tablet":{"background-color":"var(--ast-global-color-5)","background-image":"","background-repeat":"repeat","background-position":"center center","background-size":"auto","background-attachment":"scroll","background-type":"","background-media":"","overlay-type":"","overlay-color":"","overlay-opacity":"","overlay-gradient":""},"mobile":{"background-color":"var(--ast-global-color-5)","background-image":"","background-repeat":"repeat","background-position":"center center","background-size":"auto","background-attachment":"scroll","background-type":"","background-media":"","overlay-type":"","overlay-color":"","overlay-opacity":"","overlay-gradient":""}},"footnotes":""},"class_list":["post-2044","page","type-page","status-publish","hentry"],"post_mailing_queue_ids":[],"_links":{"self":[{"href":"https:\/\/agora.xtec.cat\/escola-mmm-mataro\/wp-json\/wp\/v2\/pages\/2044","targetHints":{"allow":["GET"]}}],"collection":[{"href":"https:\/\/agora.xtec.cat\/escola-mmm-mataro\/wp-json\/wp\/v2\/pages"}],"about":[{"href":"https:\/\/agora.xtec.cat\/escola-mmm-mataro\/wp-json\/wp\/v2\/types\/page"}],"author":[{"embeddable":true,"href":"https:\/\/agora.xtec.cat\/escola-mmm-mataro\/wp-json\/wp\/v2\/users\/1"}],"replies":[{"embeddable":true,"href":"https:\/\/agora.xtec.cat\/escola-mmm-mataro\/wp-json\/wp\/v2\/comments?post=2044"}],"version-history":[{"count":4,"href":"https:\/\/agora.xtec.cat\/escola-mmm-mataro\/wp-json\/wp\/v2\/pages\/2044\/revisions"}],"predecessor-version":[{"id":5624,"href":"https:\/\/agora.xtec.cat\/escola-mmm-mataro\/wp-json\/wp\/v2\/pages\/2044\/revisions\/5624"}],"up":[{"embeddable":true,"href":"https:\/\/agora.xtec.cat\/escola-mmm-mataro\/wp-json\/wp\/v2\/pages\/36"}],"wp:attachment":[{"href":"https:\/\/agora.xtec.cat\/escola-mmm-mataro\/wp-json\/wp\/v2\/media?parent=2044"}],"curies":[{"name":"wp","href":"https:\/\/api.w.org\/{rel}","templated":true}]}}