{"id":1748,"date":"2019-09-25T10:25:47","date_gmt":"2019-09-25T08:25:47","guid":{"rendered":"http:\/\/agora.xtec.cat\/escola-mmm-mataro\/?page_id=1748"},"modified":"2025-09-08T11:21:25","modified_gmt":"2025-09-08T09:21:25","slug":"documents-dus-escolar","status":"publish","type":"page","link":"https:\/\/agora.xtec.cat\/escola-mmm-mataro\/material-escolar\/documents-dus-escolar\/","title":{"rendered":"DOCUMENTS D&#8217;\u00daS ESCOLAR"},"content":{"rendered":"<h3><em><span style=\"color: #ff0000;\"><strong>AUTORITZACIONS PER SORTIR DE L&#8217;ESCOLA<\/strong><\/span><\/em><\/h3>\n<p>Si un pare o un avi ve a recollir el seu fill o net no necessita cap document, per\u00f2 en la vida escolar es presenten altres variants on cal una autoritzaci\u00f3. En aquesta entrada us presentem els diferents casos i adjuntem el document per a que el podeu descarregar i signar. Tamb\u00e9 el penjarem en l\u2019apartat de documents oficials per a que el tingueu sempre que el necessiteu. Cliqueu l&#8217;autoritzaci\u00f3 que necessiteu i podreu descarregar-la<\/p>\n<p><a href=\"https:\/\/drive.google.com\/file\/d\/1YzSC-8zDG5QH3WGbeG8M7ZllFmGClWb4\/view?usp=drive_link\"><strong>1. AUTORITZACI\u00d3 PER A QUE UN INFANT PUGUI SORTIR SOL DE L\u2019ESCOLA<\/strong><\/a><\/p>\n<p>L&#8217;alumnat de 4t, 5\u00e8 o 6\u00e8 pot sortir sol de l&#8217;escola si te aquesta autoritzaci\u00f3 signada.<\/p>\n<p><a href=\"https:\/\/drive.google.com\/file\/d\/1We1L3uyHcrmFgA75I-hiojwVeRHztDnb\/view?usp=drive_link\"><strong>2. AUTORITZACI\u00d3 PER A QUE UN INFANT SIGUI RECOLLIT PER UN GERM\u00c0 MENOR D&#8217;EDAT<\/strong><\/a><\/p>\n<p>Un infant podr\u00e0 ser recollit a pel seu germ\u00e0\/na menor d&#8217;edat si presenta aquesta autoritzaci\u00f3 signada.<\/p>\n<p><a href=\"https:\/\/drive.google.com\/file\/d\/1Uw6bSY8SpRg8AhOXQhBYD7qjheQt6D-m\/view?usp=drive_link\"><strong>3. AUTORITZACI\u00d3 DE SORTIDA SISTEM\u00c0TICA EN HORARI ESCOLAR<\/strong><\/a><\/p>\n<p>Quan un alumne ha de sortir peri\u00f2dicament de l\u2019escola per rebre atenci\u00f3 externa cal que presenti aquesta autoritzaci\u00f3. Amb aquest document no cal justificar l&#8217;abs\u00e8ncia cada vegada que marxa.<\/p>\n<p><a href=\"https:\/\/drive.google.com\/file\/d\/1J9O2ISPHistuokwmeKE2jKNxup2wwe-Q\/view?usp=drive_link\"><strong>4. PERSONES AUTORITZADES A RECOLLIR A UN INFANT &#8211; FOTO I DNI<\/strong><\/a><\/p>\n<p>Aquesta autoritzaci\u00f3 tindr\u00e0 vig\u00e8ncia durant tota l&#8217;escolaritat de l&#8217;infant o fins a que la fam\u00edlia modifiqui les dades proporcionades.<\/p>\n<p><a href=\"https:\/\/drive.google.com\/file\/d\/1n0xNiJU4IbP6zc1D5-au7McUPGmqDcxI\/view?usp=sharing\"><strong>5. AUTORITZACI\u00d3 PER A QUE UN INFANT SIGUI RECOLLIT PER UNA PERSONA MONITORA EXTERNA AL CENTRE<\/strong><\/a><\/p>\n<p>Un infant podr\u00e0 ser recollit per una persona monitora externa al centre (acad\u00e8mies d&#8217;angl\u00e8s).<\/p>\n<p><a href=\"https:\/\/drive.google.com\/file\/d\/1P_eqFS5l-uZkIIiOfKKeMLqMAuQsq6B2\/view?usp=drive_link\"><strong>6. AUTORITZACI\u00d3 DE DESPLA\u00c7AMENT FAMILIAR EN CALENDARI ESCOLAR <\/strong><\/a><\/p>\n<p>L&#8217;alumnat que marxi de viatge en dies lectius durant el curs escolar cal que informi a la persona tutora de refer\u00e8ncia i li entregui aquesta autoritzaci\u00f3 signada.<\/p>\n<h3><\/h3>\n<h3><em><span style=\"color: #ff0000;\"><strong>AUTORITZACIONS M\u00c8DIQUES<\/strong><\/span><\/em><\/h3>\n<p>A l&#8217;escola no podem subministrar medicaments sense una autoritzaci\u00f3 familiar i una prescripci\u00f3 m\u00e8dica.<\/p>\n<p>Aconsellem que els medicaments es subministrin a casa i fora de l&#8217;horari lectiu. En cas que aquesta opci\u00f3 no sigui possible, cal presentar a l&#8217;escola el document d&#8217;autoritzaci\u00f3 de medicaments degudament complimentat i signat\u00a0 juntament amb l&#8217;autoritzaci\u00f3 m\u00e8dica que detalli les indicacions a seguir.<\/p>\n<p><a href=\"https:\/\/drive.google.com\/file\/d\/1qs-k-T-6_wOlwdri2DmnFqOinUKT3yxs\/view?usp=drive_link\"><strong>1. AUTORITZACI\u00d3 DE MEDICAMENTS <\/strong><\/a><\/p>\n<p>&nbsp;<\/p>\n<p>&nbsp;<\/p>\n<p>&nbsp;<\/p>\n<p>&nbsp;<\/p>\n","protected":false},"excerpt":{"rendered":"<p>AUTORITZACIONS PER SORTIR DE L&#8217;ESCOLA Si un pare o un avi ve a recollir el seu fill o net no necessita cap document, per\u00f2 en la vida escolar es presenten altres variants on cal una autoritzaci\u00f3. En aquesta entrada us presentem els diferents casos i adjuntem el document per a que el podeu descarregar i [&hellip;]<\/p>\n","protected":false},"author":1,"featured_media":0,"parent":36,"menu_order":2,"comment_status":"closed","ping_status":"closed","template":"","meta":{"_bbp_topic_count":0,"_bbp_reply_count":0,"_bbp_total_topic_count":0,"_bbp_total_reply_count":0,"_bbp_voice_count":0,"_bbp_anonymous_reply_count":0,"_bbp_topic_count_hidden":0,"_bbp_reply_count_hidden":0,"_bbp_forum_subforum_count":0,"site-sidebar-layout":"default","site-content-layout":"","ast-site-content-layout":"","site-content-style":"default","site-sidebar-style":"default","ast-global-header-display":"","ast-banner-title-visibility":"","ast-main-header-display":"","ast-hfb-above-header-display":"","ast-hfb-below-header-display":"","ast-hfb-mobile-header-display":"","site-post-title":"","ast-breadcrumbs-content":"","ast-featured-img":"","footer-sml-layout":"","theme-transparent-header-meta":"","adv-header-id-meta":"","stick-header-meta":"","header-above-stick-meta":"","header-main-stick-meta":"","header-below-stick-meta":"","astra-migrate-meta-layouts":"default","ast-page-background-enabled":"default","ast-page-background-meta":{"desktop":{"background-color":"var(--ast-global-color-4)","background-image":"","background-repeat":"repeat","background-position":"center center","background-size":"auto","background-attachment":"scroll","background-type":"","background-media":"","overlay-type":"","overlay-color":"","overlay-opacity":"","overlay-gradient":""},"tablet":{"background-color":"","background-image":"","background-repeat":"repeat","background-position":"center center","background-size":"auto","background-attachment":"scroll","background-type":"","background-media":"","overlay-type":"","overlay-color":"","overlay-opacity":"","overlay-gradient":""},"mobile":{"background-color":"","background-image":"","background-repeat":"repeat","background-position":"center center","background-size":"auto","background-attachment":"scroll","background-type":"","background-media":"","overlay-type":"","overlay-color":"","overlay-opacity":"","overlay-gradient":""}},"ast-content-background-meta":{"desktop":{"background-color":"var(--ast-global-color-5)","background-image":"","background-repeat":"repeat","background-position":"center center","background-size":"auto","background-attachment":"scroll","background-type":"","background-media":"","overlay-type":"","overlay-color":"","overlay-opacity":"","overlay-gradient":""},"tablet":{"background-color":"var(--ast-global-color-5)","background-image":"","background-repeat":"repeat","background-position":"center center","background-size":"auto","background-attachment":"scroll","background-type":"","background-media":"","overlay-type":"","overlay-color":"","overlay-opacity":"","overlay-gradient":""},"mobile":{"background-color":"var(--ast-global-color-5)","background-image":"","background-repeat":"repeat","background-position":"center center","background-size":"auto","background-attachment":"scroll","background-type":"","background-media":"","overlay-type":"","overlay-color":"","overlay-opacity":"","overlay-gradient":""}},"footnotes":""},"class_list":["post-1748","page","type-page","status-publish","hentry"],"post_mailing_queue_ids":[],"_links":{"self":[{"href":"https:\/\/agora.xtec.cat\/escola-mmm-mataro\/wp-json\/wp\/v2\/pages\/1748","targetHints":{"allow":["GET"]}}],"collection":[{"href":"https:\/\/agora.xtec.cat\/escola-mmm-mataro\/wp-json\/wp\/v2\/pages"}],"about":[{"href":"https:\/\/agora.xtec.cat\/escola-mmm-mataro\/wp-json\/wp\/v2\/types\/page"}],"author":[{"embeddable":true,"href":"https:\/\/agora.xtec.cat\/escola-mmm-mataro\/wp-json\/wp\/v2\/users\/1"}],"replies":[{"embeddable":true,"href":"https:\/\/agora.xtec.cat\/escola-mmm-mataro\/wp-json\/wp\/v2\/comments?post=1748"}],"version-history":[{"count":7,"href":"https:\/\/agora.xtec.cat\/escola-mmm-mataro\/wp-json\/wp\/v2\/pages\/1748\/revisions"}],"predecessor-version":[{"id":6464,"href":"https:\/\/agora.xtec.cat\/escola-mmm-mataro\/wp-json\/wp\/v2\/pages\/1748\/revisions\/6464"}],"up":[{"embeddable":true,"href":"https:\/\/agora.xtec.cat\/escola-mmm-mataro\/wp-json\/wp\/v2\/pages\/36"}],"wp:attachment":[{"href":"https:\/\/agora.xtec.cat\/escola-mmm-mataro\/wp-json\/wp\/v2\/media?parent=1748"}],"curies":[{"name":"wp","href":"https:\/\/api.w.org\/{rel}","templated":true}]}}