{"id":1434,"date":"2019-03-22T15:55:53","date_gmt":"2019-03-22T14:55:53","guid":{"rendered":"http:\/\/agora.xtec.cat\/escola-mmm-mataro\/?page_id=1434"},"modified":"2024-09-18T10:33:25","modified_gmt":"2024-09-18T08:33:25","slug":"documents-i-formularis-online","status":"publish","type":"page","link":"https:\/\/agora.xtec.cat\/escola-mmm-mataro\/material-escolar\/documents-i-formularis-online\/","title":{"rendered":"DOCUMENTS I FORMULARIS ONLINE (AFA)"},"content":{"rendered":"<p>En aquesta p\u00e0gina podeu trobar diferents documents i formularis per realitzar diverses gestions.<\/p>\n<p>Cliqueu l&#8217;opci\u00f3 que desitgeu i podreu accedir-hi.<\/p>\n<p><a href=\"https:\/\/drive.google.com\/file\/d\/1TE1cmpZQ1x6ZCrsVJrA-0o3DXtVAcZJw\/view\">INSCRIPCI\u00d3 AL CASALET<\/a><\/p>\n<p><a href=\"https:\/\/docs.google.com\/forms\/d\/e\/1FAIpQLScfhQnhhhhaYWKqBXK2JVLmjDflUoW7yMTNBmkMJ3wis3uPnA\/viewform\"><strong>FORMULARI D&#8217;ALTA D&#8217;EXTRAESCOLARS<\/strong><\/a><\/p>\n<p><a href=\"https:\/\/docs.google.com\/forms\/d\/1uZDWoVs6tM5RMACrn-FkryqbtDS2vLFwq8cYWlDM2rU\/edit\"><strong>FORMULARI DE BAIXA D&#8217;EXTRAESCOLARS<\/strong><\/a><\/p>\n<p><a href=\"https:\/\/docs.google.com\/forms\/d\/13VYK5TV5pLOIjmzEJjmid1YRlGfsU6o9f7pynnxjLqY\/edit\"><strong>FORMULARI DE SERVEIX FIX DE MENJADOR<\/strong><\/a><\/p>\n<p><a href=\"https:\/\/docs.google.com\/forms\/d\/1VSA-MBbpObDmTZnr6iIVb_BEj5u7Fj4jqoKwYansujA\/edit?usp=sharing_eil&amp;ts=5ba2cbdc\"><strong>FORMULARI DE MODIFICACI\u00d3 DEL SERVEI FIX DE MENJADOR<\/strong><\/a><\/p>\n<p><a href=\"https:\/\/docs.google.com\/forms\/d\/1xJHCHMJhKEtUQToUycjjXFBX6ziAwF3DHLEdBu0EXCY\/edit?usp=sharing\"><strong>FORMULARI DE SOL\u00b7LICITUD DE BAIXA DEL SERVEI FIX DE MENJADOR<\/strong><\/a><\/p>\n<p><a href=\"https:\/\/drive.google.com\/file\/d\/0BwI8vLJnNs86MEM1Y2hZVThDWWM\/view\"><strong>MODEL D&#8217;AUTORITZACI\u00d3 DE MEDICAMENTS<\/strong><\/a><\/p>\n<p>&nbsp;<\/p>\n<p>&nbsp;<\/p>\n","protected":false},"excerpt":{"rendered":"<p>En aquesta p\u00e0gina podeu trobar diferents documents i formularis per realitzar diverses gestions. Cliqueu l&#8217;opci\u00f3 que desitgeu i podreu accedir-hi. INSCRIPCI\u00d3 AL CASALET FORMULARI D&#8217;ALTA D&#8217;EXTRAESCOLARS FORMULARI DE BAIXA D&#8217;EXTRAESCOLARS FORMULARI DE SERVEIX FIX DE MENJADOR FORMULARI DE MODIFICACI\u00d3 DEL SERVEI FIX DE MENJADOR FORMULARI DE SOL\u00b7LICITUD DE BAIXA DEL SERVEI FIX DE MENJADOR MODEL [&hellip;]<\/p>\n","protected":false},"author":1,"featured_media":0,"parent":36,"menu_order":5,"comment_status":"closed","ping_status":"closed","template":"","meta":{"_bbp_topic_count":0,"_bbp_reply_count":0,"_bbp_total_topic_count":0,"_bbp_total_reply_count":0,"_bbp_voice_count":0,"_bbp_anonymous_reply_count":0,"_bbp_topic_count_hidden":0,"_bbp_reply_count_hidden":0,"_bbp_forum_subforum_count":0,"site-sidebar-layout":"default","site-content-layout":"","ast-site-content-layout":"","site-content-style":"default","site-sidebar-style":"default","ast-global-header-display":"","ast-banner-title-visibility":"","ast-main-header-display":"","ast-hfb-above-header-display":"","ast-hfb-below-header-display":"","ast-hfb-mobile-header-display":"","site-post-title":"","ast-breadcrumbs-content":"","ast-featured-img":"","footer-sml-layout":"","theme-transparent-header-meta":"","adv-header-id-meta":"","stick-header-meta":"","header-above-stick-meta":"","header-main-stick-meta":"","header-below-stick-meta":"","astra-migrate-meta-layouts":"default","ast-page-background-enabled":"default","ast-page-background-meta":{"desktop":{"background-color":"var(--ast-global-color-4)","background-image":"","background-repeat":"repeat","background-position":"center center","background-size":"auto","background-attachment":"scroll","background-type":"","background-media":"","overlay-type":"","overlay-color":"","overlay-opacity":"","overlay-gradient":""},"tablet":{"background-color":"","background-image":"","background-repeat":"repeat","background-position":"center center","background-size":"auto","background-attachment":"scroll","background-type":"","background-media":"","overlay-type":"","overlay-color":"","overlay-opacity":"","overlay-gradient":""},"mobile":{"background-color":"","background-image":"","background-repeat":"repeat","background-position":"center center","background-size":"auto","background-attachment":"scroll","background-type":"","background-media":"","overlay-type":"","overlay-color":"","overlay-opacity":"","overlay-gradient":""}},"ast-content-background-meta":{"desktop":{"background-color":"var(--ast-global-color-5)","background-image":"","background-repeat":"repeat","background-position":"center center","background-size":"auto","background-attachment":"scroll","background-type":"","background-media":"","overlay-type":"","overlay-color":"","overlay-opacity":"","overlay-gradient":""},"tablet":{"background-color":"var(--ast-global-color-5)","background-image":"","background-repeat":"repeat","background-position":"center center","background-size":"auto","background-attachment":"scroll","background-type":"","background-media":"","overlay-type":"","overlay-color":"","overlay-opacity":"","overlay-gradient":""},"mobile":{"background-color":"var(--ast-global-color-5)","background-image":"","background-repeat":"repeat","background-position":"center center","background-size":"auto","background-attachment":"scroll","background-type":"","background-media":"","overlay-type":"","overlay-color":"","overlay-opacity":"","overlay-gradient":""}},"footnotes":""},"class_list":["post-1434","page","type-page","status-publish","hentry"],"post_mailing_queue_ids":[],"_links":{"self":[{"href":"https:\/\/agora.xtec.cat\/escola-mmm-mataro\/wp-json\/wp\/v2\/pages\/1434","targetHints":{"allow":["GET"]}}],"collection":[{"href":"https:\/\/agora.xtec.cat\/escola-mmm-mataro\/wp-json\/wp\/v2\/pages"}],"about":[{"href":"https:\/\/agora.xtec.cat\/escola-mmm-mataro\/wp-json\/wp\/v2\/types\/page"}],"author":[{"embeddable":true,"href":"https:\/\/agora.xtec.cat\/escola-mmm-mataro\/wp-json\/wp\/v2\/users\/1"}],"replies":[{"embeddable":true,"href":"https:\/\/agora.xtec.cat\/escola-mmm-mataro\/wp-json\/wp\/v2\/comments?post=1434"}],"version-history":[{"count":4,"href":"https:\/\/agora.xtec.cat\/escola-mmm-mataro\/wp-json\/wp\/v2\/pages\/1434\/revisions"}],"predecessor-version":[{"id":6099,"href":"https:\/\/agora.xtec.cat\/escola-mmm-mataro\/wp-json\/wp\/v2\/pages\/1434\/revisions\/6099"}],"up":[{"embeddable":true,"href":"https:\/\/agora.xtec.cat\/escola-mmm-mataro\/wp-json\/wp\/v2\/pages\/36"}],"wp:attachment":[{"href":"https:\/\/agora.xtec.cat\/escola-mmm-mataro\/wp-json\/wp\/v2\/media?parent=1434"}],"curies":[{"name":"wp","href":"https:\/\/api.w.org\/{rel}","templated":true}]}}