{"id":4477,"date":"2023-10-09T09:08:17","date_gmt":"2023-10-09T07:08:17","guid":{"rendered":"https:\/\/agora.xtec.cat\/escola-mdroser-riudecols\/?page_id=4477"},"modified":"2023-10-09T09:16:02","modified_gmt":"2023-10-09T07:16:02","slug":"https-sites-google-com-xtec-cat-edc-mare-de-deu-del-roser-p%c3%a0gina-principal","status":"publish","type":"page","link":"https:\/\/agora.xtec.cat\/escola-mdroser-riudecols\/https-sites-google-com-xtec-cat-edc-mare-de-deu-del-roser-p%c3%a0gina-principal\/","title":{"rendered":"Estrat\u00e8gia Digital de Centre"},"content":{"rendered":"<p>Per tenir acc\u00e9s a l&#8217;Estrat\u00e8gia Digital de Centre cliqueu <a href=\"https:\/\/sites.google.com\/xtec.cat\/edc-mare-de-deu-del-roser\/p%C3%A0gina-principal\"><span style=\"text-decoration: underline;\">aqu\u00ed<\/span><\/a><\/p>\n","protected":false},"excerpt":{"rendered":"<p>Per tenir acc\u00e9s a l&#8217;Estrat\u00e8gia Digital de Centre cliqueu <a href=\"https:\/\/sites.google.com\/xtec.cat\/edc-mare-de-deu-del-roser\/p%C3%A0gina-principal\">aqu\u00ed<\/a><\/p>\n","protected":false},"author":37,"featured_media":0,"parent":0,"menu_order":0,"comment_status":"closed","ping_status":"closed","template":"","meta":{"_bbp_topic_count":0,"_bbp_reply_count":0,"_bbp_total_topic_count":0,"_bbp_total_reply_count":0,"_bbp_voice_count":0,"_bbp_anonymous_reply_count":0,"_bbp_topic_count_hidden":0,"_bbp_reply_count_hidden":0,"_bbp_forum_subforum_count":0,"footnotes":""},"class_list":["post-4477","page","type-page","status-publish","hentry"],"post_mailing_queue_ids":[],"_links":{"self":[{"href":"https:\/\/agora.xtec.cat\/escola-mdroser-riudecols\/wp-json\/wp\/v2\/pages\/4477","targetHints":{"allow":["GET"]}}],"collection":[{"href":"https:\/\/agora.xtec.cat\/escola-mdroser-riudecols\/wp-json\/wp\/v2\/pages"}],"about":[{"href":"https:\/\/agora.xtec.cat\/escola-mdroser-riudecols\/wp-json\/wp\/v2\/types\/page"}],"author":[{"embeddable":true,"href":"https:\/\/agora.xtec.cat\/escola-mdroser-riudecols\/wp-json\/wp\/v2\/users\/37"}],"replies":[{"embeddable":true,"href":"https:\/\/agora.xtec.cat\/escola-mdroser-riudecols\/wp-json\/wp\/v2\/comments?post=4477"}],"version-history":[{"count":2,"href":"https:\/\/agora.xtec.cat\/escola-mdroser-riudecols\/wp-json\/wp\/v2\/pages\/4477\/revisions"}],"predecessor-version":[{"id":4481,"href":"https:\/\/agora.xtec.cat\/escola-mdroser-riudecols\/wp-json\/wp\/v2\/pages\/4477\/revisions\/4481"}],"wp:attachment":[{"href":"https:\/\/agora.xtec.cat\/escola-mdroser-riudecols\/wp-json\/wp\/v2\/media?parent=4477"}],"curies":[{"name":"wp","href":"https:\/\/api.w.org\/{rel}","templated":true}]}}