{"id":34,"date":"2014-09-18T12:32:18","date_gmt":"2014-09-18T12:32:18","guid":{"rendered":"http:\/\/agora.xtec.cat\/escola-mdroser-riudecols\/?page_id=34"},"modified":"2025-03-06T13:40:39","modified_gmt":"2025-03-06T12:40:39","slug":"oferta-educativa","status":"publish","type":"page","link":"https:\/\/agora.xtec.cat\/escola-mdroser-riudecols\/lescola\/oferta-educativa\/","title":{"rendered":"Oferta educativa"},"content":{"rendered":"<h6>L&#8217;escola ofereix ensenyament Infantil i Primari<\/h6>\n<h6>A l&#8217;Educaci\u00f3 Prim\u00e0ria, <em>El DECRET 175\/2022, de 27 de setembre, d&#8217;ordenaci\u00f3 dels ensenyaments de l&#8217;educaci\u00f3 b\u00e0sica<\/em>, estableix que la distribuci\u00f3 de les hores lectives curriculars per al desenvolupament de les compet\u00e8ncies espec\u00edfiques de les \u00e0rees \u00e9s compet\u00e8ncia dels centres i ha de garantir la distribuci\u00f3 m\u00ednima seg\u00fcent al llarg de l&#8217;etapa:<\/h6>\n<h6><\/h6>\n<p>\u00c0rees (compet\u00e8ncies espec\u00edfiques) Total d\u2019hores:<br \/>\nConeixement del Medi Natural, Social i Cultural 485<br \/>\nEducaci\u00f3 Art\u00edstica 500<br \/>\nEducaci\u00f3 en Valors C\u00edvics i \u00c8tics 35<br \/>\nEducaci\u00f3 F\u00edsica 385<br \/>\nLlengua Castellana i Literatura 525<br \/>\nLlengua Catalana i Literatura 525<br \/>\nLlengua Estrangera 420<br \/>\nMatem\u00e0tiques 695<br \/>\nReligi\u00f3 210<br \/>\nEsbarjo 525<br \/>\nHores de gesti\u00f3 aut\u00f2noma 945<br \/>\nTotal d\u2019hores de l\u2019etapa 5.250<\/p>\n<p>&nbsp;<\/p>\n<p>&nbsp;<\/p>\n<p>&nbsp;<\/p>\n<p>&nbsp;<\/p>\n<p>&nbsp;<\/p>\n<p>&nbsp;<\/p>\n<p>&nbsp;<\/p>\n<p>&nbsp;<\/p>\n<p>&nbsp;<\/p>\n<p>&nbsp;<\/p>\n<p>&nbsp;<\/p>\n<p>&nbsp;<\/p>\n<p>&nbsp;<\/p>\n<p>&nbsp;<\/p>\n<p>&nbsp;<\/p>\n<p>&nbsp;<\/p>\n<p>&nbsp;<\/p>\n","protected":false},"excerpt":{"rendered":"<p>L&#8217;escola ofereix ensenyament Infantil i Primari<br \/>\nA l&#8217;Educaci\u00f3 Prim\u00e0ria, El DECRET 175\/2022, de 27 de setembre, d&#8217;ordenaci\u00f3 dels ensenyaments de l&#8217;educaci\u00f3 b\u00e0sica, estableix que la distribuci\u00f3 de les hores lectives curriculars per al desenvolupament de les compet\u00e8ncies espec\u00edfiques de les \u00e0rees \u00e9s compet\u00e8ncia dels centres i&hellip;  <a href=\"https:\/\/agora.xtec.cat\/escola-mdroser-riudecols\/lescola\/oferta-educativa\/\" title=\"Read Oferta educativa\">Llegeix m\u00e9s\u00bb<\/a><\/p>\n","protected":false},"author":2,"featured_media":0,"parent":22,"menu_order":4,"comment_status":"closed","ping_status":"closed","template":"page-templates\/side-menu.php","meta":{"_bbp_topic_count":0,"_bbp_reply_count":0,"_bbp_total_topic_count":0,"_bbp_total_reply_count":0,"_bbp_voice_count":0,"_bbp_anonymous_reply_count":0,"_bbp_topic_count_hidden":0,"_bbp_reply_count_hidden":0,"_bbp_forum_subforum_count":0,"footnotes":""},"class_list":["post-34","page","type-page","status-publish","hentry"],"post_mailing_queue_ids":[],"_links":{"self":[{"href":"https:\/\/agora.xtec.cat\/escola-mdroser-riudecols\/wp-json\/wp\/v2\/pages\/34","targetHints":{"allow":["GET"]}}],"collection":[{"href":"https:\/\/agora.xtec.cat\/escola-mdroser-riudecols\/wp-json\/wp\/v2\/pages"}],"about":[{"href":"https:\/\/agora.xtec.cat\/escola-mdroser-riudecols\/wp-json\/wp\/v2\/types\/page"}],"author":[{"embeddable":true,"href":"https:\/\/agora.xtec.cat\/escola-mdroser-riudecols\/wp-json\/wp\/v2\/users\/2"}],"replies":[{"embeddable":true,"href":"https:\/\/agora.xtec.cat\/escola-mdroser-riudecols\/wp-json\/wp\/v2\/comments?post=34"}],"version-history":[{"count":6,"href":"https:\/\/agora.xtec.cat\/escola-mdroser-riudecols\/wp-json\/wp\/v2\/pages\/34\/revisions"}],"predecessor-version":[{"id":4793,"href":"https:\/\/agora.xtec.cat\/escola-mdroser-riudecols\/wp-json\/wp\/v2\/pages\/34\/revisions\/4793"}],"up":[{"embeddable":true,"href":"https:\/\/agora.xtec.cat\/escola-mdroser-riudecols\/wp-json\/wp\/v2\/pages\/22"}],"wp:attachment":[{"href":"https:\/\/agora.xtec.cat\/escola-mdroser-riudecols\/wp-json\/wp\/v2\/media?parent=34"}],"curies":[{"name":"wp","href":"https:\/\/api.w.org\/{rel}","templated":true}]}}