{"id":30,"date":"2014-09-18T12:30:23","date_gmt":"2014-09-18T12:30:23","guid":{"rendered":"http:\/\/agora.xtec.cat\/escola-mdroser-riudecols\/?page_id=30"},"modified":"2025-03-06T13:52:32","modified_gmt":"2025-03-06T12:52:32","slug":"instal%c2%b7lacions","status":"publish","type":"page","link":"https:\/\/agora.xtec.cat\/escola-mdroser-riudecols\/lescola\/instal%c2%b7lacions\/","title":{"rendered":"Instal\u00b7lacions"},"content":{"rendered":"<p><img loading=\"lazy\" decoding=\"async\" class=\"alignleft wp-image-804\" src=\"http:\/\/agora.xtec.cat\/escola-mdroser-riudecols\/wp-content\/uploads\/usu316\/2016\/09\/IMG_7479.jpg\" alt=\"IMG_7479\" width=\"398\" height=\"230\" srcset=\"https:\/\/agora.xtec.cat\/escola-mdroser-riudecols\/wp-content\/uploads\/usu316\/2016\/09\/IMG_7479.jpg 448w, https:\/\/agora.xtec.cat\/escola-mdroser-riudecols\/wp-content\/uploads\/usu316\/2016\/09\/IMG_7479-300x173.jpg 300w\" sizes=\"auto, (max-width: 398px) 100vw, 398px\" \/>Despr\u00e9s de l\u2019ampliaci\u00f3 del 2009 l\u2019edifici consta d\u2019una planta i un semi-s\u00f2tan.<\/p>\n<p>A la planta baixa (a nivell de l\u2019Avinguda d\u2019Alforja) s\u2019hi distingeixen tres zones:<\/p>\n<ul>\n<li>L\u2019ala de la dreta, on hi ha cinc aules (3 d\u2019infantil i 2 de cicle inicial), la sala multiusos, la cuina i el rebedor. Les aules d\u2019aquesta ala tenen acc\u00e9s directe al pati.<\/li>\n<li>L\u2019ala central, on hi trobem els serveis: un lavabo adaptat (s\u2019usa per als mestres), el lavabo de les nenes i el lavabo dels nens (amb tres w\u00e0ters cada un), el despatx de direcci\u00f3, la biblioteca i la sala de mestres.<\/li>\n<li>L\u2019ala de l\u2019esquerra, fruit de l\u2019ampliaci\u00f3 de 2009, consta d\u2019una aula petita i tres aules de dimensions normals, per a la resta de grups de prim\u00e0ria. A la part final hi ha unes escales d\u2019emerg\u00e8ncia per a accedir al pati de prim\u00e0ria.<\/li>\n<\/ul>\n<p>L\u2019espai que anomenem semis\u00f2tan est\u00e0 en un nivell inferior de l\u2019edifici central, per\u00f2 al mateix nivell del pati de prim\u00e0ria i del carrer.<\/p>\n<p><img loading=\"lazy\" decoding=\"async\" class=\"alignleft wp-image-805 size-full\" src=\"http:\/\/agora.xtec.cat\/escola-mdroser-riudecols\/wp-content\/uploads\/usu316\/2016\/09\/IMG_7482.jpg\" alt=\"IMG_7482\" width=\"448\" height=\"292\" srcset=\"https:\/\/agora.xtec.cat\/escola-mdroser-riudecols\/wp-content\/uploads\/usu316\/2016\/09\/IMG_7482.jpg 448w, https:\/\/agora.xtec.cat\/escola-mdroser-riudecols\/wp-content\/uploads\/usu316\/2016\/09\/IMG_7482-300x196.jpg 300w\" sizes=\"auto, (max-width: 448px) 100vw, 448px\" \/> <img loading=\"lazy\" decoding=\"async\" class=\"alignright wp-image-803 size-full\" src=\"http:\/\/agora.xtec.cat\/escola-mdroser-riudecols\/wp-content\/uploads\/usu316\/2016\/09\/IMG_20150226_111032.jpg\" alt=\"IMG_20150226_111032\" width=\"448\" height=\"257\" srcset=\"https:\/\/agora.xtec.cat\/escola-mdroser-riudecols\/wp-content\/uploads\/usu316\/2016\/09\/IMG_20150226_111032.jpg 448w, https:\/\/agora.xtec.cat\/escola-mdroser-riudecols\/wp-content\/uploads\/usu316\/2016\/09\/IMG_20150226_111032-300x172.jpg 300w\" sizes=\"auto, (max-width: 448px) 100vw, 448px\" \/><\/p>\n<p>&nbsp;<\/p>\n<p>&nbsp;<\/p>\n<p>&nbsp;<\/p>\n<p>&nbsp;<\/p>\n<p>&nbsp;<\/p>\n<p>&nbsp;<\/p>\n<p>L\u2019escola disposa de tres espais destinats a patis:<\/p>\n<ul>\n<li>Un pati interior adjacent a la sala multiusos destinat als infants que es queden a menjador.<\/li>\n<li>Un pati al mateix nivell de les aules, destinat als alumnes d\u2019infantil. Aquest pati t\u00e9 una porta que d\u00f3na acc\u00e9s al carrer Vilaseca, per on entren els alumnes d\u2019Infantil.<\/li>\n<li>Un pati al que s\u2019accedeix baixant unes escales o una rampa, amb una pista poliesportiva, destinat a prim\u00e0ria; tamb\u00e9 t\u00e9 un espai protegit de la pluja que queda a sota de l\u2019ala tercera, fruit de l\u2019ampliaci\u00f3 de 2009. Aquest pati t\u00e9 una gran porta per on es pot accedir a un carrer lateral de l\u2019escola.<\/li>\n<\/ul>\n","protected":false},"excerpt":{"rendered":"<p>Despr\u00e9s de l\u2019ampliaci\u00f3 del 2009 l\u2019edifici consta d\u2019una planta i un semi-s\u00f2tan.<br \/>\nA la planta baixa (a nivell de l\u2019Avinguda d\u2019Alforja) s\u2019hi distingeixen tres zones:<\/p>\n<ul>\n<li>L\u2019ala de la dreta, on hi ha cinc aules (3 d\u2019infantil i 2 de cicle inicial), la sala multiusos, la cuina i&hellip;  <a href=\"https:\/\/agora.xtec.cat\/escola-mdroser-riudecols\/lescola\/instal%c2%b7lacions\/\" title=\"Read Instal\u00b7lacions\">Llegeix m\u00e9s\u00bb<\/a><br \/>\n","protected":false},"author":2,"featured_media":0,"parent":22,"menu_order":3,"comment_status":"closed","ping_status":"closed","template":"page-templates\/side-menu.php","meta":{"_bbp_topic_count":0,"_bbp_reply_count":0,"_bbp_total_topic_count":0,"_bbp_total_reply_count":0,"_bbp_voice_count":0,"_bbp_anonymous_reply_count":0,"_bbp_topic_count_hidden":0,"_bbp_reply_count_hidden":0,"_bbp_forum_subforum_count":0,"footnotes":""},"class_list":["post-30","page","type-page","status-publish","hentry"],"post_mailing_queue_ids":[],"_links":{"self":[{"href":"https:\/\/agora.xtec.cat\/escola-mdroser-riudecols\/wp-json\/wp\/v2\/pages\/30","targetHints":{"allow":["GET"]}}],"collection":[{"href":"https:\/\/agora.xtec.cat\/escola-mdroser-riudecols\/wp-json\/wp\/v2\/pages"}],"about":[{"href":"https:\/\/agora.xtec.cat\/escola-mdroser-riudecols\/wp-json\/wp\/v2\/types\/page"}],"author":[{"embeddable":true,"href":"https:\/\/agora.xtec.cat\/escola-mdroser-riudecols\/wp-json\/wp\/v2\/users\/2"}],"replies":[{"embeddable":true,"href":"https:\/\/agora.xtec.cat\/escola-mdroser-riudecols\/wp-json\/wp\/v2\/comments?post=30"}],"version-history":[{"count":5,"href":"https:\/\/agora.xtec.cat\/escola-mdroser-riudecols\/wp-json\/wp\/v2\/pages\/30\/revisions"}],"predecessor-version":[{"id":4795,"href":"https:\/\/agora.xtec.cat\/escola-mdroser-riudecols\/wp-json\/wp\/v2\/pages\/30\/revisions\/4795"}],"up":[{"embeddable":true,"href":"https:\/\/agora.xtec.cat\/escola-mdroser-riudecols\/wp-json\/wp\/v2\/pages\/22"}],"wp:attachment":[{"href":"https:\/\/agora.xtec.cat\/escola-mdroser-riudecols\/wp-json\/wp\/v2\/media?parent=30"}],"curies":[{"name":"wp","href":"https:\/\/api.w.org\/{rel}","templated":true}]}}