{"id":26,"date":"2014-09-18T12:24:32","date_gmt":"2014-09-18T12:24:32","guid":{"rendered":"http:\/\/agora.xtec.cat\/escola-mdroser-riudecols\/?page_id=26"},"modified":"2022-09-24T11:36:26","modified_gmt":"2022-09-24T09:36:26","slug":"historia","status":"publish","type":"page","link":"https:\/\/agora.xtec.cat\/escola-mdroser-riudecols\/lescola\/historia\/","title":{"rendered":"Hist\u00f2ria"},"content":{"rendered":"<p>El primer edifici escolar data de la d\u00e8cada dels 60 i est\u00e0 situat al centre de la poblaci\u00f3, al carrer del Roser tocant a l\u2019Ajuntament<\/p>\n<p><img loading=\"lazy\" decoding=\"async\" class=\"alignnone wp-image-796\" src=\"http:\/\/agora.xtec.cat\/escola-mdroser-riudecols\/wp-content\/uploads\/usu316\/2016\/09\/Escuela-vieja-01.jpg\" alt=\"OLYMPUS DIGITAL CAMERA\" width=\"329\" height=\"439\" srcset=\"https:\/\/agora.xtec.cat\/escola-mdroser-riudecols\/wp-content\/uploads\/usu316\/2016\/09\/Escuela-vieja-01.jpg 336w, https:\/\/agora.xtec.cat\/escola-mdroser-riudecols\/wp-content\/uploads\/usu316\/2016\/09\/Escuela-vieja-01-225x300.jpg 225w\" sizes=\"auto, (max-width: 329px) 100vw, 329px\" \/><img loading=\"lazy\" decoding=\"async\" class=\"alignright wp-image-793\" src=\"http:\/\/agora.xtec.cat\/escola-mdroser-riudecols\/wp-content\/uploads\/usu316\/2016\/09\/Escuela-vieja-02.jpg\" alt=\"OLYMPUS DIGITAL CAMERA\" width=\"574\" height=\"431\" srcset=\"https:\/\/agora.xtec.cat\/escola-mdroser-riudecols\/wp-content\/uploads\/usu316\/2016\/09\/Escuela-vieja-02.jpg 448w, https:\/\/agora.xtec.cat\/escola-mdroser-riudecols\/wp-content\/uploads\/usu316\/2016\/09\/Escuela-vieja-02-300x225.jpg 300w, https:\/\/agora.xtec.cat\/escola-mdroser-riudecols\/wp-content\/uploads\/usu316\/2016\/09\/Escuela-vieja-02-200x150.jpg 200w\" sizes=\"auto, (max-width: 574px) 100vw, 574px\" \/><\/p>\n<p>L\u2019edifici es va quedar petit i el 22 d\u2019octubre de 2003 s\u2019inaugura una nova escola, gran i amb molta llum, amb 5 aules per als 5 grups autoritzats d\u2019aquell moment.<\/p>\n<p><img loading=\"lazy\" decoding=\"async\" class=\"wp-image-794 size-full aligncenter\" src=\"http:\/\/agora.xtec.cat\/escola-mdroser-riudecols\/wp-content\/uploads\/usu316\/2016\/09\/Escuela-nueva-02.jpg\" alt=\"OLYMPUS DIGITAL CAMERA\" width=\"448\" height=\"336\" srcset=\"https:\/\/agora.xtec.cat\/escola-mdroser-riudecols\/wp-content\/uploads\/usu316\/2016\/09\/Escuela-nueva-02.jpg 448w, https:\/\/agora.xtec.cat\/escola-mdroser-riudecols\/wp-content\/uploads\/usu316\/2016\/09\/Escuela-nueva-02-300x225.jpg 300w, https:\/\/agora.xtec.cat\/escola-mdroser-riudecols\/wp-content\/uploads\/usu316\/2016\/09\/Escuela-nueva-02-200x150.jpg 200w\" sizes=\"auto, (max-width: 448px) 100vw, 448px\" \/><\/p>\n<p>Aviat, per\u00f2, es va quedar petita novament i el gener de 2009 estrenem una ampliaci\u00f3 que ens permet disposar de 3 aules m\u00e9s, amb 8 grups autoritzats.<\/p>\n<p>Fins el curs 2009\/2010 la nostra escola va formar part de la ZER \u201cBaix Camp Nord\u201d, per\u00f2 degut a l\u2019augment de la matr\u00edcula, a partir del curs 2010\/2011 comen\u00e7a a funcionar de manera independent.<\/p>\n<p><img loading=\"lazy\" decoding=\"async\" class=\"wp-image-795 size-full aligncenter\" src=\"http:\/\/agora.xtec.cat\/escola-mdroser-riudecols\/wp-content\/uploads\/usu316\/2016\/09\/Pati-dinfantil-2.jpg\" alt=\"Pati d'infantil-2\" width=\"448\" height=\"207\" \/><\/p>\n","protected":false},"excerpt":{"rendered":"<p>El primer edifici escolar data de la d\u00e8cada dels 60 i est\u00e0 situat al centre de la poblaci\u00f3, al carrer del Roser tocant a l\u2019Ajuntament<\/p>\n<p>L\u2019edifici es va quedar petit i el 22 d\u2019octubre de 2003 s\u2019inaugura una nova escola, gran i amb molta llum, amb&hellip;  <a href=\"https:\/\/agora.xtec.cat\/escola-mdroser-riudecols\/lescola\/historia\/\" title=\"Read Hist\u00f2ria\">Llegeix m\u00e9s\u00bb<\/a><\/p>\n","protected":false},"author":2,"featured_media":0,"parent":22,"menu_order":2,"comment_status":"closed","ping_status":"closed","template":"page-templates\/side-menu.php","meta":{"_bbp_topic_count":0,"_bbp_reply_count":0,"_bbp_total_topic_count":0,"_bbp_total_reply_count":0,"_bbp_voice_count":0,"_bbp_anonymous_reply_count":0,"_bbp_topic_count_hidden":0,"_bbp_reply_count_hidden":0,"_bbp_forum_subforum_count":0,"footnotes":""},"class_list":["post-26","page","type-page","status-publish","hentry"],"post_mailing_queue_ids":[],"_links":{"self":[{"href":"https:\/\/agora.xtec.cat\/escola-mdroser-riudecols\/wp-json\/wp\/v2\/pages\/26","targetHints":{"allow":["GET"]}}],"collection":[{"href":"https:\/\/agora.xtec.cat\/escola-mdroser-riudecols\/wp-json\/wp\/v2\/pages"}],"about":[{"href":"https:\/\/agora.xtec.cat\/escola-mdroser-riudecols\/wp-json\/wp\/v2\/types\/page"}],"author":[{"embeddable":true,"href":"https:\/\/agora.xtec.cat\/escola-mdroser-riudecols\/wp-json\/wp\/v2\/users\/2"}],"replies":[{"embeddable":true,"href":"https:\/\/agora.xtec.cat\/escola-mdroser-riudecols\/wp-json\/wp\/v2\/comments?post=26"}],"version-history":[{"count":3,"href":"https:\/\/agora.xtec.cat\/escola-mdroser-riudecols\/wp-json\/wp\/v2\/pages\/26\/revisions"}],"predecessor-version":[{"id":3998,"href":"https:\/\/agora.xtec.cat\/escola-mdroser-riudecols\/wp-json\/wp\/v2\/pages\/26\/revisions\/3998"}],"up":[{"embeddable":true,"href":"https:\/\/agora.xtec.cat\/escola-mdroser-riudecols\/wp-json\/wp\/v2\/pages\/22"}],"wp:attachment":[{"href":"https:\/\/agora.xtec.cat\/escola-mdroser-riudecols\/wp-json\/wp\/v2\/media?parent=26"}],"curies":[{"name":"wp","href":"https:\/\/api.w.org\/{rel}","templated":true}]}}