{"id":898,"date":"2025-02-27T11:21:56","date_gmt":"2025-02-27T10:21:56","guid":{"rendered":"https:\/\/agora.xtec.cat\/escola-marinada-cambrils\/?page_id=898"},"modified":"2026-03-06T16:05:59","modified_gmt":"2026-03-06T15:05:59","slug":"serveis","status":"publish","type":"page","link":"https:\/\/agora.xtec.cat\/escola-marinada-cambrils\/lescola\/serveis\/","title":{"rendered":"Serveis"},"content":{"rendered":"<p>L&#8217;escola Marinada ofereix els seg\u00fcents serveis a les fam\u00edlies per facilitar la conciliaci\u00f3 i l&#8217;atenci\u00f3 educativa integral:<\/p>\n<h3><b>Servei de Menjador amb cuina pr\u00f2pia<\/b><\/h3>\n<p>\u00c0gora Catering , \u00e9s l\u2019empresa responsable de la gesti\u00f3 i servei del menjador escolar a la nostra escola, amb cuina pr\u00f2pia.<\/p>\n<p>Les monitores atenen els alumnes en tres torns. Els alumnes m\u00e9s petits, els d&#8217;I3, dinen a les 12:30 i seguidament tornen a l&#8217;aula, on poden dormir\/descansar una estona. La resta, gaudeixen de diferents activitats, coordinades per les monitores, que es poden desenvolupar abans o despr\u00e9s de dinar, segons els torn.<\/p>\n<p>HORARI DEL MENJADOR: De dilluns a divendres de 12:30h a 15h.<\/p>\n<h3>Servei d&#8217;Acollida Matinal<\/h3>\n<p>Gestionat per l&#8217;AMPA de l&#8217;escola. El servei d&#8217;acollida comen\u00e7a a les 08:00 del mat\u00ed, tot i que les fam\u00edlies que ho desitgin poden utilitzar nom\u00e9s la meitat del servei i dur els nens a les 08:30.<\/p>\n<h3><strong>Activitats extraescolars<\/strong><\/h3>\n<p>Gestionades tamb\u00e9 per l&#8217;AMPA de l&#8217;escola. Es duen a terme de 16:30 a 17:30 i s\u00f3n les pr\u00f2pies monitores les que recullen els nens a la filera i se&#8217;ls emporten a l&#8217;activitat, amb la qual cosa els pares no han de venir fins a l&#8217;hora de la recollida.<\/p>\n<h3><strong data-start=\"3\" data-end=\"28\">Club de Lectura F\u00e0cil<\/strong><\/h3>\n<p>\u00c9s un espai on l\u2019alumnat pot gaudir de la lectura de manera tranquil\u00b7la i compartida. Cada dimecres, fora d\u2019horari escolar, es reuneixen a la biblioteca de l\u2019escola per llegir, comentar hist\u00f2ries i descobrir nous llibres adaptats. \u00c9s una activitat pensada per fomentar el gust per la lectura en un ambient acollidor i participatiu.<\/p>\n","protected":false},"excerpt":{"rendered":"<p>L&#8217;escola Marinada ofereix els seg\u00fcents serveis a les fam\u00edlies per facilitar la conciliaci\u00f3 i l&#8217;atenci\u00f3 educativa integral: Servei de Menjador amb cuina pr\u00f2pia \u00c0gora Catering , \u00e9s l\u2019empresa responsable de la gesti\u00f3 i servei del menjador escolar a la nostra escola, amb cuina pr\u00f2pia. Les monitores atenen els alumnes en tres torns. Els alumnes m\u00e9s [&hellip;]<\/p>\n","protected":false},"author":1,"featured_media":0,"parent":22,"menu_order":9,"comment_status":"closed","ping_status":"closed","template":"","meta":{"_bbp_topic_count":0,"_bbp_reply_count":0,"_bbp_total_topic_count":0,"_bbp_total_reply_count":0,"_bbp_voice_count":0,"_bbp_anonymous_reply_count":0,"_bbp_topic_count_hidden":0,"_bbp_reply_count_hidden":0,"_bbp_forum_subforum_count":0,"site-sidebar-layout":"default","site-content-layout":"","ast-site-content-layout":"default","site-content-style":"default","site-sidebar-style":"default","ast-global-header-display":"","ast-banner-title-visibility":"","ast-main-header-display":"","ast-hfb-above-header-display":"","ast-hfb-below-header-display":"","ast-hfb-mobile-header-display":"","site-post-title":"","ast-breadcrumbs-content":"","ast-featured-img":"","footer-sml-layout":"","theme-transparent-header-meta":"default","adv-header-id-meta":"","stick-header-meta":"","header-above-stick-meta":"","header-main-stick-meta":"","header-below-stick-meta":"","astra-migrate-meta-layouts":"set","ast-page-background-enabled":"default","ast-page-background-meta":{"desktop":{"background-color":"var(--ast-global-color-4)","background-image":"","background-repeat":"repeat","background-position":"center center","background-size":"auto","background-attachment":"scroll","background-type":"","background-media":"","overlay-type":"","overlay-color":"","overlay-opacity":"","overlay-gradient":""},"tablet":{"background-color":"","background-image":"","background-repeat":"repeat","background-position":"center center","background-size":"auto","background-attachment":"scroll","background-type":"","background-media":"","overlay-type":"","overlay-color":"","overlay-opacity":"","overlay-gradient":""},"mobile":{"background-color":"","background-image":"","background-repeat":"repeat","background-position":"center center","background-size":"auto","background-attachment":"scroll","background-type":"","background-media":"","overlay-type":"","overlay-color":"","overlay-opacity":"","overlay-gradient":""}},"ast-content-background-meta":{"desktop":{"background-color":"var(--ast-global-color-5)","background-image":"","background-repeat":"repeat","background-position":"center center","background-size":"auto","background-attachment":"scroll","background-type":"","background-media":"","overlay-type":"","overlay-color":"","overlay-opacity":"","overlay-gradient":""},"tablet":{"background-color":"var(--ast-global-color-5)","background-image":"","background-repeat":"repeat","background-position":"center center","background-size":"auto","background-attachment":"scroll","background-type":"","background-media":"","overlay-type":"","overlay-color":"","overlay-opacity":"","overlay-gradient":""},"mobile":{"background-color":"var(--ast-global-color-5)","background-image":"","background-repeat":"repeat","background-position":"center center","background-size":"auto","background-attachment":"scroll","background-type":"","background-media":"","overlay-type":"","overlay-color":"","overlay-opacity":"","overlay-gradient":""}},"footnotes":""},"class_list":["post-898","page","type-page","status-publish","hentry"],"post_mailing_queue_ids":[],"_links":{"self":[{"href":"https:\/\/agora.xtec.cat\/escola-marinada-cambrils\/wp-json\/wp\/v2\/pages\/898","targetHints":{"allow":["GET"]}}],"collection":[{"href":"https:\/\/agora.xtec.cat\/escola-marinada-cambrils\/wp-json\/wp\/v2\/pages"}],"about":[{"href":"https:\/\/agora.xtec.cat\/escola-marinada-cambrils\/wp-json\/wp\/v2\/types\/page"}],"author":[{"embeddable":true,"href":"https:\/\/agora.xtec.cat\/escola-marinada-cambrils\/wp-json\/wp\/v2\/users\/1"}],"replies":[{"embeddable":true,"href":"https:\/\/agora.xtec.cat\/escola-marinada-cambrils\/wp-json\/wp\/v2\/comments?post=898"}],"version-history":[{"count":6,"href":"https:\/\/agora.xtec.cat\/escola-marinada-cambrils\/wp-json\/wp\/v2\/pages\/898\/revisions"}],"predecessor-version":[{"id":1435,"href":"https:\/\/agora.xtec.cat\/escola-marinada-cambrils\/wp-json\/wp\/v2\/pages\/898\/revisions\/1435"}],"up":[{"embeddable":true,"href":"https:\/\/agora.xtec.cat\/escola-marinada-cambrils\/wp-json\/wp\/v2\/pages\/22"}],"wp:attachment":[{"href":"https:\/\/agora.xtec.cat\/escola-marinada-cambrils\/wp-json\/wp\/v2\/media?parent=898"}],"curies":[{"name":"wp","href":"https:\/\/api.w.org\/{rel}","templated":true}]}}