{"id":1372,"date":"2026-02-23T22:48:01","date_gmt":"2026-02-23T21:48:01","guid":{"rendered":"https:\/\/agora.xtec.cat\/escola-marinada-cambrils\/?page_id=1372"},"modified":"2026-02-26T00:19:42","modified_gmt":"2026-02-25T23:19:42","slug":"families","status":"publish","type":"page","link":"https:\/\/agora.xtec.cat\/escola-marinada-cambrils\/lescola\/families\/","title":{"rendered":"Fam\u00edlies"},"content":{"rendered":"<p>Aqu\u00ed podeu trobar documents d&#8217;ajuda i de tr\u00e0mits de l&#8217;escola.<\/p>\n<table style=\"width: 83.122435%; height: 148px;\">\n<tbody>\n<tr style=\"height: 52px;\">\n<td style=\"width: 69.266334%; height: 52px;\"><a href=\"https:\/\/agora.xtec.cat\/escola-marinada-cambrils\/wp-content\/uploads\/usu2349\/2026\/02\/DINANTIA.pdf\">DINANTIA<\/a><\/td>\n<td style=\"width: 56.408894%; height: 52px;\"><\/td>\n<\/tr>\n<tr style=\"height: 52px;\">\n<td style=\"width: 69.266334%; height: 52px;\"><a href=\"https:\/\/agora.xtec.cat\/escola-marinada-cambrils\/wp-content\/uploads\/usu2349\/2026\/02\/CLASSROOM.pdf\">CLASSROOM<\/a><\/td>\n<td style=\"width: 56.408894%; height: 52px;\"><\/td>\n<\/tr>\n<tr style=\"height: 81px;\">\n<td style=\"width: 69.266334%; height: 44px;\"><a href=\"https:\/\/agora.xtec.cat\/escola-marinada-cambrils\/wp-content\/uploads\/usu2349\/2024\/11\/administracio-medicaments.pdf\">ADMINISTRACI\u00d3 DE MEDICAMENTS<\/a><\/td>\n<td style=\"width: 56.408894%; height: 44px;\"><\/td>\n<\/tr>\n<\/tbody>\n<\/table>\n","protected":false},"excerpt":{"rendered":"<p>Aqu\u00ed podeu trobar documents d&#8217;ajuda i de tr\u00e0mits de l&#8217;escola. DINANTIA CLASSROOM ADMINISTRACI\u00d3 DE MEDICAMENTS<\/p>\n","protected":false},"author":1,"featured_media":0,"parent":22,"menu_order":8,"comment_status":"closed","ping_status":"closed","template":"","meta":{"_bbp_topic_count":0,"_bbp_reply_count":0,"_bbp_total_topic_count":0,"_bbp_total_reply_count":0,"_bbp_voice_count":0,"_bbp_anonymous_reply_count":0,"_bbp_topic_count_hidden":0,"_bbp_reply_count_hidden":0,"_bbp_forum_subforum_count":0,"site-sidebar-layout":"default","site-content-layout":"","ast-site-content-layout":"default","site-content-style":"default","site-sidebar-style":"default","ast-global-header-display":"","ast-banner-title-visibility":"","ast-main-header-display":"","ast-hfb-above-header-display":"","ast-hfb-below-header-display":"","ast-hfb-mobile-header-display":"","site-post-title":"","ast-breadcrumbs-content":"","ast-featured-img":"","footer-sml-layout":"","theme-transparent-header-meta":"default","adv-header-id-meta":"","stick-header-meta":"","header-above-stick-meta":"","header-main-stick-meta":"","header-below-stick-meta":"","astra-migrate-meta-layouts":"set","ast-page-background-enabled":"default","ast-page-background-meta":{"desktop":{"background-color":"var(--ast-global-color-4)","background-image":"","background-repeat":"repeat","background-position":"center center","background-size":"auto","background-attachment":"scroll","background-type":"","background-media":"","overlay-type":"","overlay-color":"","overlay-opacity":"","overlay-gradient":""},"tablet":{"background-color":"","background-image":"","background-repeat":"repeat","background-position":"center center","background-size":"auto","background-attachment":"scroll","background-type":"","background-media":"","overlay-type":"","overlay-color":"","overlay-opacity":"","overlay-gradient":""},"mobile":{"background-color":"","background-image":"","background-repeat":"repeat","background-position":"center center","background-size":"auto","background-attachment":"scroll","background-type":"","background-media":"","overlay-type":"","overlay-color":"","overlay-opacity":"","overlay-gradient":""}},"ast-content-background-meta":{"desktop":{"background-color":"var(--ast-global-color-5)","background-image":"","background-repeat":"repeat","background-position":"center center","background-size":"auto","background-attachment":"scroll","background-type":"","background-media":"","overlay-type":"","overlay-color":"","overlay-opacity":"","overlay-gradient":""},"tablet":{"background-color":"var(--ast-global-color-5)","background-image":"","background-repeat":"repeat","background-position":"center center","background-size":"auto","background-attachment":"scroll","background-type":"","background-media":"","overlay-type":"","overlay-color":"","overlay-opacity":"","overlay-gradient":""},"mobile":{"background-color":"var(--ast-global-color-5)","background-image":"","background-repeat":"repeat","background-position":"center center","background-size":"auto","background-attachment":"scroll","background-type":"","background-media":"","overlay-type":"","overlay-color":"","overlay-opacity":"","overlay-gradient":""}},"footnotes":""},"class_list":["post-1372","page","type-page","status-publish","hentry"],"post_mailing_queue_ids":[],"_links":{"self":[{"href":"https:\/\/agora.xtec.cat\/escola-marinada-cambrils\/wp-json\/wp\/v2\/pages\/1372","targetHints":{"allow":["GET"]}}],"collection":[{"href":"https:\/\/agora.xtec.cat\/escola-marinada-cambrils\/wp-json\/wp\/v2\/pages"}],"about":[{"href":"https:\/\/agora.xtec.cat\/escola-marinada-cambrils\/wp-json\/wp\/v2\/types\/page"}],"author":[{"embeddable":true,"href":"https:\/\/agora.xtec.cat\/escola-marinada-cambrils\/wp-json\/wp\/v2\/users\/1"}],"replies":[{"embeddable":true,"href":"https:\/\/agora.xtec.cat\/escola-marinada-cambrils\/wp-json\/wp\/v2\/comments?post=1372"}],"version-history":[{"count":7,"href":"https:\/\/agora.xtec.cat\/escola-marinada-cambrils\/wp-json\/wp\/v2\/pages\/1372\/revisions"}],"predecessor-version":[{"id":1409,"href":"https:\/\/agora.xtec.cat\/escola-marinada-cambrils\/wp-json\/wp\/v2\/pages\/1372\/revisions\/1409"}],"up":[{"embeddable":true,"href":"https:\/\/agora.xtec.cat\/escola-marinada-cambrils\/wp-json\/wp\/v2\/pages\/22"}],"wp:attachment":[{"href":"https:\/\/agora.xtec.cat\/escola-marinada-cambrils\/wp-json\/wp\/v2\/media?parent=1372"}],"curies":[{"name":"wp","href":"https:\/\/api.w.org\/{rel}","templated":true}]}}