{"id":1337,"date":"2026-02-23T18:19:00","date_gmt":"2026-02-23T17:19:00","guid":{"rendered":"https:\/\/agora.xtec.cat\/escola-marinada-cambrils\/?page_id=1337"},"modified":"2026-02-26T00:01:45","modified_gmt":"2026-02-25T23:01:45","slug":"cicle-mitja","status":"publish","type":"page","link":"https:\/\/agora.xtec.cat\/escola-marinada-cambrils\/cicle-mitja\/","title":{"rendered":"Cicle Mitj\u00e0"},"content":{"rendered":"<p data-start=\"0\" data-end=\"280\">El <strong data-start=\"3\" data-end=\"18\">cicle mitj\u00e0<\/strong> correspon a la segona etapa de l\u2019educaci\u00f3 prim\u00e0ria i compr\u00e8n <strong data-start=\"80\" data-end=\"103\">tercer i quart curs<\/strong>. \u00c9s un per\u00edode en qu\u00e8 els infants consoliden els aprenentatges adquirits al cicle inicial i desenvolupen progressivament m\u00e9s autonomia, responsabilitat i capacitat de reflexi\u00f3.<\/p>\n<p data-start=\"308\" data-end=\"550\">Durant aquests dos cursos, l\u2019alumnat continua construint coneixements fonamentals, per\u00f2 amb un nivell m\u00e9s alt d\u2019exig\u00e8ncia i aprofundiment. Es promou la comprensi\u00f3, el raonament i la capacitat d\u2019aplicar els aprenentatges a situacions diverses.<\/p>\n<p data-start=\"552\" data-end=\"756\">\u00c9s una etapa clau per consolidar h\u00e0bits de treball, organitzaci\u00f3 personal i responsabilitat en el propi aprenentatge, tot afavorint el pensament cr\u00edtic i la curiositat per entendre el m\u00f3n que els envolta.<\/p>\n<h2 data-start=\"758\" data-end=\"794\">Com es treballa a tercer i quart?<\/h2>\n<p data-start=\"795\" data-end=\"954\">Al cicle mitj\u00e0 es mant\u00e9 una metodologia activa i participativa, que fomenta la iniciativa de l\u2019alumnat i el seu paper protagonista en el proc\u00e9s d\u2019aprenentatge.<\/p>\n<p data-start=\"795\" data-end=\"954\">En definitiva, el cicle mitj\u00e0 \u00e9s una etapa de consolidaci\u00f3 i aprofundiment dels aprenentatges, en qu\u00e8 els infants desenvolupen autonomia, responsabilitat i capacitat de pensament, preparant-se per afrontar amb seguretat els reptes del cicle superior.<\/p>\n<h2><strong>Visita els blogs de Cicle Mitj\u00e0<\/strong><\/h2>\n<p><a href=\"https:\/\/agora.xtec.cat\/escola-marinada-cambrils\/categoria\/primaria\/3r-primaria\/\">3r Maire i Moll<\/a><\/p>\n<p><a href=\"https:\/\/sites.google.com\/escolamarinada.org\/neroiorada\/p%C3%A0gina-principal\">4t Nero i Orada<\/a><\/p>\n","protected":false},"excerpt":{"rendered":"<p>El cicle mitj\u00e0 correspon a la segona etapa de l\u2019educaci\u00f3 prim\u00e0ria i compr\u00e8n tercer i quart curs. \u00c9s un per\u00edode en qu\u00e8 els infants consoliden els aprenentatges adquirits al cicle inicial i desenvolupen progressivament m\u00e9s autonomia, responsabilitat i capacitat de reflexi\u00f3. Durant aquests dos cursos, l\u2019alumnat continua construint coneixements fonamentals, per\u00f2 amb un nivell m\u00e9s [&hellip;]<\/p>\n","protected":false},"author":1,"featured_media":0,"parent":0,"menu_order":0,"comment_status":"closed","ping_status":"closed","template":"","meta":{"_bbp_topic_count":0,"_bbp_reply_count":0,"_bbp_total_topic_count":0,"_bbp_total_reply_count":0,"_bbp_voice_count":0,"_bbp_anonymous_reply_count":0,"_bbp_topic_count_hidden":0,"_bbp_reply_count_hidden":0,"_bbp_forum_subforum_count":0,"site-sidebar-layout":"default","site-content-layout":"","ast-site-content-layout":"default","site-content-style":"default","site-sidebar-style":"default","ast-global-header-display":"","ast-banner-title-visibility":"","ast-main-header-display":"","ast-hfb-above-header-display":"","ast-hfb-below-header-display":"","ast-hfb-mobile-header-display":"","site-post-title":"","ast-breadcrumbs-content":"","ast-featured-img":"","footer-sml-layout":"","theme-transparent-header-meta":"default","adv-header-id-meta":"","stick-header-meta":"","header-above-stick-meta":"","header-main-stick-meta":"","header-below-stick-meta":"","astra-migrate-meta-layouts":"set","ast-page-background-enabled":"default","ast-page-background-meta":{"desktop":{"background-color":"var(--ast-global-color-4)","background-image":"","background-repeat":"repeat","background-position":"center center","background-size":"auto","background-attachment":"scroll","background-type":"","background-media":"","overlay-type":"","overlay-color":"","overlay-opacity":"","overlay-gradient":""},"tablet":{"background-color":"","background-image":"","background-repeat":"repeat","background-position":"center center","background-size":"auto","background-attachment":"scroll","background-type":"","background-media":"","overlay-type":"","overlay-color":"","overlay-opacity":"","overlay-gradient":""},"mobile":{"background-color":"","background-image":"","background-repeat":"repeat","background-position":"center center","background-size":"auto","background-attachment":"scroll","background-type":"","background-media":"","overlay-type":"","overlay-color":"","overlay-opacity":"","overlay-gradient":""}},"ast-content-background-meta":{"desktop":{"background-color":"var(--ast-global-color-5)","background-image":"","background-repeat":"repeat","background-position":"center center","background-size":"auto","background-attachment":"scroll","background-type":"","background-media":"","overlay-type":"","overlay-color":"","overlay-opacity":"","overlay-gradient":""},"tablet":{"background-color":"var(--ast-global-color-5)","background-image":"","background-repeat":"repeat","background-position":"center center","background-size":"auto","background-attachment":"scroll","background-type":"","background-media":"","overlay-type":"","overlay-color":"","overlay-opacity":"","overlay-gradient":""},"mobile":{"background-color":"var(--ast-global-color-5)","background-image":"","background-repeat":"repeat","background-position":"center center","background-size":"auto","background-attachment":"scroll","background-type":"","background-media":"","overlay-type":"","overlay-color":"","overlay-opacity":"","overlay-gradient":""}},"footnotes":""},"class_list":["post-1337","page","type-page","status-publish","hentry"],"post_mailing_queue_ids":[],"_links":{"self":[{"href":"https:\/\/agora.xtec.cat\/escola-marinada-cambrils\/wp-json\/wp\/v2\/pages\/1337","targetHints":{"allow":["GET"]}}],"collection":[{"href":"https:\/\/agora.xtec.cat\/escola-marinada-cambrils\/wp-json\/wp\/v2\/pages"}],"about":[{"href":"https:\/\/agora.xtec.cat\/escola-marinada-cambrils\/wp-json\/wp\/v2\/types\/page"}],"author":[{"embeddable":true,"href":"https:\/\/agora.xtec.cat\/escola-marinada-cambrils\/wp-json\/wp\/v2\/users\/1"}],"replies":[{"embeddable":true,"href":"https:\/\/agora.xtec.cat\/escola-marinada-cambrils\/wp-json\/wp\/v2\/comments?post=1337"}],"version-history":[{"count":6,"href":"https:\/\/agora.xtec.cat\/escola-marinada-cambrils\/wp-json\/wp\/v2\/pages\/1337\/revisions"}],"predecessor-version":[{"id":1400,"href":"https:\/\/agora.xtec.cat\/escola-marinada-cambrils\/wp-json\/wp\/v2\/pages\/1337\/revisions\/1400"}],"wp:attachment":[{"href":"https:\/\/agora.xtec.cat\/escola-marinada-cambrils\/wp-json\/wp\/v2\/media?parent=1337"}],"curies":[{"name":"wp","href":"https:\/\/api.w.org\/{rel}","templated":true}]}}