{"id":1336,"date":"2026-02-23T18:19:00","date_gmt":"2026-02-23T17:19:00","guid":{"rendered":"https:\/\/agora.xtec.cat\/escola-marinada-cambrils\/?page_id=1336"},"modified":"2026-02-26T00:01:14","modified_gmt":"2026-02-25T23:01:14","slug":"cicle-inicial","status":"publish","type":"page","link":"https:\/\/agora.xtec.cat\/escola-marinada-cambrils\/cicle-inicial\/","title":{"rendered":"Cicle Inicial"},"content":{"rendered":"<p data-start=\"0\" data-end=\"289\">El <strong data-start=\"3\" data-end=\"20\">cicle inicial<\/strong> \u00e9s la primera etapa de l\u2019educaci\u00f3 prim\u00e0ria i compr\u00e8n <strong data-start=\"74\" data-end=\"97\">primer i segon curs<\/strong>. \u00c9s un moment clau en el desenvolupament dels infants, ja que s\u2019hi consoliden les bases dels aprenentatges fonamentals i es fomenta el gust per aprendre, la curiositat i l\u2019autonomia personal.<\/p>\n<p data-start=\"319\" data-end=\"665\">Durant aquests dos cursos, els infants fan el pas definitiu cap a l\u2019aprenentatge m\u00e9s estructurat, tot mantenint una metodologia vivencial, manipulativa i significativa. Es treballa per desenvolupar habilitats b\u00e0siques com la lectura, l\u2019escriptura, el c\u00e0lcul, l\u2019expressi\u00f3 oral i la conviv\u00e8ncia, sempre respectant el ritme maduratiu de cada alumne.<\/p>\n<p data-start=\"667\" data-end=\"878\">L\u2019objectiu principal \u00e9s que els nens i nenes guanyin seguretat en si mateixos, descobreixin el plaer d\u2019aprendre i construeixin coneixements s\u00f2lids que els permetin avan\u00e7ar amb confian\u00e7a en les etapes posteriors<\/p>\n<h2 data-start=\"880\" data-end=\"916\">Com es treballa a primer i segon?<\/h2>\n<p data-start=\"917\" data-end=\"1137\">Al cicle inicial es promou un aprenentatge actiu i participatiu. L\u2019alumnat \u00e9s el protagonista del seu propi proc\u00e9s d\u2019aprenentatge, i el professorat acompanya, orienta i adapta les propostes a les necessitats individuals.<\/p>\n<p data-start=\"917\" data-end=\"1137\">En definitiva, el cicle inicial \u00e9s una etapa d\u2019aprenentatges fonamentals, descoberta i creixement personal, on es posen les bases acad\u00e8miques, emocionals i socials que acompanyaran els infants al llarg de tota la seva escolaritat.<\/p>\n<h2><strong>Visita els blogs de Cicle Inicial<\/strong><\/h2>\n<p><a href=\"https:\/\/sites.google.com\/escolamarinada.org\/congreiesparrall\/p%C3%A0gina-principal\">1r Congre i Esparrall<\/a><\/p>\n<p><a href=\"https:\/\/sites.google.com\/escolamarinada.org\/bloc23-24\/p%C3%A0gina-principal\">2n Llenguado i Llisa<\/a><\/p>\n<p data-start=\"917\" data-end=\"1137\">\n","protected":false},"excerpt":{"rendered":"<p>El cicle inicial \u00e9s la primera etapa de l\u2019educaci\u00f3 prim\u00e0ria i compr\u00e8n primer i segon curs. \u00c9s un moment clau en el desenvolupament dels infants, ja que s\u2019hi consoliden les bases dels aprenentatges fonamentals i es fomenta el gust per aprendre, la curiositat i l\u2019autonomia personal. Durant aquests dos cursos, els infants fan el pas [&hellip;]<\/p>\n","protected":false},"author":1,"featured_media":0,"parent":0,"menu_order":0,"comment_status":"closed","ping_status":"closed","template":"","meta":{"_bbp_topic_count":0,"_bbp_reply_count":0,"_bbp_total_topic_count":0,"_bbp_total_reply_count":0,"_bbp_voice_count":0,"_bbp_anonymous_reply_count":0,"_bbp_topic_count_hidden":0,"_bbp_reply_count_hidden":0,"_bbp_forum_subforum_count":0,"site-sidebar-layout":"default","site-content-layout":"","ast-site-content-layout":"default","site-content-style":"default","site-sidebar-style":"default","ast-global-header-display":"","ast-banner-title-visibility":"","ast-main-header-display":"","ast-hfb-above-header-display":"","ast-hfb-below-header-display":"","ast-hfb-mobile-header-display":"","site-post-title":"","ast-breadcrumbs-content":"","ast-featured-img":"","footer-sml-layout":"","theme-transparent-header-meta":"default","adv-header-id-meta":"","stick-header-meta":"","header-above-stick-meta":"","header-main-stick-meta":"","header-below-stick-meta":"","astra-migrate-meta-layouts":"set","ast-page-background-enabled":"default","ast-page-background-meta":{"desktop":{"background-color":"var(--ast-global-color-4)","background-image":"","background-repeat":"repeat","background-position":"center center","background-size":"auto","background-attachment":"scroll","background-type":"","background-media":"","overlay-type":"","overlay-color":"","overlay-opacity":"","overlay-gradient":""},"tablet":{"background-color":"","background-image":"","background-repeat":"repeat","background-position":"center center","background-size":"auto","background-attachment":"scroll","background-type":"","background-media":"","overlay-type":"","overlay-color":"","overlay-opacity":"","overlay-gradient":""},"mobile":{"background-color":"","background-image":"","background-repeat":"repeat","background-position":"center center","background-size":"auto","background-attachment":"scroll","background-type":"","background-media":"","overlay-type":"","overlay-color":"","overlay-opacity":"","overlay-gradient":""}},"ast-content-background-meta":{"desktop":{"background-color":"var(--ast-global-color-5)","background-image":"","background-repeat":"repeat","background-position":"center center","background-size":"auto","background-attachment":"scroll","background-type":"","background-media":"","overlay-type":"","overlay-color":"","overlay-opacity":"","overlay-gradient":""},"tablet":{"background-color":"var(--ast-global-color-5)","background-image":"","background-repeat":"repeat","background-position":"center center","background-size":"auto","background-attachment":"scroll","background-type":"","background-media":"","overlay-type":"","overlay-color":"","overlay-opacity":"","overlay-gradient":""},"mobile":{"background-color":"var(--ast-global-color-5)","background-image":"","background-repeat":"repeat","background-position":"center center","background-size":"auto","background-attachment":"scroll","background-type":"","background-media":"","overlay-type":"","overlay-color":"","overlay-opacity":"","overlay-gradient":""}},"footnotes":""},"class_list":["post-1336","page","type-page","status-publish","hentry"],"post_mailing_queue_ids":[],"_links":{"self":[{"href":"https:\/\/agora.xtec.cat\/escola-marinada-cambrils\/wp-json\/wp\/v2\/pages\/1336","targetHints":{"allow":["GET"]}}],"collection":[{"href":"https:\/\/agora.xtec.cat\/escola-marinada-cambrils\/wp-json\/wp\/v2\/pages"}],"about":[{"href":"https:\/\/agora.xtec.cat\/escola-marinada-cambrils\/wp-json\/wp\/v2\/types\/page"}],"author":[{"embeddable":true,"href":"https:\/\/agora.xtec.cat\/escola-marinada-cambrils\/wp-json\/wp\/v2\/users\/1"}],"replies":[{"embeddable":true,"href":"https:\/\/agora.xtec.cat\/escola-marinada-cambrils\/wp-json\/wp\/v2\/comments?post=1336"}],"version-history":[{"count":7,"href":"https:\/\/agora.xtec.cat\/escola-marinada-cambrils\/wp-json\/wp\/v2\/pages\/1336\/revisions"}],"predecessor-version":[{"id":1399,"href":"https:\/\/agora.xtec.cat\/escola-marinada-cambrils\/wp-json\/wp\/v2\/pages\/1336\/revisions\/1399"}],"wp:attachment":[{"href":"https:\/\/agora.xtec.cat\/escola-marinada-cambrils\/wp-json\/wp\/v2\/media?parent=1336"}],"curies":[{"name":"wp","href":"https:\/\/api.w.org\/{rel}","templated":true}]}}