{"id":1081,"date":"2025-10-29T15:51:57","date_gmt":"2025-10-29T14:51:57","guid":{"rendered":"https:\/\/agora.xtec.cat\/escola-marinada-cambrils\/?page_id=1081"},"modified":"2026-02-26T00:30:51","modified_gmt":"2026-02-25T23:30:51","slug":"projectes-i-programes-descola","status":"publish","type":"page","link":"https:\/\/agora.xtec.cat\/escola-marinada-cambrils\/projectes-i-programes-descola\/","title":{"rendered":"Projectes i programes d&#8217;escola"},"content":{"rendered":"<h3><strong>Programa mediambiental<a href=\"https:\/\/agora.xtec.cat\/escola-marinada-cambrils\/wp-content\/uploads\/usu2349\/2025\/10\/unnamed.png\"><img loading=\"lazy\" decoding=\"async\" class=\" wp-image-1087 alignright\" src=\"https:\/\/agora.xtec.cat\/escola-marinada-cambrils\/wp-content\/uploads\/usu2349\/2025\/10\/unnamed.png\" alt=\"\" width=\"258\" height=\"210\" \/><\/a><\/strong><\/h3>\n<p>Des del curs 2006\/2007, l\u2019escola ha estat desenvolupant el Projecte Mediambiental i, finalment, el curs 2012\/2013 va aconseguir la distinci\u00f3 d\u2019ESCOLA VERDA.<br \/>\nEs treballen els seg\u00fcents camps d\u2019acci\u00f3:<br \/>\n&#8211; Reutilitzaci\u00f3 de llibres de text<br \/>\n&#8211; Separaci\u00f3 de deixalles<br \/>\n&#8211; Reducci\u00f3 de residus<br \/>\n&#8211; Esmorzars saludables<br \/>\n&#8211; Hortet escolar i descoberta dels arbres de l\u2019escola<br \/>\n&#8211; Estalvi d\u2019energia<\/p>\n<h3><strong>Programa de reutilitzaci\u00f3 de llibres de text<a href=\"https:\/\/agora.xtec.cat\/escola-marinada-cambrils\/wp-content\/uploads\/usu2349\/2025\/10\/cuidam-color.jpg\"><img loading=\"lazy\" decoding=\"async\" class=\"wp-image-1088 alignleft\" src=\"https:\/\/agora.xtec.cat\/escola-marinada-cambrils\/wp-content\/uploads\/usu2349\/2025\/10\/cuidam-color.jpg\" alt=\"\" width=\"235\" height=\"226\" \/><\/a><\/strong><\/h3>\n<p>Continuem amb el projecte engegat per l\u2019AMPA el curs 2004\/2005: el Programa de Reutilitzaci\u00f3 de llibres de text i material did\u00e0ctic complementari.<br \/>\nEls objectius d\u2019aquest Projecte s\u00f3n:<br \/>\n&#8211; Reduir la despesa familiar en concepte de llibres de text i material.<br \/>\n&#8211; Fomentar la responsabilitat, la capacitat de compartir i el respecte al b\u00e9 com\u00fa.<br \/>\n&#8211; Promoure la cultura del reciclatge i la reutilitzaci\u00f3 dels recursos i educar per al consum racional i sostenible.<br \/>\nDes del curs 2009\/2010, el programa ha arribat al 100% de les fam\u00edlies del centre.<\/p>\n<p>&nbsp;<\/p>\n<h3><strong>Pla de foment de l\u2019esport<\/strong><\/h3>\n<h3><strong><a href=\"https:\/\/agora.xtec.cat\/escola-marinada-cambrils\/wp-content\/uploads\/usu2349\/2025\/10\/MARINADA2.jpg\"><img loading=\"lazy\" decoding=\"async\" class=\" wp-image-1090 alignleft\" src=\"https:\/\/agora.xtec.cat\/escola-marinada-cambrils\/wp-content\/uploads\/usu2349\/2025\/10\/MARINADA2-300x199.jpg\" alt=\"\" width=\"365\" height=\"242\" srcset=\"https:\/\/agora.xtec.cat\/escola-marinada-cambrils\/wp-content\/uploads\/usu2349\/2025\/10\/MARINADA2-300x199.jpg 300w, https:\/\/agora.xtec.cat\/escola-marinada-cambrils\/wp-content\/uploads\/usu2349\/2025\/10\/MARINADA2-1024x680.jpg 1024w, https:\/\/agora.xtec.cat\/escola-marinada-cambrils\/wp-content\/uploads\/usu2349\/2025\/10\/MARINADA2-768x510.jpg 768w, https:\/\/agora.xtec.cat\/escola-marinada-cambrils\/wp-content\/uploads\/usu2349\/2025\/10\/MARINADA2.jpg 1200w\" sizes=\"auto, (max-width: 365px) 100vw, 365px\" \/><\/a><\/strong><\/h3>\n<p>Des de l\u2019escola volem potenciar l\u2019activitat f\u00edsica entre l\u2019alumnat, fer-los part\u00edcips dels esdeveniments esportius que tenen al seu abast i, alhora, emprar aquestes pr\u00e0ctiques per a la difusi\u00f3 i educaci\u00f3 en valors i per a l&#8217;adquisici\u00f3 d&#8217;h\u00e0bits saludables.<\/p>\n<p>Es treballa en les classes d\u2019educaci\u00f3 f\u00edsica i en l\u2019hora del pati, aix\u00ed com en l\u2019organitzaci\u00f3 de jornades espec\u00edfiques: Olimp\u00edada escolar a Reus, nataci\u00f3 a cicle inicial i mitj\u00e0, tennis taula, Gran cursa Marinada i la Jornada esportiva de 5\u00e8.<\/p>\n<p>&nbsp;<\/p>\n<h3><strong>Suport Vital B\u00e0sic<\/strong><\/h3>\n<p>Partim de les seg\u00fcents afirmacions:<a href=\"https:\/\/agora.xtec.cat\/escola-marinada-cambrils\/wp-content\/uploads\/usu2349\/2025\/10\/baixa.jpg\"><img loading=\"lazy\" decoding=\"async\" class=\" wp-image-1091 alignright\" src=\"https:\/\/agora.xtec.cat\/escola-marinada-cambrils\/wp-content\/uploads\/usu2349\/2025\/10\/baixa.jpg\" alt=\"\" width=\"148\" height=\"148\" srcset=\"https:\/\/agora.xtec.cat\/escola-marinada-cambrils\/wp-content\/uploads\/usu2349\/2025\/10\/baixa.jpg 225w, https:\/\/agora.xtec.cat\/escola-marinada-cambrils\/wp-content\/uploads\/usu2349\/2025\/10\/baixa-150x150.jpg 150w\" sizes=\"auto, (max-width: 148px) 100vw, 148px\" \/><\/a><br \/>\n&#8211; El centre docent \u00e9s el millor lloc per adquirir coneixements i habilitats perdurables<br \/>\n&#8211; Els docents s\u00f3n els millors preparats pedag\u00f2gicament per ensenyar als nens<br \/>\n&#8211; Incloure la formaci\u00f3 en el curr\u00edculum escolar fa sostenible el programa ja que no dep\u00e8n d\u2019agents externs a la comunitat educativa per a la formaci\u00f3.<br \/>\n&#8211; La base de la tasca educativa \u00e9s: FORMAR CIUTADANS PREPARATS EN COMPET\u00c8NCIES B\u00c0SIQUES \u00daTILS aplicables a la VIDA DI\u00c0RIA. Con\u00e8ixer les t\u00e8cniques de Suport Vital B\u00e0sic significa con\u00e8ixer com salvar vides.<br \/>\nDavant d\u2019aquestes afirmacions, considerem que la inclusi\u00f3 del SV a l\u2019escola pot preparar la ciutadania per atendre l\u2019ACR a trav\u00e9s de la formaci\u00f3 sistem\u00e0tica en SV en els centres educatius pot contribuir a augmentar la superviv\u00e8ncia de les aturades card\u00edaques de la nostra comunitat.<\/p>\n<p>&nbsp;<\/p>\n","protected":false},"excerpt":{"rendered":"<p>Programa mediambiental Des del curs 2006\/2007, l\u2019escola ha estat desenvolupant el Projecte Mediambiental i, finalment, el curs 2012\/2013 va aconseguir la distinci\u00f3 d\u2019ESCOLA VERDA. Es treballen els seg\u00fcents camps d\u2019acci\u00f3: &#8211; Reutilitzaci\u00f3 de llibres de text &#8211; Separaci\u00f3 de deixalles &#8211; Reducci\u00f3 de residus &#8211; Esmorzars saludables &#8211; Hortet escolar i descoberta dels arbres de [&hellip;]<\/p>\n","protected":false},"author":1,"featured_media":0,"parent":0,"menu_order":0,"comment_status":"closed","ping_status":"closed","template":"","meta":{"_bbp_topic_count":0,"_bbp_reply_count":0,"_bbp_total_topic_count":0,"_bbp_total_reply_count":0,"_bbp_voice_count":0,"_bbp_anonymous_reply_count":0,"_bbp_topic_count_hidden":0,"_bbp_reply_count_hidden":0,"_bbp_forum_subforum_count":0,"site-sidebar-layout":"default","site-content-layout":"","ast-site-content-layout":"default","site-content-style":"default","site-sidebar-style":"default","ast-global-header-display":"","ast-banner-title-visibility":"","ast-main-header-display":"","ast-hfb-above-header-display":"","ast-hfb-below-header-display":"","ast-hfb-mobile-header-display":"","site-post-title":"","ast-breadcrumbs-content":"","ast-featured-img":"","footer-sml-layout":"","theme-transparent-header-meta":"default","adv-header-id-meta":"","stick-header-meta":"","header-above-stick-meta":"","header-main-stick-meta":"","header-below-stick-meta":"","astra-migrate-meta-layouts":"set","ast-page-background-enabled":"default","ast-page-background-meta":{"desktop":{"background-color":"var(--ast-global-color-4)","background-image":"","background-repeat":"repeat","background-position":"center center","background-size":"auto","background-attachment":"scroll","background-type":"","background-media":"","overlay-type":"","overlay-color":"","overlay-opacity":"","overlay-gradient":""},"tablet":{"background-color":"","background-image":"","background-repeat":"repeat","background-position":"center center","background-size":"auto","background-attachment":"scroll","background-type":"","background-media":"","overlay-type":"","overlay-color":"","overlay-opacity":"","overlay-gradient":""},"mobile":{"background-color":"","background-image":"","background-repeat":"repeat","background-position":"center center","background-size":"auto","background-attachment":"scroll","background-type":"","background-media":"","overlay-type":"","overlay-color":"","overlay-opacity":"","overlay-gradient":""}},"ast-content-background-meta":{"desktop":{"background-color":"var(--ast-global-color-5)","background-image":"","background-repeat":"repeat","background-position":"center center","background-size":"auto","background-attachment":"scroll","background-type":"","background-media":"","overlay-type":"","overlay-color":"","overlay-opacity":"","overlay-gradient":""},"tablet":{"background-color":"var(--ast-global-color-5)","background-image":"","background-repeat":"repeat","background-position":"center center","background-size":"auto","background-attachment":"scroll","background-type":"","background-media":"","overlay-type":"","overlay-color":"","overlay-opacity":"","overlay-gradient":""},"mobile":{"background-color":"var(--ast-global-color-5)","background-image":"","background-repeat":"repeat","background-position":"center center","background-size":"auto","background-attachment":"scroll","background-type":"","background-media":"","overlay-type":"","overlay-color":"","overlay-opacity":"","overlay-gradient":""}},"footnotes":""},"class_list":["post-1081","page","type-page","status-publish","hentry"],"post_mailing_queue_ids":[],"_links":{"self":[{"href":"https:\/\/agora.xtec.cat\/escola-marinada-cambrils\/wp-json\/wp\/v2\/pages\/1081","targetHints":{"allow":["GET"]}}],"collection":[{"href":"https:\/\/agora.xtec.cat\/escola-marinada-cambrils\/wp-json\/wp\/v2\/pages"}],"about":[{"href":"https:\/\/agora.xtec.cat\/escola-marinada-cambrils\/wp-json\/wp\/v2\/types\/page"}],"author":[{"embeddable":true,"href":"https:\/\/agora.xtec.cat\/escola-marinada-cambrils\/wp-json\/wp\/v2\/users\/1"}],"replies":[{"embeddable":true,"href":"https:\/\/agora.xtec.cat\/escola-marinada-cambrils\/wp-json\/wp\/v2\/comments?post=1081"}],"version-history":[{"count":6,"href":"https:\/\/agora.xtec.cat\/escola-marinada-cambrils\/wp-json\/wp\/v2\/pages\/1081\/revisions"}],"predecessor-version":[{"id":1083,"href":"https:\/\/agora.xtec.cat\/escola-marinada-cambrils\/wp-json\/wp\/v2\/pages\/1081\/revisions\/1083"}],"wp:attachment":[{"href":"https:\/\/agora.xtec.cat\/escola-marinada-cambrils\/wp-json\/wp\/v2\/media?parent=1081"}],"curies":[{"name":"wp","href":"https:\/\/api.w.org\/{rel}","templated":true}]}}