{"id":1061,"date":"2025-10-29T10:09:20","date_gmt":"2025-10-29T09:09:20","guid":{"rendered":"https:\/\/agora.xtec.cat\/escola-marinada-cambrils\/?page_id=1061"},"modified":"2026-02-25T23:51:24","modified_gmt":"2026-02-25T22:51:24","slug":"definicio-del-centre","status":"publish","type":"page","link":"https:\/\/agora.xtec.cat\/escola-marinada-cambrils\/lescola\/definicio-del-centre\/","title":{"rendered":"Trets d&#8217;identitat"},"content":{"rendered":"<h6>La nostra tasca es concreta amb els seg\u00fcents trets d&#8217;identitat:<\/h6>\n<p>&#8211; Una <strong>escola catalana<\/strong> que fomenti el coneixement de la llengua i la cultura.<br \/>\n&#8211; Una escola acollidora i plural on es<strong> promoguin els valors de conviv\u00e8ncia i toler\u00e0ncia<\/strong>, principis b\u00e0sics d\u2019una societat democr\u00e0tica.<br \/>\n&#8211; Una escola que compti amb tota la comunitat educativa, que sigui oberta, flexible i <strong>participativa<\/strong>.<br \/>\n&#8211; Una escola <strong>activa<\/strong> que promogui la innovaci\u00f3 pedag\u00f2gica.<br \/>\n&#8211; Una escola que promogui l\u2019assoliment de les <strong>compet\u00e8ncies b\u00e0siques<\/strong> de l\u2019alumnat tenint en compte els quatre pilars de l\u2019educaci\u00f3: aprendre a ser, aprendre a fer, aprendre a con\u00e8ixer, aprendre a conviure.<br \/>\n&#8211; Una escola que sensibilitzi pel <strong>respecte al medi ambient<\/strong> fomentant l\u2019h\u00e0bit de les 3R:<br \/>\nreduir, reciclar i reutilitzar.<br \/>\n&#8211; Una escola que fomenti els <strong>h\u00e0bits saludables<\/strong>: menjar sa i fer esport.<\/p>\n","protected":false},"excerpt":{"rendered":"<p>La nostra tasca es concreta amb els seg\u00fcents trets d&#8217;identitat: &#8211; Una escola catalana que fomenti el coneixement de la llengua i la cultura. &#8211; Una escola acollidora i plural on es promoguin els valors de conviv\u00e8ncia i toler\u00e0ncia, principis b\u00e0sics d\u2019una societat democr\u00e0tica. &#8211; Una escola que compti amb tota la comunitat educativa, que [&hellip;]<\/p>\n","protected":false},"author":1,"featured_media":0,"parent":22,"menu_order":1,"comment_status":"closed","ping_status":"closed","template":"","meta":{"_bbp_topic_count":0,"_bbp_reply_count":0,"_bbp_total_topic_count":0,"_bbp_total_reply_count":0,"_bbp_voice_count":0,"_bbp_anonymous_reply_count":0,"_bbp_topic_count_hidden":0,"_bbp_reply_count_hidden":0,"_bbp_forum_subforum_count":0,"site-sidebar-layout":"default","site-content-layout":"","ast-site-content-layout":"default","site-content-style":"default","site-sidebar-style":"default","ast-global-header-display":"","ast-banner-title-visibility":"","ast-main-header-display":"","ast-hfb-above-header-display":"","ast-hfb-below-header-display":"","ast-hfb-mobile-header-display":"","site-post-title":"","ast-breadcrumbs-content":"","ast-featured-img":"","footer-sml-layout":"","theme-transparent-header-meta":"default","adv-header-id-meta":"","stick-header-meta":"","header-above-stick-meta":"","header-main-stick-meta":"","header-below-stick-meta":"","astra-migrate-meta-layouts":"set","ast-page-background-enabled":"default","ast-page-background-meta":{"desktop":{"background-color":"var(--ast-global-color-4)","background-image":"","background-repeat":"repeat","background-position":"center center","background-size":"auto","background-attachment":"scroll","background-type":"","background-media":"","overlay-type":"","overlay-color":"","overlay-opacity":"","overlay-gradient":""},"tablet":{"background-color":"","background-image":"","background-repeat":"repeat","background-position":"center center","background-size":"auto","background-attachment":"scroll","background-type":"","background-media":"","overlay-type":"","overlay-color":"","overlay-opacity":"","overlay-gradient":""},"mobile":{"background-color":"","background-image":"","background-repeat":"repeat","background-position":"center center","background-size":"auto","background-attachment":"scroll","background-type":"","background-media":"","overlay-type":"","overlay-color":"","overlay-opacity":"","overlay-gradient":""}},"ast-content-background-meta":{"desktop":{"background-color":"var(--ast-global-color-5)","background-image":"","background-repeat":"repeat","background-position":"center center","background-size":"auto","background-attachment":"scroll","background-type":"","background-media":"","overlay-type":"","overlay-color":"","overlay-opacity":"","overlay-gradient":""},"tablet":{"background-color":"var(--ast-global-color-5)","background-image":"","background-repeat":"repeat","background-position":"center center","background-size":"auto","background-attachment":"scroll","background-type":"","background-media":"","overlay-type":"","overlay-color":"","overlay-opacity":"","overlay-gradient":""},"mobile":{"background-color":"var(--ast-global-color-5)","background-image":"","background-repeat":"repeat","background-position":"center center","background-size":"auto","background-attachment":"scroll","background-type":"","background-media":"","overlay-type":"","overlay-color":"","overlay-opacity":"","overlay-gradient":""}},"footnotes":""},"class_list":["post-1061","page","type-page","status-publish","hentry"],"post_mailing_queue_ids":[],"_links":{"self":[{"href":"https:\/\/agora.xtec.cat\/escola-marinada-cambrils\/wp-json\/wp\/v2\/pages\/1061","targetHints":{"allow":["GET"]}}],"collection":[{"href":"https:\/\/agora.xtec.cat\/escola-marinada-cambrils\/wp-json\/wp\/v2\/pages"}],"about":[{"href":"https:\/\/agora.xtec.cat\/escola-marinada-cambrils\/wp-json\/wp\/v2\/types\/page"}],"author":[{"embeddable":true,"href":"https:\/\/agora.xtec.cat\/escola-marinada-cambrils\/wp-json\/wp\/v2\/users\/1"}],"replies":[{"embeddable":true,"href":"https:\/\/agora.xtec.cat\/escola-marinada-cambrils\/wp-json\/wp\/v2\/comments?post=1061"}],"version-history":[{"count":6,"href":"https:\/\/agora.xtec.cat\/escola-marinada-cambrils\/wp-json\/wp\/v2\/pages\/1061\/revisions"}],"predecessor-version":[{"id":1398,"href":"https:\/\/agora.xtec.cat\/escola-marinada-cambrils\/wp-json\/wp\/v2\/pages\/1061\/revisions\/1398"}],"up":[{"embeddable":true,"href":"https:\/\/agora.xtec.cat\/escola-marinada-cambrils\/wp-json\/wp\/v2\/pages\/22"}],"wp:attachment":[{"href":"https:\/\/agora.xtec.cat\/escola-marinada-cambrils\/wp-json\/wp\/v2\/media?parent=1061"}],"curies":[{"name":"wp","href":"https:\/\/api.w.org\/{rel}","templated":true}]}}