{"id":3919,"date":"2024-04-04T12:14:42","date_gmt":"2024-04-04T10:14:42","guid":{"rendered":"https:\/\/agora.xtec.cat\/escola-lespinediques\/?page_id=3919"},"modified":"2025-03-03T10:15:18","modified_gmt":"2025-03-03T09:15:18","slug":"documents","status":"publish","type":"page","link":"https:\/\/agora.xtec.cat\/escola-lespinediques\/projecte-pedagogic\/documents\/","title":{"rendered":"Documents"},"content":{"rendered":"<p>En aquesta p\u00e0gina podeu trobar els diferents documents de centre<\/p>\n<p><a href=\"https:\/\/drive.google.com\/file\/d\/1u-DP1G_hK1Fdf_r3J211daT2M5MfRpvc\/view?usp=sharing\" target=\"_blank\" rel=\"noopener\">&#8211; Projecte educatiu de centre (PEC)<\/a><\/p>\n<p><span style=\"font-family: inherit; font-size: 1em;\">&#8211; Normes d&#8217;organitzaci\u00f3 i funcionament de centre<span style=\"color: #ff6600;\"> ( NOFC )\u00a0\u00a0en revisi\u00f3\u00a0<\/span><\/span><\/p>\n<p><a href=\"https:\/\/drive.google.com\/file\/d\/1Udy0e8ONEujwYZnPh_NW6Igt_40vT2bz\/view?usp=sharing\" target=\"_blank\" rel=\"noopener\">&#8211; Projecte ling\u00fc\u00edstic<\/a><\/p>\n<p><a href=\"https:\/\/drive.google.com\/file\/d\/1nPDKwHI4BhV77PNwQw1xXXTGat_hqIX2\/view?usp=drive_link\" target=\"_blank\" rel=\"noopener\">&#8211; Pla de conviv\u00e8ncia<\/a><\/p>\n<p><a href=\"https:\/\/drive.google.com\/file\/d\/1b9DHeRzb3oItgojppI_iRpUvQvjiuaKw\/view?usp=sharing\" target=\"_blank\" rel=\"noopener\">&#8211; Protocol de prevenci\u00f3, detecci\u00f3 i intervenci\u00f3 enfront l\u2019assetjament escolar de l\u2019escola Les Pinediques<\/a><\/p>\n<p><a href=\"https:\/\/drive.google.com\/file\/d\/1CnAH85McDGDJkztRRsP41w1bGoy6hvtn\/view?usp=sharing\" target=\"_blank\" rel=\"noopener\">&#8211; Protocol de prevenci\u00f3, detecci\u00f3 i intervenci\u00f3 enfront l\u2019assetjament escolar del Departament d&#8217;Educaci\u00f3<\/a><\/p>\n<p><span style=\"font-weight: 400;\">&#8211; Pla de menjador<\/span><\/p>\n<p>&#8211;<a href=\"https:\/\/drive.google.com\/file\/d\/1mant-5nceEG5RUKxW9dcM_w1gDe-fzgq\/view?usp=sharing\"> Protocol de nevades<\/a><\/p>\n<p><a href=\"https:\/\/drive.google.com\/file\/d\/1pGXJRPQgPR6xYNzUHx8QwxkR8k6lGYJs\/view?usp=sharing\" target=\"_blank\" rel=\"noopener\">&#8211; Carta de comprom\u00eds educatiu<\/a><\/p>\n","protected":false},"excerpt":{"rendered":"<p>En aquesta p\u00e0gina podeu trobar els diferents documents de centre &#8211; Projecte educatiu de centre (PEC) &#8211; Normes d&#8217;organitzaci\u00f3 i funcionament de centre ( NOFC )\u00a0\u00a0en revisi\u00f3\u00a0 &#8211; Projecte ling\u00fc\u00edstic &#8211; Pla de conviv\u00e8ncia &#8211; Protocol de prevenci\u00f3, detecci\u00f3 i intervenci\u00f3 enfront l\u2019assetjament escolar de l\u2019escola Les Pinediques &#8211; Protocol de prevenci\u00f3, detecci\u00f3 i intervenci\u00f3 [&hellip;]<\/p>\n","protected":false},"author":1,"featured_media":0,"parent":951,"menu_order":0,"comment_status":"closed","ping_status":"closed","template":"","meta":{"_bbp_topic_count":0,"_bbp_reply_count":0,"_bbp_total_topic_count":0,"_bbp_total_reply_count":0,"_bbp_voice_count":0,"_bbp_anonymous_reply_count":0,"_bbp_topic_count_hidden":0,"_bbp_reply_count_hidden":0,"_bbp_forum_subforum_count":0,"site-sidebar-layout":"default","site-content-layout":"","ast-site-content-layout":"","site-content-style":"default","site-sidebar-style":"default","ast-global-header-display":"","ast-banner-title-visibility":"","ast-main-header-display":"","ast-hfb-above-header-display":"","ast-hfb-below-header-display":"","ast-hfb-mobile-header-display":"","site-post-title":"","ast-breadcrumbs-content":"","ast-featured-img":"","footer-sml-layout":"","theme-transparent-header-meta":"","adv-header-id-meta":"","stick-header-meta":"","header-above-stick-meta":"","header-main-stick-meta":"","header-below-stick-meta":"","astra-migrate-meta-layouts":"default","ast-page-background-enabled":"default","ast-page-background-meta":{"desktop":{"background-color":"var(--ast-global-color-4)","background-image":"","background-repeat":"repeat","background-position":"center center","background-size":"auto","background-attachment":"scroll","background-type":"","background-media":"","overlay-type":"","overlay-color":"","overlay-opacity":"","overlay-gradient":""},"tablet":{"background-color":"","background-image":"","background-repeat":"repeat","background-position":"center center","background-size":"auto","background-attachment":"scroll","background-type":"","background-media":"","overlay-type":"","overlay-color":"","overlay-opacity":"","overlay-gradient":""},"mobile":{"background-color":"","background-image":"","background-repeat":"repeat","background-position":"center center","background-size":"auto","background-attachment":"scroll","background-type":"","background-media":"","overlay-type":"","overlay-color":"","overlay-opacity":"","overlay-gradient":""}},"ast-content-background-meta":{"desktop":{"background-color":"var(--ast-global-color-5)","background-image":"","background-repeat":"repeat","background-position":"center center","background-size":"auto","background-attachment":"scroll","background-type":"","background-media":"","overlay-type":"","overlay-color":"","overlay-opacity":"","overlay-gradient":""},"tablet":{"background-color":"var(--ast-global-color-5)","background-image":"","background-repeat":"repeat","background-position":"center center","background-size":"auto","background-attachment":"scroll","background-type":"","background-media":"","overlay-type":"","overlay-color":"","overlay-opacity":"","overlay-gradient":""},"mobile":{"background-color":"var(--ast-global-color-5)","background-image":"","background-repeat":"repeat","background-position":"center center","background-size":"auto","background-attachment":"scroll","background-type":"","background-media":"","overlay-type":"","overlay-color":"","overlay-opacity":"","overlay-gradient":""}},"footnotes":""},"class_list":["post-3919","page","type-page","status-publish","hentry"],"post_mailing_queue_ids":[],"_links":{"self":[{"href":"https:\/\/agora.xtec.cat\/escola-lespinediques\/wp-json\/wp\/v2\/pages\/3919","targetHints":{"allow":["GET"]}}],"collection":[{"href":"https:\/\/agora.xtec.cat\/escola-lespinediques\/wp-json\/wp\/v2\/pages"}],"about":[{"href":"https:\/\/agora.xtec.cat\/escola-lespinediques\/wp-json\/wp\/v2\/types\/page"}],"author":[{"embeddable":true,"href":"https:\/\/agora.xtec.cat\/escola-lespinediques\/wp-json\/wp\/v2\/users\/1"}],"replies":[{"embeddable":true,"href":"https:\/\/agora.xtec.cat\/escola-lespinediques\/wp-json\/wp\/v2\/comments?post=3919"}],"version-history":[{"count":7,"href":"https:\/\/agora.xtec.cat\/escola-lespinediques\/wp-json\/wp\/v2\/pages\/3919\/revisions"}],"predecessor-version":[{"id":4325,"href":"https:\/\/agora.xtec.cat\/escola-lespinediques\/wp-json\/wp\/v2\/pages\/3919\/revisions\/4325"}],"up":[{"embeddable":true,"href":"https:\/\/agora.xtec.cat\/escola-lespinediques\/wp-json\/wp\/v2\/pages\/951"}],"wp:attachment":[{"href":"https:\/\/agora.xtec.cat\/escola-lespinediques\/wp-json\/wp\/v2\/media?parent=3919"}],"curies":[{"name":"wp","href":"https:\/\/api.w.org\/{rel}","templated":true}]}}