{"id":3308,"date":"2023-03-15T16:29:32","date_gmt":"2023-03-15T15:29:32","guid":{"rendered":"https:\/\/agora.xtec.cat\/escola-lespinediques\/?page_id=3308"},"modified":"2023-03-23T09:29:17","modified_gmt":"2023-03-23T08:29:17","slug":"enllacos-dinteres","status":"publish","type":"page","link":"https:\/\/agora.xtec.cat\/escola-lespinediques\/enllacos-dinteres\/","title":{"rendered":"Enlla\u00e7os d&#8217;inter\u00e8s"},"content":{"rendered":"<p><strong>RECURSOS DE LECTURA PER APROPAR ELS LLIBRES A INFANTS I JOVES!<\/strong><\/p>\n<p><img loading=\"lazy\" decoding=\"async\" class=\"aligncenter\" src=\"https:\/\/beyondthepage.co.uk\/media\/catalog\/product\/cache\/311febe297c8cb7ebe5f422df3ac0ac1\/r\/o\/roald-dahl-quentin-blake-matilda-never-do-anything-by-halves-print.jpg\" alt=\"Roald Dahl - Never do anything by halves - Matilda - Quentin Blake\" width=\"197\" height=\"184\" \/><\/p>\n<p><strong><a href=\"https:\/\/www.ibbycat.cat\/actualitat\/\">Ibbycat<\/a><\/strong>: IBBYcat \u00e9s la marca del Consell Catal\u00e0 del Llibre Infantil i Juvenil, una federaci\u00f3 d&#8217;organismes sense \u00e0nim de lucre que representa tots els sectors de la LIJ en llengua catalana. <span lang=\"ca\" xml:lang=\"ca\">L&#8217;IBBYcat \u00a0forma part tamb\u00e9 del Consell Assessor de la Instituci\u00f3 de les Lletres Catalanes.<\/span><span lang=\"ca\" xml:lang=\"ca\">\u00a0<\/span><\/p>\n<p><img loading=\"lazy\" decoding=\"async\" class=\"aligncenter\" src=\"https:\/\/www.ibbycat.cat\/wp-content\/uploads\/logo-ibbycat.svg\" alt=\"Inici - Ibbycat\" width=\"233\" height=\"95\" \/><\/p>\n<p>&nbsp;<\/p>\n<p><a href=\"https:\/\/llibresalrepla.cat\/?lang=es\"><strong>Llibres al repl\u00e0<\/strong><\/a>: un recull d&#8217;articles, cr\u00edtiques lietr\u00e0ries i ressenyes entorn la Literatura Infantil i Juvenil!<\/p>\n<p><img loading=\"lazy\" decoding=\"async\" class=\"aligncenter\" src=\"https:\/\/llibresalrepla.cat\/wp-content\/uploads\/2021\/07\/capcalera_2a_epoca_1920-480.jpg\" alt=\"Llibres al repl\u00e0\" width=\"320\" height=\"80\" \/><\/p>\n<p>&nbsp;<\/p>\n<p><a href=\"https:\/\/jaumecentelles.cat\/\"><strong>La invitaci\u00f3 a la lectura: <\/strong><\/a>un calaix de sastre amb recomanacions de llibres, esdeveniments destacats entorn el mon de la LIJ catalana, a c\u00e0rrec de Jaume Centelles.<\/p>\n<p><img loading=\"lazy\" decoding=\"async\" class=\"aligncenter\" src=\"https:\/\/www.taradell.cat\/img\/350-0-ESCALA_INF\/logo_pastilla.jpg\" alt=\"Biblioteca Antoni Pladevall i Font - Ajuntament de Taradell\" width=\"133\" height=\"126\" \/><\/p>\n<p><a href=\"https:\/\/www.taradell.cat\/biblioteca-de-taradell\/sala-infantil.html\"><strong>Biblioteca Pladevall de Taradell<\/strong><\/a><\/p>\n<p>&nbsp;<\/p>\n<p><a href=\"https:\/\/www.taradell.cat\/biblioteca-de-taradell\/sala-infantil.html\"><strong><img loading=\"lazy\" decoding=\"async\" class=\"aligncenter\" src=\"https:\/\/www.rosasensat.org\/wp-content\/uploads\/2022\/03\/Minibats-1.png\" alt=\"Escola de Primavera de Rosa Sensat 2022: Inscripcions obertes! - Rosa Sensat\" width=\"312\" height=\"83\" \/><\/strong><\/a><\/p>\n<p><strong><a href=\"https:\/\/www.rosasensat.org\/es\/biblioteca\/activitats\/minibats-biblioteques-tematiques-ambulants\/\">Els<\/a><a href=\"https:\/\/www.rosasensat.org\/es\/biblioteca\/activitats\/minibats-biblioteques-tematiques-ambulants\/\"> M<\/a><a href=\"https:\/\/www.rosasensat.org\/es\/biblioteca\/activitats\/minibats-biblioteques-tematiques-ambulants\/\">inBats<\/a><a href=\"https:\/\/www.rosasensat.org\/es\/biblioteca\/activitats\/minibats-biblioteques-tematiques-ambulants\/\"> de l&#8217;AMRS<\/a><\/strong><a href=\"https:\/\/www.rosasensat.org\/es\/biblioteca\/activitats\/minibats-biblioteques-tematiques-ambulants\/\">: <\/a>biblioteques tem\u00e0tiques ambulants.<\/p>\n<p>&nbsp;<\/p>\n<p><img loading=\"lazy\" decoding=\"async\" class=\"aligncenter\" src=\"https:\/\/www.rosasensat.org\/wp-content\/uploads\/2022\/12\/el-garbell-1024x790.jpg\" alt=\"El Garbell n\u00fam. 26 \u2013 Hivern 2022 - Rosa Sensat\" width=\"216\" height=\"167\" \/><\/p>\n<p><a href=\"https:\/\/www.rosasensat.org\/biblioteca\/recursos\/el-garbell\/\"><strong>El Garbell i La Granera<\/strong><\/a>: s\u00f3n els butlletins peri\u00f2dics de la Biblioteca Rosa Sensat, que fa una selecci\u00f3 dels llibres que han arribat a la Biblioteca.<\/p>\n<p>&nbsp;<\/p>\n<p><img loading=\"lazy\" decoding=\"async\" class=\"aligncenter\" src=\"http:\/\/cavallfort.cat\/wp-content\/uploads\/2022\/01\/onze-290x300.jpg\" width=\"187\" height=\"193\" \/><\/p>\n<h4><a href=\"http:\/\/cavallfort.cat\/\">Revistes LIJ: Cavall Fort i Tatano, adre\u00e7ades a infants i joves<\/a><\/h4>\n<p>&nbsp;<\/p>\n","protected":false},"excerpt":{"rendered":"<p>RECURSOS DE LECTURA PER APROPAR ELS LLIBRES A INFANTS I JOVES! Ibbycat: IBBYcat \u00e9s la marca del Consell Catal\u00e0 del Llibre Infantil i Juvenil, una federaci\u00f3 d&#8217;organismes sense \u00e0nim de lucre que representa tots els sectors de la LIJ en llengua catalana. L&#8217;IBBYcat \u00a0forma part tamb\u00e9 del Consell Assessor de la Instituci\u00f3 de les Lletres [&hellip;]<\/p>\n","protected":false},"author":1,"featured_media":0,"parent":0,"menu_order":0,"comment_status":"closed","ping_status":"closed","template":"","meta":{"_bbp_topic_count":0,"_bbp_reply_count":0,"_bbp_total_topic_count":0,"_bbp_total_reply_count":0,"_bbp_voice_count":0,"_bbp_anonymous_reply_count":0,"_bbp_topic_count_hidden":0,"_bbp_reply_count_hidden":0,"_bbp_forum_subforum_count":0,"site-sidebar-layout":"default","site-content-layout":"","ast-site-content-layout":"","site-content-style":"default","site-sidebar-style":"default","ast-global-header-display":"","ast-banner-title-visibility":"","ast-main-header-display":"","ast-hfb-above-header-display":"","ast-hfb-below-header-display":"","ast-hfb-mobile-header-display":"","site-post-title":"","ast-breadcrumbs-content":"","ast-featured-img":"","footer-sml-layout":"","theme-transparent-header-meta":"","adv-header-id-meta":"","stick-header-meta":"","header-above-stick-meta":"","header-main-stick-meta":"","header-below-stick-meta":"","astra-migrate-meta-layouts":"default","ast-page-background-enabled":"default","ast-page-background-meta":{"desktop":{"background-color":"var(--ast-global-color-4)","background-image":"","background-repeat":"repeat","background-position":"center center","background-size":"auto","background-attachment":"scroll","background-type":"","background-media":"","overlay-type":"","overlay-color":"","overlay-opacity":"","overlay-gradient":""},"tablet":{"background-color":"","background-image":"","background-repeat":"repeat","background-position":"center center","background-size":"auto","background-attachment":"scroll","background-type":"","background-media":"","overlay-type":"","overlay-color":"","overlay-opacity":"","overlay-gradient":""},"mobile":{"background-color":"","background-image":"","background-repeat":"repeat","background-position":"center center","background-size":"auto","background-attachment":"scroll","background-type":"","background-media":"","overlay-type":"","overlay-color":"","overlay-opacity":"","overlay-gradient":""}},"ast-content-background-meta":{"desktop":{"background-color":"var(--ast-global-color-5)","background-image":"","background-repeat":"repeat","background-position":"center center","background-size":"auto","background-attachment":"scroll","background-type":"","background-media":"","overlay-type":"","overlay-color":"","overlay-opacity":"","overlay-gradient":""},"tablet":{"background-color":"var(--ast-global-color-5)","background-image":"","background-repeat":"repeat","background-position":"center center","background-size":"auto","background-attachment":"scroll","background-type":"","background-media":"","overlay-type":"","overlay-color":"","overlay-opacity":"","overlay-gradient":""},"mobile":{"background-color":"var(--ast-global-color-5)","background-image":"","background-repeat":"repeat","background-position":"center center","background-size":"auto","background-attachment":"scroll","background-type":"","background-media":"","overlay-type":"","overlay-color":"","overlay-opacity":"","overlay-gradient":""}},"footnotes":""},"class_list":["post-3308","page","type-page","status-publish","hentry"],"post_mailing_queue_ids":[],"_links":{"self":[{"href":"https:\/\/agora.xtec.cat\/escola-lespinediques\/wp-json\/wp\/v2\/pages\/3308","targetHints":{"allow":["GET"]}}],"collection":[{"href":"https:\/\/agora.xtec.cat\/escola-lespinediques\/wp-json\/wp\/v2\/pages"}],"about":[{"href":"https:\/\/agora.xtec.cat\/escola-lespinediques\/wp-json\/wp\/v2\/types\/page"}],"author":[{"embeddable":true,"href":"https:\/\/agora.xtec.cat\/escola-lespinediques\/wp-json\/wp\/v2\/users\/1"}],"replies":[{"embeddable":true,"href":"https:\/\/agora.xtec.cat\/escola-lespinediques\/wp-json\/wp\/v2\/comments?post=3308"}],"version-history":[{"count":3,"href":"https:\/\/agora.xtec.cat\/escola-lespinediques\/wp-json\/wp\/v2\/pages\/3308\/revisions"}],"predecessor-version":[{"id":3398,"href":"https:\/\/agora.xtec.cat\/escola-lespinediques\/wp-json\/wp\/v2\/pages\/3308\/revisions\/3398"}],"wp:attachment":[{"href":"https:\/\/agora.xtec.cat\/escola-lespinediques\/wp-json\/wp\/v2\/media?parent=3308"}],"curies":[{"name":"wp","href":"https:\/\/api.w.org\/{rel}","templated":true}]}}