{"id":3307,"date":"2023-03-15T16:29:32","date_gmt":"2023-03-15T15:29:32","guid":{"rendered":"https:\/\/agora.xtec.cat\/escola-lespinediques\/?page_id=3307"},"modified":"2023-03-28T11:41:55","modified_gmt":"2023-03-28T09:41:55","slug":"esdeveniments-importants","status":"publish","type":"page","link":"https:\/\/agora.xtec.cat\/escola-lespinediques\/esdeveniments-importants\/","title":{"rendered":"Esdeveniments importants"},"content":{"rendered":"<p><strong>ACTUALITAT DESTACADA A CATALUNYA ENTORN EL M\u00d3N DEL LLIBRE I LA IL\u00b7LUSTRACI\u00d3<\/strong><\/p>\n<p><img loading=\"lazy\" decoding=\"async\" class=\"aligncenter\" src=\"https:\/\/readthinkart.files.wordpress.com\/2015\/10\/179_177_176_scpic1.jpg?w=640\" alt=\"Tate Shots: Quentin Blake \u2013 readthinkart\" width=\"228\" height=\"165\" \/><\/p>\n<p><a href=\"https:\/\/www.ibbycat.cat\/esdeveniment\/exposicio-rebrots-illustrats-el-resorgir-del-llibre-infantil-catala\/\"><strong>30\/03\/2023-30\/04\/2023 EXPOSICI\u00d3 REBROTS IL\u00b7LUSTRATS: EL RESORGIR DEL LLIBRE INFANTIL CATAL\u00c0&#8221;<\/strong><\/a><\/p>\n<p class=\"dades\"><span class=\"llegenda\">Format<\/span>: Presencial<br \/>\n<span class=\"llegenda\">Lloc<\/span>: La Uni\u00f3 de Tei\u00e0<br \/>\n<span class=\"llegenda\">Organitzador<\/span>: Ajuntament de Tei\u00e0<\/p>\n<p>Exposici\u00f3\u00a0<strong>comissariada per Teresa Duran<\/strong>.<br \/>\n<strong>Amb il\u00b7lustracions de<\/strong>\u00a0Marta Balaguer, Pilar\u00edn Bay\u00e9s, Jordi Bulbena, Roser Capdevila, Montserrat Ginesta, Joma, Llu\u00efsa Jover, Carme Peris, Picanyol, Fina Rif\u00e0, Maria Rius, Francesc Salv\u00e0 i Joan Andreu Vallv\u00e9.<\/p>\n<p><strong>Activitats complement\u00e0ries:\u00a0<\/strong><br \/>\n31\/03 a les 19.30 h- Inauguraci\u00f3<br \/>\n15\/04 a les 11.30 h- Visita guiada a c\u00e0rrec de Teresa Duran.<\/p>\n<p><img loading=\"lazy\" decoding=\"async\" class=\"aligncenter\" src=\"https:\/\/www.ibbycat.cat\/wp-content\/uploads\/EXPO-REBROTS-ABRIL-2023-Joma.png\" alt=\"Ploma amb arrels il\u00b7lustrada per Joma\" width=\"129\" height=\"231\" \/><\/p>\n<p>&nbsp;<\/p>\n<p><strong>2 D&#8217;ABRIL<\/strong>: <strong>DIA MUNDIAL DEL LLIBRE INFANTIL I JUVENIL<\/strong>, AMB EL CARTELL DEL 2023.<\/p>\n<p><img loading=\"lazy\" decoding=\"async\" class=\"aligncenter\" src=\"https:\/\/www.ibbycat.cat\/wp-content\/uploads\/Captura-de-pantalla-2023-03-09-a-les-19.01.25.png\" width=\"151\" height=\"213\" \/><\/p>\n<p>&nbsp;<\/p>\n<p><strong>15 I 16 D&#8217;ABRIL<\/strong>: FESTIVAL DE LITERATURA INFANTIL <a href=\"https:\/\/cobdc.org\/agenda\/festival-de-literatura-infantil-mon-llibre-2023\/\"><strong>M\u00d3N LLIBRE 2023<\/strong><\/a><\/p>\n<p><img loading=\"lazy\" decoding=\"async\" class=\"aligncenter\" src=\"https:\/\/cobdc.org\/wp-content\/uploads\/1920x1080-Mon-Llibre_1-scaled.jpg\" width=\"201\" height=\"113\" \/><\/p>\n<p>&nbsp;<\/p>\n","protected":false},"excerpt":{"rendered":"<p>ACTUALITAT DESTACADA A CATALUNYA ENTORN EL M\u00d3N DEL LLIBRE I LA IL\u00b7LUSTRACI\u00d3 30\/03\/2023-30\/04\/2023 EXPOSICI\u00d3 REBROTS IL\u00b7LUSTRATS: EL RESORGIR DEL LLIBRE INFANTIL CATAL\u00c0&#8221; Format: Presencial Lloc: La Uni\u00f3 de Tei\u00e0 Organitzador: Ajuntament de Tei\u00e0 Exposici\u00f3\u00a0comissariada per Teresa Duran. Amb il\u00b7lustracions de\u00a0Marta Balaguer, Pilar\u00edn Bay\u00e9s, Jordi Bulbena, Roser Capdevila, Montserrat Ginesta, Joma, Llu\u00efsa Jover, Carme Peris, Picanyol, [&hellip;]<\/p>\n","protected":false},"author":1,"featured_media":0,"parent":0,"menu_order":0,"comment_status":"closed","ping_status":"closed","template":"","meta":{"_bbp_topic_count":0,"_bbp_reply_count":0,"_bbp_total_topic_count":0,"_bbp_total_reply_count":0,"_bbp_voice_count":0,"_bbp_anonymous_reply_count":0,"_bbp_topic_count_hidden":0,"_bbp_reply_count_hidden":0,"_bbp_forum_subforum_count":0,"site-sidebar-layout":"default","site-content-layout":"","ast-site-content-layout":"","site-content-style":"default","site-sidebar-style":"default","ast-global-header-display":"","ast-banner-title-visibility":"","ast-main-header-display":"","ast-hfb-above-header-display":"","ast-hfb-below-header-display":"","ast-hfb-mobile-header-display":"","site-post-title":"","ast-breadcrumbs-content":"","ast-featured-img":"","footer-sml-layout":"","theme-transparent-header-meta":"","adv-header-id-meta":"","stick-header-meta":"","header-above-stick-meta":"","header-main-stick-meta":"","header-below-stick-meta":"","astra-migrate-meta-layouts":"default","ast-page-background-enabled":"default","ast-page-background-meta":{"desktop":{"background-color":"var(--ast-global-color-4)","background-image":"","background-repeat":"repeat","background-position":"center center","background-size":"auto","background-attachment":"scroll","background-type":"","background-media":"","overlay-type":"","overlay-color":"","overlay-opacity":"","overlay-gradient":""},"tablet":{"background-color":"","background-image":"","background-repeat":"repeat","background-position":"center center","background-size":"auto","background-attachment":"scroll","background-type":"","background-media":"","overlay-type":"","overlay-color":"","overlay-opacity":"","overlay-gradient":""},"mobile":{"background-color":"","background-image":"","background-repeat":"repeat","background-position":"center center","background-size":"auto","background-attachment":"scroll","background-type":"","background-media":"","overlay-type":"","overlay-color":"","overlay-opacity":"","overlay-gradient":""}},"ast-content-background-meta":{"desktop":{"background-color":"var(--ast-global-color-5)","background-image":"","background-repeat":"repeat","background-position":"center center","background-size":"auto","background-attachment":"scroll","background-type":"","background-media":"","overlay-type":"","overlay-color":"","overlay-opacity":"","overlay-gradient":""},"tablet":{"background-color":"var(--ast-global-color-5)","background-image":"","background-repeat":"repeat","background-position":"center center","background-size":"auto","background-attachment":"scroll","background-type":"","background-media":"","overlay-type":"","overlay-color":"","overlay-opacity":"","overlay-gradient":""},"mobile":{"background-color":"var(--ast-global-color-5)","background-image":"","background-repeat":"repeat","background-position":"center center","background-size":"auto","background-attachment":"scroll","background-type":"","background-media":"","overlay-type":"","overlay-color":"","overlay-opacity":"","overlay-gradient":""}},"footnotes":""},"class_list":["post-3307","page","type-page","status-publish","hentry"],"post_mailing_queue_ids":[],"_links":{"self":[{"href":"https:\/\/agora.xtec.cat\/escola-lespinediques\/wp-json\/wp\/v2\/pages\/3307","targetHints":{"allow":["GET"]}}],"collection":[{"href":"https:\/\/agora.xtec.cat\/escola-lespinediques\/wp-json\/wp\/v2\/pages"}],"about":[{"href":"https:\/\/agora.xtec.cat\/escola-lespinediques\/wp-json\/wp\/v2\/types\/page"}],"author":[{"embeddable":true,"href":"https:\/\/agora.xtec.cat\/escola-lespinediques\/wp-json\/wp\/v2\/users\/1"}],"replies":[{"embeddable":true,"href":"https:\/\/agora.xtec.cat\/escola-lespinediques\/wp-json\/wp\/v2\/comments?post=3307"}],"version-history":[{"count":3,"href":"https:\/\/agora.xtec.cat\/escola-lespinediques\/wp-json\/wp\/v2\/pages\/3307\/revisions"}],"predecessor-version":[{"id":3404,"href":"https:\/\/agora.xtec.cat\/escola-lespinediques\/wp-json\/wp\/v2\/pages\/3307\/revisions\/3404"}],"wp:attachment":[{"href":"https:\/\/agora.xtec.cat\/escola-lespinediques\/wp-json\/wp\/v2\/media?parent=3307"}],"curies":[{"name":"wp","href":"https:\/\/api.w.org\/{rel}","templated":true}]}}