{"id":3221,"date":"2023-02-09T13:24:11","date_gmt":"2023-02-09T12:24:11","guid":{"rendered":"https:\/\/agora.xtec.cat\/escola-lespinediques\/?page_id=3221"},"modified":"2023-06-09T13:42:08","modified_gmt":"2023-06-09T11:42:08","slug":"edc-estrategia-digital-de-centre","status":"publish","type":"page","link":"https:\/\/agora.xtec.cat\/escola-lespinediques\/edc-estrategia-digital-de-centre\/","title":{"rendered":"EDC (Estrat\u00e8gia Digital de Centre)"},"content":{"rendered":"<p>L\u2019estrat\u00e8gia digital de<a href=\"https:\/\/agora.xtec.cat\/escola-lespinediques\/wp-content\/uploads\/usu1774\/2023\/02\/edc-268x378.jpg_2026732490.jpg\"><img loading=\"lazy\" decoding=\"async\" class=\"wp-image-3226 size-full alignleft\" src=\"https:\/\/agora.xtec.cat\/escola-lespinediques\/wp-content\/uploads\/usu1774\/2023\/02\/edc-268x378.jpg_2026732490.jpg\" alt=\"\" width=\"268\" height=\"377\" srcset=\"https:\/\/agora.xtec.cat\/escola-lespinediques\/wp-content\/uploads\/usu1774\/2023\/02\/edc-268x378.jpg_2026732490.jpg 268w, https:\/\/agora.xtec.cat\/escola-lespinediques\/wp-content\/uploads\/usu1774\/2023\/02\/edc-268x378.jpg_2026732490-213x300.jpg 213w\" sizes=\"auto, (max-width: 268px) 100vw, 268px\" \/><\/a> centre (EDC) defineix i concreta les l\u00ednies d\u2019actuaci\u00f3 d\u2019un centre que fan possible que docents, alumnat i centre assoleixin la compet\u00e8ncia digital. Per aconseguir aquesta compet\u00e8ncia digital, l\u2019EDC compr\u00e8n tots els \u00e0mbits del centre: organitzatius, metodol\u00f2gics, curriculars i comunicatius, els quals s\u2019han de veure necess\u00e0riament implicats i, si escau, transformats, des d\u2019una perspectiva d\u2019innovaci\u00f3 i de millora cont\u00ednua.<\/p>\n<p>Els objectius de l\u2019EDC es poden agrupar en cinc \u00e0mbits, que tenen com a fita el m\u00e0xim assoliment de la compet\u00e8ncia digital de l\u2019alumnat, del professorat i del centre:<\/p>\n<table style=\"height: 165px; width: 48.1818%; border-collapse: collapse; border-style: none;\">\n<tbody>\n<tr style=\"height: 33px;\">\n<td style=\"width: 100%; border-style: none; height: 33px;\"><span style=\"font-size: 16px; text-align: center;\">\u2013 Assoliment de la compet\u00e8ncia digital<\/span><\/td>\n<\/tr>\n<tr style=\"height: 33px;\">\n<td style=\"width: 100%; border-style: none; height: 33px;\"><span style=\"font-size: 16px; text-align: center; background-color: #ffffff;\">\u2013 Planificaci\u00f3 estrat\u00e8gica i organitzaci\u00f3<\/span><\/td>\n<\/tr>\n<tr style=\"height: 33px;\">\n<td style=\"width: 100%; border-style: none; height: 33px;\"><span style=\"font-size: 16px; text-align: center;\">\u2013 Metodologies did\u00e0ctiques i innovaci\u00f3<\/span><\/td>\n<\/tr>\n<tr style=\"height: 33px;\">\n<td style=\"width: 100%; border-style: none; height: 33px;\"><span style=\"font-size: 16px; background-color: #ffffff;\">\u2013 Inclusi\u00f3 digital i de g\u00e8nere<\/span><\/td>\n<\/tr>\n<tr style=\"height: 33px;\">\n<td style=\"width: 100%; border-style: none; height: 33px;\"><span style=\"font-size: 16px; text-align: center;\">\u2013 Seguretat i protecci\u00f3 de dades<\/span><\/td>\n<\/tr>\n<\/tbody>\n<\/table>\n<p>Per consultar l\u2019estrat\u00e8gia Digital de l\u2019escola, cliqueu en la seg\u00fcent imatge:<\/p>\n<p><a href=\"https:\/\/sites.google.com\/xtec.cat\/pinesedc\/p%C3%A0gina-dinici\" target=\"_blank\" rel=\"noopener\"><img loading=\"lazy\" decoding=\"async\" class=\"alignnone size-large wp-image-3559\" src=\"https:\/\/agora.xtec.cat\/escola-lespinediques\/wp-content\/uploads\/usu1774\/2023\/06\/Captura3-1024x464.jpg\" alt=\"\" width=\"1024\" height=\"464\" srcset=\"https:\/\/agora.xtec.cat\/escola-lespinediques\/wp-content\/uploads\/usu1774\/2023\/06\/Captura3-1024x464.jpg 1024w, https:\/\/agora.xtec.cat\/escola-lespinediques\/wp-content\/uploads\/usu1774\/2023\/06\/Captura3-300x136.jpg 300w, https:\/\/agora.xtec.cat\/escola-lespinediques\/wp-content\/uploads\/usu1774\/2023\/06\/Captura3-768x348.jpg 768w, https:\/\/agora.xtec.cat\/escola-lespinediques\/wp-content\/uploads\/usu1774\/2023\/06\/Captura3.jpg 1247w\" sizes=\"auto, (max-width: 1024px) 100vw, 1024px\" \/><\/a><\/p>\n","protected":false},"excerpt":{"rendered":"<p>L\u2019estrat\u00e8gia digital de centre (EDC) defineix i concreta les l\u00ednies d\u2019actuaci\u00f3 d\u2019un centre que fan possible que docents, alumnat i centre assoleixin la compet\u00e8ncia digital. Per aconseguir aquesta compet\u00e8ncia digital, l\u2019EDC compr\u00e8n tots els \u00e0mbits del centre: organitzatius, metodol\u00f2gics, curriculars i comunicatius, els quals s\u2019han de veure necess\u00e0riament implicats i, si escau, transformats, des d\u2019una [&hellip;]<\/p>\n","protected":false},"author":1,"featured_media":0,"parent":0,"menu_order":0,"comment_status":"closed","ping_status":"closed","template":"","meta":{"_bbp_topic_count":0,"_bbp_reply_count":0,"_bbp_total_topic_count":0,"_bbp_total_reply_count":0,"_bbp_voice_count":0,"_bbp_anonymous_reply_count":0,"_bbp_topic_count_hidden":0,"_bbp_reply_count_hidden":0,"_bbp_forum_subforum_count":0,"site-sidebar-layout":"default","site-content-layout":"","ast-site-content-layout":"","site-content-style":"default","site-sidebar-style":"default","ast-global-header-display":"","ast-banner-title-visibility":"","ast-main-header-display":"","ast-hfb-above-header-display":"","ast-hfb-below-header-display":"","ast-hfb-mobile-header-display":"","site-post-title":"","ast-breadcrumbs-content":"","ast-featured-img":"","footer-sml-layout":"","theme-transparent-header-meta":"","adv-header-id-meta":"","stick-header-meta":"","header-above-stick-meta":"","header-main-stick-meta":"","header-below-stick-meta":"","astra-migrate-meta-layouts":"default","ast-page-background-enabled":"default","ast-page-background-meta":{"desktop":{"background-color":"var(--ast-global-color-4)","background-image":"","background-repeat":"repeat","background-position":"center center","background-size":"auto","background-attachment":"scroll","background-type":"","background-media":"","overlay-type":"","overlay-color":"","overlay-opacity":"","overlay-gradient":""},"tablet":{"background-color":"","background-image":"","background-repeat":"repeat","background-position":"center center","background-size":"auto","background-attachment":"scroll","background-type":"","background-media":"","overlay-type":"","overlay-color":"","overlay-opacity":"","overlay-gradient":""},"mobile":{"background-color":"","background-image":"","background-repeat":"repeat","background-position":"center center","background-size":"auto","background-attachment":"scroll","background-type":"","background-media":"","overlay-type":"","overlay-color":"","overlay-opacity":"","overlay-gradient":""}},"ast-content-background-meta":{"desktop":{"background-color":"var(--ast-global-color-5)","background-image":"","background-repeat":"repeat","background-position":"center center","background-size":"auto","background-attachment":"scroll","background-type":"","background-media":"","overlay-type":"","overlay-color":"","overlay-opacity":"","overlay-gradient":""},"tablet":{"background-color":"var(--ast-global-color-5)","background-image":"","background-repeat":"repeat","background-position":"center center","background-size":"auto","background-attachment":"scroll","background-type":"","background-media":"","overlay-type":"","overlay-color":"","overlay-opacity":"","overlay-gradient":""},"mobile":{"background-color":"var(--ast-global-color-5)","background-image":"","background-repeat":"repeat","background-position":"center center","background-size":"auto","background-attachment":"scroll","background-type":"","background-media":"","overlay-type":"","overlay-color":"","overlay-opacity":"","overlay-gradient":""}},"footnotes":""},"class_list":["post-3221","page","type-page","status-publish","hentry"],"post_mailing_queue_ids":[],"_links":{"self":[{"href":"https:\/\/agora.xtec.cat\/escola-lespinediques\/wp-json\/wp\/v2\/pages\/3221","targetHints":{"allow":["GET"]}}],"collection":[{"href":"https:\/\/agora.xtec.cat\/escola-lespinediques\/wp-json\/wp\/v2\/pages"}],"about":[{"href":"https:\/\/agora.xtec.cat\/escola-lespinediques\/wp-json\/wp\/v2\/types\/page"}],"author":[{"embeddable":true,"href":"https:\/\/agora.xtec.cat\/escola-lespinediques\/wp-json\/wp\/v2\/users\/1"}],"replies":[{"embeddable":true,"href":"https:\/\/agora.xtec.cat\/escola-lespinediques\/wp-json\/wp\/v2\/comments?post=3221"}],"version-history":[{"count":3,"href":"https:\/\/agora.xtec.cat\/escola-lespinediques\/wp-json\/wp\/v2\/pages\/3221\/revisions"}],"predecessor-version":[{"id":3561,"href":"https:\/\/agora.xtec.cat\/escola-lespinediques\/wp-json\/wp\/v2\/pages\/3221\/revisions\/3561"}],"wp:attachment":[{"href":"https:\/\/agora.xtec.cat\/escola-lespinediques\/wp-json\/wp\/v2\/media?parent=3221"}],"curies":[{"name":"wp","href":"https:\/\/api.w.org\/{rel}","templated":true}]}}