{"id":28,"date":"2014-09-18T12:29:35","date_gmt":"2014-09-18T11:29:35","guid":{"rendered":"http:\/\/agora.xtec.cat\/escola-lespinediques\/?page_id=28"},"modified":"2024-07-17T12:25:41","modified_gmt":"2024-07-17T10:25:41","slug":"consell-escolar","status":"publish","type":"page","link":"https:\/\/agora.xtec.cat\/escola-lespinediques\/lescola\/consell-escolar\/","title":{"rendered":"Consell escolar"},"content":{"rendered":"<h3><a href=\"http:\/\/pinediques.blogspot.com\/p\/quees-el-consell-escolar-el-consell.html\">Consell Escolar<\/a><\/h3>\n<p><strong>Qu\u00e8 \u00e9s el Consell Escolar?<\/strong><\/p>\n<p>El consell escolar \u00e9s l\u2019\u00f2rgan col\u00b7legiat de participaci\u00f3 de la comunitat escolar en el govern del centre. Corresponen en aquest \u00f2rgan les facultats establertes, respectivament per a centres p\u00fablics i privats concertats, als articles 148 i 152 de la <a href=\"http:\/\/familiaiescola.gencat.cat\/web\/.content\/home\/departament\/normativa\/lleis_educacio\/arxius\/lec_12_2009.pdf\">Llei d\u2019Educaci\u00f3<\/a>.<\/p>\n<p><strong>Quina \u00e9s la seva funci\u00f3?<\/strong><\/p>\n<p>En els centres p\u00fablics, la funci\u00f3 principal del consell escolar \u00e9s participar en la presa de decisions en relaci\u00f3 amb aquells temes importants per al funcionament i l&#8217;organitzaci\u00f3 del centre: el projecte educatiu, la programaci\u00f3 general, la gesti\u00f3 econ\u00f2mica, etc.<\/p>\n<p><strong>Cada quan hi ha eleccions?<\/strong><br \/>\nEls membres del Consell Escolar s\u00f3n elegits per un per\u00edode de quatre anys i es renoven per meitats de dos anys.<\/p>\n<p><strong>Membres del Consell escolar<\/strong><\/p>\n<p><strong>Directora:<\/strong> Eva Sala<br \/>\n<strong>Cap d&#8217;Estudis:<\/strong> Albert Pujol<br \/>\n<strong>Secret\u00e0ria:<\/strong> Elena Dot<br \/>\n<strong>Professorat:<\/strong> Toni P\u00e9rez, Laura Palanques, Marta Ram\u00edrez, L\u00eddia Casado, Cinta Gonz\u00e1lez i Olga Mayans.<br \/>\n<strong>Fam\u00edlies:<\/strong> Anna Vilardell, Tamara Mesa, N\u00faria Catal\u00e0, Laia Vilaseca, S\u00edlvia Punt\u00ed.<br \/>\n<strong>Representant AFA:<\/strong> N\u00faria Molas<br \/>\n<strong>Personal PAS:<\/strong><em> pendent\u00a0<\/em><br \/>\n<strong>Representant Ajuntament- regidora Educaci\u00f3:<\/strong> Montse Font<\/p>\n<p><strong>Membres del Consell que formen part de les comissions (pendent d&#8217;aprovaci\u00f3 setembre 2024):<\/strong><\/p>\n<ul>\n<li><strong>Permanent<\/strong>:<\/li>\n<\/ul>\n<ul>\n<li><strong>Econ\u00f2mica:\u00a0<\/strong><\/li>\n<\/ul>\n<ul>\n<li><strong>Menjador: <\/strong><strong style=\"font-family: inherit; font-size: 1em;\">\u00a0\u00a0<\/strong><\/li>\n<\/ul>\n<ul>\n<li><strong>Impuls de mesures educatives de foment de la igualtat real i efectiva entre homes i dones:<\/strong><\/li>\n<\/ul>\n<ul>\n<li><strong>Consell Escolar Municipal:\u00a0<\/strong><\/li>\n<\/ul>\n<p>Per qualsevol tema que penseu que hagi de ser tractat al Consell Escolar podeu fer-ho arribar als seg\u00fcents correus:<\/p>\n<p>Escola: a8029301@xtec.cat<\/p>\n<p>AMPA: afa@pinediques.com<\/p>\n<p>&nbsp;<\/p>\n<h2><\/h2>\n","protected":false},"excerpt":{"rendered":"<p>Consell Escolar Qu\u00e8 \u00e9s el Consell Escolar? El consell escolar \u00e9s l\u2019\u00f2rgan col\u00b7legiat de participaci\u00f3 de la comunitat escolar en el govern del centre. Corresponen en aquest \u00f2rgan les facultats establertes, respectivament per a centres p\u00fablics i privats concertats, als articles 148 i 152 de la Llei d\u2019Educaci\u00f3. Quina \u00e9s la seva funci\u00f3? En els [&hellip;]<\/p>\n","protected":false},"author":1,"featured_media":0,"parent":22,"menu_order":30,"comment_status":"closed","ping_status":"closed","template":"page-templates\/side-menu.php","meta":{"_bbp_topic_count":0,"_bbp_reply_count":0,"_bbp_total_topic_count":0,"_bbp_total_reply_count":0,"_bbp_voice_count":0,"_bbp_anonymous_reply_count":0,"_bbp_topic_count_hidden":0,"_bbp_reply_count_hidden":0,"_bbp_forum_subforum_count":0,"site-sidebar-layout":"default","site-content-layout":"","ast-site-content-layout":"","site-content-style":"default","site-sidebar-style":"default","ast-global-header-display":"","ast-banner-title-visibility":"","ast-main-header-display":"","ast-hfb-above-header-display":"","ast-hfb-below-header-display":"","ast-hfb-mobile-header-display":"","site-post-title":"","ast-breadcrumbs-content":"","ast-featured-img":"","footer-sml-layout":"","theme-transparent-header-meta":"","adv-header-id-meta":"","stick-header-meta":"","header-above-stick-meta":"","header-main-stick-meta":"","header-below-stick-meta":"","astra-migrate-meta-layouts":"default","ast-page-background-enabled":"default","ast-page-background-meta":{"desktop":{"background-color":"var(--ast-global-color-4)","background-image":"","background-repeat":"repeat","background-position":"center center","background-size":"auto","background-attachment":"scroll","background-type":"","background-media":"","overlay-type":"","overlay-color":"","overlay-opacity":"","overlay-gradient":""},"tablet":{"background-color":"","background-image":"","background-repeat":"repeat","background-position":"center center","background-size":"auto","background-attachment":"scroll","background-type":"","background-media":"","overlay-type":"","overlay-color":"","overlay-opacity":"","overlay-gradient":""},"mobile":{"background-color":"","background-image":"","background-repeat":"repeat","background-position":"center center","background-size":"auto","background-attachment":"scroll","background-type":"","background-media":"","overlay-type":"","overlay-color":"","overlay-opacity":"","overlay-gradient":""}},"ast-content-background-meta":{"desktop":{"background-color":"var(--ast-global-color-5)","background-image":"","background-repeat":"repeat","background-position":"center center","background-size":"auto","background-attachment":"scroll","background-type":"","background-media":"","overlay-type":"","overlay-color":"","overlay-opacity":"","overlay-gradient":""},"tablet":{"background-color":"var(--ast-global-color-5)","background-image":"","background-repeat":"repeat","background-position":"center center","background-size":"auto","background-attachment":"scroll","background-type":"","background-media":"","overlay-type":"","overlay-color":"","overlay-opacity":"","overlay-gradient":""},"mobile":{"background-color":"var(--ast-global-color-5)","background-image":"","background-repeat":"repeat","background-position":"center center","background-size":"auto","background-attachment":"scroll","background-type":"","background-media":"","overlay-type":"","overlay-color":"","overlay-opacity":"","overlay-gradient":""}},"footnotes":""},"class_list":["post-28","page","type-page","status-publish","hentry"],"post_mailing_queue_ids":[],"_links":{"self":[{"href":"https:\/\/agora.xtec.cat\/escola-lespinediques\/wp-json\/wp\/v2\/pages\/28","targetHints":{"allow":["GET"]}}],"collection":[{"href":"https:\/\/agora.xtec.cat\/escola-lespinediques\/wp-json\/wp\/v2\/pages"}],"about":[{"href":"https:\/\/agora.xtec.cat\/escola-lespinediques\/wp-json\/wp\/v2\/types\/page"}],"author":[{"embeddable":true,"href":"https:\/\/agora.xtec.cat\/escola-lespinediques\/wp-json\/wp\/v2\/users\/1"}],"replies":[{"embeddable":true,"href":"https:\/\/agora.xtec.cat\/escola-lespinediques\/wp-json\/wp\/v2\/comments?post=28"}],"version-history":[{"count":4,"href":"https:\/\/agora.xtec.cat\/escola-lespinediques\/wp-json\/wp\/v2\/pages\/28\/revisions"}],"predecessor-version":[{"id":4088,"href":"https:\/\/agora.xtec.cat\/escola-lespinediques\/wp-json\/wp\/v2\/pages\/28\/revisions\/4088"}],"up":[{"embeddable":true,"href":"https:\/\/agora.xtec.cat\/escola-lespinediques\/wp-json\/wp\/v2\/pages\/22"}],"wp:attachment":[{"href":"https:\/\/agora.xtec.cat\/escola-lespinediques\/wp-json\/wp\/v2\/media?parent=28"}],"curies":[{"name":"wp","href":"https:\/\/api.w.org\/{rel}","templated":true}]}}