{"id":26,"date":"2014-09-18T12:24:32","date_gmt":"2014-09-18T11:24:32","guid":{"rendered":"http:\/\/agora.xtec.cat\/escola-lespinediques\/?page_id=26"},"modified":"2025-09-01T14:40:31","modified_gmt":"2025-09-01T12:40:31","slug":"quisom","status":"publish","type":"page","link":"https:\/\/agora.xtec.cat\/escola-lespinediques\/lescola\/quisom\/","title":{"rendered":"Qui som"},"content":{"rendered":"<p>Som un equip de 34 mestres, dues T\u00e8cniques d&#8217;Educaci\u00f3 Infantil (TEI), una vetlladora, un conserge, una administrativa, una auxiliar d&#8217;educaci\u00f3 especial, una educadora d&#8217;educaci\u00f3 especial, gaireb\u00e9 360 infants i les respectives fam\u00edlies.<\/p>\n<p>Tamb\u00e9 formen part de l&#8217;escola l&#8217;equip de monitors\/es, l&#8217;equip de cuina, l&#8217;equip de neteja i els monitors\/es d&#8217;activitats extraescolars.<\/p>\n<p><b>Us presentem l&#8217;equip docent de l&#8217;escola del curs 2025\/26<\/b><\/p>\n<p><strong>Cicle d&#8217;Educaci\u00f3 Infantil<\/strong><\/p>\n<p><a href=\"https:\/\/agora.xtec.cat\/escola-lespinediques\/wp-content\/uploads\/usu1774\/2025\/09\/educacio-infantil.jpg\"><img loading=\"lazy\" decoding=\"async\" class=\"alignnone size-large wp-image-4545\" src=\"https:\/\/agora.xtec.cat\/escola-lespinediques\/wp-content\/uploads\/usu1774\/2025\/09\/educacio-infantil-1024x768.jpg\" alt=\"\" width=\"1024\" height=\"768\" srcset=\"https:\/\/agora.xtec.cat\/escola-lespinediques\/wp-content\/uploads\/usu1774\/2025\/09\/educacio-infantil-1024x768.jpg 1024w, https:\/\/agora.xtec.cat\/escola-lespinediques\/wp-content\/uploads\/usu1774\/2025\/09\/educacio-infantil-300x225.jpg 300w, https:\/\/agora.xtec.cat\/escola-lespinediques\/wp-content\/uploads\/usu1774\/2025\/09\/educacio-infantil-768x576.jpg 768w, https:\/\/agora.xtec.cat\/escola-lespinediques\/wp-content\/uploads\/usu1774\/2025\/09\/educacio-infantil-1536x1152.jpg 1536w, https:\/\/agora.xtec.cat\/escola-lespinediques\/wp-content\/uploads\/usu1774\/2025\/09\/educacio-infantil-200x150.jpg 200w, https:\/\/agora.xtec.cat\/escola-lespinediques\/wp-content\/uploads\/usu1774\/2025\/09\/educacio-infantil.jpg 1600w\" sizes=\"auto, (max-width: 1024px) 100vw, 1024px\" \/><\/a><\/p>\n<p>Yasmina Salazar, Ada Castro, Gemma Clavero, , Cati Vilar, Mariona Vil\u00e0, Sandra Sa\u00f1\u00e9, Cinta Gonz\u00e0lez, Elena Dot, Eva Sala, Meritxell Serrabasa, Irene Guti\u00e9rrez, Eli Morcillo, Mireia Roca, Pol Vilar, Ramon Morera.<\/p>\n<p><strong>Cicle Inicial<\/strong><\/p>\n<p><a href=\"https:\/\/agora.xtec.cat\/escola-lespinediques\/wp-content\/uploads\/usu1774\/2025\/09\/cicle-inicial.jpg\"><img loading=\"lazy\" decoding=\"async\" class=\"alignnone size-large wp-image-4542\" src=\"https:\/\/agora.xtec.cat\/escola-lespinediques\/wp-content\/uploads\/usu1774\/2025\/09\/cicle-inicial-1024x768.jpg\" alt=\"\" width=\"1024\" height=\"768\" srcset=\"https:\/\/agora.xtec.cat\/escola-lespinediques\/wp-content\/uploads\/usu1774\/2025\/09\/cicle-inicial-1024x768.jpg 1024w, https:\/\/agora.xtec.cat\/escola-lespinediques\/wp-content\/uploads\/usu1774\/2025\/09\/cicle-inicial-300x225.jpg 300w, https:\/\/agora.xtec.cat\/escola-lespinediques\/wp-content\/uploads\/usu1774\/2025\/09\/cicle-inicial-768x576.jpg 768w, https:\/\/agora.xtec.cat\/escola-lespinediques\/wp-content\/uploads\/usu1774\/2025\/09\/cicle-inicial-1536x1152.jpg 1536w, https:\/\/agora.xtec.cat\/escola-lespinediques\/wp-content\/uploads\/usu1774\/2025\/09\/cicle-inicial-200x150.jpg 200w, https:\/\/agora.xtec.cat\/escola-lespinediques\/wp-content\/uploads\/usu1774\/2025\/09\/cicle-inicial.jpg 1600w\" sizes=\"auto, (max-width: 1024px) 100vw, 1024px\" \/><\/a><\/p>\n<p>Clara Parareda, Albert Pujol, Ramon Morera,\u00a0 Montse Dal\u00ed, Irene Anfruns, Meritxell Sol\u00e0, Laura Palanques, L\u00eddia Casado,\u00a0 Rosa Ventura, Irene Codina<\/p>\n<p><strong>Cicle Mitj\u00e0<\/strong><\/p>\n<p><a href=\"https:\/\/agora.xtec.cat\/escola-lespinediques\/wp-content\/uploads\/usu1774\/2025\/09\/cicle-mitja.jpg\"><img loading=\"lazy\" decoding=\"async\" class=\"alignnone size-large wp-image-4543\" src=\"https:\/\/agora.xtec.cat\/escola-lespinediques\/wp-content\/uploads\/usu1774\/2025\/09\/cicle-mitja-1024x768.jpg\" alt=\"\" width=\"1024\" height=\"768\" srcset=\"https:\/\/agora.xtec.cat\/escola-lespinediques\/wp-content\/uploads\/usu1774\/2025\/09\/cicle-mitja-1024x768.jpg 1024w, https:\/\/agora.xtec.cat\/escola-lespinediques\/wp-content\/uploads\/usu1774\/2025\/09\/cicle-mitja-300x225.jpg 300w, https:\/\/agora.xtec.cat\/escola-lespinediques\/wp-content\/uploads\/usu1774\/2025\/09\/cicle-mitja-768x576.jpg 768w, https:\/\/agora.xtec.cat\/escola-lespinediques\/wp-content\/uploads\/usu1774\/2025\/09\/cicle-mitja-1536x1152.jpg 1536w, https:\/\/agora.xtec.cat\/escola-lespinediques\/wp-content\/uploads\/usu1774\/2025\/09\/cicle-mitja-200x150.jpg 200w, https:\/\/agora.xtec.cat\/escola-lespinediques\/wp-content\/uploads\/usu1774\/2025\/09\/cicle-mitja.jpg 1600w\" sizes=\"auto, (max-width: 1024px) 100vw, 1024px\" \/><\/a><\/p>\n<p>Jordi Roca,\u00a0 Marta Rovira, Ramon Morera,\u00a0 Irene Anfruns, Clara Parareda, Merc\u00e8 Ylla, Anna Illamola, Eva Sala, Sandra Bau Irene Anfruns, Cristina Vila.<\/p>\n<p><strong>Cicle Superior<\/strong><\/p>\n<p><a href=\"https:\/\/agora.xtec.cat\/escola-lespinediques\/wp-content\/uploads\/usu1774\/2025\/09\/cicle-superior.jpg\"><img loading=\"lazy\" decoding=\"async\" class=\"alignnone size-large wp-image-4544\" src=\"https:\/\/agora.xtec.cat\/escola-lespinediques\/wp-content\/uploads\/usu1774\/2025\/09\/cicle-superior-1024x768.jpg\" alt=\"\" width=\"1024\" height=\"768\" srcset=\"https:\/\/agora.xtec.cat\/escola-lespinediques\/wp-content\/uploads\/usu1774\/2025\/09\/cicle-superior-1024x768.jpg 1024w, https:\/\/agora.xtec.cat\/escola-lespinediques\/wp-content\/uploads\/usu1774\/2025\/09\/cicle-superior-300x225.jpg 300w, https:\/\/agora.xtec.cat\/escola-lespinediques\/wp-content\/uploads\/usu1774\/2025\/09\/cicle-superior-768x576.jpg 768w, https:\/\/agora.xtec.cat\/escola-lespinediques\/wp-content\/uploads\/usu1774\/2025\/09\/cicle-superior-1536x1152.jpg 1536w, https:\/\/agora.xtec.cat\/escola-lespinediques\/wp-content\/uploads\/usu1774\/2025\/09\/cicle-superior-200x150.jpg 200w, https:\/\/agora.xtec.cat\/escola-lespinediques\/wp-content\/uploads\/usu1774\/2025\/09\/cicle-superior.jpg 1600w\" sizes=\"auto, (max-width: 1024px) 100vw, 1024px\" \/><\/a><\/p>\n<p>Toni P\u00e9rez, Marta Ram\u00edrez, Cinta Gonz\u00e0lez, Ramon Morera, Encarna Rubio, Pilar Farr\u00e9s, Jordi Roca, N\u00faria Arimany, Eva Sala, Cristina Fontarnau, Pol Vilar.<\/p>\n<p><strong>Equip de mestres Escola Les Pinediques Curs 2025-26<\/strong><\/p>\n<table style=\"width: 66.1072%; height: 2071px;\" width=\"548\">\n<tbody>\n<tr style=\"height: 59px;\">\n<td style=\"width: 15.0805%; height: 472px;\" rowspan=\"8\" width=\"85\"><strong>Educaci\u00f3 Infantil<\/strong><\/td>\n<td style=\"width: 15.0805%; height: 472px;\" rowspan=\"8\" width=\"85\"><\/td>\n<td style=\"width: 15.0805%; height: 177px;\" rowspan=\"3\" width=\"85\">I3<\/p>\n<p>&nbsp;<\/td>\n<td style=\"width: 8.93119%; height: 59px;\" width=\"47\">A<\/td>\n<td style=\"width: 77.1596%; height: 59px;\" width=\"246\">Cati Vilar<\/td>\n<\/tr>\n<tr style=\"height: 59px;\">\n<td style=\"width: 8.93119%; height: 59px;\" width=\"47\">B<\/td>\n<td style=\"width: 77.1596%; height: 59px;\" width=\"246\">Irene Guti\u00e9rrez<\/td>\n<\/tr>\n<tr style=\"height: 59px;\">\n<td style=\"width: 8.93119%; height: 59px;\" width=\"47\">TEEI<\/td>\n<td style=\"width: 77.1596%; height: 59px;\" width=\"246\">S\u00edlvia Murillo, Ada Castro<\/td>\n<\/tr>\n<tr style=\"height: 59px;\">\n<td style=\"width: 15.0805%; height: 118px;\" rowspan=\"2\" width=\"85\">I4<\/td>\n<td style=\"width: 8.93119%; height: 59px;\" width=\"47\">A<\/td>\n<td style=\"width: 77.1596%; height: 59px;\" width=\"246\">Gemma Clavero<\/td>\n<\/tr>\n<tr style=\"height: 59px;\">\n<td style=\"width: 8.93119%; height: 59px;\" width=\"47\">B<\/td>\n<td style=\"width: 77.1596%; height: 59px;\" width=\"246\">Yasmina Salazar \/ Mireia Roca<\/td>\n<\/tr>\n<tr style=\"height: 59px;\">\n<td style=\"width: 15.0805%; height: 118px;\" rowspan=\"2\" width=\"85\">I5<\/td>\n<td style=\"width: 8.93119%; height: 59px;\" width=\"47\">A<\/td>\n<td style=\"width: 77.1596%; height: 59px;\" width=\"246\">Meritxell Serrabasa\u00a0 \/ Eli Morcillo<\/td>\n<\/tr>\n<tr style=\"height: 59px;\">\n<td style=\"width: 8.93119%; height: 59px;\" width=\"47\">B<\/td>\n<td style=\"width: 77.1596%; height: 59px;\" width=\"246\">Mariona Vil\u00e0<\/td>\n<\/tr>\n<tr style=\"height: 59px;\">\n<td style=\"width: 15.0805%; height: 59px;\" width=\"85\">Suports<\/td>\n<td style=\"width: 8.93119%; height: 59px;\" width=\"47\"><\/td>\n<td style=\"width: 77.1596%; height: 59px;\" width=\"246\">Sandra Sa\u00f1\u00e9 ( coordinadora EI)<\/p>\n<p>Eva Sala<\/td>\n<\/tr>\n<tr style=\"height: 87px;\">\n<td style=\"width: 15.0805%; height: 87px;\" width=\"85\"><\/td>\n<td style=\"width: 15.0805%; height: 87px;\" width=\"85\"><\/td>\n<td style=\"width: 15.0805%; height: 87px;\" width=\"85\">Atenci\u00f3 diversitat<\/td>\n<td style=\"width: 8.93119%; height: 87px;\" width=\"47\"><\/td>\n<td style=\"width: 77.1596%; height: 87px;\" width=\"246\">Elena Dot ( secret\u00e0ria )<\/td>\n<\/tr>\n<tr style=\"height: 59px;\">\n<td style=\"width: 15.0805%; height: 1394px;\" rowspan=\"24\" width=\"85\"><strong>Educaci\u00f3 Prim\u00e0ria<\/strong><\/p>\n<p><strong>\u00a0<\/strong><\/td>\n<td style=\"width: 15.0805%; height: 490px;\" rowspan=\"8\" width=\"85\">Cicle inicial<\/td>\n<td style=\"width: 15.0805%; height: 118px;\" rowspan=\"2\" width=\"85\">1r<\/td>\n<td style=\"width: 8.93119%; height: 59px;\" width=\"47\">A<\/td>\n<td style=\"width: 77.1596%; height: 59px;\" width=\"246\">Irene Codina<\/td>\n<\/tr>\n<tr style=\"height: 59px;\">\n<td style=\"width: 8.93119%; height: 59px;\" width=\"47\">B<\/td>\n<td style=\"width: 77.1596%; height: 59px;\" width=\"246\">Montse Dal\u00ed<\/td>\n<\/tr>\n<tr style=\"height: 59px;\">\n<td style=\"width: 15.0805%; height: 118px;\" rowspan=\"2\" width=\"85\">2n<\/td>\n<td style=\"width: 8.93119%; height: 59px;\" width=\"47\">A<\/td>\n<td style=\"width: 77.1596%; height: 59px;\" width=\"246\">Rosa Ventura<\/td>\n<\/tr>\n<tr style=\"height: 59px;\">\n<td style=\"width: 8.93119%; height: 59px;\" width=\"47\">B<\/td>\n<td style=\"width: 77.1596%; height: 59px;\" width=\"246\">Laura Palanques<\/td>\n<\/tr>\n<tr style=\"height: 59px;\">\n<td style=\"width: 15.0805%; height: 59px;\" width=\"85\">Ed. F\u00edsica<\/td>\n<td style=\"width: 8.93119%; height: 59px;\" width=\"47\"><\/td>\n<td style=\"width: 77.1596%; height: 59px;\" width=\"246\">Albert Pujol<\/td>\n<\/tr>\n<tr style=\"height: 59px;\">\n<td style=\"width: 15.0805%; height: 59px;\" width=\"85\">Angl\u00e8s<\/td>\n<td style=\"width: 8.93119%; height: 59px;\" width=\"47\"><\/td>\n<td style=\"width: 77.1596%; height: 59px;\" width=\"246\">Meritxell Sol\u00e0<\/td>\n<\/tr>\n<tr style=\"height: 77px;\">\n<td style=\"width: 15.0805%; height: 77px;\" width=\"85\">Atenci\u00f3 diversitat<\/td>\n<td style=\"width: 8.93119%; height: 77px;\" width=\"47\"><\/td>\n<td style=\"width: 77.1596%; height: 77px;\" width=\"246\">L\u00eddia Casado ( coordinadora CI )<\/p>\n<p>Clara Parareda<\/td>\n<\/tr>\n<tr style=\"height: 59px;\">\n<td style=\"width: 15.0805%; height: 59px;\" width=\"85\">Religi\u00f3<\/td>\n<td style=\"width: 8.93119%; height: 59px;\" width=\"47\"><\/td>\n<td style=\"width: 77.1596%; height: 59px;\" width=\"246\">Cristina Caballeria<\/td>\n<\/tr>\n<tr style=\"height: 59px;\">\n<td style=\"width: 15.0805%; height: 465px;\" rowspan=\"8\" width=\"85\">Cicle mitj\u00e0<\/td>\n<td style=\"width: 15.0805%; height: 118px;\" rowspan=\"2\" width=\"85\">3r<\/td>\n<td style=\"width: 8.93119%; height: 59px;\" width=\"47\">A<\/td>\n<td style=\"width: 77.1596%; height: 59px;\" width=\"246\">Sandra Bau<\/td>\n<\/tr>\n<tr style=\"height: 59px;\">\n<td style=\"width: 8.93119%; height: 59px;\" width=\"47\">B<\/td>\n<td style=\"width: 77.1596%; height: 59px;\" width=\"246\">Merc\u00e8 Ylla<\/td>\n<\/tr>\n<tr style=\"height: 59px;\">\n<td style=\"width: 15.0805%; height: 118px;\" rowspan=\"2\" width=\"85\">4t<\/td>\n<td style=\"width: 8.93119%; height: 59px;\" width=\"47\">A<\/td>\n<td style=\"width: 77.1596%; height: 59px;\" width=\"246\">Marta Rovira<\/td>\n<\/tr>\n<tr style=\"height: 59px;\">\n<td style=\"width: 8.93119%; height: 59px;\" width=\"47\">B<\/td>\n<td style=\"width: 77.1596%; height: 59px;\" width=\"246\">Anna Illamola<\/td>\n<\/tr>\n<tr style=\"height: 59px;\">\n<td style=\"width: 15.0805%; height: 59px;\" width=\"85\">Ed. F\u00edsica<\/td>\n<td style=\"width: 8.93119%; height: 59px;\" width=\"47\"><\/td>\n<td style=\"width: 77.1596%; height: 59px;\" width=\"246\">Jordi Roca<\/td>\n<\/tr>\n<tr style=\"height: 59px;\">\n<td style=\"width: 15.0805%; height: 59px;\" width=\"85\">Suport<\/td>\n<td style=\"width: 8.93119%; height: 59px;\" width=\"47\"><\/td>\n<td style=\"width: 77.1596%; height: 59px;\" width=\"246\">Eva Sala ( directora )<\/td>\n<\/tr>\n<tr style=\"height: 46px;\">\n<td style=\"width: 15.0805%; height: 46px;\">Angl\u00e8s<\/td>\n<td style=\"width: 8.93119%; height: 46px;\"><\/td>\n<td style=\"width: 77.1596%; height: 46px;\">Cristina Vila<\/td>\n<\/tr>\n<tr style=\"height: 65px;\">\n<td style=\"width: 15.0805%; height: 65px;\" width=\"85\">Atenci\u00f3 diversitat<\/td>\n<td style=\"width: 8.93119%; height: 65px;\" width=\"47\"><\/td>\n<td style=\"width: 77.1596%; height: 65px;\" width=\"246\">Irene Anfruns ( coordinadora CM )<\/p>\n<p>Clara Parareda<\/td>\n<\/tr>\n<tr style=\"height: 59px;\">\n<td style=\"width: 15.0805%; height: 439px;\" rowspan=\"8\" width=\"85\">Cicle superior<\/td>\n<td style=\"width: 15.0805%; height: 118px;\" rowspan=\"2\" width=\"85\">5\u00e8<\/td>\n<td style=\"width: 8.93119%; height: 59px;\" width=\"47\">A<\/td>\n<td style=\"width: 77.1596%; height: 59px;\" width=\"246\">N\u00faria Arimany ( coordinadora CS )<\/td>\n<\/tr>\n<tr style=\"height: 59px;\">\n<td style=\"width: 8.93119%; height: 59px;\" width=\"47\">B<\/td>\n<td style=\"width: 77.1596%; height: 59px;\" width=\"246\">Toni P\u00e9rez<\/td>\n<\/tr>\n<tr style=\"height: 59px;\">\n<td style=\"width: 15.0805%; height: 119px;\" rowspan=\"2\" width=\"85\">6\u00e8<\/td>\n<td style=\"width: 8.93119%; height: 60px;\" width=\"47\">A<\/td>\n<td style=\"width: 77.1596%; height: 60px;\" width=\"246\">Marta Ram\u00edrez<\/td>\n<\/tr>\n<tr style=\"height: 59px;\">\n<td style=\"width: 8.93119%; height: 59px;\" width=\"47\">B<\/td>\n<td style=\"width: 77.1596%; height: 59px;\" width=\"246\">Cristina Fontarnau<\/td>\n<\/tr>\n<tr style=\"height: 59px;\">\n<td style=\"width: 15.0805%; height: 59px;\" width=\"85\">Angl\u00e8s<\/td>\n<td style=\"width: 8.93119%; height: 59px;\" width=\"47\"><\/td>\n<td style=\"width: 77.1596%; height: 59px;\" width=\"246\">Cinta Gonz\u00e0lez<\/td>\n<\/tr>\n<tr style=\"height: 59px;\">\n<td style=\"width: 15.0805%; height: 59px;\" width=\"85\">M\u00fasica<\/td>\n<td style=\"width: 8.93119%; height: 59px;\" width=\"47\"><\/td>\n<td style=\"width: 77.1596%; height: 59px;\" width=\"246\">Ramon Morera<\/td>\n<\/tr>\n<tr style=\"height: 59px;\">\n<td style=\"width: 15.0805%; height: 59px;\" width=\"85\">Suport<\/td>\n<td style=\"width: 8.93119%; height: 59px;\" width=\"47\"><\/td>\n<td style=\"width: 77.1596%; height: 59px;\" width=\"246\">Eva Sala ( directora )<\/p>\n<p>Pol Vilar<\/td>\n<\/tr>\n<tr style=\"height: 84px;\">\n<td style=\"width: 15.0805%; height: 84px;\" width=\"85\">Atenci\u00f3 diversitat<\/td>\n<td style=\"width: 8.93119%; height: 84px;\" width=\"47\"><\/td>\n<td style=\"width: 77.1596%; height: 84px;\" width=\"246\">Encarna Rubio<\/p>\n<p>Pilar Farr\u00e9s<\/td>\n<\/tr>\n<tr style=\"height: 59px;\">\n<td style=\"width: 15.0805%; height: 59px;\" width=\"85\"><\/td>\n<td style=\"width: 39.0922%; height: 59px;\" colspan=\"3\" width=\"217\">Conserge<\/td>\n<td style=\"width: 77.1596%; height: 59px;\" width=\"246\"><strong>Pep Eroles<\/strong><\/td>\n<\/tr>\n<tr style=\"height: 59px;\">\n<td style=\"width: 15.0805%; height: 59px;\" width=\"85\"><\/td>\n<td style=\"width: 39.0922%; height: 59px;\" colspan=\"3\" width=\"217\">Administrativa<\/td>\n<td style=\"width: 77.1596%; height: 59px;\" width=\"246\"><strong>Laia Carrera<\/strong><\/td>\n<\/tr>\n<\/tbody>\n<\/table>\n","protected":false},"excerpt":{"rendered":"<p>Som un equip de 34 mestres, dues T\u00e8cniques d&#8217;Educaci\u00f3 Infantil (TEI), una vetlladora, un conserge, una administrativa, una auxiliar d&#8217;educaci\u00f3 especial, una educadora d&#8217;educaci\u00f3 especial, gaireb\u00e9 360 infants i les respectives fam\u00edlies. Tamb\u00e9 formen part de l&#8217;escola l&#8217;equip de monitors\/es, l&#8217;equip de cuina, l&#8217;equip de neteja i els monitors\/es d&#8217;activitats extraescolars. Us presentem l&#8217;equip docent [&hellip;]<\/p>\n","protected":false},"author":1,"featured_media":0,"parent":22,"menu_order":20,"comment_status":"closed","ping_status":"closed","template":"page-templates\/side-menu.php","meta":{"_bbp_topic_count":0,"_bbp_reply_count":0,"_bbp_total_topic_count":0,"_bbp_total_reply_count":0,"_bbp_voice_count":0,"_bbp_anonymous_reply_count":0,"_bbp_topic_count_hidden":0,"_bbp_reply_count_hidden":0,"_bbp_forum_subforum_count":0,"site-sidebar-layout":"default","site-content-layout":"","ast-site-content-layout":"","site-content-style":"default","site-sidebar-style":"default","ast-global-header-display":"","ast-banner-title-visibility":"","ast-main-header-display":"","ast-hfb-above-header-display":"","ast-hfb-below-header-display":"","ast-hfb-mobile-header-display":"","site-post-title":"","ast-breadcrumbs-content":"","ast-featured-img":"","footer-sml-layout":"","theme-transparent-header-meta":"","adv-header-id-meta":"","stick-header-meta":"","header-above-stick-meta":"","header-main-stick-meta":"","header-below-stick-meta":"","astra-migrate-meta-layouts":"default","ast-page-background-enabled":"default","ast-page-background-meta":{"desktop":{"background-color":"var(--ast-global-color-4)","background-image":"","background-repeat":"repeat","background-position":"center center","background-size":"auto","background-attachment":"scroll","background-type":"","background-media":"","overlay-type":"","overlay-color":"","overlay-opacity":"","overlay-gradient":""},"tablet":{"background-color":"","background-image":"","background-repeat":"repeat","background-position":"center center","background-size":"auto","background-attachment":"scroll","background-type":"","background-media":"","overlay-type":"","overlay-color":"","overlay-opacity":"","overlay-gradient":""},"mobile":{"background-color":"","background-image":"","background-repeat":"repeat","background-position":"center center","background-size":"auto","background-attachment":"scroll","background-type":"","background-media":"","overlay-type":"","overlay-color":"","overlay-opacity":"","overlay-gradient":""}},"ast-content-background-meta":{"desktop":{"background-color":"var(--ast-global-color-5)","background-image":"","background-repeat":"repeat","background-position":"center center","background-size":"auto","background-attachment":"scroll","background-type":"","background-media":"","overlay-type":"","overlay-color":"","overlay-opacity":"","overlay-gradient":""},"tablet":{"background-color":"var(--ast-global-color-5)","background-image":"","background-repeat":"repeat","background-position":"center center","background-size":"auto","background-attachment":"scroll","background-type":"","background-media":"","overlay-type":"","overlay-color":"","overlay-opacity":"","overlay-gradient":""},"mobile":{"background-color":"var(--ast-global-color-5)","background-image":"","background-repeat":"repeat","background-position":"center center","background-size":"auto","background-attachment":"scroll","background-type":"","background-media":"","overlay-type":"","overlay-color":"","overlay-opacity":"","overlay-gradient":""}},"footnotes":""},"class_list":["post-26","page","type-page","status-publish","hentry"],"post_mailing_queue_ids":[],"_links":{"self":[{"href":"https:\/\/agora.xtec.cat\/escola-lespinediques\/wp-json\/wp\/v2\/pages\/26","targetHints":{"allow":["GET"]}}],"collection":[{"href":"https:\/\/agora.xtec.cat\/escola-lespinediques\/wp-json\/wp\/v2\/pages"}],"about":[{"href":"https:\/\/agora.xtec.cat\/escola-lespinediques\/wp-json\/wp\/v2\/types\/page"}],"author":[{"embeddable":true,"href":"https:\/\/agora.xtec.cat\/escola-lespinediques\/wp-json\/wp\/v2\/users\/1"}],"replies":[{"embeddable":true,"href":"https:\/\/agora.xtec.cat\/escola-lespinediques\/wp-json\/wp\/v2\/comments?post=26"}],"version-history":[{"count":8,"href":"https:\/\/agora.xtec.cat\/escola-lespinediques\/wp-json\/wp\/v2\/pages\/26\/revisions"}],"predecessor-version":[{"id":4547,"href":"https:\/\/agora.xtec.cat\/escola-lespinediques\/wp-json\/wp\/v2\/pages\/26\/revisions\/4547"}],"up":[{"embeddable":true,"href":"https:\/\/agora.xtec.cat\/escola-lespinediques\/wp-json\/wp\/v2\/pages\/22"}],"wp:attachment":[{"href":"https:\/\/agora.xtec.cat\/escola-lespinediques\/wp-json\/wp\/v2\/media?parent=26"}],"curies":[{"name":"wp","href":"https:\/\/api.w.org\/{rel}","templated":true}]}}