{"id":22,"date":"2014-09-18T12:19:57","date_gmt":"2014-09-18T11:19:57","guid":{"rendered":"http:\/\/agora.xtec.cat\/escola-lespinediques\/?page_id=22"},"modified":"2020-01-23T12:59:12","modified_gmt":"2020-01-23T11:59:12","slug":"lescola","status":"publish","type":"page","link":"https:\/\/agora.xtec.cat\/escola-lespinediques\/lescola\/","title":{"rendered":"L&#8217;escola"},"content":{"rendered":"<p>L&#8217;escola Les Pinediques \u00e9s un centre p\u00fablic d&#8217;Infantil i Prim\u00e0ria de <a href=\"http:\/\/ca.wikipedia.org\/wiki\/Taradell\" target=\"_blank\" rel=\"noopener noreferrer\">Taradell<\/a> (<a href=\"http:\/\/ca.wikipedia.org\/wiki\/Osona\" target=\"_blank\" rel=\"noopener noreferrer\">Osona<\/a>).<br \/>\nAcollim els infants m\u00e9s petits al Parvulari de l&#8217;escola, que es troba al centre del poble, al Carrer Ramon Pou. L&#8217;escola de prim\u00e0ria es troba a la urbanitzaci\u00f3 de\u00a0 Goitallops, al bell mig d&#8217;una pineda.<\/p>\n<p><a href=\"https:\/\/agora.xtec.cat\/escola-lespinediques\/wp-content\/uploads\/usu1774\/2020\/01\/foto-pau.jpg\"><img loading=\"lazy\" decoding=\"async\" class=\"alignnone size-large wp-image-774\" src=\"https:\/\/agora.xtec.cat\/escola-lespinediques\/wp-content\/uploads\/usu1774\/2020\/01\/foto-pau-1024x521.jpg\" alt=\"\" width=\"1024\" height=\"521\" srcset=\"https:\/\/agora.xtec.cat\/escola-lespinediques\/wp-content\/uploads\/usu1774\/2020\/01\/foto-pau-1024x521.jpg 1024w, https:\/\/agora.xtec.cat\/escola-lespinediques\/wp-content\/uploads\/usu1774\/2020\/01\/foto-pau-300x153.jpg 300w, https:\/\/agora.xtec.cat\/escola-lespinediques\/wp-content\/uploads\/usu1774\/2020\/01\/foto-pau-768x391.jpg 768w, https:\/\/agora.xtec.cat\/escola-lespinediques\/wp-content\/uploads\/usu1774\/2020\/01\/foto-pau.jpg 1600w\" sizes=\"auto, (max-width: 1024px) 100vw, 1024px\" \/><\/a><\/p>\n","protected":false},"excerpt":{"rendered":"<p>L&#8217;escola Les Pinediques \u00e9s un centre p\u00fablic d&#8217;Infantil i Prim\u00e0ria de Taradell (Osona). Acollim els infants m\u00e9s petits al Parvulari de l&#8217;escola, que es troba al centre del poble, al Carrer Ramon Pou. L&#8217;escola de prim\u00e0ria es troba a la urbanitzaci\u00f3 de\u00a0 Goitallops, al bell mig d&#8217;una pineda.<\/p>\n","protected":false},"author":1,"featured_media":0,"parent":0,"menu_order":0,"comment_status":"closed","ping_status":"closed","template":"page-templates\/side-menu.php","meta":{"_bbp_topic_count":0,"_bbp_reply_count":0,"_bbp_total_topic_count":0,"_bbp_total_reply_count":0,"_bbp_voice_count":0,"_bbp_anonymous_reply_count":0,"_bbp_topic_count_hidden":0,"_bbp_reply_count_hidden":0,"_bbp_forum_subforum_count":0,"site-sidebar-layout":"default","site-content-layout":"","ast-site-content-layout":"","site-content-style":"default","site-sidebar-style":"default","ast-global-header-display":"","ast-banner-title-visibility":"","ast-main-header-display":"","ast-hfb-above-header-display":"","ast-hfb-below-header-display":"","ast-hfb-mobile-header-display":"","site-post-title":"","ast-breadcrumbs-content":"","ast-featured-img":"","footer-sml-layout":"","theme-transparent-header-meta":"","adv-header-id-meta":"","stick-header-meta":"","header-above-stick-meta":"","header-main-stick-meta":"","header-below-stick-meta":"","astra-migrate-meta-layouts":"default","ast-page-background-enabled":"default","ast-page-background-meta":{"desktop":{"background-color":"var(--ast-global-color-4)","background-image":"","background-repeat":"repeat","background-position":"center center","background-size":"auto","background-attachment":"scroll","background-type":"","background-media":"","overlay-type":"","overlay-color":"","overlay-opacity":"","overlay-gradient":""},"tablet":{"background-color":"","background-image":"","background-repeat":"repeat","background-position":"center center","background-size":"auto","background-attachment":"scroll","background-type":"","background-media":"","overlay-type":"","overlay-color":"","overlay-opacity":"","overlay-gradient":""},"mobile":{"background-color":"","background-image":"","background-repeat":"repeat","background-position":"center center","background-size":"auto","background-attachment":"scroll","background-type":"","background-media":"","overlay-type":"","overlay-color":"","overlay-opacity":"","overlay-gradient":""}},"ast-content-background-meta":{"desktop":{"background-color":"var(--ast-global-color-5)","background-image":"","background-repeat":"repeat","background-position":"center center","background-size":"auto","background-attachment":"scroll","background-type":"","background-media":"","overlay-type":"","overlay-color":"","overlay-opacity":"","overlay-gradient":""},"tablet":{"background-color":"var(--ast-global-color-5)","background-image":"","background-repeat":"repeat","background-position":"center center","background-size":"auto","background-attachment":"scroll","background-type":"","background-media":"","overlay-type":"","overlay-color":"","overlay-opacity":"","overlay-gradient":""},"mobile":{"background-color":"var(--ast-global-color-5)","background-image":"","background-repeat":"repeat","background-position":"center center","background-size":"auto","background-attachment":"scroll","background-type":"","background-media":"","overlay-type":"","overlay-color":"","overlay-opacity":"","overlay-gradient":""}},"footnotes":""},"class_list":["post-22","page","type-page","status-publish","hentry"],"post_mailing_queue_ids":[],"_links":{"self":[{"href":"https:\/\/agora.xtec.cat\/escola-lespinediques\/wp-json\/wp\/v2\/pages\/22","targetHints":{"allow":["GET"]}}],"collection":[{"href":"https:\/\/agora.xtec.cat\/escola-lespinediques\/wp-json\/wp\/v2\/pages"}],"about":[{"href":"https:\/\/agora.xtec.cat\/escola-lespinediques\/wp-json\/wp\/v2\/types\/page"}],"author":[{"embeddable":true,"href":"https:\/\/agora.xtec.cat\/escola-lespinediques\/wp-json\/wp\/v2\/users\/1"}],"replies":[{"embeddable":true,"href":"https:\/\/agora.xtec.cat\/escola-lespinediques\/wp-json\/wp\/v2\/comments?post=22"}],"version-history":[{"count":3,"href":"https:\/\/agora.xtec.cat\/escola-lespinediques\/wp-json\/wp\/v2\/pages\/22\/revisions"}],"predecessor-version":[{"id":777,"href":"https:\/\/agora.xtec.cat\/escola-lespinediques\/wp-json\/wp\/v2\/pages\/22\/revisions\/777"}],"wp:attachment":[{"href":"https:\/\/agora.xtec.cat\/escola-lespinediques\/wp-json\/wp\/v2\/media?parent=22"}],"curies":[{"name":"wp","href":"https:\/\/api.w.org\/{rel}","templated":true}]}}