{"id":1861,"date":"2021-02-08T11:21:19","date_gmt":"2021-02-08T10:21:19","guid":{"rendered":"http:\/\/agora.xtec.cat\/escola-lespinediques\/?page_id=1861"},"modified":"2021-03-10T09:27:34","modified_gmt":"2021-03-10T08:27:34","slug":"portes-obertes","status":"publish","type":"page","link":"https:\/\/agora.xtec.cat\/escola-lespinediques\/portes-obertes\/","title":{"rendered":"Portes Obertes mar\u00e7 2021"},"content":{"rendered":"<p>Els dissabtes dia 6 i 13 de mar\u00e7 d&#8217;enguany farem les jornades de Portes obertes de l&#8217;escola.<\/p>\n<p>Aquest any ens tocar\u00e0 fer-ho d&#8217;una manera molt ordenada i planificada per garantir totes les mesures sanit\u00e0ries necess\u00e0ries i per poder donar cabuda a totes les fam\u00edlies que hi esteu interessades.<\/p>\n<p>Caldr\u00e0 demanar cita pr\u00e8via per poder accedir a l&#8217;escola. Es faran tres torns que comen\u00e7aran a les 9h, a les 10h i a les 11h respectivament. La jornada durar\u00e0 unes tres hores segons la seg\u00fcent estructura:<\/p>\n<table style=\"height: 86px; width: 915px;\" width=\"1307\">\n<tbody>\n<tr>\n<td style=\"width: 213.333px; text-align: center; background-color: #a9debe;\">\n<h2><span style=\"color: #008080;\"><strong>1a part<\/strong><\/span><\/h2>\n<p>(50 minuts aproximadament)<\/td>\n<td style=\"width: 385px; text-align: center; background-color: #a9debe;\">\n<h2><strong><span style=\"color: #008080;\">Reuni\u00f3 informativa amb l&#8217;equip directiu<\/span><\/strong><\/h2>\n<\/td>\n<td style=\"width: 308.333px; background-color: #a9debe;\">Al gimn\u00e0s de l&#8217;escola ja que \u00e9s un espai molt gran i ben ventilat.<\/td>\n<\/tr>\n<tr>\n<td style=\"width: 213.333px; text-align: center; background-color: #a9debe;\">\n<h2><strong><span style=\"color: #008080;\">2a part<\/span><\/strong><\/h2>\n<p>(45 minuts aproximadament)<\/td>\n<td style=\"width: 385px; text-align: center; background-color: #a9debe;\">\n<h2><strong><span style=\"color: #008080;\">Visita dels espais de Prim\u00e0ria<\/span><\/strong><\/h2>\n<\/td>\n<td style=\"width: 308.333px; background-color: #a9debe;\">Recorregut guiat per les instal\u00b7lacions de l&#8217;edifici de Prim\u00e0ria acompanyats per mestres de l&#8217;escola que explicaran el funcionament d&#8217;aquesta etapa educativa.<\/p>\n<p>Amb grups d&#8217;un m\u00e0xim de 10 persones.<\/td>\n<\/tr>\n<tr>\n<td style=\"width: 213.333px; text-align: center; background-color: #a9debe;\">\n<h2><span style=\"color: #008080;\"><strong>3a part<\/strong><\/span><\/h2>\n<p>(45 minuts aproximadament)<\/td>\n<td style=\"width: 385px; text-align: center; background-color: #a9debe;\">\n<h2><strong><span style=\"color: #008080;\">Visita dels espais del Parvulari<\/span><\/strong><\/h2>\n<\/td>\n<td style=\"width: 308.333px; background-color: #a9debe;\">Recorregut guiat per les instal\u00b7lacions de l&#8217;edifici del parvulari acompanyats per mestres de l&#8217;escola que explicaran el funcionament d&#8217;aquesta etapa educativa.<\/p>\n<p>Amb grups d&#8217;un m\u00e0xim de 10 persones.<\/td>\n<\/tr>\n<\/tbody>\n<\/table>\n<p>Podeu demanar cita pr\u00e8via per venir a les Jornades de Portes obertes trucant\u00a0per tel\u00e8fon al 938800214.<\/p>\n<p>Caldr\u00e0 tenir en compte les seg\u00fcents indicacions:<\/p>\n<ul>\n<li>Les places s\u00f3n limitades i podem acollir un m\u00e0xim de 2 adults per fam\u00edlia. <strong>Els infants NO podran assistir a la jornada.<\/strong> Caldr\u00e0 una inscripci\u00f3 per cada persona que s&#8217;inscrigui. A l&#8217;apartat d&#8217;observacions de l&#8217;aplicatiu <span style=\"text-decoration: underline;\"><strong>cal indicar el nom de la vostra criatura<\/strong><\/span> (o criatures) i el curs que ha de fer el curs vinent. Aquest curs, de forma excepcional, nom\u00e9s podrem acollir fam\u00edlies i no ens ser\u00e0 possible atendre professionals de l&#8217;educaci\u00f3 interessats en el nostre projecte.<\/li>\n<\/ul>\n<table style=\"height: 15px; width: 920px;\" width=\"1026\">\n<tbody>\n<tr>\n<td style=\"width: 451.667px; text-align: center; border-color: #16570a; background-color: #83f272;\">\n<h3><a href=\"https:\/\/drive.google.com\/file\/d\/1qzroqV_rHhNw2P6ORWQGdwoyVVc2-KfG\/view?usp=sharing\" target=\"_blank\" rel=\"noopener noreferrer\"><strong><span style=\"color: #339966;\">CARTELL PORTES OBERTES<\/span><\/strong><\/a><\/h3>\n<\/td>\n<td style=\"width: 461.667px; border-color: #16570a; background-color: #83f272; text-align: center;\">\n<h3><a href=\"https:\/\/drive.google.com\/file\/d\/1Jxh6d64cLty5LchbsSOdcv8ddOG-esCA\/view?usp=sharing\" target=\"_blank\" rel=\"noopener noreferrer\"><strong><span style=\"color: #339966;\">D\u00cdPTIC PORTES OBERTES<\/span><\/strong><\/a><\/h3>\n<\/td>\n<\/tr>\n<\/tbody>\n<\/table>\n<table style=\"height: 57px;\" width=\"917\">\n<tbody>\n<tr>\n<td style=\"width: 910.909px; border-color: #16570a; background-color: #83f272; text-align: center;\">\n<h3><a href=\"https:\/\/youtu.be\/yJnd1tcov0I\" target=\"_blank\" rel=\"noopener noreferrer\"><strong><span style=\"color: #339966;\">V\u00cdDEO DELS ESPAIS DE L&#8217;ESCOLA<\/span><\/strong><\/a><\/h3>\n<\/td>\n<\/tr>\n<\/tbody>\n<\/table>\n<table style=\"height: 166px; width: 924px;\" width=\"1030\">\n<tbody>\n<tr>\n<td style=\"width: 918.333px; background-color: #e5b1f0;\">\n<h4><strong><span style=\"color: #800080;\">MESURES HIGI\u00c8NIQUES I SANIT\u00c0RIES QUE ES TINDRAN EN COMPTE<\/span><\/strong><\/h4>\n<p style=\"margin: 0cm; margin-bottom: .0001pt;\"><span style=\"color: #800080;\">Es prendr\u00e0 la temperatura a totes les persones abans d&#8217;entrar a l&#8217;escola i caldr\u00e0 que tothom es renti les mans amb gel hidroalcoh\u00f2lic.<\/span><\/p>\n<p style=\"margin: 0cm; margin-bottom: .0001pt;\"><span style=\"color: #800080;\">Durant els recorreguts per l&#8217;escola, tothom haur\u00e0 d&#8217;anar amb el seu grup assignat tota l&#8217;estona. No es podr\u00e0 fer \u00fas dels lavabos. No es permetr\u00e0 tocar cap material.<\/span><\/p>\n<p style=\"margin: 0cm; margin-bottom: .0001pt;\"><span style=\"color: #800080;\">No estar\u00e0 permesa la pres\u00e8ncia d&#8217;infants.<\/span><\/p>\n<p style=\"margin: 0cm; margin-bottom: .0001pt;\"><span style=\"color: #800080;\">Ser\u00e0 obligatori l&#8217;\u00fas de la mascareta en tot moment.<\/span><\/p>\n<p style=\"margin: 0cm; margin-bottom: .0001pt;\"><span style=\"color: #800080;\">Caldr\u00e0 mantenir sempre una dist\u00e0ncia m\u00ednima d&#8217;1,5 metres entre les persones assistents que no pertanyin a la mateixa fam\u00edlia.<\/span><\/p>\n<p style=\"margin: 0cm; margin-bottom: .0001pt;\"><span style=\"color: #800080;\">No es lliurar\u00e0 cap documentaci\u00f3 en paper.<\/span><\/p>\n<p style=\"margin: 0cm; margin-bottom: .0001pt;\"><span style=\"color: #800080;\">Es desinfectaran les cadires de la reuni\u00f3 inicial al final de cada torn.<\/span><\/p>\n<\/td>\n<\/tr>\n<\/tbody>\n<\/table>\n<p style=\"margin: 0cm; margin-bottom: .0001pt;\">\n","protected":false},"excerpt":{"rendered":"<p>Els dissabtes dia 6 i 13 de mar\u00e7 d&#8217;enguany farem les jornades de Portes obertes de l&#8217;escola.<br \/>\nAquest any ens tocar\u00e0 fer-ho d&#8217;una manera molt ordenada i planificada per garantir totes les mesures sanit\u00e0ries necess\u00e0ries i per poder donar cabuda a totes les fam\u00edlies que hi&hellip;  <a href=\"https:\/\/agora.xtec.cat\/escola-lespinediques\/portes-obertes\/\" title=\"Read Portes Obertes mar\u00e7 2021\">Llegeix m\u00e9s\u00bb<\/a><\/p>\n","protected":false},"author":1,"featured_media":0,"parent":0,"menu_order":0,"comment_status":"closed","ping_status":"closed","template":"","meta":{"_bbp_topic_count":0,"_bbp_reply_count":0,"_bbp_total_topic_count":0,"_bbp_total_reply_count":0,"_bbp_voice_count":0,"_bbp_anonymous_reply_count":0,"_bbp_topic_count_hidden":0,"_bbp_reply_count_hidden":0,"_bbp_forum_subforum_count":0,"footnotes":""},"class_list":["post-1861","page","type-page","status-publish","hentry"],"post_mailing_queue_ids":[],"_links":{"self":[{"href":"https:\/\/agora.xtec.cat\/escola-lespinediques\/wp-json\/wp\/v2\/pages\/1861","targetHints":{"allow":["GET"]}}],"collection":[{"href":"https:\/\/agora.xtec.cat\/escola-lespinediques\/wp-json\/wp\/v2\/pages"}],"about":[{"href":"https:\/\/agora.xtec.cat\/escola-lespinediques\/wp-json\/wp\/v2\/types\/page"}],"author":[{"embeddable":true,"href":"https:\/\/agora.xtec.cat\/escola-lespinediques\/wp-json\/wp\/v2\/users\/1"}],"replies":[{"embeddable":true,"href":"https:\/\/agora.xtec.cat\/escola-lespinediques\/wp-json\/wp\/v2\/comments?post=1861"}],"version-history":[{"count":3,"href":"https:\/\/agora.xtec.cat\/escola-lespinediques\/wp-json\/wp\/v2\/pages\/1861\/revisions"}],"predecessor-version":[{"id":1952,"href":"https:\/\/agora.xtec.cat\/escola-lespinediques\/wp-json\/wp\/v2\/pages\/1861\/revisions\/1952"}],"wp:attachment":[{"href":"https:\/\/agora.xtec.cat\/escola-lespinediques\/wp-json\/wp\/v2\/media?parent=1861"}],"curies":[{"name":"wp","href":"https:\/\/api.w.org\/{rel}","templated":true}]}}