{"id":1859,"date":"2021-02-08T11:19:13","date_gmt":"2021-02-08T10:19:13","guid":{"rendered":"http:\/\/agora.xtec.cat\/escola-lespinediques\/?page_id=1859"},"modified":"2026-04-15T16:28:43","modified_gmt":"2026-04-15T14:28:43","slug":"preinscripcio-pel-curs-2025-2026","status":"publish","type":"page","link":"https:\/\/agora.xtec.cat\/escola-lespinediques\/preinscripcio-pel-curs-2025-2026\/","title":{"rendered":"Preinscripci\u00f3 pel curs 2026 &#8211; 2027"},"content":{"rendered":"<p>&nbsp;<\/p>\n<p>En aquest espai anirem actualitzant totes les informacions de preinscripci\u00f3 i matr\u00edcula per al curs 2026-27.<\/p>\n<ul class=\"sub-menu menu-odd menu-depth-1\">\n<li><a href=\"https:\/\/preinscripcio.gencat.cat\/ca\/inici\/\" target=\"_blank\" rel=\"noopener\">Preinscripci\u00f3 curs 26-27 Informaci\u00f3 actualitzada del Departament d&#8217;Educaci\u00f3<\/a><\/li>\n<li><a href=\"https:\/\/drive.google.com\/file\/d\/1l5aB9jD2D3sBbvF0qN4-VePn0Vkh3bpl\/view?usp=sharing\" target=\"_blank\" rel=\"noopener\">Publicaci\u00f3 de l&#8217;oferta inicial de places curs 26-27\u00a0<\/a> ( 3 de mar\u00e7 )<\/li>\n<li><a href=\"https:\/\/drive.google.com\/file\/d\/1puMr1--QLKOqekfda1wFYEWTVVa5tTNQ\/view?usp=sharing\" target=\"_blank\" rel=\"noopener\">Publicaci\u00f3 de la llista de sol\u00b7licituds amb la puntuaci\u00f3 provisional\u00a0<\/a> ( 15 d&#8217;abril )<\/li>\n<li>Publicaci\u00f3 de la llista de sol\u00b7licituds que han demanat el centre i l&#8217;ensenyament en primera petici\u00f3 amb la puntuaci\u00f3 resoltes les reclamacions\u00a0 ( 23 d&#8217;abril )<\/li>\n<li>Publicaci\u00f3 de la llista de sol\u00b7licituds que han demanat el centre i l&#8217;ensenyament en primera petici\u00f3 ordenada\u00a0 ( 29 d&#8217;abril )<\/li>\n<li>Publicaci\u00f3 de l&#8217;oferta final de places curs 26-27\u00a0 ( 10 de juny )<\/li>\n<li>Publicaci\u00f3 de la llista\u00a0 Alumnes assignats al centre amb indicaci\u00f3 de la primera petici\u00f3\u00a0 ( 10 de juny )<\/li>\n<li>Publicaci\u00f3 de la llista Alumnes preinscrits al centre<\/li>\n<li>Alumnes en llista d&#8217;espera<\/li>\n<\/ul>\n","protected":false},"excerpt":{"rendered":"<p>&nbsp; En aquest espai anirem actualitzant totes les informacions de preinscripci\u00f3 i matr\u00edcula per al curs 2026-27. Preinscripci\u00f3 curs 26-27 Informaci\u00f3 actualitzada del Departament d&#8217;Educaci\u00f3 Publicaci\u00f3 de l&#8217;oferta inicial de places curs 26-27\u00a0 ( 3 de mar\u00e7 ) Publicaci\u00f3 de la llista de sol\u00b7licituds amb la puntuaci\u00f3 provisional\u00a0 ( 15 d&#8217;abril ) Publicaci\u00f3 de la [&hellip;]<\/p>\n","protected":false},"author":1,"featured_media":0,"parent":0,"menu_order":0,"comment_status":"closed","ping_status":"closed","template":"","meta":{"_bbp_topic_count":0,"_bbp_reply_count":0,"_bbp_total_topic_count":0,"_bbp_total_reply_count":0,"_bbp_voice_count":0,"_bbp_anonymous_reply_count":0,"_bbp_topic_count_hidden":0,"_bbp_reply_count_hidden":0,"_bbp_forum_subforum_count":0,"site-sidebar-layout":"default","site-content-layout":"","ast-site-content-layout":"","site-content-style":"default","site-sidebar-style":"default","ast-global-header-display":"","ast-banner-title-visibility":"","ast-main-header-display":"","ast-hfb-above-header-display":"","ast-hfb-below-header-display":"","ast-hfb-mobile-header-display":"","site-post-title":"","ast-breadcrumbs-content":"","ast-featured-img":"","footer-sml-layout":"","theme-transparent-header-meta":"","adv-header-id-meta":"","stick-header-meta":"","header-above-stick-meta":"","header-main-stick-meta":"","header-below-stick-meta":"","astra-migrate-meta-layouts":"default","ast-page-background-enabled":"default","ast-page-background-meta":{"desktop":{"background-color":"var(--ast-global-color-4)","background-image":"","background-repeat":"repeat","background-position":"center center","background-size":"auto","background-attachment":"scroll","background-type":"","background-media":"","overlay-type":"","overlay-color":"","overlay-opacity":"","overlay-gradient":""},"tablet":{"background-color":"","background-image":"","background-repeat":"repeat","background-position":"center center","background-size":"auto","background-attachment":"scroll","background-type":"","background-media":"","overlay-type":"","overlay-color":"","overlay-opacity":"","overlay-gradient":""},"mobile":{"background-color":"","background-image":"","background-repeat":"repeat","background-position":"center center","background-size":"auto","background-attachment":"scroll","background-type":"","background-media":"","overlay-type":"","overlay-color":"","overlay-opacity":"","overlay-gradient":""}},"ast-content-background-meta":{"desktop":{"background-color":"var(--ast-global-color-5)","background-image":"","background-repeat":"repeat","background-position":"center center","background-size":"auto","background-attachment":"scroll","background-type":"","background-media":"","overlay-type":"","overlay-color":"","overlay-opacity":"","overlay-gradient":""},"tablet":{"background-color":"var(--ast-global-color-5)","background-image":"","background-repeat":"repeat","background-position":"center center","background-size":"auto","background-attachment":"scroll","background-type":"","background-media":"","overlay-type":"","overlay-color":"","overlay-opacity":"","overlay-gradient":""},"mobile":{"background-color":"var(--ast-global-color-5)","background-image":"","background-repeat":"repeat","background-position":"center center","background-size":"auto","background-attachment":"scroll","background-type":"","background-media":"","overlay-type":"","overlay-color":"","overlay-opacity":"","overlay-gradient":""}},"footnotes":""},"class_list":["post-1859","page","type-page","status-publish","hentry"],"post_mailing_queue_ids":[],"_links":{"self":[{"href":"https:\/\/agora.xtec.cat\/escola-lespinediques\/wp-json\/wp\/v2\/pages\/1859","targetHints":{"allow":["GET"]}}],"collection":[{"href":"https:\/\/agora.xtec.cat\/escola-lespinediques\/wp-json\/wp\/v2\/pages"}],"about":[{"href":"https:\/\/agora.xtec.cat\/escola-lespinediques\/wp-json\/wp\/v2\/types\/page"}],"author":[{"embeddable":true,"href":"https:\/\/agora.xtec.cat\/escola-lespinediques\/wp-json\/wp\/v2\/users\/1"}],"replies":[{"embeddable":true,"href":"https:\/\/agora.xtec.cat\/escola-lespinediques\/wp-json\/wp\/v2\/comments?post=1859"}],"version-history":[{"count":7,"href":"https:\/\/agora.xtec.cat\/escola-lespinediques\/wp-json\/wp\/v2\/pages\/1859\/revisions"}],"predecessor-version":[{"id":4708,"href":"https:\/\/agora.xtec.cat\/escola-lespinediques\/wp-json\/wp\/v2\/pages\/1859\/revisions\/4708"}],"wp:attachment":[{"href":"https:\/\/agora.xtec.cat\/escola-lespinediques\/wp-json\/wp\/v2\/media?parent=1859"}],"curies":[{"name":"wp","href":"https:\/\/api.w.org\/{rel}","templated":true}]}}