{"id":1699,"date":"2020-11-17T09:01:23","date_gmt":"2020-11-17T08:01:23","guid":{"rendered":"http:\/\/agora.xtec.cat\/escola-lespinediques\/?page_id=1699"},"modified":"2025-10-02T16:26:15","modified_gmt":"2025-10-02T14:26:15","slug":"dossiers-reunions-de-families","status":"publish","type":"page","link":"https:\/\/agora.xtec.cat\/escola-lespinediques\/dossiers-reunions-de-families\/","title":{"rendered":"Dossiers reunions de fam\u00edlies"},"content":{"rendered":"<p><a href=\"https:\/\/drive.google.com\/file\/d\/1Ba3NHOKgGEmpxr7lmYAaE6grIKvb5ECo\/view?usp=sharing\" target=\"_blank\" rel=\"noopener\">Dossier reuni\u00f3 fam\u00edlies I3<\/a><\/p>\n<p><a href=\"https:\/\/drive.google.com\/file\/d\/1a2pFEAF49UlvYLu8Z8ooZB_WtuzWgsvI\/view?usp=sharing\" target=\"_blank\" rel=\"noopener\">Dossier reuni\u00f3 fam\u00edlies I4<\/a><\/p>\n<p><a href=\"https:\/\/drive.google.com\/file\/d\/1hUKHEqyFViwbbd6zd6DDsyVw5hRL5WNC\/view?usp=sharing\" target=\"_blank\" rel=\"noopener\">Dossier reuni\u00f3 fam\u00edlies I5<\/a><\/p>\n<p><a href=\"https:\/\/drive.google.com\/file\/d\/1HY8umaEBZEweQdO649L8_DMM7CzeLrvs\/view?usp=sharing\" target=\"_blank\" rel=\"noopener\">Aspectes organitzatius Educaci\u00f3 infantil<\/a><\/p>\n<p><a href=\"https:\/\/drive.google.com\/file\/d\/1FndH5Y_P9iIhnDx4MBrs0WJXpjTsqyDx\/view?usp=sharing\">Aspectes organitzatius Educaci\u00f3 Prim\u00e0ria<\/a><\/p>\n<p><a href=\"https:\/\/drive.google.com\/file\/d\/1bkPc1nF2naKnz02to4KpPwidLgNM5JU5\/view?usp=sharing\" target=\"_blank\" rel=\"noopener\">Dossier reuni\u00f3 fam\u00edlies Cicle INICIAL de Prim\u00e0ria<\/a><\/p>\n<p><a href=\"https:\/\/drive.google.com\/file\/d\/179N7IuEI1nWDwAXNp-NCenlhdXBYD1aF\/view?usp=sharing\" target=\"_blank\" rel=\"noopener\">Dossier reuni\u00f3 fam\u00edlies Cicle MITJ\u00c0 de Prim\u00e0ria<\/a><\/p>\n<p><a href=\"https:\/\/drive.google.com\/file\/d\/1IukhL_K2oLWL_GA4hOF25wU2s-J5pD3h\/view?usp=sharing\" target=\"_blank\" rel=\"noopener\">Dossier reuni\u00f3 fam\u00edlies Cicle SUPERIOR de Prim\u00e0ria<\/a><\/p>\n<p>&nbsp;<\/p>\n<p>&nbsp;<\/p>\n<p>&nbsp;<\/p>\n","protected":false},"excerpt":{"rendered":"<p>Dossier reuni\u00f3 fam\u00edlies I3 Dossier reuni\u00f3 fam\u00edlies I4 Dossier reuni\u00f3 fam\u00edlies I5 Aspectes organitzatius Educaci\u00f3 infantil Aspectes organitzatius Educaci\u00f3 Prim\u00e0ria Dossier reuni\u00f3 fam\u00edlies Cicle INICIAL de Prim\u00e0ria Dossier reuni\u00f3 fam\u00edlies Cicle MITJ\u00c0 de Prim\u00e0ria Dossier reuni\u00f3 fam\u00edlies Cicle SUPERIOR de Prim\u00e0ria &nbsp; &nbsp; &nbsp;<\/p>\n","protected":false},"author":1,"featured_media":0,"parent":0,"menu_order":0,"comment_status":"closed","ping_status":"closed","template":"","meta":{"_bbp_topic_count":0,"_bbp_reply_count":0,"_bbp_total_topic_count":0,"_bbp_total_reply_count":0,"_bbp_voice_count":0,"_bbp_anonymous_reply_count":0,"_bbp_topic_count_hidden":0,"_bbp_reply_count_hidden":0,"_bbp_forum_subforum_count":0,"site-sidebar-layout":"default","site-content-layout":"","ast-site-content-layout":"","site-content-style":"default","site-sidebar-style":"default","ast-global-header-display":"","ast-banner-title-visibility":"","ast-main-header-display":"","ast-hfb-above-header-display":"","ast-hfb-below-header-display":"","ast-hfb-mobile-header-display":"","site-post-title":"","ast-breadcrumbs-content":"","ast-featured-img":"","footer-sml-layout":"","theme-transparent-header-meta":"","adv-header-id-meta":"","stick-header-meta":"","header-above-stick-meta":"","header-main-stick-meta":"","header-below-stick-meta":"","astra-migrate-meta-layouts":"default","ast-page-background-enabled":"default","ast-page-background-meta":{"desktop":{"background-color":"var(--ast-global-color-4)","background-image":"","background-repeat":"repeat","background-position":"center center","background-size":"auto","background-attachment":"scroll","background-type":"","background-media":"","overlay-type":"","overlay-color":"","overlay-opacity":"","overlay-gradient":""},"tablet":{"background-color":"","background-image":"","background-repeat":"repeat","background-position":"center center","background-size":"auto","background-attachment":"scroll","background-type":"","background-media":"","overlay-type":"","overlay-color":"","overlay-opacity":"","overlay-gradient":""},"mobile":{"background-color":"","background-image":"","background-repeat":"repeat","background-position":"center center","background-size":"auto","background-attachment":"scroll","background-type":"","background-media":"","overlay-type":"","overlay-color":"","overlay-opacity":"","overlay-gradient":""}},"ast-content-background-meta":{"desktop":{"background-color":"var(--ast-global-color-5)","background-image":"","background-repeat":"repeat","background-position":"center center","background-size":"auto","background-attachment":"scroll","background-type":"","background-media":"","overlay-type":"","overlay-color":"","overlay-opacity":"","overlay-gradient":""},"tablet":{"background-color":"var(--ast-global-color-5)","background-image":"","background-repeat":"repeat","background-position":"center center","background-size":"auto","background-attachment":"scroll","background-type":"","background-media":"","overlay-type":"","overlay-color":"","overlay-opacity":"","overlay-gradient":""},"mobile":{"background-color":"var(--ast-global-color-5)","background-image":"","background-repeat":"repeat","background-position":"center center","background-size":"auto","background-attachment":"scroll","background-type":"","background-media":"","overlay-type":"","overlay-color":"","overlay-opacity":"","overlay-gradient":""}},"footnotes":""},"class_list":["post-1699","page","type-page","status-publish","hentry"],"post_mailing_queue_ids":[],"_links":{"self":[{"href":"https:\/\/agora.xtec.cat\/escola-lespinediques\/wp-json\/wp\/v2\/pages\/1699","targetHints":{"allow":["GET"]}}],"collection":[{"href":"https:\/\/agora.xtec.cat\/escola-lespinediques\/wp-json\/wp\/v2\/pages"}],"about":[{"href":"https:\/\/agora.xtec.cat\/escola-lespinediques\/wp-json\/wp\/v2\/types\/page"}],"author":[{"embeddable":true,"href":"https:\/\/agora.xtec.cat\/escola-lespinediques\/wp-json\/wp\/v2\/users\/1"}],"replies":[{"embeddable":true,"href":"https:\/\/agora.xtec.cat\/escola-lespinediques\/wp-json\/wp\/v2\/comments?post=1699"}],"version-history":[{"count":6,"href":"https:\/\/agora.xtec.cat\/escola-lespinediques\/wp-json\/wp\/v2\/pages\/1699\/revisions"}],"predecessor-version":[{"id":4550,"href":"https:\/\/agora.xtec.cat\/escola-lespinediques\/wp-json\/wp\/v2\/pages\/1699\/revisions\/4550"}],"wp:attachment":[{"href":"https:\/\/agora.xtec.cat\/escola-lespinediques\/wp-json\/wp\/v2\/media?parent=1699"}],"curies":[{"name":"wp","href":"https:\/\/api.w.org\/{rel}","templated":true}]}}