{"id":1439,"date":"2020-05-30T17:49:00","date_gmt":"2020-05-30T15:49:00","guid":{"rendered":"http:\/\/agora.xtec.cat\/escola-lespinediques\/?page_id=1439"},"modified":"2026-01-21T11:37:25","modified_gmt":"2026-01-21T10:37:25","slug":"beques-i-ajuts-pel-curs-20-21","status":"publish","type":"page","link":"https:\/\/agora.xtec.cat\/escola-lespinediques\/beques-i-ajuts-pel-curs-20-21\/","title":{"rendered":"BEQUES i AJUTS pel curs 25\/26"},"content":{"rendered":"<p>Existeixen diferents tipus de Beques i Ajuts per l&#8217;escolaritzaci\u00f3 dels infants i joves. S\u00f3n les mateixes que el curs passat i en la majoria dels casos el tr\u00e0mit per demanar-les s&#8217;ha simplificat.<span style=\"color: #000000;\"> Alguns barems s&#8217;han modificat per tal de poder arribar a m\u00e9s fam\u00edlies i amb la intenci\u00f3 d&#8217;ajudar davant les possibles dificultats econ\u00f2miques.<\/span><\/p>\n<table style=\"height: 454px; width: 69.2547%;\" width=\"948\">\n<tbody>\n<tr style=\"height: 66px;\">\n<td style=\"width: 943.333px; background-color: #7dd1f0; height: 66px;\">\n<h3><span style=\"color: #000080;\">AJUTS del Consell Comarcal<\/span><\/h3>\n<\/td>\n<\/tr>\n<tr style=\"height: 176px;\">\n<td style=\"width: 943.333px; height: 345px;\">\n<p style=\"font-weight: 400;\">Es pot demanar beca de menjador, sortides llibres i activitats, despla\u00e7ament.<\/p>\n<p style=\"font-weight: 400;\">Aquest any, com el curs passat, les beques de transport a part de complir amb el requisit de tenir una\u00a0<strong>dist\u00e0ncia m\u00ednima de 3 km\u00a0<\/strong>entre el domicili i l&#8217;escola, la unitat familiar haur\u00e0 de complir els\u00a0<strong>requisits econ\u00f2mics\u00a0<\/strong>d&#8217;acord amb el que s&#8217;estableix a les bases que regulen els ajuts i per tant si no es compleixen i superen el llindar m\u00e0xim establert l&#8217;ajut no es podr\u00e0 rebre.<\/p>\n<p style=\"font-weight: 400;\"><strong>\u00a0 NOVETATS CONVOCAT\u00d2RIA 2024\/25\u00a0<\/strong><\/p>\n<p style=\"font-weight: 400;\">\u00a0Les sol\u00b7licituds per part de les fam\u00edlies s&#8217;hauran de presentar amb certificat digital. a nivell jur\u00eddic ens demanen poder certificar i validar la identitat dels sol\u00b7licitants.<\/p>\n<p style=\"font-weight: 400;\">Accedir al tr\u00e0mit mitjan\u00e7ant un<u><strong>\u00a0CERTIFICAT DIGITAL AUTORITZAT<\/strong>\u00a0<\/u><\/p>\n<ul style=\"font-weight: 400;\">\n<li><a href=\"https:\/\/web.gencat.cat\/ca\/tramits\/suport-tramitacio\/durant-la-tramitacio\/signatura-identificacio-digital\/idcat-mobil\/index.html\" data-saferedirecturl=\"https:\/\/www.google.com\/url?q=https:\/\/web.gencat.cat\/ca\/tramits\/suport-tramitacio\/durant-la-tramitacio\/signatura-identificacio-digital\/idcat-mobil\/index.html&amp;source=gmail&amp;ust=1687334142237000&amp;usg=AOvVaw1TDhm9fobjxCB5jUtxwN-B\">IdCAT M\u00f2bil<\/a><\/li>\n<li>Certificat digital (<a href=\"https:\/\/www.sede.fnmt.gob.es\/certificados\/persona-fisica\" data-saferedirecturl=\"https:\/\/www.google.com\/url?q=https:\/\/www.sede.fnmt.gob.es\/certificados\/persona-fisica&amp;source=gmail&amp;ust=1687334142237000&amp;usg=AOvVaw1gt7BU8zvU7XXkJ1IQKW-7\">FNMT<\/a>, idCAT, DNIe, Altres)<\/li>\n<li><a href=\"https:\/\/clave.gob.es\/clave_Home\/clave.html\" data-saferedirecturl=\"https:\/\/www.google.com\/url?q=https:\/\/clave.gob.es\/clave_Home\/clave.html&amp;source=gmail&amp;ust=1687334142237000&amp;usg=AOvVaw17LSNFGoEC3MlL4Yd2XOM2\">Cl@ve<\/a>\u00a0(PIN24, Ciutadans UE,..)<\/li>\n<\/ul>\n<p style=\"font-weight: 400;\">\u00a0Hem elaborat un apartat de preguntes freq\u00fcents (FAQ&#8217;s\u00a0\u00a0) en el qual hem recollit el conjunt de preguntes que apareixen m\u00e9s sovint i les seves respostes, la qual cosa creiem que podr\u00e0 ajudar a resoldre molts dubtes a les fam\u00edlies\/escola a l&#8217;hora de sol\u00b7licitar qualsevol ajut i\/o servei. Esperem que sigui d&#8217;utilitat per tots. Ja ho teniu disponible a:<\/p>\n<p style=\"font-weight: 400;\"><a href=\"https:\/\/agora.xtec.cat\/escola-lespinediques\/wp-content\/uploads\/usu1774\/2023\/06\/image-4.png\"><img loading=\"lazy\" decoding=\"async\" class=\"alignnone wp-image-3594\" src=\"https:\/\/agora.xtec.cat\/escola-lespinediques\/wp-content\/uploads\/usu1774\/2023\/06\/image-4-1024x1024.png\" alt=\"\" width=\"137\" height=\"137\" srcset=\"https:\/\/agora.xtec.cat\/escola-lespinediques\/wp-content\/uploads\/usu1774\/2023\/06\/image-4-1024x1024.png 1024w, https:\/\/agora.xtec.cat\/escola-lespinediques\/wp-content\/uploads\/usu1774\/2023\/06\/image-4-300x300.png 300w, https:\/\/agora.xtec.cat\/escola-lespinediques\/wp-content\/uploads\/usu1774\/2023\/06\/image-4-150x150.png 150w, https:\/\/agora.xtec.cat\/escola-lespinediques\/wp-content\/uploads\/usu1774\/2023\/06\/image-4-768x768.png 768w, https:\/\/agora.xtec.cat\/escola-lespinediques\/wp-content\/uploads\/usu1774\/2023\/06\/image-4.png 1147w\" sizes=\"auto, (max-width: 137px) 100vw, 137px\" \/><\/a><br \/>\nEn el seg\u00fcent enlla\u00e7 podeu fer la sol\u00b7licitud.<\/p>\n<p style=\"font-weight: 400;\"><a href=\"https:\/\/ajutsescolars.ccosona.cat\/\" data-saferedirecturl=\"https:\/\/www.google.com\/url?q=https:\/\/ajutsescolars.ccosona.cat\/&amp;source=gmail&amp;ust=1687334142237000&amp;usg=AOvVaw1bHjPFqEx9Di5wWTvSqh2C\">Ajuts Escolars CCOsona<\/a><\/p>\n<p style=\"font-weight: 400;\">Us adjuntem un document amb els criteris i el manual per tal de poder fer les sol\u00b7licitud de renovaci\u00f3.<\/p>\n<p style=\"font-weight: 400;\"><strong>Important:<\/strong>\u00a0si teniu m\u00e9s d&#8217;un infant a l&#8217;escola cal que ompliu una nova sol\u00b7licitud per a cada un\/a.\u00a0 Si teniu algun infant per a comen\u00e7ar P3, cal fer la sol\u00b7licitud en el moment de la matr\u00edcula.<\/p>\n<\/td>\n<\/tr>\n<tr style=\"height: 66px;\">\n<td style=\"width: 943.333px; background-color: #7dd1f0; height: 10px;\">\n<h3><span style=\"color: #000080;\">BEQUES &#8220;APR\u00c8N I JUGA&#8221; de l&#8217;Ajuntament de Taradell<\/span><\/h3>\n<\/td>\n<\/tr>\n<tr style=\"height: 33px;\">\n<td style=\"width: 943.333px; height: 33px;\">Per infants de 1r de prim\u00e0ria a 4t d&#8217;ESO<\/p>\n<p><strong>Cal anar a buscar la sol\u00b7licitud a l&#8217;ajuntament<\/strong>\u00a0a l\u2019oficina d\u2019atenci\u00f3 a la ciutadania de l\u2019Ajuntament.<\/p>\n<p><strong>Cal retornar la sol\u00b7licitud omplerta amb la documentaci\u00f3 necess\u00e0ria a l&#8217;ajuntament<\/strong>, a partir del 8 de juny,\u00a0els dilluns, dimarts i dijous en horari de 9 a 2h.<\/p>\n<h4>Per qualsevol dubte o aclariment les fam\u00edlies es poden posar en contacte amb els Serveis Socials al tel\u00e8fon 93.812.54.45 o per correu electr\u00f2nic a\u00a0<a href=\"mailto:serveisoscials@mancoplana.cat\">serveisoscials@mancoplana.cat<\/a>.<\/h4>\n<\/td>\n<\/tr>\n<\/tbody>\n<\/table>\n<p>&nbsp;<\/p>\n","protected":false},"excerpt":{"rendered":"<p>Existeixen diferents tipus de Beques i Ajuts per l&#8217;escolaritzaci\u00f3 dels infants i joves. S\u00f3n les mateixes que el curs passat i en la majoria dels casos el tr\u00e0mit per demanar-les s&#8217;ha simplificat. Alguns barems s&#8217;han modificat per tal de poder arribar a m\u00e9s fam\u00edlies i amb la intenci\u00f3 d&#8217;ajudar davant les possibles dificultats econ\u00f2miques. AJUTS [&hellip;]<\/p>\n","protected":false},"author":1,"featured_media":0,"parent":0,"menu_order":0,"comment_status":"closed","ping_status":"closed","template":"","meta":{"_bbp_topic_count":0,"_bbp_reply_count":0,"_bbp_total_topic_count":0,"_bbp_total_reply_count":0,"_bbp_voice_count":0,"_bbp_anonymous_reply_count":0,"_bbp_topic_count_hidden":0,"_bbp_reply_count_hidden":0,"_bbp_forum_subforum_count":0,"site-sidebar-layout":"default","site-content-layout":"","ast-site-content-layout":"","site-content-style":"default","site-sidebar-style":"default","ast-global-header-display":"","ast-banner-title-visibility":"","ast-main-header-display":"","ast-hfb-above-header-display":"","ast-hfb-below-header-display":"","ast-hfb-mobile-header-display":"","site-post-title":"","ast-breadcrumbs-content":"","ast-featured-img":"","footer-sml-layout":"","theme-transparent-header-meta":"","adv-header-id-meta":"","stick-header-meta":"","header-above-stick-meta":"","header-main-stick-meta":"","header-below-stick-meta":"","astra-migrate-meta-layouts":"default","ast-page-background-enabled":"default","ast-page-background-meta":{"desktop":{"background-color":"var(--ast-global-color-4)","background-image":"","background-repeat":"repeat","background-position":"center center","background-size":"auto","background-attachment":"scroll","background-type":"","background-media":"","overlay-type":"","overlay-color":"","overlay-opacity":"","overlay-gradient":""},"tablet":{"background-color":"","background-image":"","background-repeat":"repeat","background-position":"center center","background-size":"auto","background-attachment":"scroll","background-type":"","background-media":"","overlay-type":"","overlay-color":"","overlay-opacity":"","overlay-gradient":""},"mobile":{"background-color":"","background-image":"","background-repeat":"repeat","background-position":"center center","background-size":"auto","background-attachment":"scroll","background-type":"","background-media":"","overlay-type":"","overlay-color":"","overlay-opacity":"","overlay-gradient":""}},"ast-content-background-meta":{"desktop":{"background-color":"var(--ast-global-color-5)","background-image":"","background-repeat":"repeat","background-position":"center center","background-size":"auto","background-attachment":"scroll","background-type":"","background-media":"","overlay-type":"","overlay-color":"","overlay-opacity":"","overlay-gradient":""},"tablet":{"background-color":"var(--ast-global-color-5)","background-image":"","background-repeat":"repeat","background-position":"center center","background-size":"auto","background-attachment":"scroll","background-type":"","background-media":"","overlay-type":"","overlay-color":"","overlay-opacity":"","overlay-gradient":""},"mobile":{"background-color":"var(--ast-global-color-5)","background-image":"","background-repeat":"repeat","background-position":"center center","background-size":"auto","background-attachment":"scroll","background-type":"","background-media":"","overlay-type":"","overlay-color":"","overlay-opacity":"","overlay-gradient":""}},"footnotes":""},"class_list":["post-1439","page","type-page","status-publish","hentry"],"post_mailing_queue_ids":[],"_links":{"self":[{"href":"https:\/\/agora.xtec.cat\/escola-lespinediques\/wp-json\/wp\/v2\/pages\/1439","targetHints":{"allow":["GET"]}}],"collection":[{"href":"https:\/\/agora.xtec.cat\/escola-lespinediques\/wp-json\/wp\/v2\/pages"}],"about":[{"href":"https:\/\/agora.xtec.cat\/escola-lespinediques\/wp-json\/wp\/v2\/types\/page"}],"author":[{"embeddable":true,"href":"https:\/\/agora.xtec.cat\/escola-lespinediques\/wp-json\/wp\/v2\/users\/1"}],"replies":[{"embeddable":true,"href":"https:\/\/agora.xtec.cat\/escola-lespinediques\/wp-json\/wp\/v2\/comments?post=1439"}],"version-history":[{"count":6,"href":"https:\/\/agora.xtec.cat\/escola-lespinediques\/wp-json\/wp\/v2\/pages\/1439\/revisions"}],"predecessor-version":[{"id":4636,"href":"https:\/\/agora.xtec.cat\/escola-lespinediques\/wp-json\/wp\/v2\/pages\/1439\/revisions\/4636"}],"wp:attachment":[{"href":"https:\/\/agora.xtec.cat\/escola-lespinediques\/wp-json\/wp\/v2\/media?parent=1439"}],"curies":[{"name":"wp","href":"https:\/\/api.w.org\/{rel}","templated":true}]}}