{"id":20672,"date":"2023-12-15T12:57:08","date_gmt":"2023-12-15T11:57:08","guid":{"rendered":"https:\/\/agora.xtec.cat\/escola-les-roques\/?page_id=20672"},"modified":"2025-02-12T16:33:36","modified_gmt":"2025-02-12T15:33:36","slug":"projecte-linguistic","status":"publish","type":"page","link":"https:\/\/agora.xtec.cat\/escola-les-roques\/projecte-linguistic\/","title":{"rendered":"Projecte Ling\u00fc\u00edstic"},"content":{"rendered":"<p style=\"text-align: justify;\">El catal\u00e0 ocupa un paper central com a llengua vertebradora d&#8217;un projecte pluriling\u00fce a la nostra escola. Aquesta llengua \u00e9s utilitzada en totes les activitats acad\u00e8miques i serveix com a eina de cohesi\u00f3 i integraci\u00f3 entre tots els membres de la comunitat escolar. Posem un \u00e8mfasi expl\u00edcit en els usos ling\u00fc\u00edstics, reconeixent la dimensi\u00f3 pluriling\u00fce i intercultural del curr\u00edculum, que aborda continguts relacionats amb els usos socials en un context multiling\u00fce com el nostre. Valorem el bagatge ling\u00fc\u00edstic dels nostres alumnes, atorgant-los un paper protagonista en les activitats que contribueixen al desenvolupament del curr\u00edculum.<\/p>\n<p style=\"text-align: justify;\"><img decoding=\"async\" class=\"aligncenter\" src=\"https:\/\/www.elsxiprers.cat\/wp-content\/uploads\/linguistic.jpeg\" alt=\"Projecte ling\u00fcistic \u2013 Els Xiprers\" \/><\/p>\n<p style=\"text-align: justify;\">A la nostra escola, tenim en compte la realitat socioling\u00fc\u00edstica dels nostres alumnes. Existeix una continu\u00eftat i coher\u00e8ncia metodol\u00f2gica entre les activitats realitzades en catal\u00e0 i castell\u00e0, amb l&#8217;objectiu final que els estudiants dominin amb flu\u00efdesa les dues lleng\u00fces.<\/p>\n<p style=\"text-align: justify;\">L&#8217;angl\u00e8s, com a llengua estrangera, ocupa un lloc rellevant amb criteris ben definits per a la programaci\u00f3. Aquesta es basa en activitats d&#8217;aprenentatge que s\u00f3n rellevants i globals, integren reptes ling\u00fc\u00edstics i cognitius, impulsen l&#8217;\u00fas de la llengua estrangera i segueixen una estructura seq\u00fcencial en la construcci\u00f3 del coneixement.<\/p>\n<p style=\"text-align: justify;\">\n","protected":false},"excerpt":{"rendered":"<p>El catal\u00e0 ocupa un paper central com a llengua vertebradora d&#8217;un projecte pluriling\u00fce a la nostra escola. Aquesta llengua \u00e9s [&hellip;]<\/p>\n","protected":false},"author":1,"featured_media":0,"parent":0,"menu_order":0,"comment_status":"closed","ping_status":"closed","template":"","meta":{"_bbp_topic_count":0,"_bbp_reply_count":0,"_bbp_total_topic_count":0,"_bbp_total_reply_count":0,"_bbp_voice_count":0,"_bbp_anonymous_reply_count":0,"_bbp_topic_count_hidden":0,"_bbp_reply_count_hidden":0,"_bbp_forum_subforum_count":0,"site-sidebar-layout":"default","site-content-layout":"","ast-site-content-layout":"","site-content-style":"default","site-sidebar-style":"default","ast-global-header-display":"","ast-banner-title-visibility":"","ast-main-header-display":"","ast-hfb-above-header-display":"","ast-hfb-below-header-display":"","ast-hfb-mobile-header-display":"","site-post-title":"","ast-breadcrumbs-content":"","ast-featured-img":"","footer-sml-layout":"","theme-transparent-header-meta":"","adv-header-id-meta":"","stick-header-meta":"","header-above-stick-meta":"","header-main-stick-meta":"","header-below-stick-meta":"","astra-migrate-meta-layouts":"default","ast-page-background-enabled":"default","ast-page-background-meta":{"desktop":{"background-color":"var(--ast-global-color-4)","background-image":"","background-repeat":"repeat","background-position":"center center","background-size":"auto","background-attachment":"scroll","background-type":"","background-media":"","overlay-type":"","overlay-color":"","overlay-opacity":"","overlay-gradient":""},"tablet":{"background-color":"","background-image":"","background-repeat":"repeat","background-position":"center center","background-size":"auto","background-attachment":"scroll","background-type":"","background-media":"","overlay-type":"","overlay-color":"","overlay-opacity":"","overlay-gradient":""},"mobile":{"background-color":"","background-image":"","background-repeat":"repeat","background-position":"center center","background-size":"auto","background-attachment":"scroll","background-type":"","background-media":"","overlay-type":"","overlay-color":"","overlay-opacity":"","overlay-gradient":""}},"ast-content-background-meta":{"desktop":{"background-color":"var(--ast-global-color-5)","background-image":"","background-repeat":"repeat","background-position":"center center","background-size":"auto","background-attachment":"scroll","background-type":"","background-media":"","overlay-type":"","overlay-color":"","overlay-opacity":"","overlay-gradient":""},"tablet":{"background-color":"var(--ast-global-color-5)","background-image":"","background-repeat":"repeat","background-position":"center center","background-size":"auto","background-attachment":"scroll","background-type":"","background-media":"","overlay-type":"","overlay-color":"","overlay-opacity":"","overlay-gradient":""},"mobile":{"background-color":"var(--ast-global-color-5)","background-image":"","background-repeat":"repeat","background-position":"center center","background-size":"auto","background-attachment":"scroll","background-type":"","background-media":"","overlay-type":"","overlay-color":"","overlay-opacity":"","overlay-gradient":""}},"footnotes":""},"class_list":["post-20672","page","type-page","status-publish","hentry"],"post_mailing_queue_ids":[],"_links":{"self":[{"href":"https:\/\/agora.xtec.cat\/escola-les-roques\/wp-json\/wp\/v2\/pages\/20672","targetHints":{"allow":["GET"]}}],"collection":[{"href":"https:\/\/agora.xtec.cat\/escola-les-roques\/wp-json\/wp\/v2\/pages"}],"about":[{"href":"https:\/\/agora.xtec.cat\/escola-les-roques\/wp-json\/wp\/v2\/types\/page"}],"author":[{"embeddable":true,"href":"https:\/\/agora.xtec.cat\/escola-les-roques\/wp-json\/wp\/v2\/users\/1"}],"replies":[{"embeddable":true,"href":"https:\/\/agora.xtec.cat\/escola-les-roques\/wp-json\/wp\/v2\/comments?post=20672"}],"version-history":[{"count":4,"href":"https:\/\/agora.xtec.cat\/escola-les-roques\/wp-json\/wp\/v2\/pages\/20672\/revisions"}],"predecessor-version":[{"id":20678,"href":"https:\/\/agora.xtec.cat\/escola-les-roques\/wp-json\/wp\/v2\/pages\/20672\/revisions\/20678"}],"wp:attachment":[{"href":"https:\/\/agora.xtec.cat\/escola-les-roques\/wp-json\/wp\/v2\/media?parent=20672"}],"curies":[{"name":"wp","href":"https:\/\/api.w.org\/{rel}","templated":true}]}}