{"id":20660,"date":"2023-12-15T12:44:36","date_gmt":"2023-12-15T11:44:36","guid":{"rendered":"https:\/\/agora.xtec.cat\/escola-les-roques\/?page_id=20660"},"modified":"2023-12-15T12:54:50","modified_gmt":"2023-12-15T11:54:50","slug":"digitalitzacio","status":"publish","type":"page","link":"https:\/\/agora.xtec.cat\/escola-les-roques\/digitalitzacio\/","title":{"rendered":"Digitalitzaci\u00f3"},"content":{"rendered":"<p style=\"text-align: justify;\">La pres\u00e8ncia de la tecnologia \u00e9s una realitat intr\u00ednseca al nostre dia a dia i a l&#8217;\u00e0mbit educatiu. En aquest sentit, la nostra escola aborda l&#8217;\u00fas de la tecnologia de manera progressiva, integrant-la de manera natural en el curr\u00edculum i en les planificacions d&#8217;aula. Aquest enfocament t\u00e9 com a objectiu potenciar les habilitats pr\u00f2pies del segle XXI, fomentant la capacitat de treballar amb eines col\u00b7laboratives, utilitzar plataformes en l\u00ednia i aprendre a buscar continguts multim\u00e8dia que enriqueixin el proc\u00e9s d&#8217;aprenentatge. Aix\u00ed, apostem per una visi\u00f3 moderna de l&#8217;educaci\u00f3 que prepari els nostres alumnes per afrontar els reptes del futur.<\/p>\n<p style=\"text-align: justify;\">A la nostra escola, implementem activament les eines G Suite for Education, les quals faciliten el desenvolupament d&#8217;actituds de col\u00b7laboraci\u00f3, respecte i cooperaci\u00f3 entre els alumnes. Aquest conjunt d&#8217;eines no nom\u00e9s promou habilitats com buscar, seleccionar i interpretar informaci\u00f3, sin\u00f3 que tamb\u00e9 habilita la creaci\u00f3 de continguts. Aquest enfocament integral est\u00e0 disseny<span style=\"font-family: inherit; font-size: 1em;\">at per desenvolupar totes les compet\u00e8ncies necess\u00e0ries per al segle XXI. <\/span>\u00c9s important destacar que les funcions de seguretat integrades a les eines G Suite for Education estan espec\u00edficament dissenyades per mantenir la informaci\u00f3 segura i sota el control directe del nostre centre educatiu. Aix\u00ed, garantim un entorn digital segur i protegim la privacitat de la informaci\u00f3 dels nostres estudiants.<br \/>\n<img loading=\"lazy\" decoding=\"async\" class=\"aligncenter\" src=\"https:\/\/sleonproductions.com\/wp-content\/uploads\/2020\/11\/g-suite-apps-page-header.png\" alt=\"How to update the Google G-Suite Logo | sleon productions\" width=\"484\" height=\"304\" \/><\/p>\n","protected":false},"excerpt":{"rendered":"<p>La pres\u00e8ncia de la tecnologia \u00e9s una realitat intr\u00ednseca al nostre dia a dia i a l&#8217;\u00e0mbit educatiu. En aquest [&hellip;]<\/p>\n","protected":false},"author":1,"featured_media":0,"parent":0,"menu_order":0,"comment_status":"closed","ping_status":"closed","template":"","meta":{"_bbp_topic_count":0,"_bbp_reply_count":0,"_bbp_total_topic_count":0,"_bbp_total_reply_count":0,"_bbp_voice_count":0,"_bbp_anonymous_reply_count":0,"_bbp_topic_count_hidden":0,"_bbp_reply_count_hidden":0,"_bbp_forum_subforum_count":0,"site-sidebar-layout":"default","site-content-layout":"","ast-site-content-layout":"","site-content-style":"default","site-sidebar-style":"default","ast-global-header-display":"","ast-banner-title-visibility":"","ast-main-header-display":"","ast-hfb-above-header-display":"","ast-hfb-below-header-display":"","ast-hfb-mobile-header-display":"","site-post-title":"","ast-breadcrumbs-content":"","ast-featured-img":"","footer-sml-layout":"","theme-transparent-header-meta":"","adv-header-id-meta":"","stick-header-meta":"","header-above-stick-meta":"","header-main-stick-meta":"","header-below-stick-meta":"","astra-migrate-meta-layouts":"default","ast-page-background-enabled":"default","ast-page-background-meta":{"desktop":{"background-color":"var(--ast-global-color-4)","background-image":"","background-repeat":"repeat","background-position":"center center","background-size":"auto","background-attachment":"scroll","background-type":"","background-media":"","overlay-type":"","overlay-color":"","overlay-opacity":"","overlay-gradient":""},"tablet":{"background-color":"","background-image":"","background-repeat":"repeat","background-position":"center center","background-size":"auto","background-attachment":"scroll","background-type":"","background-media":"","overlay-type":"","overlay-color":"","overlay-opacity":"","overlay-gradient":""},"mobile":{"background-color":"","background-image":"","background-repeat":"repeat","background-position":"center center","background-size":"auto","background-attachment":"scroll","background-type":"","background-media":"","overlay-type":"","overlay-color":"","overlay-opacity":"","overlay-gradient":""}},"ast-content-background-meta":{"desktop":{"background-color":"var(--ast-global-color-5)","background-image":"","background-repeat":"repeat","background-position":"center center","background-size":"auto","background-attachment":"scroll","background-type":"","background-media":"","overlay-type":"","overlay-color":"","overlay-opacity":"","overlay-gradient":""},"tablet":{"background-color":"var(--ast-global-color-5)","background-image":"","background-repeat":"repeat","background-position":"center center","background-size":"auto","background-attachment":"scroll","background-type":"","background-media":"","overlay-type":"","overlay-color":"","overlay-opacity":"","overlay-gradient":""},"mobile":{"background-color":"var(--ast-global-color-5)","background-image":"","background-repeat":"repeat","background-position":"center center","background-size":"auto","background-attachment":"scroll","background-type":"","background-media":"","overlay-type":"","overlay-color":"","overlay-opacity":"","overlay-gradient":""}},"footnotes":""},"class_list":["post-20660","page","type-page","status-publish","hentry"],"post_mailing_queue_ids":[],"_links":{"self":[{"href":"https:\/\/agora.xtec.cat\/escola-les-roques\/wp-json\/wp\/v2\/pages\/20660","targetHints":{"allow":["GET"]}}],"collection":[{"href":"https:\/\/agora.xtec.cat\/escola-les-roques\/wp-json\/wp\/v2\/pages"}],"about":[{"href":"https:\/\/agora.xtec.cat\/escola-les-roques\/wp-json\/wp\/v2\/types\/page"}],"author":[{"embeddable":true,"href":"https:\/\/agora.xtec.cat\/escola-les-roques\/wp-json\/wp\/v2\/users\/1"}],"replies":[{"embeddable":true,"href":"https:\/\/agora.xtec.cat\/escola-les-roques\/wp-json\/wp\/v2\/comments?post=20660"}],"version-history":[{"count":3,"href":"https:\/\/agora.xtec.cat\/escola-les-roques\/wp-json\/wp\/v2\/pages\/20660\/revisions"}],"predecessor-version":[{"id":20670,"href":"https:\/\/agora.xtec.cat\/escola-les-roques\/wp-json\/wp\/v2\/pages\/20660\/revisions\/20670"}],"wp:attachment":[{"href":"https:\/\/agora.xtec.cat\/escola-les-roques\/wp-json\/wp\/v2\/media?parent=20660"}],"curies":[{"name":"wp","href":"https:\/\/api.w.org\/{rel}","templated":true}]}}