{"id":809,"date":"2019-12-04T12:19:56","date_gmt":"2019-12-04T11:19:56","guid":{"rendered":"https:\/\/agora.xtec.cat\/escola-les-escomes\/?page_id=809"},"modified":"2026-01-08T10:36:12","modified_gmt":"2026-01-08T09:36:12","slug":"biblioteca","status":"publish","type":"page","link":"https:\/\/agora.xtec.cat\/escola-les-escomes\/biblioteca\/","title":{"rendered":"La biblioteca escolar"},"content":{"rendered":"<p data-start=\"200\" data-end=\"412\">La biblioteca de la nostra escola \u00e9s molt m\u00e9s que un espai ple de llibres: \u00e9s un lloc de trobada, de descoberta i d\u2019imaginaci\u00f3. Un espai viu que convida a llegir, a escoltar hist\u00f2ries, a fer preguntes i a somiar.<\/p>\n<p data-start=\"414\" data-end=\"718\">A la biblioteca, els infants entren en contacte amb els llibres des de ben petits, aprenen a estimar la lectura i a viure-la com un plaer. \u00c9s un espai on es fomenten la curiositat, el pensament cr\u00edtic i la creativitat, i on cada nen i nena pot trobar lectures adaptades als seus interessos i necessitats.<\/p>\n<p data-start=\"720\" data-end=\"1058\">Des de la biblioteca escolar promovem el gust per llegir a trav\u00e9s de propostes variades: estones de club de lectura, contes explicats, recomanacions liter\u00e0ries i activitats que connecten els llibres amb la vida a l\u2019aula. Treballem perqu\u00e8 la lectura sigui una experi\u00e8ncia significativa, emocionant i present en el dia a dia de l\u2019escola.<\/p>\n<p data-start=\"1060\" data-end=\"1229\">La biblioteca \u00e9s, en definitiva, un espai que acompanya el creixement lector dels infants i que contribueix a formar persones curioses, sensibles i amb ganes d\u2019aprendre.<\/p>\n\n\n<figure class=\"wp-block-image size-full is-resized\"><a href=\"https:\/\/agora.xtec.cat\/escola-les-escomes\/wp-content\/uploads\/usu361\/2026\/01\/Diseno-sin-titulo.png\"><img loading=\"lazy\" decoding=\"async\" width=\"1001\" height=\"994\" src=\"https:\/\/agora.xtec.cat\/escola-les-escomes\/wp-content\/uploads\/usu361\/2026\/01\/Diseno-sin-titulo.png\" alt=\"\" class=\"wp-image-9526\" style=\"width:341px;height:auto\" srcset=\"https:\/\/agora.xtec.cat\/escola-les-escomes\/wp-content\/uploads\/usu361\/2026\/01\/Diseno-sin-titulo.png 1001w, https:\/\/agora.xtec.cat\/escola-les-escomes\/wp-content\/uploads\/usu361\/2026\/01\/Diseno-sin-titulo-300x298.png 300w, https:\/\/agora.xtec.cat\/escola-les-escomes\/wp-content\/uploads\/usu361\/2026\/01\/Diseno-sin-titulo-150x150.png 150w, https:\/\/agora.xtec.cat\/escola-les-escomes\/wp-content\/uploads\/usu361\/2026\/01\/Diseno-sin-titulo-768x763.png 768w\" sizes=\"auto, (max-width: 1001px) 100vw, 1001px\" \/><\/a><\/figure>\n\n\n\n<p><\/p>\n","protected":false},"excerpt":{"rendered":"<p>La biblioteca de la nostra escola \u00e9s molt m\u00e9s que un espai ple de llibres: \u00e9s un lloc de trobada, de descoberta i d\u2019imaginaci\u00f3. Un espai viu que convida a llegir, a escoltar hist\u00f2ries, a fer preguntes i a somiar. A la biblioteca, els infants entren en contacte amb els llibres des de ben petits, [&hellip;]<\/p>\n","protected":false},"author":1,"featured_media":0,"parent":0,"menu_order":0,"comment_status":"closed","ping_status":"closed","template":"","meta":{"_bbp_topic_count":0,"_bbp_reply_count":0,"_bbp_total_topic_count":0,"_bbp_total_reply_count":0,"_bbp_voice_count":0,"_bbp_anonymous_reply_count":0,"_bbp_topic_count_hidden":0,"_bbp_reply_count_hidden":0,"_bbp_forum_subforum_count":0,"site-sidebar-layout":"default","site-content-layout":"","ast-site-content-layout":"default","site-content-style":"default","site-sidebar-style":"default","ast-global-header-display":"","ast-banner-title-visibility":"","ast-main-header-display":"","ast-hfb-above-header-display":"","ast-hfb-below-header-display":"","ast-hfb-mobile-header-display":"","site-post-title":"","ast-breadcrumbs-content":"","ast-featured-img":"","footer-sml-layout":"","theme-transparent-header-meta":"","adv-header-id-meta":"","stick-header-meta":"","header-above-stick-meta":"","header-main-stick-meta":"","header-below-stick-meta":"","astra-migrate-meta-layouts":"set","ast-page-background-enabled":"default","ast-page-background-meta":{"desktop":{"background-color":"var(--ast-global-color-4)","background-image":"","background-repeat":"repeat","background-position":"center center","background-size":"auto","background-attachment":"scroll","background-type":"","background-media":"","overlay-type":"","overlay-color":"","overlay-opacity":"","overlay-gradient":""},"tablet":{"background-color":"","background-image":"","background-repeat":"repeat","background-position":"center center","background-size":"auto","background-attachment":"scroll","background-type":"","background-media":"","overlay-type":"","overlay-color":"","overlay-opacity":"","overlay-gradient":""},"mobile":{"background-color":"","background-image":"","background-repeat":"repeat","background-position":"center center","background-size":"auto","background-attachment":"scroll","background-type":"","background-media":"","overlay-type":"","overlay-color":"","overlay-opacity":"","overlay-gradient":""}},"ast-content-background-meta":{"desktop":{"background-color":"var(--ast-global-color-5)","background-image":"","background-repeat":"repeat","background-position":"center center","background-size":"auto","background-attachment":"scroll","background-type":"","background-media":"","overlay-type":"","overlay-color":"","overlay-opacity":"","overlay-gradient":""},"tablet":{"background-color":"var(--ast-global-color-5)","background-image":"","background-repeat":"repeat","background-position":"center center","background-size":"auto","background-attachment":"scroll","background-type":"","background-media":"","overlay-type":"","overlay-color":"","overlay-opacity":"","overlay-gradient":""},"mobile":{"background-color":"var(--ast-global-color-5)","background-image":"","background-repeat":"repeat","background-position":"center center","background-size":"auto","background-attachment":"scroll","background-type":"","background-media":"","overlay-type":"","overlay-color":"","overlay-opacity":"","overlay-gradient":""}},"footnotes":""},"class_list":["post-809","page","type-page","status-publish","hentry"],"post_mailing_queue_ids":[],"_links":{"self":[{"href":"https:\/\/agora.xtec.cat\/escola-les-escomes\/wp-json\/wp\/v2\/pages\/809","targetHints":{"allow":["GET"]}}],"collection":[{"href":"https:\/\/agora.xtec.cat\/escola-les-escomes\/wp-json\/wp\/v2\/pages"}],"about":[{"href":"https:\/\/agora.xtec.cat\/escola-les-escomes\/wp-json\/wp\/v2\/types\/page"}],"author":[{"embeddable":true,"href":"https:\/\/agora.xtec.cat\/escola-les-escomes\/wp-json\/wp\/v2\/users\/1"}],"replies":[{"embeddable":true,"href":"https:\/\/agora.xtec.cat\/escola-les-escomes\/wp-json\/wp\/v2\/comments?post=809"}],"version-history":[{"count":5,"href":"https:\/\/agora.xtec.cat\/escola-les-escomes\/wp-json\/wp\/v2\/pages\/809\/revisions"}],"predecessor-version":[{"id":9530,"href":"https:\/\/agora.xtec.cat\/escola-les-escomes\/wp-json\/wp\/v2\/pages\/809\/revisions\/9530"}],"wp:attachment":[{"href":"https:\/\/agora.xtec.cat\/escola-les-escomes\/wp-json\/wp\/v2\/media?parent=809"}],"curies":[{"name":"wp","href":"https:\/\/api.w.org\/{rel}","templated":true}]}}