{"id":2051,"date":"2021-01-25T15:18:20","date_gmt":"2021-01-25T14:18:20","guid":{"rendered":"https:\/\/agora.xtec.cat\/escola-les-escomes\/?page_id=2051"},"modified":"2026-04-22T09:35:25","modified_gmt":"2026-04-22T07:35:25","slug":"general","status":"publish","type":"page","link":"https:\/\/agora.xtec.cat\/escola-les-escomes\/serveis\/menjador\/general\/","title":{"rendered":"Men\u00fas"},"content":{"rendered":"\n<p class=\"has-text-align-center\"><a href=\"https:\/\/drive.google.com\/file\/d\/1Lf9vjcgav-cOh_FCrpz2kY6Jk9_1Log7\/view?usp=sharing\">Men\u00fas abril<\/a><br>(Trobareu tots els men\u00fas dins del mateix document)<\/p>\n\n\n\n<figure class=\"wp-block-image aligncenter size-full is-resized\"><a href=\"https:\/\/drive.google.com\/file\/d\/1Lf9vjcgav-cOh_FCrpz2kY6Jk9_1Log7\/view?usp=sharing\"><img loading=\"lazy\" decoding=\"async\" width=\"439\" height=\"310\" src=\"https:\/\/agora.xtec.cat\/escola-les-escomes\/wp-content\/uploads\/usu361\/2025\/05\/Portada_page-0001-1.jpg\" alt=\"\" class=\"wp-image-9154\" style=\"width:455px;height:auto\" srcset=\"https:\/\/agora.xtec.cat\/escola-les-escomes\/wp-content\/uploads\/usu361\/2025\/05\/Portada_page-0001-1.jpg 439w, https:\/\/agora.xtec.cat\/escola-les-escomes\/wp-content\/uploads\/usu361\/2025\/05\/Portada_page-0001-1-300x212.jpg 300w\" sizes=\"auto, (max-width: 439px) 100vw, 439px\" \/><\/a><\/figure>\n\n\n\n<p class=\"has-text-align-center\"><\/p>\n\n\n\n<p><\/p>\n\n\n\n<p class=\"has-text-align-center\"><a href=\"https:\/\/drive.google.com\/file\/d\/1i4tEuozgtNb3JAUXe1oOPr6PdOTcClhK\/view?usp=sharing\">Men\u00fas maig<\/a><br>(Trobareu tots els men\u00fas dins del mateix document)<\/p>\n\n\n\n<figure class=\"wp-block-image aligncenter size-full is-resized\"><a href=\"https:\/\/drive.google.com\/file\/d\/1i4tEuozgtNb3JAUXe1oOPr6PdOTcClhK\/view?usp=sharing\"><img loading=\"lazy\" decoding=\"async\" width=\"439\" height=\"310\" src=\"https:\/\/agora.xtec.cat\/escola-les-escomes\/wp-content\/uploads\/usu361\/2025\/05\/Portada_page-0001-1.jpg\" alt=\"\" class=\"wp-image-9154\" style=\"width:455px;height:auto\" srcset=\"https:\/\/agora.xtec.cat\/escola-les-escomes\/wp-content\/uploads\/usu361\/2025\/05\/Portada_page-0001-1.jpg 439w, https:\/\/agora.xtec.cat\/escola-les-escomes\/wp-content\/uploads\/usu361\/2025\/05\/Portada_page-0001-1-300x212.jpg 300w\" sizes=\"auto, (max-width: 439px) 100vw, 439px\" \/><\/a><\/figure>\n\n\n\n<p class=\"has-text-align-center\"><br><\/p>\n","protected":false},"excerpt":{"rendered":"<p>Men\u00fas abril(Trobareu tots els men\u00fas dins del mateix document) Men\u00fas maig(Trobareu tots els men\u00fas dins del mateix document)<\/p>\n","protected":false},"author":1,"featured_media":0,"parent":592,"menu_order":1,"comment_status":"closed","ping_status":"closed","template":"","meta":{"_bbp_topic_count":0,"_bbp_reply_count":0,"_bbp_total_topic_count":0,"_bbp_total_reply_count":0,"_bbp_voice_count":0,"_bbp_anonymous_reply_count":0,"_bbp_topic_count_hidden":0,"_bbp_reply_count_hidden":0,"_bbp_forum_subforum_count":0,"site-sidebar-layout":"default","site-content-layout":"","ast-site-content-layout":"default","site-content-style":"default","site-sidebar-style":"default","ast-global-header-display":"","ast-banner-title-visibility":"","ast-main-header-display":"","ast-hfb-above-header-display":"","ast-hfb-below-header-display":"","ast-hfb-mobile-header-display":"","site-post-title":"","ast-breadcrumbs-content":"","ast-featured-img":"","footer-sml-layout":"","theme-transparent-header-meta":"default","adv-header-id-meta":"","stick-header-meta":"","header-above-stick-meta":"","header-main-stick-meta":"","header-below-stick-meta":"","astra-migrate-meta-layouts":"set","ast-page-background-enabled":"default","ast-page-background-meta":{"desktop":{"background-color":"var(--ast-global-color-4)","background-image":"","background-repeat":"repeat","background-position":"center center","background-size":"auto","background-attachment":"scroll","background-type":"","background-media":"","overlay-type":"","overlay-color":"","overlay-opacity":"","overlay-gradient":""},"tablet":{"background-color":"","background-image":"","background-repeat":"repeat","background-position":"center center","background-size":"auto","background-attachment":"scroll","background-type":"","background-media":"","overlay-type":"","overlay-color":"","overlay-opacity":"","overlay-gradient":""},"mobile":{"background-color":"","background-image":"","background-repeat":"repeat","background-position":"center center","background-size":"auto","background-attachment":"scroll","background-type":"","background-media":"","overlay-type":"","overlay-color":"","overlay-opacity":"","overlay-gradient":""}},"ast-content-background-meta":{"desktop":{"background-color":"var(--ast-global-color-5)","background-image":"","background-repeat":"repeat","background-position":"center center","background-size":"auto","background-attachment":"scroll","background-type":"","background-media":"","overlay-type":"","overlay-color":"","overlay-opacity":"","overlay-gradient":""},"tablet":{"background-color":"var(--ast-global-color-5)","background-image":"","background-repeat":"repeat","background-position":"center center","background-size":"auto","background-attachment":"scroll","background-type":"","background-media":"","overlay-type":"","overlay-color":"","overlay-opacity":"","overlay-gradient":""},"mobile":{"background-color":"var(--ast-global-color-5)","background-image":"","background-repeat":"repeat","background-position":"center center","background-size":"auto","background-attachment":"scroll","background-type":"","background-media":"","overlay-type":"","overlay-color":"","overlay-opacity":"","overlay-gradient":""}},"footnotes":""},"class_list":["post-2051","page","type-page","status-publish","hentry"],"post_mailing_queue_ids":[],"_links":{"self":[{"href":"https:\/\/agora.xtec.cat\/escola-les-escomes\/wp-json\/wp\/v2\/pages\/2051","targetHints":{"allow":["GET"]}}],"collection":[{"href":"https:\/\/agora.xtec.cat\/escola-les-escomes\/wp-json\/wp\/v2\/pages"}],"about":[{"href":"https:\/\/agora.xtec.cat\/escola-les-escomes\/wp-json\/wp\/v2\/types\/page"}],"author":[{"embeddable":true,"href":"https:\/\/agora.xtec.cat\/escola-les-escomes\/wp-json\/wp\/v2\/users\/1"}],"replies":[{"embeddable":true,"href":"https:\/\/agora.xtec.cat\/escola-les-escomes\/wp-json\/wp\/v2\/comments?post=2051"}],"version-history":[{"count":6,"href":"https:\/\/agora.xtec.cat\/escola-les-escomes\/wp-json\/wp\/v2\/pages\/2051\/revisions"}],"predecessor-version":[{"id":9695,"href":"https:\/\/agora.xtec.cat\/escola-les-escomes\/wp-json\/wp\/v2\/pages\/2051\/revisions\/9695"}],"up":[{"embeddable":true,"href":"https:\/\/agora.xtec.cat\/escola-les-escomes\/wp-json\/wp\/v2\/pages\/592"}],"wp:attachment":[{"href":"https:\/\/agora.xtec.cat\/escola-les-escomes\/wp-json\/wp\/v2\/media?parent=2051"}],"curies":[{"name":"wp","href":"https:\/\/api.w.org\/{rel}","templated":true}]}}