{"id":931,"date":"2017-09-20T12:40:38","date_gmt":"2017-09-20T10:40:38","guid":{"rendered":"http:\/\/agora.xtec.cat\/escola-lavitxeta\/?page_id=931"},"modified":"2026-03-11T14:20:04","modified_gmt":"2026-03-11T13:20:04","slug":"menus-escolars","status":"publish","type":"page","link":"https:\/\/agora.xtec.cat\/escola-lavitxeta\/menus-escolars\/","title":{"rendered":"Men\u00fas Temps de Migdia"},"content":{"rendered":"<p><strong>Men\u00fas Temps de Migdia:<\/strong><\/p>\n<p>Cada mes fem arribar el men\u00fa del Temps de Migdia a les fam\u00edlies a trav\u00e9s de la Tokapp i el Canal de WhatsApp.<\/p>\n","protected":false},"excerpt":{"rendered":"<p>Men\u00fas Temps de Migdia:<br \/>\nCada mes fem arribar el men\u00fa del Temps de Migdia a les fam\u00edlies a trav\u00e9s de la Tokapp i el Canal de WhatsApp.<\/p>\n","protected":false},"author":1,"featured_media":0,"parent":0,"menu_order":0,"comment_status":"closed","ping_status":"closed","template":"page-templates\/side-menu.php","meta":{"_bbp_topic_count":0,"_bbp_reply_count":0,"_bbp_total_topic_count":0,"_bbp_total_reply_count":0,"_bbp_voice_count":0,"_bbp_anonymous_reply_count":0,"_bbp_topic_count_hidden":0,"_bbp_reply_count_hidden":0,"_bbp_forum_subforum_count":0,"footnotes":""},"class_list":["post-931","page","type-page","status-publish","hentry"],"post_mailing_queue_ids":[],"_links":{"self":[{"href":"https:\/\/agora.xtec.cat\/escola-lavitxeta\/wp-json\/wp\/v2\/pages\/931","targetHints":{"allow":["GET"]}}],"collection":[{"href":"https:\/\/agora.xtec.cat\/escola-lavitxeta\/wp-json\/wp\/v2\/pages"}],"about":[{"href":"https:\/\/agora.xtec.cat\/escola-lavitxeta\/wp-json\/wp\/v2\/types\/page"}],"author":[{"embeddable":true,"href":"https:\/\/agora.xtec.cat\/escola-lavitxeta\/wp-json\/wp\/v2\/users\/1"}],"replies":[{"embeddable":true,"href":"https:\/\/agora.xtec.cat\/escola-lavitxeta\/wp-json\/wp\/v2\/comments?post=931"}],"version-history":[{"count":6,"href":"https:\/\/agora.xtec.cat\/escola-lavitxeta\/wp-json\/wp\/v2\/pages\/931\/revisions"}],"predecessor-version":[{"id":49827,"href":"https:\/\/agora.xtec.cat\/escola-lavitxeta\/wp-json\/wp\/v2\/pages\/931\/revisions\/49827"}],"wp:attachment":[{"href":"https:\/\/agora.xtec.cat\/escola-lavitxeta\/wp-json\/wp\/v2\/media?parent=931"}],"curies":[{"name":"wp","href":"https:\/\/api.w.org\/{rel}","templated":true}]}}