{"id":837,"date":"2017-09-08T00:08:52","date_gmt":"2017-09-07T22:08:52","guid":{"rendered":"http:\/\/agora.xtec.cat\/escola-lavitxeta\/?page_id=837"},"modified":"2023-09-27T12:46:00","modified_gmt":"2023-09-27T10:46:00","slug":"mestres-especialistes-dangles","status":"publish","type":"page","link":"https:\/\/agora.xtec.cat\/escola-lavitxeta\/qui-som\/mestres-especialistes-dangles\/","title":{"rendered":"mestres especialistes d&#8217;angl\u00e8s"},"content":{"rendered":"<p>Les mestres especialistes d&#8217;angl\u00e8s s\u00f3n:<\/p>\n<p>&nbsp;<\/p>\n<ul>\n<li>Yordanka Kostadinova, mestra d&#8217;angl\u00e8s de 1r a 3r<\/li>\n<li>S\u00edlvia Linaje, mestra d&#8217;angl\u00e8s de 4t a 6\u00e8<\/li>\n<\/ul>\n<p><img loading=\"lazy\" decoding=\"async\" class=\"wp-image-48141 size-medium alignleft\" src=\"https:\/\/agora.xtec.cat\/escola-lavitxeta\/wp-content\/uploads\/usu1195\/2022\/10\/wonderwomen-219x300.jpg\" alt=\"\" width=\"219\" height=\"300\" srcset=\"https:\/\/agora.xtec.cat\/escola-lavitxeta\/wp-content\/uploads\/usu1195\/2022\/10\/wonderwomen-219x300.jpg 219w, https:\/\/agora.xtec.cat\/escola-lavitxeta\/wp-content\/uploads\/usu1195\/2022\/10\/wonderwomen-746x1024.jpg 746w, https:\/\/agora.xtec.cat\/escola-lavitxeta\/wp-content\/uploads\/usu1195\/2022\/10\/wonderwomen-768x1054.jpg 768w, https:\/\/agora.xtec.cat\/escola-lavitxeta\/wp-content\/uploads\/usu1195\/2022\/10\/wonderwomen-1119x1536.jpg 1119w, https:\/\/agora.xtec.cat\/escola-lavitxeta\/wp-content\/uploads\/usu1195\/2022\/10\/wonderwomen-1493x2048.jpg 1493w, https:\/\/agora.xtec.cat\/escola-lavitxeta\/wp-content\/uploads\/usu1195\/2022\/10\/wonderwomen-scaled.jpg 1866w\" sizes=\"auto, (max-width: 219px) 100vw, 219px\" \/><\/p>\n","protected":false},"excerpt":{"rendered":"<p>Les mestres especialistes d&#8217;angl\u00e8s s\u00f3n:<br \/>\n&nbsp;<\/p>\n<ul>\n<li>Yordanka Kostadinova, mestra d&#8217;angl\u00e8s de 1r a 3r<\/li>\n<li>S\u00edlvia Linaje, mestra d&#8217;angl\u00e8s de 4t a 6\u00e8<\/li>\n<\/ul>\n","protected":false},"author":1,"featured_media":0,"parent":508,"menu_order":7,"comment_status":"closed","ping_status":"closed","template":"page-templates\/side-menu.php","meta":{"_bbp_topic_count":0,"_bbp_reply_count":0,"_bbp_total_topic_count":0,"_bbp_total_reply_count":0,"_bbp_voice_count":0,"_bbp_anonymous_reply_count":0,"_bbp_topic_count_hidden":0,"_bbp_reply_count_hidden":0,"_bbp_forum_subforum_count":0,"footnotes":""},"class_list":["post-837","page","type-page","status-publish","hentry"],"post_mailing_queue_ids":[],"_links":{"self":[{"href":"https:\/\/agora.xtec.cat\/escola-lavitxeta\/wp-json\/wp\/v2\/pages\/837","targetHints":{"allow":["GET"]}}],"collection":[{"href":"https:\/\/agora.xtec.cat\/escola-lavitxeta\/wp-json\/wp\/v2\/pages"}],"about":[{"href":"https:\/\/agora.xtec.cat\/escola-lavitxeta\/wp-json\/wp\/v2\/types\/page"}],"author":[{"embeddable":true,"href":"https:\/\/agora.xtec.cat\/escola-lavitxeta\/wp-json\/wp\/v2\/users\/1"}],"replies":[{"embeddable":true,"href":"https:\/\/agora.xtec.cat\/escola-lavitxeta\/wp-json\/wp\/v2\/comments?post=837"}],"version-history":[{"count":3,"href":"https:\/\/agora.xtec.cat\/escola-lavitxeta\/wp-json\/wp\/v2\/pages\/837\/revisions"}],"predecessor-version":[{"id":48922,"href":"https:\/\/agora.xtec.cat\/escola-lavitxeta\/wp-json\/wp\/v2\/pages\/837\/revisions\/48922"}],"up":[{"embeddable":true,"href":"https:\/\/agora.xtec.cat\/escola-lavitxeta\/wp-json\/wp\/v2\/pages\/508"}],"wp:attachment":[{"href":"https:\/\/agora.xtec.cat\/escola-lavitxeta\/wp-json\/wp\/v2\/media?parent=837"}],"curies":[{"name":"wp","href":"https:\/\/api.w.org\/{rel}","templated":true}]}}