{"id":835,"date":"2017-09-08T00:08:08","date_gmt":"2017-09-07T22:08:08","guid":{"rendered":"http:\/\/agora.xtec.cat\/escola-lavitxeta\/?page_id=835"},"modified":"2025-02-04T12:38:10","modified_gmt":"2025-02-04T11:38:10","slug":"equip-de-cicle-superior","status":"publish","type":"page","link":"https:\/\/agora.xtec.cat\/escola-lavitxeta\/qui-som\/equip-de-cicle-superior\/","title":{"rendered":"Equip de la comunitat de grans"},"content":{"rendered":"<p>L&#8217;equip del <strong>grup grans<\/strong> est\u00e0 format per:<\/p>\n<p>&nbsp;<\/p>\n<ul>\n<li>Margarida Paredes, tutora de 4tA<\/li>\n<li>Nat\u00e0lia Rofes, tutora de 4tB<\/li>\n<\/ul>\n<p>&nbsp;<\/p>\n<ul>\n<li>Maria Franco, tutora de 5\u00e8A.<\/li>\n<li>Jordina Oliv\u00e9, tutora de 5\u00e8B.<\/li>\n<\/ul>\n<p>&nbsp;<\/p>\n<ul>\n<li>Rafael Garc\u00eda, tutor de 6\u00e8A<\/li>\n<li>Paqui Doncel, tutora de 6\u00e8B<\/li>\n<\/ul>\n<p>&nbsp;<\/p>\n<ul>\n<li>Gemma Drudes, mestre d&#8217;educaci\u00f3 especial a 4t<\/li>\n<li>Olga Besora, mestra d&#8217;educaci\u00f3 especial a 5\u00e8 i 6\u00e8<\/li>\n<li>S\u00edlvia Linaje, mestra d&#8217;angl\u00e8s<\/li>\n<li>Josep Basco, mestre de m\u00fasica<\/li>\n<li>Diana M\u00f2nico, mestra d&#8217;educaci\u00f3 f\u00edsica<\/li>\n<li>Maria Horra, mestra d&#8217;escacs.<\/li>\n<\/ul>\n<p><img loading=\"lazy\" decoding=\"async\" class=\"alignnone wp-image-49524 size-large\" src=\"https:\/\/agora.xtec.cat\/escola-lavitxeta\/wp-content\/uploads\/usu1195\/2025\/02\/Foto-Comunitat-Grans-576x1024.jpg\" alt=\"\" width=\"576\" height=\"1024\" srcset=\"https:\/\/agora.xtec.cat\/escola-lavitxeta\/wp-content\/uploads\/usu1195\/2025\/02\/Foto-Comunitat-Grans-576x1024.jpg 576w, https:\/\/agora.xtec.cat\/escola-lavitxeta\/wp-content\/uploads\/usu1195\/2025\/02\/Foto-Comunitat-Grans-169x300.jpg 169w, https:\/\/agora.xtec.cat\/escola-lavitxeta\/wp-content\/uploads\/usu1195\/2025\/02\/Foto-Comunitat-Grans-768x1365.jpg 768w, https:\/\/agora.xtec.cat\/escola-lavitxeta\/wp-content\/uploads\/usu1195\/2025\/02\/Foto-Comunitat-Grans-864x1536.jpg 864w, https:\/\/agora.xtec.cat\/escola-lavitxeta\/wp-content\/uploads\/usu1195\/2025\/02\/Foto-Comunitat-Grans.jpg 1080w\" sizes=\"auto, (max-width: 576px) 100vw, 576px\" \/><\/p>\n","protected":false},"excerpt":{"rendered":"<p>L&#8217;equip del grup grans est\u00e0 format per:<br \/>\n&nbsp;<\/p>\n<ul>\n<li>Margarida Paredes, tutora de 4tA<\/li>\n<li>Nat\u00e0lia Rofes, tutora de 4tB<\/li>\n<\/ul>\n<p>&nbsp;<\/p>\n<ul>\n<li>Maria Franco, tutora de 5\u00e8A.<\/li>\n<li>Jordina Oliv\u00e9, tutora de 5\u00e8B.<\/li>\n<\/ul>\n<p>&nbsp;<\/p>\n<ul>\n<li>Rafael Garc\u00eda, tutor de 6\u00e8A<\/li>\n<li>Paqui Doncel, tutora de 6\u00e8B<\/li>\n<\/ul>\n<p>&nbsp;<\/p>\n<ul>\n<li>Gemma Drudes, mestre d&#8217;educaci\u00f3 especial a 4t<\/li>\n<li>Olga Besora, mestra d&#8217;educaci\u00f3 especial a 5\u00e8 i 6\u00e8<\/li>\n<li>S\u00edlvia&hellip;  <a href=\"https:\/\/agora.xtec.cat\/escola-lavitxeta\/qui-som\/equip-de-cicle-superior\/\" title=\"Read Equip de la comunitat de grans\">Llegeix m\u00e9s\u00bb<\/a><br \/>\n","protected":false},"author":1,"featured_media":0,"parent":508,"menu_order":6,"comment_status":"closed","ping_status":"closed","template":"page-templates\/side-menu.php","meta":{"_bbp_topic_count":0,"_bbp_reply_count":0,"_bbp_total_topic_count":0,"_bbp_total_reply_count":0,"_bbp_voice_count":0,"_bbp_anonymous_reply_count":0,"_bbp_topic_count_hidden":0,"_bbp_reply_count_hidden":0,"_bbp_forum_subforum_count":0,"footnotes":""},"class_list":["post-835","page","type-page","status-publish","hentry"],"post_mailing_queue_ids":[],"_links":{"self":[{"href":"https:\/\/agora.xtec.cat\/escola-lavitxeta\/wp-json\/wp\/v2\/pages\/835","targetHints":{"allow":["GET"]}}],"collection":[{"href":"https:\/\/agora.xtec.cat\/escola-lavitxeta\/wp-json\/wp\/v2\/pages"}],"about":[{"href":"https:\/\/agora.xtec.cat\/escola-lavitxeta\/wp-json\/wp\/v2\/types\/page"}],"author":[{"embeddable":true,"href":"https:\/\/agora.xtec.cat\/escola-lavitxeta\/wp-json\/wp\/v2\/users\/1"}],"replies":[{"embeddable":true,"href":"https:\/\/agora.xtec.cat\/escola-lavitxeta\/wp-json\/wp\/v2\/comments?post=835"}],"version-history":[{"count":7,"href":"https:\/\/agora.xtec.cat\/escola-lavitxeta\/wp-json\/wp\/v2\/pages\/835\/revisions"}],"predecessor-version":[{"id":49528,"href":"https:\/\/agora.xtec.cat\/escola-lavitxeta\/wp-json\/wp\/v2\/pages\/835\/revisions\/49528"}],"up":[{"embeddable":true,"href":"https:\/\/agora.xtec.cat\/escola-lavitxeta\/wp-json\/wp\/v2\/pages\/508"}],"wp:attachment":[{"href":"https:\/\/agora.xtec.cat\/escola-lavitxeta\/wp-json\/wp\/v2\/media?parent=835"}],"curies":[{"name":"wp","href":"https:\/\/api.w.org\/{rel}","templated":true}]}}