{"id":831,"date":"2017-09-08T00:06:26","date_gmt":"2017-09-07T22:06:26","guid":{"rendered":"http:\/\/agora.xtec.cat\/escola-lavitxeta\/?page_id=831"},"modified":"2025-02-11T13:08:29","modified_gmt":"2025-02-11T12:08:29","slug":"equip-de-cicle-inicial","status":"publish","type":"page","link":"https:\/\/agora.xtec.cat\/escola-lavitxeta\/qui-som\/equip-de-cicle-inicial\/","title":{"rendered":"Equip de la comunitat de mitjans"},"content":{"rendered":"<p><span style=\"font-family: inherit; font-size: 1em;\">L&#8217;equip del <\/span><strong style=\"font-family: inherit; font-size: 1em;\">grup mitjans<\/strong><span style=\"font-family: inherit; font-size: 1em;\"> est\u00e0 format per:<\/span><\/p>\n<ul>\n<li>Cristina Radu\u00e0, tutota de 1rA<\/li>\n<li>Gl\u00f2ria Calder\u00f3, tutora de 1rB<\/li>\n<\/ul>\n<p>&nbsp;<\/p>\n<ul>\n<li>Blanca Rosell\u00f3, tutora de 2nA<\/li>\n<li>Paula Cardiel, tutora de 2nB<\/li>\n<li>Mercedes Barre\u00f1ada, cotutora de 2nB<\/li>\n<\/ul>\n<p>&nbsp;<\/p>\n<ul>\n<li>Laura Penalba, tutora de 3rA.<\/li>\n<li>Anna Pi\u00f1ana, tutora de 3rB.<\/li>\n<\/ul>\n<p>&nbsp;<\/p>\n<ul>\n<li>Cristina Gil, mestra de castellano i suport.<\/li>\n<li>Gemma Drudes, mestra d&#8217;educaci\u00f3 especial a 1r i 2n<\/li>\n<li>Laia Sevilla, mestra d&#8217;educaci\u00f3 especial a 3r.<\/li>\n<li>Yordanka Kostadinova, mestra d&#8217;angl\u00e8s.<\/li>\n<li>Mari Jo Illarramendi, mestra de m\u00fasica a 1r, 2n i 3r<\/li>\n<li>Anna Coba, mestre d&#8217;educaci\u00f3 f\u00edsica a 1r i 2n<\/li>\n<li>Diana M\u00f2nico, mestra d&#8217;educaci\u00f3 f\u00edsica a 3r.<\/li>\n<li>\u00c0xel, vetllador.<\/li>\n<li>Maria Horra, escacs<\/li>\n<li>Maria Blas, mestra d&#8217;educaci\u00f3 especial a 3r i 4t<\/li>\n<li><img loading=\"lazy\" decoding=\"async\" class=\"alignnone size-large wp-image-49557 aligncenter\" src=\"https:\/\/agora.xtec.cat\/escola-lavitxeta\/wp-content\/uploads\/usu1195\/2025\/02\/Fotos-equip-huma-1-1-576x1024.jpg\" alt=\"\" width=\"576\" height=\"1024\" srcset=\"https:\/\/agora.xtec.cat\/escola-lavitxeta\/wp-content\/uploads\/usu1195\/2025\/02\/Fotos-equip-huma-1-1-576x1024.jpg 576w, https:\/\/agora.xtec.cat\/escola-lavitxeta\/wp-content\/uploads\/usu1195\/2025\/02\/Fotos-equip-huma-1-1-169x300.jpg 169w, https:\/\/agora.xtec.cat\/escola-lavitxeta\/wp-content\/uploads\/usu1195\/2025\/02\/Fotos-equip-huma-1-1-768x1365.jpg 768w, https:\/\/agora.xtec.cat\/escola-lavitxeta\/wp-content\/uploads\/usu1195\/2025\/02\/Fotos-equip-huma-1-1-864x1536.jpg 864w, https:\/\/agora.xtec.cat\/escola-lavitxeta\/wp-content\/uploads\/usu1195\/2025\/02\/Fotos-equip-huma-1-1.jpg 1080w\" sizes=\"auto, (max-width: 576px) 100vw, 576px\" \/><\/li>\n<\/ul>\n<p>&nbsp;<\/p>\n<p>&nbsp;<\/p>\n<p style=\"text-align: left;\">\n<p>&nbsp;<\/p>\n","protected":false},"excerpt":{"rendered":"<p>L&#8217;equip del grup mitjans est\u00e0 format per:<\/p>\n<ul>\n<li>Cristina Radu\u00e0, tutota de 1rA<\/li>\n<li>Gl\u00f2ria Calder\u00f3, tutora de 1rB<\/li>\n<\/ul>\n<p>&nbsp;<\/p>\n<ul>\n<li>Blanca Rosell\u00f3, tutora de 2nA<\/li>\n<li>Paula Cardiel, tutora de 2nB<\/li>\n<li>Mercedes Barre\u00f1ada, cotutora de 2nB<\/li>\n<\/ul>\n<p>&nbsp;<\/p>\n<ul>\n<li>Laura Penalba, tutora de 3rA.<\/li>\n<li>Anna Pi\u00f1ana, tutora de 3rB.<\/li>\n<\/ul>\n<p>&nbsp;<\/p>\n<ul>\n<li>Cristina Gil, mestra de castellano i suport.<\/li>\n<li>Gemma Drudes, mestra d&#8217;educaci\u00f3 especial&hellip;  <a href=\"https:\/\/agora.xtec.cat\/escola-lavitxeta\/qui-som\/equip-de-cicle-inicial\/\" title=\"Read Equip de la comunitat de mitjans\">Llegeix m\u00e9s\u00bb<\/a><br \/>\n","protected":false},"author":1,"featured_media":0,"parent":508,"menu_order":5,"comment_status":"closed","ping_status":"closed","template":"page-templates\/side-menu.php","meta":{"_bbp_topic_count":0,"_bbp_reply_count":0,"_bbp_total_topic_count":0,"_bbp_total_reply_count":0,"_bbp_voice_count":0,"_bbp_anonymous_reply_count":0,"_bbp_topic_count_hidden":0,"_bbp_reply_count_hidden":0,"_bbp_forum_subforum_count":0,"footnotes":""},"class_list":["post-831","page","type-page","status-publish","hentry"],"post_mailing_queue_ids":[],"_links":{"self":[{"href":"https:\/\/agora.xtec.cat\/escola-lavitxeta\/wp-json\/wp\/v2\/pages\/831","targetHints":{"allow":["GET"]}}],"collection":[{"href":"https:\/\/agora.xtec.cat\/escola-lavitxeta\/wp-json\/wp\/v2\/pages"}],"about":[{"href":"https:\/\/agora.xtec.cat\/escola-lavitxeta\/wp-json\/wp\/v2\/types\/page"}],"author":[{"embeddable":true,"href":"https:\/\/agora.xtec.cat\/escola-lavitxeta\/wp-json\/wp\/v2\/users\/1"}],"replies":[{"embeddable":true,"href":"https:\/\/agora.xtec.cat\/escola-lavitxeta\/wp-json\/wp\/v2\/comments?post=831"}],"version-history":[{"count":7,"href":"https:\/\/agora.xtec.cat\/escola-lavitxeta\/wp-json\/wp\/v2\/pages\/831\/revisions"}],"predecessor-version":[{"id":49558,"href":"https:\/\/agora.xtec.cat\/escola-lavitxeta\/wp-json\/wp\/v2\/pages\/831\/revisions\/49558"}],"up":[{"embeddable":true,"href":"https:\/\/agora.xtec.cat\/escola-lavitxeta\/wp-json\/wp\/v2\/pages\/508"}],"wp:attachment":[{"href":"https:\/\/agora.xtec.cat\/escola-lavitxeta\/wp-json\/wp\/v2\/media?parent=831"}],"curies":[{"name":"wp","href":"https:\/\/api.w.org\/{rel}","templated":true}]}}