{"id":780,"date":"2017-09-07T17:57:06","date_gmt":"2017-09-07T15:57:06","guid":{"rendered":"http:\/\/agora.xtec.cat\/escola-lavitxeta\/?page_id=780"},"modified":"2020-10-17T11:22:32","modified_gmt":"2020-10-17T09:22:32","slug":"excursionisme","status":"publish","type":"page","link":"https:\/\/agora.xtec.cat\/escola-lavitxeta\/excursionisme\/","title":{"rendered":"Comissi\u00f3 excursionista"},"content":{"rendered":"<p><img loading=\"lazy\" decoding=\"async\" class=\"size-medium wp-image-35481 alignleft\" src=\"https:\/\/agora.xtec.cat\/escola-lavitxeta\/wp-content\/uploads\/usu1195\/DSCN6791_opt-300x225.jpg\" alt=\"\" width=\"300\" height=\"225\" srcset=\"https:\/\/agora.xtec.cat\/escola-lavitxeta\/wp-content\/uploads\/usu1195\/DSCN6791_opt-300x225.jpg 300w, https:\/\/agora.xtec.cat\/escola-lavitxeta\/wp-content\/uploads\/usu1195\/DSCN6791_opt-200x150.jpg 200w, https:\/\/agora.xtec.cat\/escola-lavitxeta\/wp-content\/uploads\/usu1195\/DSCN6791_opt.jpg 400w\" sizes=\"auto, (max-width: 300px) 100vw, 300px\" \/><\/p>\n<p>&nbsp;<\/p>\n<p>&nbsp;<\/p>\n<p>&nbsp;<\/p>\n<p>&nbsp;<\/p>\n<p>&nbsp;<\/p>\n<p><span style=\"color: #0000ff;\"><strong>QU\u00c8 FEM? QUINS PROJECTES DUEM A TERME?<\/strong><\/span><\/p>\n<p style=\"text-align: justify;\">Som una comissi\u00f3 petita per\u00f2 ben entesa, formada per tres fam\u00edlies de l&#8217;escola, molt aficionats a la natura i la muntanya i funcionem com a comissi\u00f3 des del curs 15-16.<\/p>\n<p style=\"text-align: justify;\">El nostre objectiu \u00e9s organitzar una vegada al mes excursions obertes a tota la comunitat educativa i adaptades als infants per tal d&#8217;enriquir el lleure familiar i dotar aquesta comunitat d&#8217;un espai de conviv\u00e8ncia, exercici f\u00edsic i contacte amb la natura.<\/p>\n<p style=\"text-align: justify;\">Les excursions que oferim s\u00f3n de caire l\u00fadic, al cap i a la fi, el que volem \u00e9s compartir una bona estona amb els nostres fills i d&#8217;altres fam\u00edlies, aix\u00ed que estan adaptades a tot tipus d&#8217;edats, fins i tot, per als m\u00e9s petits de l&#8217;escola.<\/p>\n<p style=\"text-align: justify;\">Habitualment, unes dues setmanes abans de cada excursi\u00f3 es fa una convocat\u00f2ria a trav\u00e9s de la web, amb una circular per correu electr\u00f2nic i a trav\u00e9s de cartells informatius que es pengen a les diferents portes de l\u2019escola.<\/p>\n<p>&nbsp;<\/p>\n<p><strong><span style=\"color: #0000ff;\">ADRE\u00c7A ELECTR\u00d2NICA:<\/span> <\/strong><a href=\"mailto:excursionismevitxeta@gmail.com\">excursionismevitxeta@gmail.com<\/a><strong><br \/>\n<\/strong><\/p>\n<p>Salut i cames!!<\/p>\n<p><strong>Comissi\u00f3 excursionista<\/strong><\/p>\n<p>&nbsp;<\/p>\n<p>Articles relacionats: <a href=\"https:\/\/agora.xtec.cat\/escola-lavitxeta\/tag\/excursionisme\/\">excursionisme<\/a><\/p>\n","protected":false},"excerpt":{"rendered":"<p>&nbsp;<br \/>\n&nbsp;<br \/>\n&nbsp;<br \/>\n&nbsp;<br \/>\n&nbsp;<br \/>\nQU\u00c8 FEM? QUINS PROJECTES DUEM A TERME?<br \/>\nSom una comissi\u00f3 petita per\u00f2 ben entesa, formada per tres fam\u00edlies de l&#8217;escola, molt aficionats a la natura i la muntanya i funcionem com a comissi\u00f3 des del curs 15-16.<br \/>\nEl nostre objectiu \u00e9s organitzar una vegada al mes excursions&hellip;  <a href=\"https:\/\/agora.xtec.cat\/escola-lavitxeta\/excursionisme\/\" title=\"Read Comissi\u00f3 excursionista\">Llegeix m\u00e9s\u00bb<\/a><\/p>\n","protected":false},"author":1,"featured_media":0,"parent":0,"menu_order":5,"comment_status":"closed","ping_status":"closed","template":"page-templates\/side-menu.php","meta":{"_bbp_topic_count":0,"_bbp_reply_count":0,"_bbp_total_topic_count":0,"_bbp_total_reply_count":0,"_bbp_voice_count":0,"_bbp_anonymous_reply_count":0,"_bbp_topic_count_hidden":0,"_bbp_reply_count_hidden":0,"_bbp_forum_subforum_count":0,"footnotes":""},"class_list":["post-780","page","type-page","status-publish","hentry"],"post_mailing_queue_ids":[],"_links":{"self":[{"href":"https:\/\/agora.xtec.cat\/escola-lavitxeta\/wp-json\/wp\/v2\/pages\/780","targetHints":{"allow":["GET"]}}],"collection":[{"href":"https:\/\/agora.xtec.cat\/escola-lavitxeta\/wp-json\/wp\/v2\/pages"}],"about":[{"href":"https:\/\/agora.xtec.cat\/escola-lavitxeta\/wp-json\/wp\/v2\/types\/page"}],"author":[{"embeddable":true,"href":"https:\/\/agora.xtec.cat\/escola-lavitxeta\/wp-json\/wp\/v2\/users\/1"}],"replies":[{"embeddable":true,"href":"https:\/\/agora.xtec.cat\/escola-lavitxeta\/wp-json\/wp\/v2\/comments?post=780"}],"version-history":[{"count":3,"href":"https:\/\/agora.xtec.cat\/escola-lavitxeta\/wp-json\/wp\/v2\/pages\/780\/revisions"}],"predecessor-version":[{"id":45047,"href":"https:\/\/agora.xtec.cat\/escola-lavitxeta\/wp-json\/wp\/v2\/pages\/780\/revisions\/45047"}],"wp:attachment":[{"href":"https:\/\/agora.xtec.cat\/escola-lavitxeta\/wp-json\/wp\/v2\/media?parent=780"}],"curies":[{"name":"wp","href":"https:\/\/api.w.org\/{rel}","templated":true}]}}