{"id":77,"date":"2014-09-18T14:05:08","date_gmt":"2014-09-18T12:05:08","guid":{"rendered":"http:\/\/agora.xtec.cat\/escola-lavitxeta\/?page_id=77"},"modified":"2020-10-01T21:43:56","modified_gmt":"2020-10-01T19:43:56","slug":"acollida","status":"publish","type":"page","link":"https:\/\/agora.xtec.cat\/escola-lavitxeta\/acollida\/","title":{"rendered":"Servei d&#8217;acollida"},"content":{"rendered":"<h6>L&#8217;AMiPA de l&#8217;escola ofereix i gestiona el servei d&#8217;acollida per als infants del centre.<\/h6>\n<ul>\n<li>Des del primer dia de curs hi haur\u00e0 Acollida de Mat\u00ed i Acollida de Tarda.<\/li>\n<li>Desapareix l\u2019Acollida del Migdia.<\/li>\n<\/ul>\n<p>&nbsp;<\/p>\n<p><strong>ATENCI\u00d3, amb les condicions i horaris de les acollides<\/strong>:<\/p>\n<p><a href=\"https:\/\/forms.gle\/1qy6AM3SDcLUuKuw8\"><strong>FORMULARI ACOLLIDA MAT\u00cd<\/strong><\/a><\/p>\n<p>Servei d&#8217;acollida compr\u00e8s entre les 7:30h i l&#8217;inici de l&#8217;horari lectiu (s&#8217;adaptar\u00e0 a cadascun dels torns de l&#8217;entrada esglaonada).<\/p>\n<p><strong>CONDICIONS:<\/strong><\/p>\n<ul>\n<li>Acc\u00e9s per la porta principal del centre.<\/li>\n<li>\u00das obligatori de la mascareta (independentment de l&#8217;edat).<\/li>\n<li>NO ES PERMETR\u00c0 ACC\u00c9S M\u00c9S TARD DE LES 8:15h.<\/li>\n<li>Nom\u00e9s 1 adult acompanyant que no podr\u00e0 accedir al centre.<\/li>\n<li>Es pot portar esmorzar.<\/li>\n<\/ul>\n<p><strong>TARIFES:<\/strong><\/p>\n<ul>\n<li>Modalitat FIXA 3, 4 o 5 dies a la setmana: 20\u20ac\/mes.<\/li>\n<li>Modalitat ESPOR\u00c0DICA 1 o 2 dies a la setmana 12\u20ac\/mes.<\/li>\n<li>\u00das puntual: 2\u20ac\/dia<\/li>\n<\/ul>\n<p>DAVANT L&#8217;ACTUAL REALITAT, CAL TENIR PRESENT QUE LES CONDICIONS I TARIFES PODEN CANVIAR SEGONS L&#8217;EVOLUCI\u00d3 DE LA SITUACI\u00d3.<\/p>\n<p>&nbsp;<\/p>\n<p><strong><a href=\"https:\/\/forms.gle\/qZvoBgjSkLC9rYKC9\">FORMULARI ACOLLIDA TARDA<\/a><\/strong><\/p>\n<p>Servei d&#8217;acollida compr\u00e8s entre la finalitzaci\u00f3 de l&#8217;horari lectiu (s&#8217;adaptar\u00e0 a cadascun dels torns de la sortida esglaonada) i les 17:15h.<\/p>\n<p><strong>CONDICIONS:<\/strong><\/p>\n<ul>\n<li>\u00das de la mascareta.<\/li>\n<li>NO ES FLEXIBILITZAR\u00c0 LA SORTIDA DELS INFANTS a conveni\u00e8ncia de cada fam\u00edlia.<\/li>\n<li>Acollida Infantil sortir\u00e0 per la porta del pati Infantil i Acollida Prim\u00e0ria pel pati de Prim\u00e0ria.<\/li>\n<li>Si s&#8217;utilitza el servei en dies variables, QUAN SE S\u00c0PIGA EL DIA D&#8217;\u00daS CAL AVISAR PR\u00c8VIAMENT A L&#8217;AMIPA.<\/li>\n<li>Mantenir les dist\u00e0ncies i evitar aglomeracions en la sortida dels infants.<\/li>\n<li>Es pot portar el berenar.<\/li>\n<\/ul>\n<p><strong>TARIFES:<\/strong><\/p>\n<ul>\n<li>\u00a05 dies setmana: 25\u20ac\/mes<\/li>\n<li>4 dies setmana: 20\u20ac\/mes<\/li>\n<li>3 dies setmana: 15\u20ac\/mes<\/li>\n<li>2 dies setmana: 10\u20ac\/mes<\/li>\n<li>1 dia setmana: 5\u20ac\/mes<\/li>\n<li>\u00das puntual: 2\u20ac\/dia<\/li>\n<\/ul>\n<p>DAVANT L&#8217;ACTUAL REALITAT, CAL TENIR PRESENT QUE LES CONDICIONS I TARIFES PODEN CANVIAR SEGONS L&#8217;EVOLUCI\u00d3 DE LA SITUACI\u00d3.<\/p>\n<p style=\"text-align: justify;\">Es demana avisar amb la m\u00e0xima antelaci\u00f3 possible, quan es necessiti fer \u00fas del servei de forma extraordin\u00e0ria. Per canvis o usos puntuals es pot avisar a trav\u00e9s del correu electr\u00f2nic <a href=\"mailto:amipalavitxeta@gmail.com\">amipalavitxeta@gmail.com<\/a> o <a href=\"mailto:xtraescolarsvitxeta@gmail.com\">extraescolarsvitxeta@gmail.com<\/a>, el tel\u00e8fon 977 33 08 83 de l&#8217;AMIPA.<\/p>\n","protected":false},"excerpt":{"rendered":"<p>L&#8217;AMiPA de l&#8217;escola ofereix i gestiona el servei d&#8217;acollida per als infants del centre.<\/p>\n<ul>\n<li>Des del primer dia de curs hi haur\u00e0 Acollida de Mat\u00ed i Acollida de Tarda.<\/li>\n<li>Desapareix l\u2019Acollida del Migdia.<\/li>\n<\/ul>\n<p>&nbsp;<br \/>\nATENCI\u00d3, amb les condicions i horaris de les acollides:<br \/>\n<a href=\"https:\/\/forms.gle\/1qy6AM3SDcLUuKuw8\">FORMULARI ACOLLIDA MAT\u00cd<\/a><br \/>\nServei d&#8217;acollida compr\u00e8s entre&hellip;  <a href=\"https:\/\/agora.xtec.cat\/escola-lavitxeta\/acollida\/\" title=\"Read Servei d&#8217;acollida\">Llegeix m\u00e9s\u00bb<\/a><\/p>\n","protected":false},"author":1,"featured_media":0,"parent":0,"menu_order":3,"comment_status":"closed","ping_status":"closed","template":"page-templates\/side-menu.php","meta":{"_bbp_topic_count":0,"_bbp_reply_count":0,"_bbp_total_topic_count":0,"_bbp_total_reply_count":0,"_bbp_voice_count":0,"_bbp_anonymous_reply_count":0,"_bbp_topic_count_hidden":0,"_bbp_reply_count_hidden":0,"_bbp_forum_subforum_count":0,"footnotes":""},"class_list":["post-77","page","type-page","status-publish","hentry"],"post_mailing_queue_ids":[],"_links":{"self":[{"href":"https:\/\/agora.xtec.cat\/escola-lavitxeta\/wp-json\/wp\/v2\/pages\/77","targetHints":{"allow":["GET"]}}],"collection":[{"href":"https:\/\/agora.xtec.cat\/escola-lavitxeta\/wp-json\/wp\/v2\/pages"}],"about":[{"href":"https:\/\/agora.xtec.cat\/escola-lavitxeta\/wp-json\/wp\/v2\/types\/page"}],"author":[{"embeddable":true,"href":"https:\/\/agora.xtec.cat\/escola-lavitxeta\/wp-json\/wp\/v2\/users\/1"}],"replies":[{"embeddable":true,"href":"https:\/\/agora.xtec.cat\/escola-lavitxeta\/wp-json\/wp\/v2\/comments?post=77"}],"version-history":[{"count":3,"href":"https:\/\/agora.xtec.cat\/escola-lavitxeta\/wp-json\/wp\/v2\/pages\/77\/revisions"}],"predecessor-version":[{"id":45001,"href":"https:\/\/agora.xtec.cat\/escola-lavitxeta\/wp-json\/wp\/v2\/pages\/77\/revisions\/45001"}],"wp:attachment":[{"href":"https:\/\/agora.xtec.cat\/escola-lavitxeta\/wp-json\/wp\/v2\/media?parent=77"}],"curies":[{"name":"wp","href":"https:\/\/api.w.org\/{rel}","templated":true}]}}