{"id":73,"date":"2014-09-18T14:01:51","date_gmt":"2014-09-18T12:01:51","guid":{"rendered":"http:\/\/agora.xtec.cat\/escola-lavitxeta\/?page_id=73"},"modified":"2024-09-02T08:02:36","modified_gmt":"2024-09-02T06:02:36","slug":"menjador-escolar","status":"publish","type":"page","link":"https:\/\/agora.xtec.cat\/escola-lavitxeta\/menjador-escolar\/","title":{"rendered":"Temps de migdia"},"content":{"rendered":"<div id=\"post-35\">\n<p>El Temps de Migdia \u00e9s la franja interlectiva que es compr\u00e8n, de dilluns a divendres, entre les <strong>12 i les 14:30h<\/strong> i que gestiona l&#8217;AMIPA La Vitxeta.<\/p>\n<p><strong>Objectius principals<\/strong>:<\/p>\n<ul>\n<li>Oferir un dinar variat, equilibrat, saludable i adequat als infants de l&#8217;escola La Vitxeta que complementi els \u00e0pats que es fan a casa tot atenent a les especificitats aliment\u00e0ries individuals (al\u00b7l\u00e8rgies, intoler\u00e0ncies, etc.)<\/li>\n<li>Acompanyar els nens i nenes en el proc\u00e9s d&#8217;adquisici\u00f3 d&#8217;h\u00e0bits, actituds i aptituds personals i socials.<\/li>\n<li>Brindar un temps d&#8217;esbarjo en el que els infants puguin jugar, socialitzar-se, desconnectar, etc.<\/li>\n<li>Proposar activitats l\u00fadiques i educatives complement\u00e0ries.<\/li>\n<\/ul>\n<p><strong>Cuina:<\/strong><\/p>\n<p>Des del curs 2024-2025 es compta amb cuina pr\u00f2pia al centre i l&#8217;empresa <strong>\u00c0pats Sans<\/strong> (<a href=\"https:\/\/apatssans.cat\/\">www.apatssans.cat<\/a>) \u00e9s l&#8217;encarregada de l&#8217;elaboraci\u00f3 dels \u00e0pats diaris dels infants.<\/p>\n<p><strong>Organitzaci\u00f3<\/strong><\/p>\n<p>S&#8217;organitzen dos torns de dinar durant el Temps de Migdia:<\/p>\n<ul>\n<li>1r torn de 12 a 13h (aprox.): En aquesta primera hora dinen els infants d&#8217;I3, I4, I5, 1r i 2n.<\/li>\n<li>2n torn de 13 a 14h (aprox.): \u00c9s el torn de dinar dels cursos de 3r, 4t, 5\u00e8 i 6\u00e8.<\/li>\n<\/ul>\n<p><strong>Equip Hum\u00e0:\u00a0<\/strong><\/p>\n<p>L&#8217;equip de monitoratge el formen 17 monitors i monitores i 1 coordinador contractats directament per l&#8217;AMIPA La Vitxeta.<\/p>\n<p><strong>Comissi\u00f3 Temps de Migdia<\/strong><\/p>\n<p>El Temps de Migdia compta amb una comissi\u00f3 formada per mares, pares i mestres que vetllen pel seu bon funcionament i proposen canvis i millores en aquesta franja.<\/p>\n<p>&nbsp;<\/p>\n<\/div>\n<div id=\"post-35\" class=\"post-wrapper post-35 page type-page status-publish hentry\">\n<p><a href=\"https:\/\/agora.xtec.cat\/escola-lavitxeta\/tag\/temps-de-migdia\/\"><span style=\"color: deepskyblue;\">Articles i not\u00edcies<\/span><\/a><\/p>\n<\/div>\n<p>&nbsp;<\/p>\n","protected":false},"excerpt":{"rendered":"<p>El Temps de Migdia \u00e9s la franja interlectiva que es compr\u00e8n, de dilluns a divendres, entre les 12 i les 14:30h i que gestiona l&#8217;AMIPA La Vitxeta.<br \/>\nObjectius principals:<\/p>\n<ul>\n<li>Oferir un dinar variat, equilibrat, saludable i adequat als infants de l&#8217;escola La Vitxeta que complementi els \u00e0pats&hellip;  <a href=\"https:\/\/agora.xtec.cat\/escola-lavitxeta\/menjador-escolar\/\" title=\"Read Temps de migdia\">Llegeix m\u00e9s\u00bb<\/a><br \/>\n","protected":false},"author":1,"featured_media":0,"parent":0,"menu_order":1,"comment_status":"closed","ping_status":"closed","template":"page-templates\/side-menu.php","meta":{"_bbp_topic_count":0,"_bbp_reply_count":0,"_bbp_total_topic_count":0,"_bbp_total_reply_count":0,"_bbp_voice_count":0,"_bbp_anonymous_reply_count":0,"_bbp_topic_count_hidden":0,"_bbp_reply_count_hidden":0,"_bbp_forum_subforum_count":0,"footnotes":""},"class_list":["post-73","page","type-page","status-publish","hentry"],"post_mailing_queue_ids":[],"_links":{"self":[{"href":"https:\/\/agora.xtec.cat\/escola-lavitxeta\/wp-json\/wp\/v2\/pages\/73","targetHints":{"allow":["GET"]}}],"collection":[{"href":"https:\/\/agora.xtec.cat\/escola-lavitxeta\/wp-json\/wp\/v2\/pages"}],"about":[{"href":"https:\/\/agora.xtec.cat\/escola-lavitxeta\/wp-json\/wp\/v2\/types\/page"}],"author":[{"embeddable":true,"href":"https:\/\/agora.xtec.cat\/escola-lavitxeta\/wp-json\/wp\/v2\/users\/1"}],"replies":[{"embeddable":true,"href":"https:\/\/agora.xtec.cat\/escola-lavitxeta\/wp-json\/wp\/v2\/comments?post=73"}],"version-history":[{"count":6,"href":"https:\/\/agora.xtec.cat\/escola-lavitxeta\/wp-json\/wp\/v2\/pages\/73\/revisions"}],"predecessor-version":[{"id":49321,"href":"https:\/\/agora.xtec.cat\/escola-lavitxeta\/wp-json\/wp\/v2\/pages\/73\/revisions\/49321"}],"wp:attachment":[{"href":"https:\/\/agora.xtec.cat\/escola-lavitxeta\/wp-json\/wp\/v2\/media?parent=73"}],"curies":[{"name":"wp","href":"https:\/\/api.w.org\/{rel}","templated":true}]}}