{"id":66,"date":"2014-09-18T12:40:47","date_gmt":"2014-09-18T10:40:47","guid":{"rendered":"http:\/\/agora.xtec.cat\/escola-lavitxeta\/?page_id=66"},"modified":"2026-03-11T14:05:51","modified_gmt":"2026-03-11T13:05:51","slug":"serveis","status":"publish","type":"page","link":"https:\/\/agora.xtec.cat\/escola-lavitxeta\/serveis\/","title":{"rendered":"L&#8217;AMIPA"},"content":{"rendered":"<p><strong>L&#8217;Associaci\u00f3 de Mares i Pares d&#8217;Alumnes (AMIPA) de l&#8217;escola La Vitxeta \u00e9s una associaci\u00f3 sense \u00e0nim de lucre que assumeix els seg\u00fcents objectius:<\/strong><\/p>\n<ol>\n<li>Donar suport i assist\u00e8ncia als membres de l&#8217;associaci\u00f3 i, en general, a les mares i pares d&#8217;alumnes, als tutors, professors i alumnes del centre i als seus \u00f2rgans de govern i de participaci\u00f3, en tot all\u00f2 que fa refer\u00e8ncia a l&#8217;educaci\u00f3 dels seus fills i, en general, de tot l&#8217;alumnat matriculat al centre.<\/li>\n<li>Promoure la participaci\u00f3 de les mares i pares en la gesti\u00f3 del centre.<\/li>\n<li>Assistir a les mares i pares de l&#8217;alumnat en l&#8217;exercici del seu dret a intervenir en el control i la gesti\u00f3 del centre.<\/li>\n<li>Promoure la representaci\u00f3 i la participaci\u00f3 de les mares i pares dels alumnes en els consells escolars i altres \u00f2rgans col\u00b7legiats.<\/li>\n<li>Facilitar la col\u00b7laboraci\u00f3 del centre en els \u00e0mbits social, cultural, econ\u00f2mic i laboral de l&#8217;entorn.<\/li>\n<li>Col\u00b7laborar en les activitats educatives del centre i cooperar amb el Consell Escolar en l&#8217;elaboraci\u00f3 de directrius per a la programaci\u00f3 d&#8217;activitats complement\u00e0ries, extraescolars o de serveis.<\/li>\n<li>Promoure activitats de formaci\u00f3 de mares i pares, tant des del vessant cultural com l&#8217;espec\u00edfic de responsabilitzaci\u00f3 en l&#8217;educaci\u00f3 familiar.<\/li>\n<li>D&#8217;altres que, en el marc de la normativa educativa, els assignin els seus estatuts.<\/li>\n<li>Promoure i realitzar tota mena d&#8217;activitats fisicoesportives.<\/li>\n<\/ol>\n<p>&nbsp;<\/p>\n<p><strong>Els principals serveis que ofereix l&#8217;AMIPA La Vitxeta als infants i fam\u00edlies de l&#8217;escola s\u00f3n els seg\u00fcents:<\/strong><\/p>\n<ul>\n<li>Menjador escolar<\/li>\n<li>Activitats extraescolars<\/li>\n<li>Acollides:\u00a0 Mat\u00ed de 7:30 a 8:30h i Tarda -de 16 a 17:30h<\/li>\n<li>Casal d&#8217;estiu i Setmana Santa<\/li>\n<\/ul>\n<p><em>(Per fer \u00fas de qualsevol dels serveis de l&#8217;AMIPA de manera regular al llarg del curs escolar cal ser fam\u00edlia s\u00f2cia de l&#8217;AMIPA)<\/em><\/p>\n<p>&nbsp;<\/p>\n<p><strong>ATENCI\u00d3 A LES FAM\u00cdLIES<\/strong><\/p>\n<ul>\n<li><strong>Tel\u00e8fon m\u00f2bil amb WhatsApp<\/strong>: 693 100 263<\/li>\n<li><strong>Correu electr\u00f2nic general:<\/strong> <a href=\"mailto:amipalavitxeta@gmail.com\">amipalavitxeta@gmail.com<\/a><\/li>\n<li><strong>Correu Temps de Migdia:<\/strong> <a href=\"mailto:menjadorvitxeta@gmail.com\">menjadorvitxeta@gmail.com<\/a><\/li>\n<li><strong>Correu Extraescolars i acollides<\/strong>: <a href=\"mailto:extraescolarsvitxeta@gmail.com\">extraescolarsvitxeta<span class=\"\">@gmail.com<\/span><\/a><\/li>\n<li><strong>Atenci\u00f3 presencial al despatx:<\/strong> De dilluns a divendres 8 a 13:30h i de 15 a 17h.<\/li>\n<\/ul>\n","protected":false},"excerpt":{"rendered":"<p>L&#8217;Associaci\u00f3 de Mares i Pares d&#8217;Alumnes (AMIPA) de l&#8217;escola La Vitxeta \u00e9s una associaci\u00f3 sense \u00e0nim de lucre que assumeix els seg\u00fcents objectius:<\/p>\n<ol>\n<li>Donar suport i assist\u00e8ncia als membres de l&#8217;associaci\u00f3 i, en general, a les mares i pares d&#8217;alumnes, als tutors, professors i alumnes del&hellip;  <a href=\"https:\/\/agora.xtec.cat\/escola-lavitxeta\/serveis\/\" title=\"Read L&#8217;AMIPA\">Llegeix m\u00e9s\u00bb<\/a><br \/>\n","protected":false},"author":1,"featured_media":0,"parent":0,"menu_order":0,"comment_status":"closed","ping_status":"closed","template":"page-templates\/side-menu.php","meta":{"_bbp_topic_count":0,"_bbp_reply_count":0,"_bbp_total_topic_count":0,"_bbp_total_reply_count":0,"_bbp_voice_count":0,"_bbp_anonymous_reply_count":0,"_bbp_topic_count_hidden":0,"_bbp_reply_count_hidden":0,"_bbp_forum_subforum_count":0,"footnotes":""},"class_list":["post-66","page","type-page","status-publish","hentry"],"post_mailing_queue_ids":[],"_links":{"self":[{"href":"https:\/\/agora.xtec.cat\/escola-lavitxeta\/wp-json\/wp\/v2\/pages\/66","targetHints":{"allow":["GET"]}}],"collection":[{"href":"https:\/\/agora.xtec.cat\/escola-lavitxeta\/wp-json\/wp\/v2\/pages"}],"about":[{"href":"https:\/\/agora.xtec.cat\/escola-lavitxeta\/wp-json\/wp\/v2\/types\/page"}],"author":[{"embeddable":true,"href":"https:\/\/agora.xtec.cat\/escola-lavitxeta\/wp-json\/wp\/v2\/users\/1"}],"replies":[{"embeddable":true,"href":"https:\/\/agora.xtec.cat\/escola-lavitxeta\/wp-json\/wp\/v2\/comments?post=66"}],"version-history":[{"count":5,"href":"https:\/\/agora.xtec.cat\/escola-lavitxeta\/wp-json\/wp\/v2\/pages\/66\/revisions"}],"predecessor-version":[{"id":49825,"href":"https:\/\/agora.xtec.cat\/escola-lavitxeta\/wp-json\/wp\/v2\/pages\/66\/revisions\/49825"}],"wp:attachment":[{"href":"https:\/\/agora.xtec.cat\/escola-lavitxeta\/wp-json\/wp\/v2\/media?parent=66"}],"curies":[{"name":"wp","href":"https:\/\/api.w.org\/{rel}","templated":true}]}}